{"id":997,"date":"2019-11-19T16:40:54","date_gmt":"2019-11-19T07:40:54","guid":{"rendered":"https:\/\/www.japanunix.com\/es\/?page_id=997"},"modified":"2019-11-20T14:05:22","modified_gmt":"2019-11-20T05:05:22","slug":"soldering_manager","status":"publish","type":"page","link":"https:\/\/www.japanunix.com\/es\/products\/automation\/soldering_manager\/","title":{"rendered":"Soldering Manager"},"content":{"rendered":"<div class=\"section_1 section_1df section\">\n<ul class=\"frame\">\n<li class=\"w560\">\n<h1>Software para la gesti\u00f3n del robot de soldadura<\/h1>\n<h2>Empezar con la soldadura del internet de las cosas desde el campo operacional<br \/>\n&#8211; Soldering Manager<\/h2>\n<p>Es muy importante para los responsables en las instalaciones comprender y registrar la situaci\u00f3n del equipo en todo momento.<br \/>\nSin embargo, es dif\u00edcil monitorizar el equipo cuando est\u00e1 en funcionamiento y no es f\u00e1cil investigar la causa cuando se ha producido un problema.<br \/>\n<br \/>\nEl Soldering Manager monitoriza el estado del robot de soldadura y recoge y almacena autom\u00e1ticamente los datos de proceso.<br \/>\nLos datos se pueden usar de muchas formas. Este es el primer paso para empezar a soldar en el internet de las cosas sin ning\u00fan conocimiento especial.<\/p>\n<\/li>\n<li>\n\t\t<img src=\"\/webroot\/img\/products\/automation\/soldering_manager\/soldering_manager1.png\" width=\"202\" alt=\"Empezar con la soldadura del internet de las cosas desde el campo operacional- Soldering Manager\">\n\t<\/li>\n<\/ul>\n<div class=\"border\">\n<h2>Ejemplos de datos de proceso de soldadura<\/h2>\n<ul class=\"case\">\n<li>\u30fbEn mantenimiento: hist\u00f3rico de alarmas del robot\/calefactor, registros de correcci\u00f3n de la posici\u00f3n de la punta<\/li>\n<li>\u30fbEn operaci\u00f3n: c\u00f3digo de identidad de PCB, n\u00famero LOT, temperatura del calentador, registros del alimentador, cuentas de punta<\/li>\n<li>\u30fbDatos de proceso: el n\u00famero de puntas, n\u00famero de ciclos, la cantidad del alimentador del soldador para un \u00fanico ciclo o el total de ciclos, horas operativas totales, etc.<\/li>\n<li>\u203bAdem\u00e1s tambi\u00e9n se pueden obtener otros datos. P\u00f3ngase en <a href=\"https:\/\/www.japanunix.com\/es\/form\/contact.php\">contacto<\/a> con nosotros para obtener m\u00e1s informaci\u00f3n.<\/li>\n<\/ul>\n<\/div>\n<div class=\"border\">\n<h2>Interfaz del software<\/h2>\n<p><img src=\"\/webroot\/img\/products\/automation\/soldering_manager\/soldering_manager2_es.png\" width=\"800\" alt=\"Interfaz del software\">\n<\/div>\n<div class=\"border\">\n<h2>Caracter\u00edsticas<\/h2>\n<ul class=\"features\">\n<li>\n\t\t<img src=\"\/webroot\/img\/products\/automation\/soldering_manager\/soldering_manager3.png\" width=\"226\" alt=\"CONECTAR\"><\/p>\n<div class=\"txt\">\n<h3>CONECTAR<\/h3>\n<p>\n\t\t\tConectar ordenadores, m\u00f3dulos de c\u00e1mara y term\u00f3metros al robot.\n\t\t\t<\/p>\n<\/p><\/div>\n<\/li>\n<li><img src=\"\/webroot\/img\/products\/automation\/soldering_manager\/soldering_manager9.png\" width=\"20\" alt=\"\u77e2\u5370\"><\/li>\n<li>\n\t\t<img src=\"\/webroot\/img\/products\/automation\/soldering_manager\/soldering_manager4.png\" width=\"226\" alt=\"DIGITALIZAR\"><\/p>\n<div class=\"txt\">\n<h3>DIGITALIZAR<\/h3>\n<p>\n\t\t\tAlmacenar autom\u00e1ticamente datos de proceso en operaci\u00f3n o durante el modo de mantenimiento.\n\t\t\t<\/p>\n<\/p><\/div>\n<\/li>\n<li><img src=\"\/webroot\/img\/products\/automation\/soldering_manager\/soldering_manager9.png\" width=\"20\" alt=\"\u77e2\u5370\"><\/li>\n<li>\n\t\t<img src=\"\/webroot\/img\/products\/automation\/soldering_manager\/soldering_manager5.png\" width=\"226\" alt=\"VISUALIZAR\"><\/p>\n<div class=\"txt\">\n<h3>VISUALIZAR<\/h3>\n<p>\n\t\t\tConvertir datos num\u00e9ricos como la temperatura de soldadura en informaci\u00f3n gr\u00e1fica.\n\t\t\t<\/p>\n<\/p><\/div>\n<\/li>\n<li><img src=\"\/webroot\/img\/products\/automation\/soldering_manager\/soldering_manager9.png\" width=\"20\" alt=\"\u77e2\u5370\"><\/li>\n<li>\n\t\t<img src=\"\/webroot\/img\/products\/automation\/soldering_manager\/soldering_manager6.png\" width=\"226\" alt=\"CAPTURAR\"><\/p>\n<div class=\"txt\">\n<h3>CAPTURAR<\/h3>\n<p>\n\t\t\tAlmacenar tanto los datos de texto como los datos de v\u00eddeo (formatos CSV y MPEG-4).\n\t\t\t<\/p>\n<\/p><\/div>\n<\/li>\n<li><img src=\"\/webroot\/img\/products\/automation\/soldering_manager\/soldering_manager9.png\" width=\"20\" alt=\"\u77e2\u5370\"><\/li>\n<li>\n\t\t<img src=\"\/webroot\/img\/products\/automation\/soldering_manager\/soldering_manager7.png\" width=\"226\" alt=\"ARCHIVAR\"><\/p>\n<div class=\"txt\">\n<h3>ARCHIVAR<\/h3>\n<p>\n\t\t\tArchivar todos los registros de proceso y utilizar los datos hist\u00f3ricos.\n\t\t\t<\/p>\n<\/p><\/div>\n<\/li>\n<li><img src=\"\/webroot\/img\/products\/automation\/soldering_manager\/soldering_manager9.png\" width=\"20\" alt=\"\u77e2\u5370\"><\/li>\n<li>\n\t\t<img src=\"\/webroot\/img\/products\/automation\/soldering_manager\/soldering_manager8.png\" width=\"226\" alt=\"EX:CONECTAR\"><\/p>\n<div class=\"txt\">\n<h3>EX:CONECTAR<\/h3>\n<p>\n\t\t\tReconectar datos de soldadura con dispositivos externos a trav\u00e9s de est\u00e1ndares globales como IPC CFX, SEMI y Hermes.\n\t\t\t<\/p>\n<\/p><\/div>\n<\/li>\n<\/ul>\n<\/div>\n<div class=\"border\">\n<h2>Configuraci\u00f3n est\u00e1ndar<\/h2>\n<ul class=\"frame\">\n<li class=\"w380\">\n\t\t<img src=\"\/webroot\/img\/products\/automation\/soldering_manager\/soldering_manager10.png\" width=\"380\" alt=\"Software de gesti\u00f3n de Soldering Manager\"><\/p>\n<p>Software de gesti\u00f3n de Soldering Manager<\/p>\n<\/li>\n<li class=\"plus\">\uff0b<\/li>\n<li class=\"w380\">\n\t\t<img src=\"\/webroot\/img\/products\/automation\/soldering_manager\/soldering_manager11.png\" width=\"380\" alt=\"Kit de conexi\u00f3n de c\u00e1mara para el gestor de soldadura (c\u00e1mara USB, soporte, concentrador USB y cables)\"><\/p>\n<p>Kit de conexi\u00f3n de c\u00e1mara para el gestor de soldadura (c\u00e1mara USB, soporte, concentrador USB y cables)<\/p>\n<\/li>\n<\/ul>\n<\/div>\n<div class=\"border\">\n<h2>V\u00eddeo operativo<\/h2>\n<ul class=\"frame\">\n<li>\n\t\t\t<a class=\"popup_video\" href=\"#popup_video\"><br \/>\n\t\t\t\t<img loading=\"lazy\" class=\"video_cover\" src=\"\/webroot\/img\/products\/automation\/gf-series\/video_non.png\" width=\"380\" height=\"272\" alt=\"\" style=\"display: block;\"><br \/>\n\t\t\t\t<img loading=\"lazy\" src=\"\/webroot\/img\/products\/automation\/gf-series\/video1.png\" width=\"380\" height=\"272\" alt=\"\"><br \/>\n\t\t\t\t<span>3:43<\/span><br \/>\n\t\t\t<\/a>\n\t<\/li>\n<\/ul>\n<\/div>\n<\/div>\n","protected":false},"excerpt":{"rendered":"<p>Software para la gesti\u00f3n del robot de soldadura Empezar con la soldadura del internet de las cosas desde el ca [&hellip;]<\/p>\n","protected":false},"author":1,"featured_media":1021,"parent":17,"menu_order":1,"comment_status":"closed","ping_status":"closed","template":"","meta":[],"acf":[],"_links":{"self":[{"href":"https:\/\/www.japanunix.com\/es\/wp-json\/wp\/v2\/pages\/997"}],"collection":[{"href":"https:\/\/www.japanunix.com\/es\/wp-json\/wp\/v2\/pages"}],"about":[{"href":"https:\/\/www.japanunix.com\/es\/wp-json\/wp\/v2\/types\/page"}],"author":[{"embeddable":true,"href":"https:\/\/www.japanunix.com\/es\/wp-json\/wp\/v2\/users\/1"}],"replies":[{"embeddable":true,"href":"https:\/\/www.japanunix.com\/es\/wp-json\/wp\/v2\/comments?post=997"}],"version-history":[{"count":5,"href":"https:\/\/www.japanunix.com\/es\/wp-json\/wp\/v2\/pages\/997\/revisions"}],"predecessor-version":[{"id":1022,"href":"https:\/\/www.japanunix.com\/es\/wp-json\/wp\/v2\/pages\/997\/revisions\/1022"}],"up":[{"embeddable":true,"href":"https:\/\/www.japanunix.com\/es\/wp-json\/wp\/v2\/pages\/17"}],"wp:featuredmedia":[{"embeddable":true,"href":"https:\/\/www.japanunix.com\/es\/wp-json\/wp\/v2\/media\/1021"}],"wp:attachment":[{"href":"https:\/\/www.japanunix.com\/es\/wp-json\/wp\/v2\/media?parent=997"}],"curies":[{"name":"wp","href":"https:\/\/api.w.org\/{rel}","templated":true}]}}