{"id":993,"date":"2019-11-19T16:29:57","date_gmt":"2019-11-19T07:29:57","guid":{"rendered":"https:\/\/www.japanunix.com\/es\/?page_id=993"},"modified":"2019-11-20T14:05:58","modified_gmt":"2019-11-20T05:05:58","slug":"gf-series","status":"publish","type":"page","link":"https:\/\/www.japanunix.com\/es\/products\/automation\/gf-series\/","title":{"rendered":"Serie GF"},"content":{"rendered":"<div class=\"section_1 section_1df section\">\n<div class=\"txt_only_section\">\n<h2>Plataforma de soldadura con portal: serie GF<\/h2>\n<p>Evoluci\u00f3n hacia una plataforma con caballete flexible mientras se mantiene la usabilidad del robot en sobremesa m\u00e1s vendido.<br \/>\nEs la mejor l\u00ednea de producci\u00f3n autom\u00e1tica as\u00ed como una junta de placa de circuito impreso (PCBA) de gran tama\u00f1o. <\/p>\n<\/p><\/div>\n<div class=\"border\">\n<ul class=\"frame\">\n<li>\n<h2>Sistema de soldadura por contacto con portal (4 ejes)<\/h2>\n<p>\t\t\t<a class=\"fancybox\" href=\"\/webroot\/img\/products\/automation\/gf-series\/img_gf-series1_l.png\"><br \/>\n\t\t\t\t<img loading=\"lazy\" src=\"\/webroot\/img\/products\/automation\/gf-series\/img_gf-series1.png\" width=\"380\" height=\"350\" alt=\"Sistema de soldadura por contacto con portal (4 ejes)\"><br \/>\n\t\t\t<\/a>\n\t<\/li>\n<li>\n<h2>Sistema de soldadura l\u00e1ser con portal (3 ejes)<\/h2>\n<p>\t\t\t<a class=\"fancybox\" href=\"\/webroot\/img\/products\/automation\/gf-series\/img_gf-series2_l.png\"><br \/>\n\t\t\t\t<img loading=\"lazy\" src=\"\/webroot\/img\/products\/automation\/gf-series\/img_gf-series2.png\" width=\"380\" height=\"350\" alt=\"Sistema de soldadura l\u00e1ser con portal (3 ejes)\"><br \/>\n\t\t\t<\/a>\n\t<\/li>\n<\/ul>\n<\/div>\n<div class=\"border\">\n<h2>Ejemplos de instalaci\u00f3n<\/h2>\n<ul class=\"frame\">\n<li>\n\t\t\t\t<img src=\"\/webroot\/img\/products\/automation\/gf-series\/img_gf-series3.png\" width=\"380\" alt=\"L\u00ednea transportadora\"><\/p>\n<p>L\u00ednea transportadora<\/p>\n<\/li>\n<li>\n\t\t\t\t<img src=\"\/webroot\/img\/products\/automation\/gf-series\/img_gf-series4.png\" width=\"380\" alt=\"Estado dual\"><\/p>\n<p>Estado dual<\/p>\n<\/li>\n<\/ul>\n<\/div>\n<div class=\"mt30\">\n<h3>Caracter\u00edsticas<\/h3>\n<ul class=\"obi\">\n<li>Equipado con un robot ortogonal de 4 ejes\/3 ejes<\/li>\n<li>Disponible para dos sistemas de soldadura.<br \/>\nSoldadura por contacto (puntas) o soldadura l\u00e1ser.<\/li>\n<li>F\u00e1cil y sencillo<br \/>\nIntegra un sencillo programa formativo dise\u00f1ado para soldar <\/li>\n<li>Diferentes complementos y opciones<br \/>\nLongitud modificable del eje, procesamiento de imagen, term\u00f3metro, esc\u00e1ner QR, etc.<\/li>\n<li>Expansi\u00f3n hasta 6 ejes<br \/>\n Se pueden a\u00f1adir 2 ejes m\u00e1s (opci\u00f3n)<\/li>\n<li>Soldering Manager (software para PC) <br \/>\npuede ofrecer un formaci\u00f3n sencilla, monitorizaci\u00f3n operacional y grabaci\u00f3n de datos de proceso<\/li>\n<\/ul>\n<\/div>\n<div class=\"mt30\">\n<h3>Soldering Manager (imagen de ejemplo)<\/h3>\n<p>\t\t<img src=\"\/webroot\/img\/products\/automation\/gf-series\/img_gf-series5_en.png\" width=\"800\" alt=\"Soldering Manager (imagen de ejemplo)\">\n<\/div>\n<div class=\"mt30\">\n<h3>Empezar con la soldadura del internet de las cosas desde el campo operacional<\/h3>\n<p>El gestor de soldadura monitoriza el estado del robot de soldadura y recoge y almacena autom\u00e1ticamente los datos de proceso.<br \/>\nLos datos se pueden usar de muchas formas. Este es el primer paso para empezar a soldar en el internet de las cosas sin ning\u00fan conocimiento especial.<\/p>\n<div class=\"btn mt30\">\n\t<a href=\"https:\/\/www.japanunix.com\/es\/products\/automation\/soldering_manager\/\">M\u00e1s informaci\u00f3n sobre el<br \/>\nSoldering Manager<\/a>\n\t<\/div>\n<\/div>\n<div class=\"border\">\n<h2>V\u00eddeos de referencia<\/h2>\n<ul class=\"frame\">\n<li>\n\t\t\t<a class=\"popup_video\" href=\"#popup_video\"><br \/>\n\t\t\t\t<img loading=\"lazy\" class=\"video_cover\" src=\"\/webroot\/img\/products\/automation\/gf-series\/video_non.png\" width=\"380\" height=\"272\" alt=\"\" style=\"display: block;\"><br \/>\n\t\t\t\t<img loading=\"lazy\" src=\"\/webroot\/img\/products\/automation\/gf-series\/video1.png\" width=\"380\" height=\"272\" alt=\"\"><br \/>\n\t\t\t\t<span>3:43<\/span><br \/>\n\t\t\t<\/a>\n\t<\/li>\n<\/ul>\n<\/div>\n<\/div>\n","protected":false},"excerpt":{"rendered":"<p>Plataforma de soldadura con portal: serie GF Evoluci\u00f3n hacia una plataforma con caballete flexible mientras se [&hellip;]<\/p>\n","protected":false},"author":1,"featured_media":1020,"parent":17,"menu_order":2,"comment_status":"closed","ping_status":"closed","template":"","meta":[],"acf":[],"_links":{"self":[{"href":"https:\/\/www.japanunix.com\/es\/wp-json\/wp\/v2\/pages\/993"}],"collection":[{"href":"https:\/\/www.japanunix.com\/es\/wp-json\/wp\/v2\/pages"}],"about":[{"href":"https:\/\/www.japanunix.com\/es\/wp-json\/wp\/v2\/types\/page"}],"author":[{"embeddable":true,"href":"https:\/\/www.japanunix.com\/es\/wp-json\/wp\/v2\/users\/1"}],"replies":[{"embeddable":true,"href":"https:\/\/www.japanunix.com\/es\/wp-json\/wp\/v2\/comments?post=993"}],"version-history":[{"count":5,"href":"https:\/\/www.japanunix.com\/es\/wp-json\/wp\/v2\/pages\/993\/revisions"}],"predecessor-version":[{"id":1024,"href":"https:\/\/www.japanunix.com\/es\/wp-json\/wp\/v2\/pages\/993\/revisions\/1024"}],"up":[{"embeddable":true,"href":"https:\/\/www.japanunix.com\/es\/wp-json\/wp\/v2\/pages\/17"}],"wp:featuredmedia":[{"embeddable":true,"href":"https:\/\/www.japanunix.com\/es\/wp-json\/wp\/v2\/media\/1020"}],"wp:attachment":[{"href":"https:\/\/www.japanunix.com\/es\/wp-json\/wp\/v2\/media?parent=993"}],"curies":[{"name":"wp","href":"https:\/\/api.w.org\/{rel}","templated":true}]}}