{"id":99,"date":"2016-08-23T11:47:50","date_gmt":"2016-08-23T02:47:50","guid":{"rendered":"http:\/\/cms.japanunix.com\/wp\/?page_id=99"},"modified":"2017-04-28T17:24:27","modified_gmt":"2017-04-28T08:24:27","slug":"schedule","status":"publish","type":"page","link":"https:\/\/www.japanunix.com\/es\/school\/schedule\/","title":{"rendered":"Fechas y lugares"},"content":{"rendered":"\n<div class=\"section section_1\">\n<h2>La escuela de microsoldadura, donde puede aprender las t\u00e9cnicas de soldadura m\u00e1s sofisticadas<\/h2>\n<p>Le ofrece su conocimiento y experiencia en soldadura, entre cuyos logros se incluye la fabricaci\u00f3n del primer robot de soldadura de Jap\u00f3n.<\/p>\n<p>Japan Unix, la compa\u00f1\u00eda de soldadura l\u00edder del mercado,<br \/>\ncelebra el Seminario Pr\u00e1ctico para el Operador Avanzado en el que los participantes pueden aprender todo lo relativo a las t\u00e9cnicas de soldadura, desde lo m\u00e1s b\u00e1sico a lo m\u00e1s avanzado. Contiene todas las asignaturas necesarias para realizar el examen de &#8220;Operador Avanzado&#8221; y es la manera m\u00e1s r\u00e1pida de obtener el t\u00edtulo t\u00e9cnico.<\/p>\n<p><a target=\"_blank\" href=\"http:\/\/www.jwes.or.jp\/mt\/shi_ki\/ms\/\">Detalles del t\u00edtulo y del examen<\/a>(Asociaci\u00f3n Japonesa de Soldadura)<\/p>\n<p style=\"color:#f00\">\n<\/p><\/div>\n<div class=\"section section_2\">\n<div class=\"mini_section mini_section_1\">\n<h2>Horarios<\/h2>\n<div class=\"seminer_box\">\n<div class=\"seminar ja\">\n<h3>Una vez cada tres meses (Feb, Jun, Sep, Nov)<\/h3>\n<\/p>\n<\/p><\/div>\n<div class=\"seminar ja\">\n<h3>Por favor contacte con nosotros para recibir m\u00e1s detalles.<\/h3>\n<\/p>\n<\/p><\/div>\n<div class=\"seminar ja\">\n<h3><\/h3>\n<\/p>\n<\/p><\/div>\n<div class=\"seminar ja\">\n<h3><\/h3>\n<\/p>\n<\/p><\/div>\n<p class=\"link_wrap\"> Las clases se imparten solo en japon\u00e9s y en Jap\u00f3n<\/p>\n<\/p><\/div>\n<\/p><\/div>\n<div class=\"mini_section mini_section_2\">\n<h2>Lugar<\/h2>\n<p>\t\t\t<iframe loading=\"lazy\" width=\"339\" height=\"339\" frameborder=\"0\" scrolling=\"no\" marginheight=\"0\" marginwidth=\"0\" src=\"https:\/\/maps.google.co.jp\/maps?f=q&amp;source=s_q&amp;hl=en&amp;geocode=&amp;q=%E6%84%9B%E7%9F%A5%E7%9C%8C%E5%90%8D%E5%8F%A4%E5%B1%8B%E5%B8%82%E7%86%B1%E7%94%B0%E5%8C%BA%E9%87%91%E5%B1%B1%E7%94%BA1-7-5&amp;aq=&amp;sll=35.673343,139.710388&amp;sspn=0.276668,0.617294&amp;brcurrent=3,0x600370cfa5b2e875:0xa07b528628e6dae,0&amp;ie=UTF8&amp;hq=&amp;hnear=%E6%84%9B%E7%9F%A5%E7%9C%8C%E5%90%8D%E5%8F%A4%E5%B1%8B%E5%B8%82%E7%86%B1%E7%94%B0%E5%8C%BA%E9%87%91%E5%B1%B1%E7%94%BA%EF%BC%91%E4%B8%81%E7%9B%AE%EF%BC%97%E2%88%92%EF%BC%95&amp;t=m&amp;ll=35.142213,136.899691&amp;spn=0.005948,0.007253&amp;z=16&amp;output=embed&#038;iwloc=B\"><\/iframe><\/p>\n<h3>Sucursal de Nagoya de Japan Unix<\/h3>\n<p>1-7-5 8F Kanayamacho, Atuta-ku, Nagoya, Aichi, 456-0002<\/p>\n<p>\t\t\t<small><a target='_blank' href=\"https:\/\/maps.google.co.jp\/maps?f=q&amp;source=embed&amp;hl=en&amp;geocode=&amp;q=%E6%84%9B%E7%9F%A5%E7%9C%8C%E5%90%8D%E5%8F%A4%E5%B1%8B%E5%B8%82%E7%86%B1%E7%94%B0%E5%8C%BA%E9%87%91%E5%B1%B1%E7%94%BA1-7-5&amp;aq=&amp;sll=35.673343,139.710388&amp;sspn=0.276668,0.617294&amp;brcurrent=3,0x600370cfa5b2e875:0xa07b528628e6dae,0&amp;ie=UTF8&amp;hq=&amp;hnear=%E6%84%9B%E7%9F%A5%E7%9C%8C%E5%90%8D%E5%8F%A4%E5%B1%8B%E5%B8%82%E7%86%B1%E7%94%B0%E5%8C%BA%E9%87%91%E5%B1%B1%E7%94%BA%EF%BC%91%E4%B8%81%E7%9B%AE%EF%BC%97%E2%88%92%EF%BC%95&amp;t=m&amp;ll=35.142213,136.899691&amp;spn=0.005948,0.007253&amp;z=16\" style=\"color:#0000FF;text-align:left\">Ver un mapa mayor<\/a><\/small>\n\t\t<\/div>\n<div class=\"mini_section mini_section_3 clear_both\">\n<h2>Programaci\u00f3n de los seminarios<\/h2>\n<div class=\"txt_section\">\n<h4>D\u00eda 1, seminario de fundamentos:<\/h4>\n<p>9.30-17.00\u3000Fundamentos te\u00f3ricos\u3000Explicaci\u00f3n de la tecnolog\u00eda de automatizaci\u00f3n de la soldadura<\/p>\n<h4>D\u00eda 2, seminario pr\u00e1ctico: Agujeros pasantes\/Montaje <\/h4>\n<p>\u30009.00-17.00\u3000Descripci\u00f3n de herramientas y procedimiento\u3000Pr\u00e1ctica para montaje mediante agujeros pasantes de PCB\u3000Pr\u00e1ctica para montaje superficial de PCB<\/p>\n<h4>D\u00eda 3, seminario pr\u00e1ctico: Terminales<\/h4>\n<p>\u30009.00-17.00\u3000Pr\u00e1ctica de terminales\u3000Sesi\u00f3n pr\u00e1ctica suplementaria<\/p>\n<p>\t\t\t\t<span><\/span><\/p>\n<p class=\"link_detail\"><a target=\"_blank\" href=\"http:\/\/www.jwes.or.jp\/mt\/shi_ki\/ms\/archives\/02_1\/\">Ver m\u00e1s detalles<\/a>(Asociaci\u00f3n Japonesa de Soldadura)<\/p>\n<\/p><\/div>\n<\/p><\/div>\n<div class=\"mini_section mini_section_4\">\n<h2>Examen pr\u00e1ctico para el operador avanzado (A-OPR)<\/h2>\n<div class=\"txt_section\">\n<p>8.50-9.30\u3000Examen te\u00f3rico<br \/>9.40-11.20\u3000Examen pr\u00e1ctico 1<br \/>12.20-13.40\u3000Examen pr\u00e1ctico 2<br \/>13.50-15.10\u3000Examen pr\u00e1ctico 3<\/p>\n<div class=\"attention\">\n\t\t\t\t\t<span>*<\/span><\/p>\n<p>Estos ex\u00e1menes se celebran para los participantes en el seminario. Hay un l\u00edmite en el n\u00famero de candidatos que pueden realizar el examen. Por favor contacte con nosotros para recibir m\u00e1s detalles.Requisitos: M\u00e1s de 18 a\u00f1os de dad, experiencia m\u00ednima de seis meses<\/p>\n<\/p><\/div>\n<\/p><\/div>\n<\/p><\/div>\n<div class=\"mini_section mini_section_5 clear_both\">\n<h2>Costo de la matr\u00edcula del seminario<\/h2>\n<div class=\"txt_section\">\n<p>Seminario de fundamentos te\u00f3ricos: 14 700 JPY(s\u00f3lo el d\u00eda 1) Seminario pr\u00e1ctico: 52 500 JPY (d\u00eda 2 a 3) Ambos seminarios: 58 350 JPY\uff08los tres d\u00edas\uff09<\/p>\n<div class=\"attention\">\n\t\t\t\t\t<span>*<\/span><\/p>\n<p>Hay un descuento especial para los usuarios de Japan Unix. Por favor, cons\u00faltenos para recibir m\u00e1s detalles.<\/p>\n<p>\t\t\t\t\t<span>*<\/span><\/p>\n<p>Hay una tasa adicional para aquellos que deseen realizar los ex\u00e1menes pr\u00e1cticos. Por favor, vea la lista a la derecha.<\/p>\n<\/p><\/div>\n<\/p><\/div>\n<\/p><\/div>\n<div class=\"mini_section mini_section_6\">\n<h2>Costo del examen<\/h2>\n<div  class=\"txt_section\">\n<p>Examen de fundamentos te\u00f3ricos: 3150 JPY Inserci\u00f3n de terminal: 12 600 JPY Montaje superficial: 12 600 JPY Terminales 12 600 JPY<\/p>\n<div class=\"attention\">\n\t\t\t\t\t<span><\/span>\n\t\t\t\t<\/div>\n<\/p><\/div>\n<\/p><\/div>\n<\/p><\/div>\n<div class=\"section section_2\">\n<h2>Seminarios externos<\/h2>\n<p>Tambi\u00e9n celebramos &#8220;seminarios externos&#8221; en los que los instructores visitan su compa\u00f1\u00eda. Tambi\u00e9n disponemos de cursos m\u00e1s reducidos para cumplir con requisitos espec\u00edficos.<\/p>\n<div class=\"img_section\">\n<div class=\"img_box\">\n\t\t\t\t<img loading=\"lazy\" src=\"\/webroot\/img\/\/service\/schedule\/img_1.png\" width=\"317\" height=\"232\" alt=\"\"><\/p>\n<h3>Imagen de seminario 1<\/h3>\n<\/p><\/div>\n<div class=\"img_box\">\n\t\t\t\t<img loading=\"lazy\" src=\"\/webroot\/img\/\/service\/schedule\/img_2.png\" width=\"317\" height=\"232\" alt=\"\"><\/p>\n<h3>Imagen de seminario 2<\/h3>\n<\/p><\/div>\n<div class=\"img_box clear_both\">\n\t\t\t\t<img loading=\"lazy\" src=\"\/webroot\/img\/\/service\/schedule\/img_3.png\" width=\"317\" height=\"232\" alt=\"\"><\/p>\n<h3>Imagen de seminario 3<\/h3>\n<\/p><\/div>\n<div class=\"img_box\">\n\t\t\t\t<img loading=\"lazy\" src=\"\/webroot\/img\/\/service\/schedule\/img_4.png\" width=\"317\" height=\"232\" alt=\"\"><\/p>\n<h3>Para los empleados la capacitaci\u00f3n<\/h3>\n<\/p><\/div>\n<\/p><\/div>\n<\/p><\/div>\n","protected":false},"excerpt":{"rendered":"<p>La escuela de microsoldadura, donde puede aprender las t\u00e9cnicas de soldadura m\u00e1s sofisticadas Le ofrece su con [&hellip;]<\/p>\n","protected":false},"author":1,"featured_media":0,"parent":24,"menu_order":39,"comment_status":"closed","ping_status":"closed","template":"","meta":[],"acf":[],"_links":{"self":[{"href":"https:\/\/www.japanunix.com\/es\/wp-json\/wp\/v2\/pages\/99"}],"collection":[{"href":"https:\/\/www.japanunix.com\/es\/wp-json\/wp\/v2\/pages"}],"about":[{"href":"https:\/\/www.japanunix.com\/es\/wp-json\/wp\/v2\/types\/page"}],"author":[{"embeddable":true,"href":"https:\/\/www.japanunix.com\/es\/wp-json\/wp\/v2\/users\/1"}],"replies":[{"embeddable":true,"href":"https:\/\/www.japanunix.com\/es\/wp-json\/wp\/v2\/comments?post=99"}],"version-history":[{"count":5,"href":"https:\/\/www.japanunix.com\/es\/wp-json\/wp\/v2\/pages\/99\/revisions"}],"predecessor-version":[{"id":810,"href":"https:\/\/www.japanunix.com\/es\/wp-json\/wp\/v2\/pages\/99\/revisions\/810"}],"up":[{"embeddable":true,"href":"https:\/\/www.japanunix.com\/es\/wp-json\/wp\/v2\/pages\/24"}],"wp:attachment":[{"href":"https:\/\/www.japanunix.com\/es\/wp-json\/wp\/v2\/media?parent=99"}],"curies":[{"name":"wp","href":"https:\/\/api.w.org\/{rel}","templated":true}]}}