{"id":97,"date":"2016-08-23T11:46:56","date_gmt":"2016-08-23T02:46:56","guid":{"rendered":"http:\/\/cms.japanunix.com\/wp\/?page_id=97"},"modified":"2022-04-25T17:25:55","modified_gmt":"2022-04-25T08:25:55","slug":"others","status":"publish","type":"page","link":"https:\/\/www.japanunix.com\/es\/products\/others\/","title":{"rendered":"Extractor de humo\/ Generador de N2"},"content":{"rendered":"<div class=\"section_1 section\">\n<h2>Perif\u00e9ricos<\/h2>\n<div class=\"title\">\n<h3>Extractor de humo<\/h3>\n<\/p><\/div>\n<div class=\"soldering_product_list\">\n\t\t<img loading=\"lazy\" src=\"\/webroot\/img\/products\/soldering\/others\/section_1\/img_1.png\" width=\"192\" height=\"204\" alt=\"UAC-2000 Extractor de humo\"><\/p>\n<h3>UAC-2000 Extractor de humo<\/h3>\n<p>\t\t<a class=\"download\" target=\"_blank\" href=\"\/webroot\/img\/pdf\/en\/UAC-2000.pdf\">Descargar (ingl\u00e9s)<\/a><\/p>\n<p>Un nuevo extractor de humo para contribuir a un ambiente de trabajo tranquilo y limpio.<br \/>&#8211; Hasta un 20% m\u00e1s de potencia de succi\u00f3n<br \/>&#8211; Entradas y salidas para la automatizaci\u00f3n  rob\u00f3tica<br \/>&#8211; Alarma de cambio de filtro<br \/>&#8211; Potencia de succi\u00f3n controlable: alta, media y baja<br \/>&#8211; El filtro de doble capa permite una extracci\u00f3n eficiente<\/p>\n<\/p><\/div>\n<\/div>\n<p><!--\n\n\n<div class=\"sectin_2 section\">\n\t\n\n<div class=\"title\" id=\"soldering_tank\">\n\t\t\n\n<h3>BA\u00d1O DE SOLDADURA (temp. media)<\/h3>\n\n\n\t<\/div>\n\n\n\t\n\n<h2>Este ba\u00f1o de soldadura multifuncional cuenta con un crisol reforzado para la soldadura libre de plomo.<\/h2>\n\n\n\t\n\n<ul class=\"list_three_line\">\n\t\t\n\n<li>\n\t\t\t<img loading=\"lazy\" src=\"\/webroot\/img\/products\/soldering\/others\/section_2\/img_1.png\" width=\"192\" height=\"204\" alt=\"USS\u2010350E\">\n\t\t\t\n\n<h3>USS\u2010350E<\/h3>\n\n\n\t\t<\/li>\n\n\n\t\t\n\n<li>\n\t\t\t<img loading=\"lazy\" src=\"\/webroot\/img\/products\/soldering\/others\/section_2\/img_2.png\" width=\"192\" height=\"204\" alt=\"USS\u2010250E\">\n\t\t\t\n\n<h3>USS\u2010250E<\/h3>\n\n\n\t\t<\/li>\n\n\n\t\t\n\n<li>\n\t\t\t<img loading=\"lazy\" src=\"\/webroot\/img\/products\/soldering\/others\/section_2\/img_3.png\" width=\"192\" height=\"204\" alt=\"USS\u2010180E\">\n\t\t\t\n\n<h3>USS\u2010180E<\/h3>\n\n\n\t\t<\/li>\n\n\n\t\t<a class=\"download\" target=\"_blank\" href=\"\/webroot\/img\/pdf\/en\/UNISOL_DIPPER.pdf\">Descargar (ingl\u00e9s)<\/a>\n\t<\/ul>\n\n\n\t\n\n<div class=\"table_scroll\">\n\t\n\n<table>\n\t\t\n\n<tr>\n\t\t\t\n\n<th class=\"specifications\" colspan=\"4\" scope=\"colgroup\">Especificaciones<\/th>\n\n\n\t\t<\/tr>\n\n\n\t\t\n\n<tr>\n\t\t\t\n\n<th>Modelos<\/th>\n\n\n\t\t\t\n\n<td>USS\u2010350E\uff08ET\uff09<\/td>\n\n\n\t\t\t\n\n<td>USS\u2010250E\uff08ET\uff09<\/td>\n\n\n\t\t\t\n\n<td>USS\u2010180E\uff08ET\uff09<\/td>\n\n\n\t\t<\/tr>\n\n\n\t\t\n\n<tr>\n\t\t\t\n\n<th>Capacidad del ba\u00f1o<\/th>\n\n\n\t\t\t\n\n<td>Aprox. 33 kg<\/td>\n\n\n\t\t\t\n\n<td>Aprox. 15 kg<\/td>\n\n\n\t\t\t\n\n<td>Aprox. 9 kg<\/td>\n\n\n\t\t<\/tr>\n\n\n\t\t\n\n<tr>\n\t\t\t\n\n<th>Temp. m\u00e1x.<\/th>\n\n\n\t\t\t\n\n<td>300\u00b0C\/572 F<\/td>\n\n\n\t\t\t\n\n<td>300\u00b0C\/572 F<\/td>\n\n\n\t\t\t\n\n<td>300\u00b0C\/572 F<\/td>\n\n\n\t\t<\/tr>\n\n\n\t\t\n\n<tr>\n\t\t\t\n\n<th>Temp. est\u00e1ndar<\/th>\n\n\n\t\t\t\n\n<td>250\u00b0C\/482 F<\/td>\n\n\n\t\t\t\n\n<td>250\u00b0C\/482 F<\/td>\n\n\n\t\t\t\n\n<td>250\u00b0C\/482 F<\/td>\n\n\n\t\t<\/tr>\n\n\n\t\t\n\n<tr>\n\t\t\t\n\n<th>Tiempo de arranque<\/th>\n\n\n\t\t\t\n\n<td>45 min. (a 250\u00b0C)<\/td>\n\n\n\t\t\t\n\n<td>40 min. (a 250\u00b0C)<\/td>\n\n\n\t\t\t\n\n<td>40 min. (a 250\u00b0C)<\/td>\n\n\n\t\t<\/tr>\n\n\n\t\t\n\n<tr>\n\t\t\t\n\n<th>Dimensiones del crisol (mm)<\/th>\n\n\n\t\t\t\n\n<td>245(A)x295(P)x58(H)<\/td>\n\n\n\t\t\t\n\n<td>146(A)x248(P)x58(H)<\/td>\n\n\n\t\t\t\n\n<td>117(A)x177(P)x59(H)<\/td>\n\n\n\t\t<\/tr>\n\n\n\t\t\n\n<tr>\n\t\t\t\n\n<th>Tensi\u00f3n<\/th>\n\n\n\t\t\t\n\n<td>AC200V\u300050\/60Hz<\/td>\n\n\n\t\t\t\n\n<td>AC100V\u300050\/60Hz<\/td>\n\n\n\t\t\t\n\n<td>AC100V\u300050\/60Hz<\/td>\n\n\n\t\t<\/tr>\n\n\n\t\t\n\n<tr>\n\t\t\t\n\n<th>Tensi\u00f3n nominal<\/th>\n\n\n\t\t\t\n\n<td>1.6KW<\/td>\n\n\n\t\t\t\n\n<td>950W<\/td>\n\n\n\t\t\t\n\n<td>750W<\/td>\n\n\n\t\t<\/tr>\n\n\n\t\t\n\n<tr>\n\t\t\t\n\n<th>Certificados<\/th>\n\n\n\t\t\t\n\n<td>PSE\/RoHS<\/td>\n\n\n\t\t\t\n\n<td>PSE\/RoHS<\/td>\n\n\n\t\t\t\n\n<td>PSE\/RoHS<\/td>\n\n\n\t\t<\/tr>\n\n\n\t<\/table>\n\n\n\t<\/div>\n\n\n<\/div>\n\n\n\n\n<div class=\"section_3 section\">\n\t\n\n<div class=\"title\">\n\t\t\n\n<h3>BA\u00d1O DE SOLDADURA (temp. alta.)<\/h3>\n\n\n\t<\/div>\n\n\n\t\n\n<h2>Ba\u00f1o de soldadura de sobremesa para altas temperaturas con crisol reforzado para soldadura sin plomo. Es un modelo que ahorra espacio y posee una excelente trabajabilidad<\/h2>\n\n\n\t\n\n<ul class=\"list_three_line\">\n\t\t\n\n<li>\n\t\t\t<img loading=\"lazy\" src=\"\/webroot\/img\/products\/soldering\/others\/section_3\/img_1.png\" width=\"192\" height=\"204\" alt=\"USS-170HE\">\n\t\t\t\n\n<h3>USS-170HE<\/h3>\n\n\n\t\t<\/li>\n\n\n\t\t\n\n<li>\n\t\t\t<img loading=\"lazy\" src=\"\/webroot\/img\/products\/soldering\/others\/section_3\/img_2.png\" width=\"192\" height=\"204\" alt=\"USS-350HE\">\n\t\t\t\n\n<h3>USS-350HE *Discontinued<\/h3>\n\n\n\t\t<\/li>\n\n\n\t\t<a class=\"download\" target=\"_blank\" href=\"\/webroot\/img\/pdf\/en\/UNISOL_DIPPER.pdf\">Descargar (ingl\u00e9s)<\/a>\n\t<\/ul>\n\n\n\t\n\n<div class=\"table_scroll\">\n\t\n\n<table>\n\t\t\n\n<tr>\n\t\t\t\n\n<th class=\"specifications\" colspan=\"3\" scope=\"colgroup\">Especifaciones<\/th>\n\n\n\t\t<\/tr>\n\n\n\t\t\n\n<tr>\n\t\t\t\n\n<th>Modelos<\/th>\n\n\n\t\t\t\n\n<td>USS\u2010170HE\uff08HET\uff09<\/td>\n\n\n\t\t\t\n\n<td>USS\u2010350HE\uff08HET\uff09<\/td>\n\n\n\t\t<\/tr>\n\n\n\t\t\n\n<tr>\n\t\t\t\n\n<th>Capacidad del ba\u00f1o<\/th>\n\n\n\t\t\t\n\n<td>Aprox. 10 kg<\/td>\n\n\n\t\t\t\n\n<td>Aprox. 25 kg<\/td>\n\n\n\t\t<\/tr>\n\n\n\t\t\n\n<tr>\n\t\t\t\n\n<th>Temp. m\u00e1x.<\/th>\n\n\n\t\t\t\n\n<td>450\u00b0C \/ 842F<\/td>\n\n\n\t\t\t\n\n<td>450\u00b0C \/ 842F<\/td>\n\n\n\t\t<\/tr>\n\n\n\t\t\n\n<tr>\n\t\t\t\n\n<th>Temp. est\u00e1ndar.<\/th>\n\n\n\t\t\t\n\n<td>400\u00b0C \/ 752F<\/td>\n\n\n\t\t\t\n\n<td>400\u00b0C \/ 752F<\/td>\n\n\n\t\t<\/tr>\n\n\n\t\t\n\n<tr>\n\t\t\t\n\n<th>Tiempo de arranque<\/th>\n\n\n\t\t\t\n\n<td>40 min. (a 250\u00b0C)<\/td>\n\n\n\t\t\t\n\n<td>45 min. (a 250\u00b0C)<\/td>\n\n\n\t\t<\/tr>\n\n\n\t\t\n\n<tr>\n\t\t\t\n\n<th>Dimensiones del crisol (mm)<\/th>\n\n\n\t\t\t\n\n<td>128(A)x172(P)x61(H)<\/td>\n\n\n\t\t\t\n\n<td>120(A)x350(P)x74(H)<\/td>\n\n\n\t\t\n\n<tr>\n\t\t\t\n\n<th>Tensi\u00f3n<\/th>\n\n\n\t\t\t\n\n<td>AC200V\u300050\/60Hz<\/td>\n\n\n\t\t\t\n\n<td>AC200V\u300050\/60Hz<\/td>\n\n\n\t\t<\/tr>\n\n\n\t\t\n\n<tr>\n\t\t\t\n\n<th>Tensi\u00f3n nominal<\/th>\n\n\n\t\t\t\n\n<td>2.1KW<\/td>\n\n\n\t\t\t\n\n<td>5KW<\/td>\n\n\n\t\t<\/tr>\n\n\n\t\t\n\n<tr>\n\t\t\t\n\n<th>Certificados<\/th>\n\n\n\t\t\t\n\n<td>PSE\/RoHS<\/td>\n\n\n\t\t\t\n\n<td>PSE\/RoHS<\/td>\n\n\n\t\t<\/tr>\n\n\n\t<\/table>\n\n\n\t<\/div>\n\n\n<\/div>\n\n\n\n\n<div class=\"section_4 section\">\n\t\n\n<div class=\"title\">\n\t\t\n\n<h3>BA\u00d1O COMPACTO (temp. alta.)<\/h3>\n\n\n\t<\/div>\n\n\n\t\n\n<ul class=\"list_three_line\">\n\t\t\n\n<li>\n\t\t\t<img loading=\"lazy\" src=\"\/webroot\/img\/products\/soldering\/others\/section_4\/img_1.png\" width=\"192\" height=\"204\" alt=\"USS-60HE\">\n\t\t\t\n\n<h3>USS-60HE<\/h3>\n\n\n\t\t<\/li>\n\n\n\t\t\n\n<li>\n\t\t\t<img loading=\"lazy\" src=\"\/webroot\/img\/products\/soldering\/others\/section_4\/img_2.png\" width=\"192\" height=\"204\" alt=\"USS-100HE2\">\n\t\t\t\n\n<h3>USS-100HE2<\/h3>\n\n\n\t\t<\/li>\n\n\n\t\t<a class=\"download\" target=\"_blank\" href=\"\/webroot\/img\/pdf\/en\/UNISOL_DIPPER.pdf\">Descargar (ingl\u00e9s)<\/a>\n\t<\/ul>\n\n\n\t\n\n<div class=\"table_scroll\">\n\t\n\n<table>\n\t\t\n\n<tr>\n\t\t\t\n\n<th class=\"specifications\" colspan=\"3\" scope=\"colgroup\">Especifaciones<\/th>\n\n\n\t\t<\/tr>\n\n\n\t\t\n\n<tr>\n\t\t\t\n\n<th>Modelos<\/th>\n\n\n\t\t\t\n\n<td>USS\u201060HE<\/td>\n\n\n\t\t\t\n\n<td>USS\u2010100HE2<\/td>\n\n\n\t\t<\/tr>\n\n\n\t\t\n\n<tr>\n\t\t\t\n\n<th>Capacidad del ba\u00f1o<\/th>\n\n\n\t\t\t\n\n<td>Aprox. 1,4 kg<\/td>\n\n\n\t\t\t\n\n<td>Aprox. 4,5 kg<\/td>\n\n\n\t\t<\/tr>\n\n\n\t\t\n\n<tr>\n\t\t\t\n\n<th>Temp. m\u00e1x.<\/th>\n\n\n\t\t\t\n\n<td>400\u00b0C \/ 752F<\/td>\n\n\n\t\t\t\n\n<td>400\u00b0C \/ 752F<\/td>\n\n\n\t\t<\/tr>\n\n\n\t\t\n\n<tr>\n\t\t\t\n\n<th>Temp. est\u00e1ndar.<\/th>\n\n\n\t\t\t\n\n<td>400\u00b0C \/ 752F<\/td>\n\n\n\t\t\t\n\n<td>400\u00b0C \/ 752F<\/td>\n\n\n\t\t<\/tr>\n\n\n\t\t\n\n<tr>\n\t\t\t\n\n<th>Tiempo de arranque<\/th>\n\n\n\t\t\t\n\n<td>20 min. (a 250\u00b0C)<\/td>\n\n\n\t\t\t\n\n<td>30 min. (a 250\u00b0C)<\/td>\n\n\n\t\t<\/tr>\n\n\n\t\t\n\n<tr>\n\t\t\t\n\n<th>Dimensiones del crisol(mm)<\/th>\n\n\n\t\t\t\n\n<td>60(A)x60(P)x52(H)<\/td>\n\n\n\t\t\t\n\n<td>100(A)x100(P)x62(H)<\/td>\n\n\n\t\t\n\n<tr>\n\t\t\t\n\n<th>Tensi\u00f3n<\/th>\n\n\n\t\t\t\n\n<td>AC100V 50\/60Hz<\/td>\n\n\n\t\t\t\n\n<td>AC100V 50\/60Hz<\/td>\n\n\n\t\t<\/tr>\n\n\n\t\t\n\n<tr>\n\t\t\t\n\n<th>Tensi\u00f3n nominal<\/th>\n\n\n\t\t\t\n\n<td>550W<\/td>\n\n\n\t\t\t\n\n<td>1.4KW<\/td>\n\n\n\t\t<\/tr>\n\n\n\t\t\n\n<tr>\n\t\t\t\n\n<th>Certificados<\/th>\n\n\n\t\t\t\n\n<td>PSE\/RoHS<\/td>\n\n\n\t\t\t\n\n<td>PSE\/RoHS<\/td>\n\n\n\t\t<\/tr>\n\n\n\t<\/table>\n\n\n\t<\/div>\n\n\n<\/div>\n\n\n\n--><\/p>\n<div class=\"section_5 section\">\n<div class=\"title\">\n<h3>GENERADOR DE N2<\/h3>\n<\/p><\/div>\n<h2>Generador de nitr\u00f3geno que NO requiere suministro el\u00e9ctrico.<\/h2>\n<ul class=\"list_three_line\">\n<li>\n\t\t\t<img loading=\"lazy\" src=\"\/webroot\/img\/products\/soldering\/others\/section_5\/img_1.png\" width=\"192\" height=\"204\" alt=\"UNX-100SS\"><\/p>\n<h3>UNX-100SS (Flujo: 1l\/min)<\/h3>\n<\/li>\n<li>\n\t\t\t<img loading=\"lazy\" src=\"\/webroot\/img\/products\/automation\/option\/detail_3\/section_5\/img_3.png\" width=\"192\" height=\"204\" alt=\"UNX-200\"><\/p>\n<h3>UNX-200 (Flujo: 2l\/min)<\/h3>\n<\/li>\n<li>\n\t\t\t<img loading=\"lazy\" src=\"\/webroot\/img\/products\/automation\/option\/detail_3\/section_5\/img_4.png\" width=\"192\" height=\"204\" alt=\"UNX-400\"><\/p>\n<h3>UNX-400 (Flujo: 4l\/min)<\/h3>\n<\/li>\n<\/ul>\n<div>\n\t\t<a class=\"download\" target=\"_blank\" href=\"\/webroot\/img\/pdf\/en\/Nitrogen_Gas_Generator.pdf\">Descargar (ingl\u00e9s)<\/a><\/p>\n<p>No requiere ni suministro el\u00e9ctrico ni bombonas de recambio. Nuestro generador utiliza aire comprimido para extraer nitr\u00f3geno altamente concentrado (99,9%). Contamos con una amplia gama de modelos, desde tama\u00f1os compactos y ultraligeros hasta tama\u00f1os de gran caudal. Tambi\u00e9n disponemos de modelos equipados con man\u00f3metro y caudal\u00edmetro.<\/p>\n<\/p><\/div>\n<\/div>\n","protected":false},"excerpt":{"rendered":"<p>Perif\u00e9ricos Extractor de humo UAC-2000 Extractor de humo Descargar (ingl\u00e9s) Un nuevo extractor de humo para co [&hellip;]<\/p>\n","protected":false},"author":1,"featured_media":0,"parent":14,"menu_order":28,"comment_status":"closed","ping_status":"closed","template":"","meta":[],"acf":[],"_links":{"self":[{"href":"https:\/\/www.japanunix.com\/es\/wp-json\/wp\/v2\/pages\/97"}],"collection":[{"href":"https:\/\/www.japanunix.com\/es\/wp-json\/wp\/v2\/pages"}],"about":[{"href":"https:\/\/www.japanunix.com\/es\/wp-json\/wp\/v2\/types\/page"}],"author":[{"embeddable":true,"href":"https:\/\/www.japanunix.com\/es\/wp-json\/wp\/v2\/users\/1"}],"replies":[{"embeddable":true,"href":"https:\/\/www.japanunix.com\/es\/wp-json\/wp\/v2\/comments?post=97"}],"version-history":[{"count":7,"href":"https:\/\/www.japanunix.com\/es\/wp-json\/wp\/v2\/pages\/97\/revisions"}],"predecessor-version":[{"id":1081,"href":"https:\/\/www.japanunix.com\/es\/wp-json\/wp\/v2\/pages\/97\/revisions\/1081"}],"up":[{"embeddable":true,"href":"https:\/\/www.japanunix.com\/es\/wp-json\/wp\/v2\/pages\/14"}],"wp:attachment":[{"href":"https:\/\/www.japanunix.com\/es\/wp-json\/wp\/v2\/media?parent=97"}],"curies":[{"name":"wp","href":"https:\/\/api.w.org\/{rel}","templated":true}]}}