{"id":93,"date":"2016-08-23T11:46:06","date_gmt":"2016-08-23T02:46:06","guid":{"rendered":"http:\/\/cms.japanunix.com\/wp\/?page_id=93"},"modified":"2022-04-25T17:16:44","modified_gmt":"2022-04-25T08:16:44","slug":"unicon","status":"publish","type":"page","link":"https:\/\/www.japanunix.com\/es\/products\/unicon\/","title":{"rendered":"unicon"},"content":{"rendered":"<div class=\"section_1 section\">\n<h2>SOLDADURA MANUAL<\/h2>\n<div class=\"title\" id=\"unicon\">\n<h3><img loading=\"lazy\" src=\"\/webroot\/img\/products\/soldering\/top\/main_contents\/logo_unicon.png\" width=\"182\" height=\"32\" alt=\"UNICON\"><\/h3>\n<\/p><\/div>\n<ul class=\"soldering_product_list clearfix\">\n<li>\n\t\t\t<img loading=\"lazy\" src=\"\/webroot\/img\/products\/soldering\/unicon\/img_1.png\" width=\"192\" height=\"204\" alt=\"UNICON-107\"><\/p>\n<h3>Estaci\u00f3n de soldadura sin plomo UNICON-107<\/h3>\n<p>\t\t\t<a class=\"download\" target=\"_blank\" href=\"\/webroot\/img\/pdf\/en\/Soldering_station_Change.pdf\">Descargar (ingl\u00e9s)<\/a><\/p>\n<p>Incluye el primer sensor de control de seguridad del mundo (patentado).<br \/>Ligero y de f\u00e1cil uso, es la mejor compra entre las estaciones soldadoras.<br \/>Potencia del calefactor: 50W, 70W y 90W<\/p>\n<\/li>\n<li>\n\t\t\t<img loading=\"lazy\" src=\"\/webroot\/img\/products\/soldering\/unicon\/img_2.png\" width=\"192\" height=\"204\" alt=\"UNICON-107F\"><\/p>\n<h3>Estaci\u00f3n de soldadura sin plomo UNICON-107F<\/h3>\n<p>\t\t\t<a class=\"download\" target=\"_blank\" href=\"\/webroot\/img\/pdf\/en\/Soldering_station_Change.pdf\">Descargar (ingl\u00e9s)<\/a><\/p>\n<p>La estaci\u00f3n UNICON-107 con caudal\u00edmetro de nitr\u00f3geno realiza f\u00e1cilmente operaciones de soldadura en una atm\u00f3sfera de nitr\u00f3geno Potencia del calefactor: 50W, 70W y 90W<\/p>\n<\/li>\n<li class=\"clear\">\n\t\t\t<img loading=\"lazy\" src=\"\/webroot\/img\/products\/soldering\/unicon\/img_3.png\" width=\"192\" height=\"204\" alt=\"UNICON-108 II\"><\/p>\n<h3>Estaci\u00f3n de soldadura sin plomo UNICON-108 II<\/h3>\n<p>\t\t\t<a class=\"download\" target=\"_blank\" href=\"\/webroot\/img\/pdf\/en\/Soldering_station_Change.pdf\">Descargar (ingl\u00e9s)<\/a><\/p>\n<p>Ideal para trabajos que requieren alta capacidad t\u00e9rmica.  UNICON-108 resuelve la restricci\u00f3n de soldadura en los materiales de difusi\u00f3n t\u00e9rmica con su elemento calefactor de alta potencia. Potencia del calefactor: 100W, 150W y 300W<\/p>\n<\/li>\n<\/ul>\n<\/div>\n","protected":false},"excerpt":{"rendered":"<p>SOLDADURA MANUAL Estaci\u00f3n de soldadura sin plomo UNICON-107 Descargar (ingl\u00e9s) Incluye el primer sensor de con [&hellip;]<\/p>\n","protected":false},"author":1,"featured_media":722,"parent":14,"menu_order":30,"comment_status":"closed","ping_status":"closed","template":"","meta":[],"acf":[],"_links":{"self":[{"href":"https:\/\/www.japanunix.com\/es\/wp-json\/wp\/v2\/pages\/93"}],"collection":[{"href":"https:\/\/www.japanunix.com\/es\/wp-json\/wp\/v2\/pages"}],"about":[{"href":"https:\/\/www.japanunix.com\/es\/wp-json\/wp\/v2\/types\/page"}],"author":[{"embeddable":true,"href":"https:\/\/www.japanunix.com\/es\/wp-json\/wp\/v2\/users\/1"}],"replies":[{"embeddable":true,"href":"https:\/\/www.japanunix.com\/es\/wp-json\/wp\/v2\/comments?post=93"}],"version-history":[{"count":8,"href":"https:\/\/www.japanunix.com\/es\/wp-json\/wp\/v2\/pages\/93\/revisions"}],"predecessor-version":[{"id":1078,"href":"https:\/\/www.japanunix.com\/es\/wp-json\/wp\/v2\/pages\/93\/revisions\/1078"}],"up":[{"embeddable":true,"href":"https:\/\/www.japanunix.com\/es\/wp-json\/wp\/v2\/pages\/14"}],"wp:featuredmedia":[{"embeddable":true,"href":"https:\/\/www.japanunix.com\/es\/wp-json\/wp\/v2\/media\/722"}],"wp:attachment":[{"href":"https:\/\/www.japanunix.com\/es\/wp-json\/wp\/v2\/media?parent=93"}],"curies":[{"name":"wp","href":"https:\/\/api.w.org\/{rel}","templated":true}]}}