{"id":89,"date":"2016-08-23T11:44:29","date_gmt":"2016-08-23T02:44:29","guid":{"rendered":"http:\/\/cms.japanunix.com\/wp\/?page_id=89"},"modified":"2017-04-28T19:52:14","modified_gmt":"2017-04-28T10:52:14","slug":"benefit","status":"publish","type":"page","link":"https:\/\/www.japanunix.com\/es\/products\/option\/benefit\/","title":{"rendered":"Por beneficios"},"content":{"rendered":"<div class=\"section_1 section\">\n<div>\n<h2>Vea los ejemplos de aplicaci\u00f3n<\/h2>\n<ul class=\"link_list option\">\n<li class=\"flux\"><span>Reduce salpicaduras del fundente y las bolas<\/span><\/li>\n<li class=\"maintenance\"><span>Mantenimiento m\u00e1s f\u00e1cil<\/span><\/li>\n<li class=\"work\"><span>Soporta microsoldadura<\/span><\/li>\n<li class=\"big\"><span>Soldabilidad de\u3000componentes grandes<\/span><\/li>\n<li class=\"quality\"><span>Mejora de la calidad<\/span><\/li>\n<li class=\"conduct\"><span>Tiempo de ciclo acortado<\/span><\/li>\n<\/ul><\/div>\n<\/div>\n<div class=\"section_2 section\">\n<div class=\"title flux\">\n<h3>REDUCE LAS SALPICADURAS DEL FUNDENTES Y LAS BOLAS DE SOLDADURA<\/h3>\n<\/p><\/div>\n<ul class=\"list_three_line\">\n<li class=\"include_txt_img negative_margin\">\n\t\t\t<a href=\"..\/detail\/#clean_cut\"><br \/>\n\t\t\t\t<img loading=\"lazy\" src=\"\/webroot\/img\/products\/automation\/option\/merit\/content\/img_1.png\" width=\"204\" height=\"230\" alt=\"Alimentador de corte limpio\"><\/p>\n<p class=\"product_name\">Alimentador de corte limpio<\/p>\n<p class=\"patent\">patentado<\/p>\n<p>\t\t\t<\/a>\n\t\t<\/li>\n<li class=\"include_txt_img negative_margin\">\n\t\t\t<a href=\"..\/detail\/2\/#thread_soldering\"><br \/>\n\t\t\t\t<img loading=\"lazy\" src=\"\/webroot\/img\/products\/automation\/option\/top\/section_1\/img_7.png\" width=\"204\" height=\"230\" alt=\"Calefactor del alambre\"><\/p>\n<p class=\"product_name\">Calefactor del alambre<\/p>\n<p class=\"patent\">patentado<\/p>\n<p>\t\t\t<\/a>\n\t\t<\/li>\n<li class=\"include_txt_img negative_margin\">\n\t\t\t<a href=\"..\/detail\/3\/#nitrogen\"><br \/>\n\t\t\t\t<img loading=\"lazy\" src=\"\/webroot\/img\/products\/automation\/option\/top\/section_1\/img_12.png\" width=\"204\" height=\"230\" alt=\"Generador de nitr\u00f3geno (N2)\"><\/p>\n<p class=\"product_name\">Generador de nitr\u00f3geno (N2)<\/p>\n<p>\t\t\t<\/a>\n\t\t<\/li>\n<li class=\"include_txt_img negative_margin\">\n\t\t\t<a href=\"..\/detail\/3\/#double_heater\"><br \/>\n\t\t\t\t<img loading=\"lazy\" src=\"\/webroot\/img\/products\/automation\/option\/top\/section_1\/img_13.png\" width=\"204\" height=\"230\" alt=\"Doble resistencia\"><\/p>\n<p class=\"product_name\">Doble resistencia<\/p>\n<p class=\"patent\">patentado<\/p>\n<p>\t\t\t<\/a>\n\t\t<\/li>\n<\/ul>\n<\/div>\n<div class=\"section_3 section\">\n<div class=\"title maintenance\">\n<h3>MANTENIMIENTO M\u00c1S F\u00c1CIL<\/h3>\n<\/p><\/div>\n<ul class=\"list_three_line\">\n<li class=\"include_txt_img negative_margin\">\n\t\t\t<a href=\"..\/detail\/#position_revise\"><br \/>\n \t\t\t\t<img loading=\"lazy\" src=\"\/webroot\/img\/products\/automation\/option\/merit\/content\/img_2.png\" width=\"204\" height=\"230\" alt=\"Calibrador de posici\u00f3n\"><\/p>\n<p class=\"product_name\">Calibrador de posici\u00f3n<\/p>\n<p class=\"patent\">patentado<\/p>\n<p>\t\t\t<\/a>\n\t\t<\/li>\n<li class=\"include_txt_img negative_margin\">\n\t\t\t<a href=\"..\/detail\/#lockon\"><br \/>\n\t\t\t\t<img loading=\"lazy\" src=\"\/webroot\/img\/products\/automation\/option\/top\/section_1\/img_3.png\" width=\"204\" height=\"230\" alt=\"Bloqueo\"><\/p>\n<p class=\"product_name\">Bloqueo<\/p>\n<p>\t\t\t\t<span class=\"patent\">patentado<\/span><br \/>\n\t\t\t<\/a>\n\t\t<\/li>\n<li class=\"include_txt_img negative_margin\">\n\t\t\t<a href=\"..\/detail\/2\/#brush_cleaner\"><br \/>\n\t\t\t\t<img loading=\"lazy\" src=\"\/webroot\/img\/products\/automation\/option\/top\/section_1\/img_6.png\" width=\"204\" height=\"230\" alt=\"Limpiador por cepillado\"><\/p>\n<p class=\"product_name\">Limpiador por cepillado<\/p>\n<p>\t\t\t\t<span class=\"patent\">patentado<\/span><br \/>\n\t\t\t<\/a>\n\t\t<\/li>\n<li class=\"include_txt_img negative_margin\">\n\t\t\t<a href=\"..\/detail\/3\/#air_curtain\"><br \/>\n\t\t\t\t<img loading=\"lazy\" src=\"\/webroot\/img\/products\/automation\/option\/top\/section_1\/img_10.png\" width=\"204\" height=\"230\" alt=\"Cortina de aire\"><\/p>\n<p class=\"product_name\">Cortina de aire<\/p>\n<p class=\"patent es\">*Pat.pendiente<\/p>\n<p>\t\t\t<\/a>\n\t\t<\/li>\n<li class=\"include_txt_img negative_margin\">\n\t\t\t<a href=\"..\/detail\/3\/#nitrogen\"><br \/>\n\t\t\t\t<img loading=\"lazy\" src=\"\/webroot\/img\/products\/automation\/option\/top\/section_1\/img_12.png\" width=\"204\" height=\"230\" alt=\"Generador de nitr\u00f3geno (N2)\"><\/p>\n<p class=\"product_name\">Generador de nitr\u00f3geno (N2)<\/p>\n<p>\t\t\t<\/a>\n\t\t<\/li>\n<\/ul>\n<\/div>\n<div class=\"section_4 section\">\n<div class=\"title work\">\n<h3>SOPORTA MICROSOLDADURA<\/h3>\n<\/p><\/div>\n<ul class=\"list_three_line\">\n<li class=\"include_txt_img negative_margin\">\n\t\t\t<a href=\"..\/detail\/#lockon\"><br \/>\n\t\t\t\t<img loading=\"lazy\" src=\"\/webroot\/img\/products\/automation\/option\/top\/section_1\/img_3.png\" width=\"204\" height=\"230\" alt=\"Bloqueo\"><\/p>\n<p class=\"product_name\">Bloqueo<\/p>\n<p>\t\t\t\t<span class=\"patent\">patentado<\/span><br \/>\n\t\t\t<\/a>\n\t\t<\/li>\n<li class=\"include_txt_img negative_margin\">\n\t\t\t<a href=\"..\/detail\/2\/#sending_device\"><br \/>\n\t\t\t\t<img loading=\"lazy\" src=\"\/webroot\/img\/products\/automation\/option\/top\/section_1\/img_5.png\" width=\"204\" height=\"230\" alt=\"Alimentador de precisi\u00f3n\"><\/p>\n<p class=\"product_name\">Alimentador de precisi\u00f3n<\/p>\n<p>\t\t\t\t<span class=\"patent\">patentado<\/span><br \/>\n\t\t\t<\/a>\n\t\t<\/li>\n<li class=\"include_txt_img negative_margin\">\n\t\t\t<a href=\"..\/detail\/3\/#supply_position_revise\"><br \/>\n\t\t\t\t<img loading=\"lazy\" src=\"\/webroot\/img\/products\/automation\/option\/top\/section_1\/img_9.png\" width=\"204\" height=\"230\" alt=\"Sensor de posici\u00f3n\"><\/p>\n<p class=\"product_name\">Sensor de posici\u00f3n<\/p>\n<p>\t\t\t<\/a>\n\t\t<\/li>\n<li class=\"include_txt_img negative_margin\">\n\t\t\t<a href=\"..\/detail\/3\/#needle\"><br \/>\n\t\t\t\t<img loading=\"lazy\" src=\"\/webroot\/img\/products\/automation\/option\/top\/section_1\/img_11.png\" width=\"204\" height=\"230\" alt=\"Boquillas de precisi\u00f3n\"><\/p>\n<p class=\"product_name\">Boquillas de precisi\u00f3n<\/p>\n<p>\t\t\t<\/a>\n\t\t<\/li>\n<li class=\"include_txt_img negative_margin\">\n\t\t\t<a href=\"..\/detail\/#img_position_revise\"><br \/>\n\t\t\t\t<img loading=\"lazy\" src=\"\/webroot\/img\/products\/automation\/option\/top\/section_1\/img_8.png\" width=\"204\" height=\"230\" alt=\"Sensor de visi\u00f3n\"><\/p>\n<p class=\"product_name\">Sensor de visi\u00f3n<\/p>\n<p>\t\t\t\t<span class=\"patent\">patentado<\/span><br \/>\n\t\t\t<\/a>\n\t\t<\/li>\n<\/ul>\n<\/div>\n<div class=\"section_5 section\">\n<div class=\"title big\">\n<h3>SOLDABILIDAD DE COMPONENTES GRANDES<\/h3>\n<\/p><\/div>\n<ul class=\"list_three_line\">\n<li class=\"include_txt_img negative_margin\">\n\t\t\t<a href=\"..\/detail\/2\/#heater\"><br \/>\n \t\t\t\t<img loading=\"lazy\" src=\"\/webroot\/img\/products\/automation\/option\/top\/section_1\/img_4.png\" width=\"204\" height=\"230\" alt=\"Alta capacidad t\u00e9rmica\"><\/p>\n<p class=\"product_name\">Alta capacidad t\u00e9rmica<\/p>\n<p>\t\t\t<\/a>\n\t\t<\/li>\n<li class=\"include_txt_img negative_margin\">\n\t\t\t<a href=\"..\/detail\/2\/#thread_soldering\"><br \/>\n \t\t\t\t<img loading=\"lazy\" src=\"\/webroot\/img\/products\/automation\/option\/top\/section_1\/img_7.png\" width=\"204\" height=\"230\" alt=\"Calefactor del alambre\"><\/p>\n<p class=\"product_name\">Calefactor del alambre<\/p>\n<p class=\"patent\">patentado<\/p>\n<p>\t\t\t<\/a>\n\t\t<\/li>\n<li class=\"include_txt_img negative_margin\">\n\t\t\t<a href=\"..\/detail\/3\/#supply_position_revise\"><br \/>\n\t\t\t\t<img loading=\"lazy\" src=\"\/webroot\/img\/products\/automation\/option\/top\/section_1\/img_9.png\" width=\"204\" height=\"230\" alt=\"Sensor de posici\u00f3n\"><\/p>\n<p class=\"product_name\">Sensor de posici\u00f3n<\/p>\n<p>\t\t\t<\/a>\n\t\t<\/li>\n<\/ul>\n<\/div>\n<div class=\"section_6 section\">\n<div class=\"title quality\">\n<h3>MEJORA DE LA CALIDAD<\/h3>\n<\/p><\/div>\n<ul class=\"list_three_line\">\n<li class=\"include_txt_img negative_margin\">\n\t\t\t<a href=\"..\/detail\/#position_revise\"><br \/>\n\t\t\t\t<img loading=\"lazy\" src=\"\/webroot\/img\/products\/automation\/option\/merit\/content\/img_2.png\" width=\"204\" height=\"230\" alt=\"Calibrador de posici\u00f3n\"><\/p>\n<p class=\"product_name\">Calibrador de posici\u00f3n<\/p>\n<p class=\"patent\">patentado<\/p>\n<p>\t\t\t<\/a>\n\t\t<\/li>\n<li class=\"include_txt_img negative_margin\">\n\t\t\t<a href=\"..\/detail\/#lockon\"><br \/>\n\t\t\t\t<img loading=\"lazy\" src=\"\/webroot\/img\/products\/automation\/option\/top\/section_1\/img_3.png\" width=\"204\" height=\"230\" alt=\"Bloqueo\"><\/p>\n<p class=\"product_name\">Bloqueo<\/p>\n<p>\t\t\t\t<span class=\"patent\">patentado<\/span><br \/>\n\t\t\t<\/a>\n\t\t<\/li>\n<li class=\"include_txt_img negative_margin\">\n\t\t\t<a href=\"..\/detail\/2\/#thread_soldering\"><br \/>\n \t\t\t\t<img loading=\"lazy\" src=\"\/webroot\/img\/products\/automation\/option\/top\/section_1\/img_7.png\" width=\"204\" height=\"230\" alt=\"Calefactor del alambre\"><\/p>\n<p class=\"product_name\">Calefactor del alambre<\/p>\n<p class=\"patent\">patentado<\/p>\n<p>\t\t\t<\/a>\n\t\t<\/li>\n<li class=\"include_txt_img negative_margin\">\n\t\t\t<a href=\"..\/detail\/2\/#sending_device\"><br \/>\n \t\t\t\t<img loading=\"lazy\" src=\"\/webroot\/img\/products\/automation\/option\/top\/section_1\/img_5.png\" width=\"204\" height=\"230\" alt=\"Alimentador de precisi\u00f3n\"><\/p>\n<p class=\"product_name\">Alimentador de precisi\u00f3n<\/p>\n<p>\t\t\t\t<span class=\"patent\">patentado<\/span><br \/>\n\t\t\t<\/a>\n\t\t<\/li>\n<li class=\"include_txt_img negative_margin\">\n\t\t\t<a href=\"..\/detail\/3\/#supply_position_revise\"><br \/>\n \t\t\t\t<img loading=\"lazy\" src=\"\/webroot\/img\/products\/automation\/option\/top\/section_1\/img_9.png\" width=\"204\" height=\"230\" alt=\"Sensor de posici\u00f3n\"><\/p>\n<p class=\"product_name\">Sensor de posici\u00f3n<\/p>\n<p>\t\t\t<\/a>\n\t\t<\/li>\n<li class=\"include_txt_img negative_margin\">\n\t\t\t<a href=\"..\/detail\/#img_position_revise\"><br \/>\n\t\t\t\t<img loading=\"lazy\" src=\"\/webroot\/img\/products\/automation\/option\/top\/section_1\/img_8.png\" width=\"204\" height=\"230\" alt=\"Sensor de visi\u00f3n\"><\/p>\n<p class=\"product_name\">Sensor de visi\u00f3n<\/p>\n<p>\t\t\t\t<span class=\"patent\">patentado<\/span><br \/>\n\t\t\t<\/a>\n\t\t<\/li>\n<li class=\"include_txt_img negative_margin\">\n\t\t\t<a href=\"..\/detail\/3\/#needle\"><br \/>\n \t\t\t\t<img loading=\"lazy\" src=\"\/webroot\/img\/products\/automation\/option\/top\/section_1\/img_11.png\" width=\"204\" height=\"230\" alt=\"Boquillas de precisi\u00f3n\"><\/p>\n<p class=\"product_name\">Boquillas de precisi\u00f3n<\/p>\n<p>\t\t\t<\/a>\n\t\t<\/li>\n<li class=\"include_txt_img negative_margin\">\n\t\t\t<a href=\"..\/detail\/3\/#nitrogen\"><br \/>\n\t\t\t\t<img loading=\"lazy\" src=\"\/webroot\/img\/products\/automation\/option\/top\/section_1\/img_12.png\" width=\"204\" height=\"230\" alt=\"Generador de nitr\u00f3geno (N2)\"><\/p>\n<p class=\"product_name\">Generador de nitr\u00f3geno (N2)<\/p>\n<p>\t\t\t<\/a>\n\t\t<\/li>\n<\/ul>\n<\/div>\n<div class=\"section_6 section\">\n<div class=\"title conduct\">\n<h3>TIEMPO DE CICLO ACORTADO<\/h3>\n<\/p><\/div>\n<ul class=\"list_three_line\">\n<li class=\"include_txt_img negative_margin\">\n\t\t\t<a href=\"..\/detail\/3\/#double_heater\"><br \/>\n\t\t\t\t<img loading=\"lazy\" src=\"\/webroot\/img\/products\/automation\/option\/top\/section_1\/img_13.png\" width=\"204\" height=\"230\" alt=\"Doble resistencia\"><\/p>\n<p class=\"product_name\">Doble resistencia<\/p>\n<p class=\"patent\">patentado<\/p>\n<p>\t\t\t<\/a>\n\t\t<\/li>\n<li class=\"include_txt_img negative_margin\">\n\t\t\t<a href=\"..\/detail\/2\/#thread_soldering\"><br \/>\n\t\t\t\t<img loading=\"lazy\" src=\"\/webroot\/img\/products\/automation\/option\/top\/section_1\/img_7.png\" width=\"204\" height=\"230\" alt=\"Calefactor del alambre\"><\/p>\n<p class=\"product_name\">Calefactor del alambre<\/p>\n<p class=\"patent\">patentado<\/p>\n<p>\t\t\t<\/a>\n\t\t<\/li>\n<li class=\"include_txt_img negative_margin\">\n\t\t\t<a href=\"..\/detail\/3\/#nitrogen\"><br \/>\n \t\t\t\t<img loading=\"lazy\" src=\"\/webroot\/img\/products\/automation\/option\/top\/section_1\/img_12.png\" width=\"204\" height=\"230\" alt=\"Generador de nitr\u00f3geno (N2)\"><\/p>\n<p class=\"product_name\">Generador de nitr\u00f3geno (N2)<\/p>\n<p>\t\t\t<\/a>\n\t\t<\/li>\n<li class=\"include_txt_img negative_margin\">\n\t\t\t<a href=\"..\/detail\/2\/#heater\"><br \/>\n\t\t\t\t<img loading=\"lazy\" src=\"\/webroot\/img\/products\/automation\/option\/top\/section_1\/img_4.png\" width=\"204\" height=\"230\" alt=\"Alta capacidad t\u00e9rmica\"><\/p>\n<p class=\"product_name\">Alta capacidad t\u00e9rmica<\/p>\n<p>\t\t\t<\/a>\n\t\t<\/li>\n<\/ul>\n<\/div>\n","protected":false},"excerpt":{"rendered":"<p>Vea los ejemplos de aplicaci\u00f3n Reduce salpicaduras del fundente y las bolas Mantenimiento m\u00e1s f\u00e1cil Soporta mi [&hellip;]<\/p>\n","protected":false},"author":1,"featured_media":0,"parent":45,"menu_order":26,"comment_status":"closed","ping_status":"closed","template":"","meta":[],"acf":[],"_links":{"self":[{"href":"https:\/\/www.japanunix.com\/es\/wp-json\/wp\/v2\/pages\/89"}],"collection":[{"href":"https:\/\/www.japanunix.com\/es\/wp-json\/wp\/v2\/pages"}],"about":[{"href":"https:\/\/www.japanunix.com\/es\/wp-json\/wp\/v2\/types\/page"}],"author":[{"embeddable":true,"href":"https:\/\/www.japanunix.com\/es\/wp-json\/wp\/v2\/users\/1"}],"replies":[{"embeddable":true,"href":"https:\/\/www.japanunix.com\/es\/wp-json\/wp\/v2\/comments?post=89"}],"version-history":[{"count":9,"href":"https:\/\/www.japanunix.com\/es\/wp-json\/wp\/v2\/pages\/89\/revisions"}],"predecessor-version":[{"id":857,"href":"https:\/\/www.japanunix.com\/es\/wp-json\/wp\/v2\/pages\/89\/revisions\/857"}],"up":[{"embeddable":true,"href":"https:\/\/www.japanunix.com\/es\/wp-json\/wp\/v2\/pages\/45"}],"wp:attachment":[{"href":"https:\/\/www.japanunix.com\/es\/wp-json\/wp\/v2\/media?parent=89"}],"curies":[{"name":"wp","href":"https:\/\/api.w.org\/{rel}","templated":true}]}}