{"id":85,"date":"2016-08-23T11:42:46","date_gmt":"2016-08-23T02:42:46","guid":{"rendered":"http:\/\/cms.japanunix.com\/wp\/?page_id=85"},"modified":"2017-07-27T16:38:18","modified_gmt":"2017-07-27T07:38:18","slug":"shapes","status":"publish","type":"page","link":"https:\/\/www.japanunix.com\/es\/products\/automation\/laser\/shapes\/","title":{"rendered":"L\u00e1ser Variante"},"content":{"rendered":"<div class=\"section_1 section\">\n<div class=\"txt_and_img_section\">\n<div class=\"txt_section\">\n<h1><alt = \"\"><\/h1>\n<h2> Escoja la mejor forma que se adapte a sus necesidades<\/h2>\n<p>Seleccionando la forma adecuada del laser, ya sea en elipse o anillo se pueden prevenir quemaduras en la tarjeta y otro tipo de problemas. Tambi\u00e9n una tecnolog\u00eda de separaci\u00f3n denominada \u201cpuntos gemelos\u201d permite soldar dos uniones simult\u00e1neamente.<\/p>\n<\/p><\/div>\n<p>\t\t<img loading=\"lazy\" src=\"\/webroot\/img\/products\/automation\/laser\/shapes\/top_img.png\" width=\"272\" height=\"164\" alt=\"\">\n\t<\/div>\n<\/div>\n<div class=\"section_2 section\">\n<div class=\"title\">\n<h3>Diversas formas de puntos *Tecnolog\u00eda patentada<\/h3>\n<\/p><\/div>\n<ul class=\"list_three_line\">\n<li>\n\t\t\t<img loading=\"lazy\" src=\"\/webroot\/img\/products\/automation\/laser\/shapes\/section_2\/img_1.png\" width=\"204\" height=\"152\" alt=\"\"><\/p>\n<h3>C\u00edrculo<\/h3>\n<\/li>\n<li>\n\t\t\t<img loading=\"lazy\" src=\"\/webroot\/img\/products\/automation\/laser\/shapes\/section_2\/img_2.png\" width=\"204\" height=\"152\" alt=\"\"><\/p>\n<h3>Oval (elipse)<\/h3>\n<\/li>\n<li>\n\t\t\t<img loading=\"lazy\" src=\"\/webroot\/img\/products\/automation\/laser\/shapes\/section_2\/img_3.png\" width=\"204\" height=\"152\" alt=\"\"><\/p>\n<h3>Cuadrado<\/h3>\n<\/li>\n<li class=\"clear_both\">\n<div class=\"include_txt_img negative_margin\">\n       \t\t\t<img loading=\"lazy\" src=\"\/webroot\/img\/products\/automation\/laser\/shapes\/section_2\/img_4.png\" width=\"204\" height=\"152\" alt=\"\"><br \/>\n\t\t\t\t<span class=\"patent\">Patented<\/span>\n\t\t\t<\/div>\n<h3>Anillo<\/h3>\n<\/li>\n<li>\n<div class=\"include_txt_img negative_margin\">\n       \t\t\t<img loading=\"lazy\" src=\"\/webroot\/img\/products\/automation\/laser\/shapes\/section_2\/img_5.png\" width=\"204\" height=\"152\" alt=\"\"><br \/>\n\t\t\t\t<span class=\"patent\">Patented<\/span>\n\t\t\t<\/div>\n<h3>Anillo oval (anillo el\u00edptico)<\/h3>\n<\/li>\n<li>\n\t\t\t<img loading=\"lazy\" src=\"\/webroot\/img\/products\/automation\/laser\/shapes\/section_2\/img_6.png\" width=\"204\" height=\"152\" alt=\"\"><\/p>\n<h3>Doble<\/h3>\n<\/li>\n<\/ul>\n<p class=\"txt\">Puede elegir el tipo de l\u00e1ser m\u00e1s adecuado de acuerdo a la forma del pad y a los componentes.<br \/>Por ejemplo, si el pad tiene la forma de una elipse se puede irradiar con el tipo oval. Adem\u00e1s, si el orificio de inserci\u00f3n tiene una resina negra o componentes en la parte posterior, puede irradiar con el tipo de anillo para evitar  quemarlos por el l\u00e1ser.<\/p>\n<div class=\"mechanism_box\">\n<div class=\"txt_section\">\n<h3>Laser soldering mechanism<\/h3>\n<p>&#8216;Contact soldering method,&#8221;Thermal conduction&#8221; and &#8220;surface heat generation&#8221; for laser have different heating principles. Both laser and soldering characteristics must be understood and well-handlled, otherwise the advantages of each method won&#8217;t be realized. The first main is to use it with careful consideration about heat application conditions. It is actually an established technique, and depending on the way it is used.&#8217;<\/p>\n<\/p><\/div>\n<p>\t\t<a href=\"\/es\/method\/laser.php\">Read more<\/a>\n\t<\/div>\n<\/div>\n<div class=\"video_section\">\n<h2>REFERENZ-VIDEOS<\/h2>\n<ul class=\"video_box_list popup_wrap\">\n<li>\n\t\t\t<a class=\"popup_video\" href=\"#popup_video\"><br \/>\n\t\t\t\t<img loading=\"lazy\" class=\"video_cover\" src=\"\/webroot\/img\/movie\/video_non.png\" width=\"288\" height=\"206\" alt=\"\"><br \/>\n\t\t\t\t<img loading=\"lazy\" src=\"\/webroot\/img\/movie\/laserunit_2.png\" width=\"288\" height=\"206\" alt=\"\"><br \/>\n\t\t\t\t<span>0:18<\/span><br \/>\n\t\t\t<\/a><\/p>\n<h3>Soldadura de L\u00e1ser Robotizada<br \/>Comparaci\u00f3n del l\u00e1ser tipo anillo y el l\u00e1ser regular<\/h3>\n<p class=\"small\">La selecci\u00f3n de la forma del l\u00e1ser depende de la forma del sustrato y los componentes.  Aqu\u00ed se muestra que pasa cuando se selecciona una forma de haz laser equivocada.<\/p>\n<\/li>\n<\/ul><\/div>\n","protected":false},"excerpt":{"rendered":"<p>Escoja la mejor forma que se adapte a sus necesidades Seleccionando la forma adecuada del laser, ya sea en eli [&hellip;]<\/p>\n","protected":false},"author":1,"featured_media":617,"parent":79,"menu_order":23,"comment_status":"closed","ping_status":"closed","template":"","meta":[],"acf":[],"_links":{"self":[{"href":"https:\/\/www.japanunix.com\/es\/wp-json\/wp\/v2\/pages\/85"}],"collection":[{"href":"https:\/\/www.japanunix.com\/es\/wp-json\/wp\/v2\/pages"}],"about":[{"href":"https:\/\/www.japanunix.com\/es\/wp-json\/wp\/v2\/types\/page"}],"author":[{"embeddable":true,"href":"https:\/\/www.japanunix.com\/es\/wp-json\/wp\/v2\/users\/1"}],"replies":[{"embeddable":true,"href":"https:\/\/www.japanunix.com\/es\/wp-json\/wp\/v2\/comments?post=85"}],"version-history":[{"count":6,"href":"https:\/\/www.japanunix.com\/es\/wp-json\/wp\/v2\/pages\/85\/revisions"}],"predecessor-version":[{"id":865,"href":"https:\/\/www.japanunix.com\/es\/wp-json\/wp\/v2\/pages\/85\/revisions\/865"}],"up":[{"embeddable":true,"href":"https:\/\/www.japanunix.com\/es\/wp-json\/wp\/v2\/pages\/79"}],"wp:featuredmedia":[{"embeddable":true,"href":"https:\/\/www.japanunix.com\/es\/wp-json\/wp\/v2\/media\/617"}],"wp:attachment":[{"href":"https:\/\/www.japanunix.com\/es\/wp-json\/wp\/v2\/media?parent=85"}],"curies":[{"name":"wp","href":"https:\/\/api.w.org\/{rel}","templated":true}]}}