{"id":83,"date":"2016-08-23T11:42:21","date_gmt":"2016-08-23T02:42:21","guid":{"rendered":"http:\/\/cms.japanunix.com\/wp\/?page_id=83"},"modified":"2017-07-27T16:37:32","modified_gmt":"2017-07-27T07:37:32","slug":"multi-phi","status":"publish","type":"page","link":"https:\/\/www.japanunix.com\/es\/products\/automation\/laser\/multi-phi\/","title":{"rendered":"L\u00e1ser Multi\u03c6"},"content":{"rendered":"<div class=\"section_1 section\">\n<div class=\"txt_and_img_section\">\n<div class=\"txt_section\">\n<h1><alt = \"\"><\/h1>\n<h2>Di\u00e1metro de irradiaci\u00f3n optimizado para ajustarse al tama\u00f1o de los componentes<\/h2>\n<p>Sin modificar la altura del cabezal de soldadura el di\u00e1metro del punto l\u00e1ser puede ser cambiado.Se puede configurar para adaptarse a las  diferentes formas de los componentes as\u00ed como a  varias formas de pads.<br \/>Condiciones optimizadas para cada componente para lograr la m\u00e1s alta calidad y velocidad.<\/p>\n<\/p><\/div>\n<p>\t\t<img loading=\"lazy\" src=\"\/webroot\/img\/products\/automation\/laser\/multi-phi\/top_img.png\" width=\"272\" height=\"164\" alt=\"\">\n\t<\/div>\n<\/div>\n<div class=\"section_2 section\">\n<div class=\"new_banner_flex\">\n<p class=\"new_banner_txt\">Sistema de di\u00e1metro de irradiaci\u00f3n de soldadura variable<br \/>\n<br \/><span>Soldadura L\u00e1ser Multi \u03c6<\/span><br \/>\n\t\t\t<span><\/span>\n\t\t<\/p>\n<p class=\"license\">Patente pendiente<\/p>\n<\/p><\/div>\n<ul class=\"new_products_lines\">\n<li class=\"line_01\">\n<p>INMOVILIDAD<\/p>\n<p class=\"new_video\">\n\t\t\t\t<a class=\"new_laser_video\" href=\"#popup_video\"><br \/>\n\t\t\t\t\t<img loading=\"lazy\" class=\"new_video_cover\" src=\"\/webroot\/img\/products\/automation\/new_products\/power_image_01_cover.png\" width=\"250px\" height=\"120px\" alt=\"\" style=\"display: block;\"><br \/>\n\t\t\t\t\t<img loading=\"lazy\" src=\"\/webroot\/img\/products\/automation\/new_products\/flex_image_01.png\" width=\"250px\" height=\"120px\" alt=\"image1\"><br \/>\n\t\t\t\t<\/a>\n\t\t\t<\/p>\n<p>Flexibilidad del di\u00e1metro del punto <\/p>\n<p>Puede ajustarse a una anchura variable de \u03c6 0.1 a 3.0mm.<\/p>\n<div>\n<p>\u30fbEl ancho variable es determinado por el di\u00e1metro de la fibra \u00f3ptica y las especificaciones del lente.<br \/>\u30fbLa energ\u00eda de salida del laser es eficientemente convertida en energ\u00eda t\u00e9rmica.<br \/>\u30fbCambio en el di\u00e1metro del haz laser sin mover el eje-Z del robot.\n\t\t\t\t<\/p>\n<\/p><\/div>\n<\/li>\n<li class=\"line_02\">\n<p>LIBERTAD<\/p>\n<p><img loading=\"lazy\" src=\"\/webroot\/img\/products\/automation\/new_products\/flex_image_02.png\" width=\"250px\" height=\"120px\" alt=\"image2\"><\/p>\n<p>Puede usarse con una gran variedad <\/p>\n<p>de formas y tama\u00f1os de componentes.<\/p>\n<div>\n<p>\u30fbSoporta diversas especificaciones de soldadura.<br \/>\u30fbCondiciones de soldadura \u00f3ptimas para cualquier forma.<br \/>\u30fbEl \u00e1ngulo de alimentaci\u00f3n de soldadura puede ser libremente ajustado.\n\t\t\t\t<\/p>\n<\/p><\/div>\n<\/li>\n<li class=\"line_03\">\n<p>OPTIMIZACI\u00d3N<\/p>\n<p>\t<img loading=\"lazy\" src=\"\/webroot\/img\/products\/automation\/new_products\/flex_image_03.png\" width=\"250px\" height=\"120px\" alt=\"image3\">\n\t\t\t<\/p>\n<p>Condiciones \u00f3ptimas para cada forma.<\/p>\n<p> Mejora de la calidad y el tiempo de ciclo.<\/p>\n<div>\n<p>\u30fbA trav\u00e9s de la optimizaci\u00f3n de la forma se minimiza el tiempo de irradiaci\u00f3n del l\u00e1ser.<br \/>\u30fbLa tarea hasta ahora imposible de combinar en una sola PCB diversos componenentes, puede hacerse en un solo equipo.<br \/>\u30fb\u00d3ptimas uniones que mejoran la calidad del producto.\n\t\t\t\t<\/p>\n<\/p><\/div>\n<\/li>\n<\/ul>\n<div class=\"summary\">\n<h2> Sumario del L\u00e1ser Multi \u03c6 <\/h2>\n<p class=\"text_01\">\n\t\t\t Nombre: Sistema de Soldadura L\u00e1ser Multi-\u03c6 Multi-phi Laser<br \/>Dimensiones: 214mm de altura X 120mm de lado X 92mm de ancho<br \/>Fuente de alimentaci\u00f3n: monof\u00e1sico 220V \u00b1 10%<br \/>M\u00e9todo de posicionamiento: visi\u00f3n coaxial usando c\u00e1mara CCD * 1\n\t\t<\/p>\n<p class=\"text_02 second\">\n\t\t\t Energ\u00eda del laser: 25W &#8211; 75W (seleccionable)<br \/>Di\u00e1metro de irradiaci\u00f3n l\u00e1ser: m\u00ednimo \u03c60.1mm, m\u00e1ximo \u03c63.0mm<br \/>\nDistancia de la irradiaci\u00f3n l\u00e1ser: 30-120mm<br \/>Rango de variaci\u00f3n del di\u00e1metro de irradiaci\u00f3n: \u03c60.1mm &#8211; 3.0mm con una anchura variable * 1\n\t\t<\/p>\n<\/p><\/div>\n<h3> * Los usuarios de nuestro sistema l\u00e1ser tambi\u00e9n pueden actualizar el cabezal l\u00e1ser que poseen.Por favor, p\u00f3ngase en contacto con nosotros con respecto a la modificaci\u00f3n y mejora de los equipos existentes.<\/h3>\n<\/div>\n<div class=\"section_3 section\">\n<div class=\"big_img_box\">\n\t\t<img loading=\"lazy\" src=\"\/webroot\/img\/products\/automation\/laser\/multi-phi\/section_3\/img_1.png\" width=\"293\" height=\"469\" alt=\"\"><\/p>\n<h3> Ejemplo de Sistemas con L\u00e1ser Multi \u03c6 <\/h3>\n<\/p><\/div>\n<div class=\"box_list\">\n<p> El cambio de di\u00e1metro solo tarda 0,2 segundos *.La optimizaci\u00f3n tambi\u00e9n es posible. sin afectar el tiempo de ciclo<\/p>\n<p class=\"small\"> *: Puede variar un poco de acuerdo al tama\u00f1o del di\u00e1metro a cambiar.<\/p>\n<ul>\n<li><img loading=\"lazy\" src=\"\/webroot\/img\/products\/automation\/laser\/multi-phi\/section_3\/img_2.png\" width=\"204\" height=\"180\" alt=\"\">\n<p> Di\u00e1metro m\u00e1ximo \u03c63.0mm<\/p>\n<\/li>\n<li><img loading=\"lazy\" src=\"\/webroot\/img\/products\/automation\/laser\/multi-phi\/section_3\/img_3.png\" width=\"204\" height=\"180\" alt=\"\">\n<p> Di\u00e1metro m\u00ednimo \u03c60.1mm<\/p>\n<\/li>\n<li><img loading=\"lazy\" src=\"\/webroot\/img\/products\/automation\/laser\/multi-phi\/section_3\/img_4.png\" width=\"438\" height=\"180\" alt=\"\">\n<p> Una vez que las condiciones son establecidas, el di\u00e1metro del haz laser <br \/>es ajustado autom\u00e1ticamente de acuerdo a al tama\u00f1o de cada pad.<\/p>\n<\/li>\n<\/ul><\/div>\n<\/div>\n<div class=\"video_section\">\n<h2>REFERENZ-VIDEOS<\/h2>\n<ul class=\"video_box_list popup_wrap\">\n<li style=\"display:none;\">\n\t\t\t<a class=\"popup_video\" href=\"#popup_video\"><br \/>\n\t\t\t\t<img loading=\"lazy\" class=\"video_cover\" src=\"\/webroot\/img\/movie\/video_non.png\" width=\"288\" height=\"206\" alt=\"\"><br \/>\n\t\t\t\t<img loading=\"lazy\" src=\"\/webroot\/img\/movie\/flash_1.png\" width=\"288\" height=\"206\" alt=\"\"><br \/>\n\t\t\t\t<span>2:43<\/span><br \/>\n\t\t\t<\/a><\/p>\n<h3><\/h3>\n<p class=\"small\">\n<\/li>\n<li>\n\t\t\t<a class=\"popup_video\" href=\"#popup_video\"><br \/>\n\t\t\t\t<img loading=\"lazy\" class=\"video_cover\" src=\"\/webroot\/img\/movie\/video_non.png\" width=\"288\" height=\"206\" alt=\"\"><br \/>\n\t\t\t\t<img loading=\"lazy\" src=\"\/webroot\/img\/movie\/multi_phi.png\" width=\"288\" height=\"206\" alt=\"\"><br \/>\n\t\t\t\t<span>1:47<\/span><br \/>\n\t\t\t<\/a><\/p>\n<h3>Equipo Flash<br \/>Soldando chips 1005 <\/h3>\n<p class=\"small\">Revisa la demostraci\u00f3n del equipo flash con chips de tama\u00f1o  1005 grabada con c\u00e1mara de alta velocidad<\/p>\n<\/li>\n<\/ul><\/div>\n","protected":false},"excerpt":{"rendered":"<p>Di\u00e1metro de irradiaci\u00f3n optimizado para ajustarse al tama\u00f1o de los componentes Sin modificar la altura del cab [&hellip;]<\/p>\n","protected":false},"author":1,"featured_media":616,"parent":79,"menu_order":22,"comment_status":"closed","ping_status":"closed","template":"","meta":[],"acf":[],"_links":{"self":[{"href":"https:\/\/www.japanunix.com\/es\/wp-json\/wp\/v2\/pages\/83"}],"collection":[{"href":"https:\/\/www.japanunix.com\/es\/wp-json\/wp\/v2\/pages"}],"about":[{"href":"https:\/\/www.japanunix.com\/es\/wp-json\/wp\/v2\/types\/page"}],"author":[{"embeddable":true,"href":"https:\/\/www.japanunix.com\/es\/wp-json\/wp\/v2\/users\/1"}],"replies":[{"embeddable":true,"href":"https:\/\/www.japanunix.com\/es\/wp-json\/wp\/v2\/comments?post=83"}],"version-history":[{"count":6,"href":"https:\/\/www.japanunix.com\/es\/wp-json\/wp\/v2\/pages\/83\/revisions"}],"predecessor-version":[{"id":780,"href":"https:\/\/www.japanunix.com\/es\/wp-json\/wp\/v2\/pages\/83\/revisions\/780"}],"up":[{"embeddable":true,"href":"https:\/\/www.japanunix.com\/es\/wp-json\/wp\/v2\/pages\/79"}],"wp:featuredmedia":[{"embeddable":true,"href":"https:\/\/www.japanunix.com\/es\/wp-json\/wp\/v2\/media\/616"}],"wp:attachment":[{"href":"https:\/\/www.japanunix.com\/es\/wp-json\/wp\/v2\/media?parent=83"}],"curies":[{"name":"wp","href":"https:\/\/api.w.org\/{rel}","templated":true}]}}