{"id":81,"date":"2016-08-23T11:41:45","date_gmt":"2016-08-23T02:41:45","guid":{"rendered":"http:\/\/cms.japanunix.com\/wp\/?page_id=81"},"modified":"2017-07-27T16:31:24","modified_gmt":"2017-07-27T07:31:24","slug":"flash","status":"publish","type":"page","link":"https:\/\/www.japanunix.com\/es\/products\/automation\/laser\/flash\/","title":{"rendered":"Equipo Flash"},"content":{"rendered":"<div class=\"section_1 section\">\n<div class=\"txt_and_img_section\">\n<div class=\"txt_section\">\n<h1><alt = \"\"><\/h1>\n<h2>La soldadura de l\u00e1ser \u00f3ptico de ata velocidad hace realidad la \u201cdoble velocidad\u201d<\/h2>\n<p>S\u00f3lo 0.3 segundos o menos por punto.<br \/>Nuevo m\u00e9todo de soldadura l\u00e1ser que logra la integraci\u00f3n de la soldadura de alta velocidad desde la superficie de montaje hasta las partes insertadas en una sola unidad.  El consumo de electricidad y las horas-hombre requeridas para el mantenimiento se reducen significativamente, alcanz\u00e1nose una alta productividad.<\/p>\n<\/p><\/div>\n<p>\t\t<img loading=\"lazy\" src=\"\/webroot\/img\/products\/automation\/laser\/flash\/top_img.png\" width=\"272\" height=\"164\" alt=\"\">\n\t<\/div>\n<\/div>\n<div class=\"section_2 section\">\n<div class=\"new_banner_power\">\n<p class=\"new_banner_txt\">Sistema de soldadura  flash equipado con sistema de observaci\u00f3n coaxial <br \/><span>Serie UNIX-FS <\/span><br \/>\n\t\t\t<span><\/span>\n\t\t<\/p>\n<p class=\"license\">Patente Pendiente<\/p>\n<\/p><\/div>\n<ul class=\"new_products_lines\">\n<li class=\"line_01\">\n<p>ALTA VELOCIDAD<\/p>\n<p class=\"new_video\">\n\t\t\t\t<a class=\"new_laser_video\" href=\"#popup_video\"><br \/>\n\t\t\t\t\t<img loading=\"lazy\" class=\"new_video_cover\" src=\"\/webroot\/img\/products\/automation\/new_products\/power_image_01_cover.png\" width=\"250px\" height=\"120px\" alt=\"\" style=\"display: block;\"><br \/>\n\t\t\t\t\t<img loading=\"lazy\" src=\"\/webroot\/img\/products\/automation\/new_products\/power_image_01.png\" width=\"250px\" height=\"120px\" alt=\"image1\"><br \/>\n\t\t\t\t<\/a>\n\t\t\t<\/p>\n<p>Logra una velocidad incre\u00edble.<\/p>\n<p>Menos de 0.3 seg \/ punto.<\/p>\n<div>\n<p>\u30fbEquipado con la nueva tecnolog\u00eda de irradiaci\u00f3n l\u00e1ser.<br \/>\u30fbAproximadamente dos veces m\u00e1s r\u00e1pido que el l\u00e1ser convencional.<br \/>\u30fbMenos de 30 segundos para 100 puntos<br \/>\u30fbCerca de la mitad del l\u00e1ser convencional:<br \/><span>  L\u00e1ser convencional: 0.5 seg\/punto<br \/>  Laser Flash: 0.25 seg\/punto<\/span>\n\t\t\t\t<\/p>\n<\/p><\/div>\n<\/li>\n<li class=\"line_02\">\n<p>INNOVADOR<\/p>\n<p><img loading=\"lazy\" src=\"\/webroot\/img\/products\/automation\/new_products\/power_image_02.png\" width=\"250px\" height=\"120px\" alt=\"image2\"><\/p>\n<p>Nuevo m\u00e9todo que revoluciona el concepto tradicional de soldadura  de alambre <\/p>\n<p>y de pasta en una sola unidad.<\/p>\n<div>\n<p>\u30fbLogra la integraci\u00f3n del pre- y post-proceso <br \/>\u30fbEquipado tambi\u00e9n con el sistema de observaci\u00f3n coaxial.<br \/>\u30fbSimple configuraci\u00f3n y operaci\u00f3n con ense\u00f1anza directa.\n\t\t\t\t<\/p>\n<\/p><\/div>\n<\/li>\n<li class=\"line_03\">\n<p>COMPACTO<\/p>\n<p>\t<img loading=\"lazy\" src=\"\/webroot\/img\/products\/automation\/new_products\/power_image_03.png\" width=\"250px\" height=\"120px\" alt=\"image3\">\n\t\t\t<\/p>\n<p> Lo suficientemente compacto como para permitir <\/p>\n<p>un libre dise\u00f1o de espacio y ahorrar  energ\u00eda.<\/p>\n<div>\n<p>\u30fbEncaja en cualquier escala de sistema.<br \/>\u30fbAl fijar la pieza de trabajo se reduce demanera significativa el \u00e1rea requerida.<br \/>\u30fbAhorro de espacio y energ\u00eda en comparaci\u00f3n con la m\u00e1quina de flujo y reflujo.<br \/>\u30fbEs posible llevar a cabo el pre y post proceso de soldadura en una sola unidad.*\n\t\t\t\t<\/p>\n<\/p><\/div>\n<p>* Los resultados var\u00edan dependiendo de las condiciones.<\/p>\n<\/li>\n<\/ul><\/div>\n<div class=\"section_3 section\">\n<h2>Ejemplos de uso del equipo flash<\/h2>\n<ul class=\"list_two_line\">\n<li>\n\t\t\t<img loading=\"lazy\" src=\"\/webroot\/img\/products\/automation\/laser\/flash\/section_3\/img_1.png\" width=\"192\" height=\"164\" alt=\"\"><\/p>\n<h3>Reboleo de  BGA<\/h3>\n<\/li>\n<li>\n\t\t\t<img loading=\"lazy\" src=\"\/webroot\/img\/products\/automation\/laser\/flash\/section_3\/img_2.png\" width=\"192\" height=\"164\" alt=\"\"><\/p>\n<h3>Solder ball reworking<\/h3>\n<\/li>\n<li class=\"clear_both\">\n\t\t\t<img loading=\"lazy\" src=\"\/webroot\/img\/products\/automation\/laser\/flash\/section_3\/img_3.png\" width=\"192\" height=\"164\" alt=\"\"><\/p>\n<h3>Soldadura de alambre microm\u00e9trico<\/h3>\n<\/li>\n<li>\n\t\t\t<img loading=\"lazy\" src=\"\/webroot\/img\/products\/automation\/laser\/flash\/section_3\/img_4.png\" width=\"192\" height=\"164\" alt=\"\"><\/p>\n<h3>Partes de montaje superficial y partes de inserci\u00f3n<\/h3>\n<\/li>\n<\/ul>\n<\/div>\n<div class=\"video_section\">\n<h2>REFERENZ-VIDEOS<\/h2>\n<ul class=\"video_box_list popup_wrap\">\n<li style=\"display:none;\">\n\t\t\t<a class=\"popup_video\" href=\"#popup_video\"><br \/>\n\t\t\t\t<img loading=\"lazy\" class=\"video_cover\" src=\"\/webroot\/img\/movie\/video_non.png\" width=\"288\" height=\"206\" alt=\"\"><br \/>\n\t\t\t\t<img loading=\"lazy\" src=\"\/webroot\/img\/movie\/flash_1.png\" width=\"288\" height=\"206\" alt=\"\"><br \/>\n\t\t\t\t<span>2:43<\/span><br \/>\n\t\t\t<\/a><\/p>\n<h3><\/h3>\n<p class=\"small\">\n<\/li>\n<li>\n\t\t\t<a class=\"popup_video\" href=\"#popup_video\"><br \/>\n\t\t\t\t<img loading=\"lazy\" class=\"video_cover\" src=\"\/webroot\/img\/movie\/video_non.png\" width=\"288\" height=\"206\" alt=\"\"><br \/>\n\t\t\t\t<img loading=\"lazy\" src=\"\/webroot\/img\/movie\/flash_1.png\" width=\"288\" height=\"206\" alt=\"\"><br \/>\n\t\t\t\t<span>2:20<\/span><br \/>\n\t\t\t<\/a><\/p>\n<h3>Equipo Flash<br \/>Soldando chips 1005 <\/h3>\n<p class=\"small\">Revisa la demostraci\u00f3n del equipo flash con chips de tama\u00f1o  1005 grabada con c\u00e1mara de alta velocidad<\/p>\n<\/li>\n<\/ul><\/div>\n","protected":false},"excerpt":{"rendered":"<p>La soldadura de l\u00e1ser \u00f3ptico de ata velocidad hace realidad la \u201cdoble velocidad\u201d S\u00f3lo 0.3 segundos o menos por [&hellip;]<\/p>\n","protected":false},"author":1,"featured_media":615,"parent":79,"menu_order":21,"comment_status":"closed","ping_status":"closed","template":"","meta":[],"acf":[],"_links":{"self":[{"href":"https:\/\/www.japanunix.com\/es\/wp-json\/wp\/v2\/pages\/81"}],"collection":[{"href":"https:\/\/www.japanunix.com\/es\/wp-json\/wp\/v2\/pages"}],"about":[{"href":"https:\/\/www.japanunix.com\/es\/wp-json\/wp\/v2\/types\/page"}],"author":[{"embeddable":true,"href":"https:\/\/www.japanunix.com\/es\/wp-json\/wp\/v2\/users\/1"}],"replies":[{"embeddable":true,"href":"https:\/\/www.japanunix.com\/es\/wp-json\/wp\/v2\/comments?post=81"}],"version-history":[{"count":8,"href":"https:\/\/www.japanunix.com\/es\/wp-json\/wp\/v2\/pages\/81\/revisions"}],"predecessor-version":[{"id":863,"href":"https:\/\/www.japanunix.com\/es\/wp-json\/wp\/v2\/pages\/81\/revisions\/863"}],"up":[{"embeddable":true,"href":"https:\/\/www.japanunix.com\/es\/wp-json\/wp\/v2\/pages\/79"}],"wp:featuredmedia":[{"embeddable":true,"href":"https:\/\/www.japanunix.com\/es\/wp-json\/wp\/v2\/media\/615"}],"wp:attachment":[{"href":"https:\/\/www.japanunix.com\/es\/wp-json\/wp\/v2\/media?parent=81"}],"curies":[{"name":"wp","href":"https:\/\/api.w.org\/{rel}","templated":true}]}}