{"id":79,"date":"2016-08-23T11:41:03","date_gmt":"2016-08-23T02:41:03","guid":{"rendered":"http:\/\/cms.japanunix.com\/wp\/?page_id=79"},"modified":"2021-10-26T16:03:53","modified_gmt":"2021-10-26T07:03:53","slug":"laser","status":"publish","type":"page","link":"https:\/\/www.japanunix.com\/es\/products\/automation\/laser\/","title":{"rendered":"Unidad l\u00e1ser"},"content":{"rendered":"<div class=\"section_1 section\">\n<div class=\"txt_and_img_section\">\n<div class=\"txt_section\">\n<h1><\/h1>\n<h2>SOLDADURA POR L\u00c1SER<br \/>hace la automatizaci\u00f3n posible donde antes su uso no era pr\u00e1ctico.<\/h2>\n<p>La tecnolog\u00eda est\u00e1 evolucionando r\u00e1pidamente. La soldadura tradicional ya no es aplicable como demuestra la aparici\u00f3n de placas de circuitos electr\u00f3nicos ultrafinas y componentes el\u00e9ctricos multicapas. La soldadura por l\u00e1ser hace posible la operaci\u00f3n en \u00e1reas ultrafinas y otros tipos de soldadura que son dif\u00edciles utilizando una punta.<\/p>\n<\/p><\/div>\n<p>\t\t<img loading=\"lazy\" src=\"\/webroot\/img\/products\/automation\/unit\/laser\/top_img.png\" width=\"272\" height=\"164\" alt=\"\">\n\t<\/div>\n<\/div>\n<div class=\"section_2 section\">\n<div class=\"title\">\n<h3>SISTEMA DE SOLDADURA POR L\u00c1SER (configuraci\u00f3n est\u00e1ndar)<\/h3>\n<p>Operaci\u00f3n y controles<\/p>\n<\/p><\/div>\n<ul class=\"list_three_line\">\n<li>\n<div class=\"feature_box_mini\">\n<h3>Caracter\u00edsticas<\/h3>\n<ul>\n<li><span>\u30fb<\/span>\n<p>Posici\u00f3n de disparo visible*<\/p>\n<\/li>\n<li><span>\u30fb<\/span>\n<p>C\u00e1mara coaxial CCD*<\/p>\n<\/li>\n<li>\u30fbObturador controlado por software<\/li>\n<li><span>\u30fb<\/span>\n<p>30W, 45W (15W, 75W opcional)<\/p>\n<\/li>\n<li><span>\u30fb<\/span>\n<p>L\u00e1ser de clase 4, requiere cubierta de seguridad. <\/p>\n<\/li>\n<li><span class=\"right\">* Patentado<\/span><\/li>\n<\/ul><\/div>\n<\/li>\n<li>\n\t\t\t<img loading=\"lazy\" src=\"https:\/\/www.japanunix.com\/wp\/wp-content\/uploads\/2021\/10\/UNIX-FRseries_SCARA_robot_Laser.jpg\" width=\"192\" height=\"204\" alt=\"Ejemplos de aplicaci\u00f3n (SCARA)\"><\/p>\n<h3>Ejemplos de aplicaci\u00f3n (SCARA)<\/h3>\n<\/li>\n<li>\n\t\t\t<img loading=\"lazy\" src=\"https:\/\/www.japanunix.com\/wp\/wp-content\/uploads\/2021\/10\/ULD-02_DF303L.jpg\" width=\"192\" height=\"204\" alt=\"Ejemplos de aplicaci\u00f3n (Sobremesa)\"><\/p>\n<h3>Ejemplos de aplicaci\u00f3n (Sobremesa)<\/h3>\n<\/li>\n<li>\n\t\t\t<img loading=\"lazy\" src=\"https:\/\/www.japanunix.com\/wp\/wp-content\/uploads\/2021\/10\/LaserSoldering_Controller.jpg\" width=\"192\" height=\"204\" alt=\"Controlador l\u00e1ser\"><\/p>\n<h3>Controlador l\u00e1ser<\/h3>\n<\/li>\n<li>\n\t\t\t<img loading=\"lazy\" src=\"https:\/\/www.japanunix.com\/wp\/wp-content\/uploads\/2021\/10\/Laser_Oscillator.jpg\" width=\"192\" height=\"204\" alt=\"Oscilador l\u00e1ser\"><\/p>\n<h3>Oscilador l\u00e1ser<\/h3>\n<\/li>\n<li>\n\t\t\t<img loading=\"lazy\" src=\"https:\/\/www.japanunix.com\/wp\/wp-content\/uploads\/2021\/10\/New_Laser_head.jpg\" width=\"192\" height=\"204\" alt=\"Cabezal por l\u00e1ser\"><\/p>\n<h3>Cabezal por l\u00e1ser<\/h3>\n<\/li>\n<\/ul>\n<\/div>\n<div class=\"section_3 section\">\n<div class=\"title\">\n<h3>Marca de la posici\u00f3n de irradiaci\u00f3n con L\u00e1ser <\/h3>\n<\/p><\/div>\n<ul class=\"list_three_line\">\n<li>\n<div class=\"include_txt_img negative_margin\">\n        <img loading=\"lazy\" src=\"\/webroot\/img\/products\/automation\/unit\/laser\/section_3\/img_5.png\" width=\"202\" height=\"204\" alt=\"\"><br \/>\n\t\t\t\t<span class=\"patent\">lineal<\/span>\n\t\t\t<\/div>\n<h3>Marcas de exposici\u00f3n<\/h3>\n<\/li>\n<li>\n<div class=\"include_txt_img negative_margin\">\n        <img loading=\"lazy\" src=\"\/webroot\/img\/products\/automation\/unit\/laser\/section_3\/img_6.png\" width=\"202\" height=\"204\" alt=\"\"><br \/>\n\t\t\t\t<span class=\"patent\">cuadrado<\/span>\n\t\t\t<\/div>\n<h3>Marcas de exposici\u00f3n<\/h3>\n<\/li>\n<\/ul>\n<p class=\"txt\">La marca de la posici\u00f3n de irradiaci\u00f3n, as\u00ed como la observaci\u00f3n coaxial con soldadura l\u00e1ser son tecnolog\u00edas patentadas por nuestra empresa.<br \/>N\u00famero de patente: No. 2000-191109<br \/><strong>\u203b Por favor tenga en cuenta que esta empresa, bajo ning\u00fan concepto, cede los derechos de uso de esta patente a otras empresas.<\/strong><\/p>\n<div class=\"mechanism_box\">\n<div class=\"txt_section\">\n<h3>Mecanismo de soldadura por l\u00e1ser<\/h3>\n<p>La &#8220;Conducci\u00f3n t\u00e9rmica&#8221; de la soldadura por punta, y la &#8220;generaci\u00f3n de calor superficial&#8221; de la soldadura por l\u00e1ser tienen diferentes principios de calefacci\u00f3n. Hay que entender las caracter\u00edsticas del l\u00e1ser y la soldadura por contacto, de no ser as\u00ed no se podr\u00e1n aprovechar plenamente las ventajas de cada m\u00e9todo.<\/p>\n<\/p><\/div>\n<p>\t\t<a href=\"\/es\/method\/laser.php\">LEER M\u00c1S<\/a>\n\t<\/div>\n<\/div>\n<div class=\"video_section\">\n<h2>REFERENZ-VIDEOS<\/h2>\n<ul class=\"video_box_list popup_wrap\">\n<li>\n\t\t\t<a class=\"popup_video\" href=\"#popup_video\"><br \/>\n\t\t\t\t<img loading=\"lazy\" class=\"video_cover\" src=\"\/webroot\/img\/movie\/video_non.png\" width=\"288\" height=\"206\" alt=\"\"><br \/>\n\t\t\t\t<img loading=\"lazy\" src=\"\/webroot\/img\/movie\/laserunit_1.png\" width=\"288\" height=\"206\" alt=\"\"><br \/>\n\t\t\t\t<span>0:19<\/span><br \/>\n\t\t\t<\/a><\/p>\n<h3>Soldadura selectiva robotizada por l\u00e1ser<\/h3>\n<p class=\"small\">Este v\u00eddeo muestra la soldadura de los componentes ultraf\u00ednos mediante el m\u00e9todo l\u00e1ser Descubra c\u00f3mo se hacen los trabajos precisos y de alta velocidad.<\/p>\n<\/li>\n<li>\n\t\t\t<a class=\"popup_video\" href=\"#popup_video\"><br \/>\n\t\t\t\t<img loading=\"lazy\" class=\"video_cover\" src=\"\/webroot\/img\/movie\/video_non.png\" width=\"288\" height=\"206\" alt=\"\"><br \/>\n\t\t\t\t<img loading=\"lazy\" src=\"\/webroot\/img\/movie\/laserunit_2.png\" width=\"288\" height=\"206\" alt=\"\"><br \/>\n\t\t\t\t<span>0:18<\/span><br \/>\n\t\t\t<\/a><\/p>\n<h3>Soldadura l\u00e1ser de alta potencia <br \/>Im\u00e1genes comparativas entre el l\u00e1ser y el l\u00e1ser regular<\/h3>\n<p class=\"small\">El uso de soldadura l\u00e1ser no se limita a piezas peque\u00f1as  y partes de alta <br \/>precisi\u00f3n, tambi\u00e9n se usa  para piezas que requieren alta capacidad de calor.<\/p>\n<\/li>\n<\/ul><\/div>\n<div class=\"section_4 section\">\n<div class=\"title\">\n<h3>Soluciones de soldadura l\u00e1ser de alto rendimiento<\/h3>\n<\/p><\/div>\n<ul class=\"list_three_line\">\n<li class=\"include_txt_img negative_margin\">\n\t\t\t<a href=\"\/products\/laser\/flash.php\"><br \/>\n\t\t\t\t<img loading=\"lazy\" src=\"\/webroot\/img\/products\/automation\/unit\/laser\/section_4\/img_1.png\" width=\"204\" height=\"230\" alt=\"\"><br \/>\n\t\t\t\t<span class=\"product_name\">Equipo Flash<\/span><\/p>\n<h3>L\u00e1ser de \u201cDoble velocidad\u201d <br \/>Integrando el pre- y post-proceso.<\/h3>\n<p>\t\t\t<\/a>\n\t\t<\/li>\n<li class=\"negative_margin\">\n<div class=\"include_txt_img negative_margin\">\n\t\t\t\t<a href=\"\/products\/laser\/multi-phi.php\"><br \/>\n\t\t\t\t\t<img loading=\"lazy\" src=\"\/webroot\/img\/products\/automation\/unit\/laser\/section_4\/img_2.png\" width=\"204\" height=\"230\" alt=\"\"><br \/>\n\t\t\t\t\t<span class=\"product_name\">L\u00e1ser Multi \u03c6<\/span><br \/>\n\t\t\t\t<\/a>\n\t\t\t<\/div>\n<h3>L\u00e1ser de punto de di\u00e1metro<br \/>variable optimizado de acuerdo al tama\u00f1o del componente<\/h3>\n<\/li>\n<li class=\"negative_margin\">\n<div class=\"include_txt_img negative_margin\">\n\t\t\t\t<a href=\"\/products\/laser\/shapes.php\"><br \/>\n\t\t\t\t\t<img loading=\"lazy\" src=\"\/webroot\/img\/products\/automation\/unit\/laser\/section_4\/img_3.png\" width=\"204\" height=\"230\" alt=\"\"><br \/>\n\t\t\t\t\t<span class=\"product_name\">L\u00e1ser Variante<\/span><br \/>\n\t\t\t\t<\/a>\n\t\t\t<\/div>\n<h3>L\u00e1ser de alta potencia  de 100W.<br \/>Tambi\u00e9n es posible modificar la forma y tama\u00f1o del punto.<\/h3>\n<\/li>\n<\/ul>\n<p class=\"txt\">\n<\/div>\n","protected":false},"excerpt":{"rendered":"<p>SOLDADURA POR L\u00c1SERhace la automatizaci\u00f3n posible donde antes su uso no era pr\u00e1ctico. La tecnolog\u00eda est\u00e1 evolu [&hellip;]<\/p>\n","protected":false},"author":1,"featured_media":622,"parent":17,"menu_order":20,"comment_status":"closed","ping_status":"closed","template":"","meta":[],"acf":[],"_links":{"self":[{"href":"https:\/\/www.japanunix.com\/es\/wp-json\/wp\/v2\/pages\/79"}],"collection":[{"href":"https:\/\/www.japanunix.com\/es\/wp-json\/wp\/v2\/pages"}],"about":[{"href":"https:\/\/www.japanunix.com\/es\/wp-json\/wp\/v2\/types\/page"}],"author":[{"embeddable":true,"href":"https:\/\/www.japanunix.com\/es\/wp-json\/wp\/v2\/users\/1"}],"replies":[{"embeddable":true,"href":"https:\/\/www.japanunix.com\/es\/wp-json\/wp\/v2\/comments?post=79"}],"version-history":[{"count":10,"href":"https:\/\/www.japanunix.com\/es\/wp-json\/wp\/v2\/pages\/79\/revisions"}],"predecessor-version":[{"id":1070,"href":"https:\/\/www.japanunix.com\/es\/wp-json\/wp\/v2\/pages\/79\/revisions\/1070"}],"up":[{"embeddable":true,"href":"https:\/\/www.japanunix.com\/es\/wp-json\/wp\/v2\/pages\/17"}],"wp:featuredmedia":[{"embeddable":true,"href":"https:\/\/www.japanunix.com\/es\/wp-json\/wp\/v2\/media\/622"}],"wp:attachment":[{"href":"https:\/\/www.japanunix.com\/es\/wp-json\/wp\/v2\/media?parent=79"}],"curies":[{"name":"wp","href":"https:\/\/api.w.org\/{rel}","templated":true}]}}