{"id":75,"date":"2016-08-23T11:36:30","date_gmt":"2016-08-23T02:36:30","guid":{"rendered":"http:\/\/cms.japanunix.com\/wp\/?page_id=75"},"modified":"2017-11-02T13:09:12","modified_gmt":"2017-11-02T04:09:12","slug":"unit_iron_tips","status":"publish","type":"page","link":"https:\/\/www.japanunix.com\/es\/products\/automation\/unit\/unit_iron_tips\/","title":{"rendered":"Soldadura"},"content":{"rendered":"<div class=\"section_1 section\">\n<div class=\"txt_and_img_section\">\n<div class=\"txt_section\">\n<h2>Cabezales, Alimentadores de soldadura, controladores y limpiadores<\/h2>\n<p>Los clientes pueden elegir algunas de nuestras unidades para soldadura. Existen algunas combinaciones b\u00e1sicas para introducir la soldadura autom\u00e1tica utilizando las m\u00e1quinas existentes.<\/p>\n<\/p><\/div>\n<p>\t\t<img loading=\"lazy\" src=\"\/webroot\/img\/products\/automation\/unit\/soldering\/top_img.png\" width=\"286\" height=\"180\" alt=\"\">\n\t<\/div>\n<ul class=\"link_list unit\">\n<li><span>CABEZALES DE SOLDADURA<\/span><\/li>\n<li><span>ALIMENTADOR DE SOLDADURA<\/span><\/li>\n<li><span>CONTROLADORES<\/span><\/li>\n<li><span>LIMPIADORES DE PUNTAS<\/span><\/li>\n<\/ul>\n<\/div>\n<div class=\"section_2 section link_destination\">\n<div id=\"soldering_head\" class=\"title\">\n<h3>CABEZALES DE SOLDADURA<\/h3>\n<p>Para soldadura por punto o lineal<\/p>\n<\/p><\/div>\n<ul class=\"list_three_line\">\n<li>\n\t\t\t<img loading=\"lazy\" src=\"\/webroot\/img\/products\/automation\/unit\/soldering\/contents\/img_1.png\" width=\"192\" height=\"204\" alt=\"\"><\/p>\n<h3>Cabezal de soldadura (est\u00e1ndar)UMC-087A<\/h3>\n<ul class=\"list_txt_section\">\n<li class=\"list_txt_float\"><span>\u30fb<\/span>\n<p>F\u00e1cil mantenimiento (punta, calefactor)<\/p>\n<\/li>\n<li>\u30fbMecanismo amortiguador<\/li>\n<li>\u30fbSoporta soldadura por presi\u00f3n<\/li>\n<li class=\"list_txt_float\"><span>\u30fb<\/span>\n<p>Grabaci\u00f3n del \u00e1ngulo en memoria<\/p>\n<\/li>\n<li class=\"list_txt_float\"><span>\u30fb<\/span>\n<p>Especificaciones est\u00e1ndar 413\/4R, 413\/4S (excluyendo 412R\uff09<\/p>\n<\/li>\n<\/ul>\n<\/li>\n<li>\n\t\t\t<img loading=\"lazy\" src=\"\/webroot\/img\/products\/automation\/unit\/soldering\/contents\/img_2.png\" width=\"192\" height=\"204\" alt=\"\"><\/p>\n<h3>Cabezal de soldadura (compacto)UMC-086S<\/h3>\n<ul class=\"list_txt_section\">\n<li>\u30fbCompacto y ligero<\/li>\n<li>\u30fbMecanismo amortiguador<\/li>\n<li>\u30fbSoporta soldadura por presi\u00f3n<\/li>\n<li>\u30fbEspecificaci\u00f3n est\u00e1ndar 412R<\/li>\n<\/ul>\n<\/li>\n<\/ul>\n<p>\t<span class=\"to_top\">ARRIBA<\/span>\n<\/div>\n<div class=\"section_3 section link_destination\">\n<div id=\"soldering_send\" class=\"title\">\n<h3>ALIMENTADOR DE SOLDADURA<\/h3>\n<p>Sistema de aportaci\u00f3n del alambre de soldadura<\/p>\n<\/p><\/div>\n<ul class=\"list_three_line\">\n<li>\n<div class=\"include_txt_img negative_margin\">\n\t\t\t\t<img loading=\"lazy\" src=\"\/webroot\/img\/products\/automation\/unit\/soldering\/contents\/img_3.png\" width=\"202\" height=\"204\" alt=\"\"><br \/>\n\t\t\t\t<span class=\"patent\">patentado<\/span>\n\t\t\t<\/div>\n<h3>Alimentador de soldadura (est\u00e1ndar)UPM-011A<\/h3>\n<ul class=\"list_txt_section\">\n<li class=\"list_txt_float\"><span>\u30fb<\/span>\n<p>Soporta \u00d80,5-1,2 mm (\u00d80,3 y 0,4 tambi\u00e9n soportados)<\/p>\n<\/li>\n<li>\u30fbSensor de falta de soldadura y obstrucciones<\/li>\n<li>\u30fbEspecificaciones est\u00e1ndar 410R, 410S<\/li>\n<\/ul>\n<\/li>\n<li>\n\t\t\t<img loading=\"lazy\" src=\"\/webroot\/img\/products\/automation\/unit\/soldering\/contents\/img_4.png\" width=\"192\" height=\"204\" alt=\"\"><\/p>\n<h3>Alimentador de soldadura (grande)UPM-022<\/h3>\n<ul class=\"list_txt_section\">\n<li>\u30fbSoporta \u00d81,6-2,0 mm<\/li>\n<li>\u30fbSensor de falta de soldadura y obstrucciones<\/li>\n<\/ul>\n<\/li>\n<li class=\"clear_both\">\n<div class=\"include_txt_img negative_margin\">\n\t\t\t\t<a href=\"\/es\/products\/option\/option_detail_2.php#sending_device\"><br \/>\n\t\t\t\t\t<img loading=\"lazy\" src=\"\/webroot\/img\/products\/automation\/unit\/soldering\/contents\/img_5.png\" width=\"204\" height=\"230\" alt=\"\"><br \/>\n\t\t\t\t\t<span class=\"product_name\">UPM-052<\/span><br \/>\n\t\t\t\t\t<span class=\"patent\">patentado<\/span><br \/>\n\t\t\t\t<\/a>\n\t\t\t<\/div>\n<h3>Alimentador de precisi\u00f3n<\/h3>\n<ul class=\"list_txt_section\">\n<li>\u30fbPara soldaduras ultrafinas y microsoldaduras<\/li>\n<li>\u30fbMotor paso-paso de 5 fases<\/li>\n<li>\u30fbSoporta \u00d80,15-1,0 mm<\/li>\n<li>\u30fb0.072mm\/pulse<\/li>\n<li>\u30fbSensor de falta de soldadura y obstrucciones<\/li>\n<\/ul>\n<\/li>\n<li>\n<div class=\"include_txt_img negative_margin\">\n\t\t\t\t<a href=\"\/es\/products\/option\/option_detail_1.php#clean_cut\"><br \/>\n\t\t\t\t\t<img loading=\"lazy\" src=\"\/webroot\/img\/products\/automation\/option\/merit\/content\/img_1.png\" width=\"204\" height=\"230\" alt=\"UPM-011CC\"><br \/>\n\t\t\t\t\t<span class=\"product_name\">UPM-011CC<\/span><br \/>\n\t\t\t\t\t<span class=\"patent\">patentado<\/span><br \/>\n\t\t\t\t<\/a>\n\t\t\t<\/div>\n<h3>Alimentador de corte limpio<\/h3>\n<ul class=\"list_txt_section\">\n<li>\u30fbEvita las salpicaduras del fundente y las bolas de soldadura<\/li>\n<li>\u30fbOpci\u00f3n complementaria<\/li>\n<li>\u30fbSensor de falta de soldadura y obstrucciones<\/li>\n<li>\u30fbDoble cuchilla (patentada)<\/li>\n<\/ul>\n<\/li>\n<\/ul>\n<p>\t<span class=\"to_top\">ARRIBA<\/span>\n<\/div>\n<div class=\"section_4 section link_destination\">\n<div id=\"controller\" class=\"title\">\n<h3>CONTROLADORES<\/h3>\n<p>Implementaci\u00f3n y gesti\u00f3n del proceso de soldadura<\/p>\n<\/p><\/div>\n<ul class=\"list_three_line\">\n<li>\n\t\t\t<img loading=\"lazy\" src=\"\/webroot\/img\/products\/automation\/unit\/soldering\/contents\/img_7.png\" width=\"192\" height=\"204\" alt=\"\"><\/p>\n<h3>Controlador USC-881\/881S<\/h3>\n<ul class=\"list_txt_section\">\n<li>\u30fbDesarrollado para la soldadura autom\u00e1tica<\/li>\n<li>\u30fbControl de la temperatura de la punta<\/li>\n<li>\u30fbOperaci\u00f3n f\u00e1cil<\/li>\n<li>\u30fb2032 condiciones de soldadura<\/li>\n<li>\u30fbEspecificaci\u00f3n est\u00e1ndar 410R<\/li>\n<\/ul>\n<\/li>\n<\/ul>\n<p>\t<span class=\"to_top\">ARRIBA<\/span>\n<\/div>\n<div class=\"section_5 section link_destination\">\n<div id=\"soldering_cleaner\" class=\"title\">\n<h3>LIMPIADORES DE PUNTAS<\/h3>\n<p>Eliminaci\u00f3n de incrustaciones de la punta<\/p>\n<\/p><\/div>\n<ul class=\"list_three_line\">\n<li>\n\t\t\t<img loading=\"lazy\" src=\"\/webroot\/img\/products\/automation\/unit\/soldering\/contents\/img_9.png\" width=\"192\" height=\"204\" alt=\"\"><\/p>\n<h3>Limpiador por purga de aire UJC-214II<\/h3>\n<ul class=\"list_txt_section\">\n<li>\u30fbAire a presi\u00f3n y succi\u00f3n<\/li>\n<li>\u30fbReduce la dispersi\u00f3n de los desechos<\/li>\n<li>\u30fbV\u00e1lvula magn\u00e9tica incorporada<\/li>\n<li>\u30fbEspecificaci\u00f3n est\u00e1ndar para la serie 700, 410S\/R<\/li>\n<\/ul>\n<\/li>\n<li>\n<div class=\"include_txt_img negative_margin\">\n\t\t\t\t<a href=\"\/es\/products\/option\/option_detail_2.php#brush_cleaner\"><br \/>\n\t\t\t\t\t<img loading=\"lazy\" src=\"\/webroot\/img\/products\/automation\/unit\/soldering\/contents\/img_10.png\" width=\"204\" height=\"230\" alt=\"\"><br \/>\n\t\t\t\t\t<span class=\"product_name\">UJC-217<\/span><br \/>\n\t\t\t\t\t<span class=\"patent\">patentado<\/span><br \/>\n\t\t\t\t<\/a>\n\t\t\t<\/div>\n<h3>Limpiador por cepillado<\/h3>\n<ul class=\"list_txt_section\">\n<li>\u30fbLimpiador de doble cepillo<\/li>\n<li>\u30fbElimina los carburos duros y el \u00f3xido de soldadura<\/li>\n<\/ul>\n<\/li>\n<\/ul>\n<p>\t<span class=\"to_top\">ARRIBA<\/span>\n<\/div>\n","protected":false},"excerpt":{"rendered":"<p>Cabezales, Alimentadores de soldadura, controladores y limpiadores Los clientes pueden elegir algunas de nuest [&hellip;]<\/p>\n","protected":false},"author":1,"featured_media":621,"parent":71,"menu_order":19,"comment_status":"closed","ping_status":"closed","template":"","meta":[],"acf":[],"_links":{"self":[{"href":"https:\/\/www.japanunix.com\/es\/wp-json\/wp\/v2\/pages\/75"}],"collection":[{"href":"https:\/\/www.japanunix.com\/es\/wp-json\/wp\/v2\/pages"}],"about":[{"href":"https:\/\/www.japanunix.com\/es\/wp-json\/wp\/v2\/types\/page"}],"author":[{"embeddable":true,"href":"https:\/\/www.japanunix.com\/es\/wp-json\/wp\/v2\/users\/1"}],"replies":[{"embeddable":true,"href":"https:\/\/www.japanunix.com\/es\/wp-json\/wp\/v2\/comments?post=75"}],"version-history":[{"count":9,"href":"https:\/\/www.japanunix.com\/es\/wp-json\/wp\/v2\/pages\/75\/revisions"}],"predecessor-version":[{"id":933,"href":"https:\/\/www.japanunix.com\/es\/wp-json\/wp\/v2\/pages\/75\/revisions\/933"}],"up":[{"embeddable":true,"href":"https:\/\/www.japanunix.com\/es\/wp-json\/wp\/v2\/pages\/71"}],"wp:featuredmedia":[{"embeddable":true,"href":"https:\/\/www.japanunix.com\/es\/wp-json\/wp\/v2\/media\/621"}],"wp:attachment":[{"href":"https:\/\/www.japanunix.com\/es\/wp-json\/wp\/v2\/media?parent=75"}],"curies":[{"name":"wp","href":"https:\/\/api.w.org\/{rel}","templated":true}]}}