{"id":73,"date":"2016-08-23T11:36:01","date_gmt":"2016-08-23T02:36:01","guid":{"rendered":"http:\/\/cms.japanunix.com\/wp\/?page_id=73"},"modified":"2017-07-27T16:28:50","modified_gmt":"2017-07-27T07:28:50","slug":"usp5","status":"publish","type":"page","link":"https:\/\/www.japanunix.com\/es\/products\/automation\/unit\/usp5\/","title":{"rendered":"USP5"},"content":{"rendered":"<div class=\"section_1 section\">\n<div class=\"txt_and_img_section\">\n<div class=\"txt_section\">\n<h1><\/h1>\n<h2>La robotizaci\u00f3n de la soldadura al alcance de cualquiera, en cualquier lugar.<\/h2>\n<p>&#8220;Sencilla pero con alto rendimiento. De alto rendimiento pero de bajo costo.<br \/>Las 3 piezas necesarias para automatizar la soldadura: &#8220;cabezal de soldadura&#8221;, &#8220;controlador&#8221;, y &#8220;alimentador de soldadura&#8221; forman un conjunto. \u00cdndexado, c\u00e9lula, en l\u00ednea, etc., se pueden introducir f\u00e1cilmente para adaptarse a su proceso de producci\u00f3n.<br \/>Adem\u00e1s, ponemos a su disposici\u00f3n el apoyo para la introducci\u00f3n del sistema integrado y soporte para la automatizaci\u00f3 del soldeo.<br \/>Por favor, si\u00e9ntase libre de contactarnos.&#8221;<\/p>\n<\/p><\/div>\n<p>\t\t<img loading=\"lazy\" src=\"\/webroot\/img\/products\/automation\/unit\/usp5\/top_img.png\" width=\"272\" height=\"164\" alt=\"\">\n\t<\/div>\n<\/div>\n<div class=\"section_2 section\">\n<div class=\"title\">\n<h3>Configuraci\u00f3n del producto USP5<\/h3>\n<\/p><\/div>\n<ul class=\"list_three_line\">\n<li>\n\t\t\t<img loading=\"lazy\" src=\"\/webroot\/img\/products\/automation\/unit\/usp5\/section_2\/img_1.png\" width=\"192\" height=\"204\" alt=\"Controlador de Soldadura\"><\/p>\n<h3>Controlador de Soldadura<\/h3>\n<p>\n\t\t\t\u30fbPanel t\u00e1ctil.<br \/>\u30fbF\u00e1cil operaci\u00f3n con Excel<br \/>\u30fbHasta 255 condiciones de soldadura.<br \/>\u30fbAdaptable a diferentes voltajes, multi-lenguaje.\n\t\t\t<\/p>\n<\/li>\n<li>\n\t\t\t<img loading=\"lazy\" src=\"\/webroot\/img\/products\/automation\/unit\/usp5\/section_2\/img_2.png\" width=\"192\" height=\"204\" alt=\"Cabezal de soldadura\"><\/p>\n<h3>Cabezal de soldadura<\/h3>\n<p>\n\t\t\t\u30fbEquipado con un nuevo calentador de 250W.<br \/>\u30fbAlta potencia incluso con un tipo de punta y calentador por separado.<br \/>\u30fbF\u00e1cil cambio y mantenimiento.\n<\/p>\n<\/li>\n<li>\n\t\t\t<img loading=\"lazy\" src=\"\/webroot\/img\/products\/automation\/unit\/usp5\/section_2\/img_3.png\" width=\"192\" height=\"204\" alt=\"Alimentador de soldadura\"><\/p>\n<h3>Alimentador de soldadura<\/h3>\n<p>\n\t\t\t\u30fbFunci\u00f3n de detecci\u00f3n por encoder  con tecnolog\u00eda patentada.<br \/>\u30fbElimina los problemas de la alimentaci\u00f3n autom\u00e1tica. <br \/>\u30fbAlta precisi\u00f3n de suministro.\n\t\t\t<\/p>\n<\/li>\n<\/ul>\n<\/div>\n<div class=\"section_3 section\">\n<h2>Imagen de montaje de la unidad<\/h2>\n<ul class=\"list_three_line\">\n<li>\n\t\t\t<img loading=\"lazy\" src=\"\/webroot\/img\/products\/automation\/unit\/usp5\/section_3\/img_1.png\" width=\"192\" height=\"114\" alt=\"\"><\/p>\n<h3>Producci\u00f3n en l\u00ednea<\/h3>\n<\/li>\n<li>\n\t\t\t<img loading=\"lazy\" src=\"\/webroot\/img\/products\/automation\/unit\/usp5\/section_3\/img_2.png\" width=\"192\" height=\"114\" alt=\"\"><\/p>\n<h3>Indexado<\/h3>\n<\/li>\n<li>\n\t\t\t<img loading=\"lazy\" src=\"\/webroot\/img\/products\/automation\/unit\/usp5\/section_3\/img_3.png\" width=\"192\" height=\"114\" alt=\"\"><\/p>\n<h3>Montaje del cabezal de soldadura<\/h3>\n<\/li>\n<\/ul>\n<\/div>\n<div class=\"section_4 section\">\n<h2>3 Caracter\u00edsticas de USP5<\/h2>\n<ul class=\"list_three_line\">\n<li>\n<h3>Simple<\/h3>\n<p>Simple configuraci\u00f3n de la unidad.<br \/>Permite la introducci\u00f3n mas r\u00e1pida.<\/p>\n<\/li>\n<li>\n<h3>Alta calidad<\/h3>\n<p>Ofrece tecnolog\u00eda de soldadura <br \/>robotizada por un<br \/>largo tiempo a un bajo costo.<\/p>\n<\/li>\n<li>\n<h3>Flexibilidad<\/h3>\n<p>Se adapta a una amplia variedad de<br \/>procesos de producci\u00f3n y  de robots<br \/>industriales.<\/p>\n<\/li>\n<\/ul>\n<\/div>\n<div class=\"video_section section\">\n<h2>REFERENZ-VIDEOS<\/h2>\n<ul class=\"video_box_list popup_wrap\">\n<li>\n\t\t\t<a class=\"popup_video\" href=\"#popup_video\"><br \/>\n\t\t\t\t<img loading=\"lazy\" class=\"video_cover\" src=\"\/webroot\/img\/movie\/video_non.png\" width=\"288\" height=\"206\" alt=\"\"><br \/>\n\t\t\t\t<img loading=\"lazy\" src=\"\/webroot\/img\/movie\/usp5_1.png\" width=\"288\" height=\"206\" alt=\"\"><br \/>\n\t\t\t\t<span>2:40<\/span><br \/>\n\t\t\t<\/a><\/p>\n<h3><\/h3>\n<p class=\"small\">\n<\/li>\n<\/ul><\/div>\n<div id=\"popup_video_wrap\">\n<div id=\"popup_video\" style=\"width:640px; height:620px;\" videoids='[\"Bv16rB_BfLE\",\"\"]' videobaseurl=\"https:\/\/www.youtube.com\/v\/\" videopara=\"?enablejsapi=1&#038;playerapiid=ytPlayer&#038;version=3\" >\n\t\t<!-- \u52d5\u753b --><br \/>\n\t\t<iframe loading=\"lazy\" width=\"640\" height=\"520\" src=\"https:\/\/www.youtube.com\/embed\/Bv16rB_BfLE?feature=player_embedded&#038;rel=0?wmode=transparent\" frameborder=\"0\" allowfullscreen id=\"iframe\" name=\"iframe\"><\/iframe><\/p>\n<p>\t\t<!-- \u52d5\u753b\u30ea\u30b9\u30c8 --><\/p>\n<div class=\"slide_movie_wrap\">\n<div class=\"slide_movie\">\n<ul class=\"list_movie\">\n\t\t\t\t\t\t\t\t\t<\/ul>\n<\/p><\/div>\n<div class=\"slide_btn_wrapper\">\n<div class=\"movie_slide_prev\"><span>prev<\/span><\/div>\n<div class=\"movie_slide_next\"><span>next<\/span><\/div>\n<\/p><\/div>\n<\/p><\/div>\n<\/p><\/div>\n<\/div>\n<div class=\"section warning_section\">\n<div class=\"top_section\">\n<h2>CONSUMIBLES (puntas soldadoras)<\/h2>\n<p>Seleccione el m\u00e1s adecuado de entre m\u00e1s de 2,500 tipos<\/p>\n<p>La selecci\u00f3n de una punta soldadora apropiada es la clave para obtener unos resultados adecuados.La punta debe seleccionarse en funci\u00f3n de una variedad de factores tales como: el material de la placa del circuito, los elementos y su tama\u00f1o.Japan Unix dispone de una alta gama de puntas de alto rendimiento para soldadores desarrolladas para la automatizaci\u00f3n.Los pedidos personalizados al fabricante tambi\u00e9n est\u00e1n disponibles para trabajos exclusivos.<\/p>\n<\/p><\/div>\n<p>\t\t<img loading=\"lazy\" class=\"soldering_img\" src=\"\/webroot\/img\/products\/automation\/700series\/700V\/section_3\/img.png\" width=\"192\" height=\"204\" alt=\"\"><\/p>\n<div class=\"right_section\">\n\t\t<img loading=\"lazy\" src=\"\/webroot\/img\/products\/automation\/700series\/700V\/section_3\/warning.png\" width=\"54\" height=\"62\" alt=\"WARNING\"><\/p>\n<p>*TENGA CUIDADO CON LAS FALSIFICACIONES.A trav\u00e9s de Internet es f\u00e1cil encontrarse con puntas de soldadura falsificadas, distribuidores no autorizados, etc. Por favor, tenga cuidado y no se deje enga\u00f1ar por estas pr\u00e1cticas.<\/p>\n<p>\t\t<a target=\"_blank\" href=\"\/es\/attention\/\">M\u00e1s informaci\u00f3n<\/a>\n\t<\/div>\n<\/div>\n","protected":false},"excerpt":{"rendered":"<p>La robotizaci\u00f3n de la soldadura al alcance de cualquiera, en cualquier lugar. &#8220;Sencilla pero con alto re [&hellip;]<\/p>\n","protected":false},"author":1,"featured_media":596,"parent":71,"menu_order":18,"comment_status":"closed","ping_status":"closed","template":"","meta":[],"acf":[],"_links":{"self":[{"href":"https:\/\/www.japanunix.com\/es\/wp-json\/wp\/v2\/pages\/73"}],"collection":[{"href":"https:\/\/www.japanunix.com\/es\/wp-json\/wp\/v2\/pages"}],"about":[{"href":"https:\/\/www.japanunix.com\/es\/wp-json\/wp\/v2\/types\/page"}],"author":[{"embeddable":true,"href":"https:\/\/www.japanunix.com\/es\/wp-json\/wp\/v2\/users\/1"}],"replies":[{"embeddable":true,"href":"https:\/\/www.japanunix.com\/es\/wp-json\/wp\/v2\/comments?post=73"}],"version-history":[{"count":7,"href":"https:\/\/www.japanunix.com\/es\/wp-json\/wp\/v2\/pages\/73\/revisions"}],"predecessor-version":[{"id":862,"href":"https:\/\/www.japanunix.com\/es\/wp-json\/wp\/v2\/pages\/73\/revisions\/862"}],"up":[{"embeddable":true,"href":"https:\/\/www.japanunix.com\/es\/wp-json\/wp\/v2\/pages\/71"}],"wp:featuredmedia":[{"embeddable":true,"href":"https:\/\/www.japanunix.com\/es\/wp-json\/wp\/v2\/media\/596"}],"wp:attachment":[{"href":"https:\/\/www.japanunix.com\/es\/wp-json\/wp\/v2\/media?parent=73"}],"curies":[{"name":"wp","href":"https:\/\/api.w.org\/{rel}","templated":true}]}}