{"id":71,"date":"2016-08-23T11:35:36","date_gmt":"2016-08-23T02:35:36","guid":{"rendered":"http:\/\/cms.japanunix.com\/wp\/?page_id=71"},"modified":"2022-04-25T17:04:12","modified_gmt":"2022-04-25T08:04:12","slug":"unit","status":"publish","type":"page","link":"https:\/\/www.japanunix.com\/es\/products\/automation\/unit\/","title":{"rendered":"M\u00f3dulos \/ Aparatos"},"content":{"rendered":"<div class=\"section_1 section\">\n<div class=\"txt_and_img_section\">\n<div class=\"txt_section\">\n<h1><alt = \"\"><\/h1>\n<h2>M\u00d3DULOS Y UNIDADES DE SOLDADURA<br \/>Para conseguir la automatizaci\u00f3n de la soldadura con la maquinaria existente<\/h2>\n<p>Japan unix ha incorporado las tecnolog\u00edas clave de su acumulada experiencia en soldadura en varias unidades\/componentes.<br \/>Esas unidades permitir\u00e1n automatizar la operaci\u00f3n de soldadura a las m\u00e1quinas existentes.<\/p>\n<\/p><\/div>\n<p>\t\t<img loading=\"lazy\" src=\"\/webroot\/img\/products\/automation\/unit\/top\/top_img.png\" width=\"286\" height=\"180\" alt=\"\">\n\t<\/div>\n<div class=\"newproduct_section link_list\">\n\t<a href=\"usp5.php\"><br \/>\n\t<img loading=\"lazy\" src=\"\/webroot\/img\/products\/automation\/unit\/top\/top_usp5_bnr.png\" width=\"684\" height=\"230\" alt=\"Unidad de soldadura autom\u00e1tica USP5 para uso general\" class=\"pc_only\"><br \/>\n\t<span class=\"newicon\">NEW<\/span><br \/>\n\t<span class=\"product_name\">Unidad de soldadura autom\u00e1tica USP5 para uso general<\/span><br \/>\n\t<img loading=\"lazy\" src=\"\/webroot\/img\/products\/automation\/unit\/top\/top_usp5_bnr_sp.png\" width=\"684\" height=\"230\" alt=\"Unidad de soldadura autom\u00e1tica USP5 para uso general\" class=\"sp_only\"><br \/>\n\t<span class=\"product_description\">Unidad rob\u00f3tica sencilla y de alto rendimiento, para ser usada por cualquiera, en cualquier lugar.<br \/>Un conjunto de 3 piezas de costo razonable que permite introducir la robotizaci\u00f3n de la soldadura<\/span><br \/>\n\t<\/a>\n\t<\/div>\n<ul class=\"list_three_line\">\n<li class=\"include_txt_img negative_margin\">\n\t\t\t<a href=\"\/es\/products\/unit\/unit_iron_tips.php#soldering_head\"><br \/>\n\t\t\t\t<img loading=\"lazy\" src=\"\/webroot\/img\/products\/automation\/unit\/top\/section_2\/img_1.png\" width=\"204\" height=\"230\" alt=\"Cabezales de soldadura\"><br \/>\n\t\t\t\t<span class=\"product_name\">Cabezales de soldadura<\/span><br \/>\n\t\t\t<\/a>\n\t\t<\/li>\n<li class=\"include_txt_img negative_margin\">\n\t\t\t<a href=\"\/es\/products\/unit\/unit_iron_tips.php#soldering_send\"><br \/>\n\t\t\t\t<img loading=\"lazy\" src=\"\/webroot\/img\/products\/automation\/unit\/top\/section_2\/img_2.png\" width=\"204\" height=\"230\" alt=\"Alimentador de soldadura\"><br \/>\n\t\t\t\t<span class=\"product_name\">Alimentador de soldadura<\/span><br \/>\n\t\t\t<\/a>\n\t\t<\/li>\n<li class=\"include_txt_img negative_margin\">\n\t\t\t<a href=\"\/es\/products\/unit\/unit_iron_tips.php#controller\"><br \/>\n\t\t\t\t<img loading=\"lazy\" src=\"\/webroot\/img\/products\/automation\/unit\/top\/section_2\/img_3.png\" width=\"204\" height=\"230\" alt=\"Controladores\"><br \/>\n\t\t\t\t<span class=\"product_name\">Controladores<\/span><br \/>\n\t\t\t<\/a>\n\t\t<\/li>\n<li class=\"include_txt_img negative_margin\">\n\t\t\t<a href=\"\/es\/products\/unit\/unit_iron_tips.php#soldering_cleaner\"><br \/>\n\t\t\t\t<img loading=\"lazy\" src=\"\/webroot\/img\/products\/automation\/unit\/top\/section_2\/img_4.png\" width=\"204\" height=\"230\" alt=\"Limpiador de puntas\"><br \/>\n\t\t\t\t<span class=\"product_name\">Limpiador de puntas<\/span><br \/>\n\t\t\t<\/a>\n\t\t<\/li>\n<li class=\"include_txt_img negative_margin\">\n\t\t\t<a href=\"\/es\/products\/unit\/unit_laser.php\"><br \/>\n\t\t\t\t<img loading=\"lazy\" src=\"\/webroot\/img\/products\/automation\/unit\/top\/section_2\/img_5.png\" width=\"204\" height=\"230\" alt=\"Unidad l\u00e1ser\"><br \/>\n\t\t\t\t<span class=\"product_name\">Unidad l\u00e1ser<\/span><br \/>\n\t\t\t<\/a>\n\t\t<\/li>\n<\/ul>\n<\/div>\n","protected":false},"excerpt":{"rendered":"<p>M\u00d3DULOS Y UNIDADES DE SOLDADURAPara conseguir la automatizaci\u00f3n de la soldadura con la maquinaria existente Ja [&hellip;]<\/p>\n","protected":false},"author":1,"featured_media":906,"parent":17,"menu_order":17,"comment_status":"closed","ping_status":"closed","template":"","meta":[],"acf":[],"_links":{"self":[{"href":"https:\/\/www.japanunix.com\/es\/wp-json\/wp\/v2\/pages\/71"}],"collection":[{"href":"https:\/\/www.japanunix.com\/es\/wp-json\/wp\/v2\/pages"}],"about":[{"href":"https:\/\/www.japanunix.com\/es\/wp-json\/wp\/v2\/types\/page"}],"author":[{"embeddable":true,"href":"https:\/\/www.japanunix.com\/es\/wp-json\/wp\/v2\/users\/1"}],"replies":[{"embeddable":true,"href":"https:\/\/www.japanunix.com\/es\/wp-json\/wp\/v2\/comments?post=71"}],"version-history":[{"count":12,"href":"https:\/\/www.japanunix.com\/es\/wp-json\/wp\/v2\/pages\/71\/revisions"}],"predecessor-version":[{"id":1074,"href":"https:\/\/www.japanunix.com\/es\/wp-json\/wp\/v2\/pages\/71\/revisions\/1074"}],"up":[{"embeddable":true,"href":"https:\/\/www.japanunix.com\/es\/wp-json\/wp\/v2\/pages\/17"}],"wp:featuredmedia":[{"embeddable":true,"href":"https:\/\/www.japanunix.com\/es\/wp-json\/wp\/v2\/media\/906"}],"wp:attachment":[{"href":"https:\/\/www.japanunix.com\/es\/wp-json\/wp\/v2\/media?parent=71"}],"curies":[{"name":"wp","href":"https:\/\/api.w.org\/{rel}","templated":true}]}}