{"id":69,"date":"2016-08-23T11:34:20","date_gmt":"2016-08-23T02:34:20","guid":{"rendered":"http:\/\/cms.japanunix.com\/wp\/?page_id=69"},"modified":"2021-09-07T18:30:25","modified_gmt":"2021-09-07T09:30:25","slug":"universe","status":"publish","type":"page","link":"https:\/\/www.japanunix.com\/es\/products\/automation\/integration\/universe\/","title":{"rendered":"UNIVERSE"},"content":{"rendered":"<div class=\"section_1 section\">\n<div class=\"txt_and_img_section\">\n<div class=\"txt_section\">\n<h1><img loading=\"lazy\" src=\"\/webroot\/img\/products\/automation\/solder_meister_logo.png\" width=\"342\" height=\"23\" alt=\"SOLDER MEISTER\"> <\/h1>\n<h2>\u00a1NO REQUIERE PLANTILLAS POSICIONADORAS!<br \/>Integraci\u00f3n completa de la inserci\u00f3n de los componentes y la soldadura<\/h2>\n<p>Nuestra Serie UNIVERSE selecciona, elimina, inserta y suelda los componentes de forma autom\u00e1tica. Elimina la necesidad de utilizar plantillas posicionadoras o de darle la vuelta a los materiales de base. Ahora el proceso es totalmente autom\u00e1tico.<br \/>Universe permite el funcionamiento de la l\u00ednea de producci\u00f3n los 365 d\u00edas del a\u00f1o con una necesidad de mano de obra m\u00ednima o inexistente.<\/p>\n<\/p><\/div>\n<p>\t\t<img loading=\"lazy\" class=\"right_img\" src=\"\/webroot\/img\/products\/automation\/universe\/top_img.png\" width=\"195\" height=\"249\" alt=\"\">\n\t<\/div>\n<\/div>\n<div class=\"section_2 section\">\n<ul class=\"list_three_line label_list clearfix\">\n<li>\n\t\t\t<img loading=\"lazy\" src=\"\/webroot\/img\/products\/automation\/universe\/section_2\/img_1.png\" width=\"200\" height=\"92\" alt=\"99.99%\"><\/p>\n<h3>Los errores quedan pr\u00e1cticamente eliminados<\/h3>\n<\/li>\n<li>\n\t\t\t<img loading=\"lazy\" src=\"\/webroot\/img\/products\/automation\/universe\/section_2\/img_2.png\" width=\"200\" height=\"92\" alt=\"1\/3\"><\/p>\n<h3>Reduce el tiempo del ciclo y el espacio ocupado hasta 1\/3 parte<\/h3>\n<\/li>\n<li>\n\t\t\t<img loading=\"lazy\" src=\"\/webroot\/img\/products\/automation\/universe\/section_2\/img_3.png\" width=\"200\" height=\"92\" alt=\"300%\"><\/p>\n<h3>Aumento significativo de la productividad,unidades por hora (UPH)<\/h3>\n<\/li>\n<\/ul>\n<ul class=\"list_three_line clearfix\">\n<li>\n\t\t\t<img loading=\"lazy\" src=\"\/webroot\/img\/products\/automation\/universe\/section_2\/img_4.png\" width=\"192\" height=\"204\" alt=\"\"><\/p>\n<h3>Elecci\u00f3n de componentes<\/h3>\n<\/li>\n<li>\n\t\t\t<img loading=\"lazy\" src=\"\/webroot\/img\/products\/automation\/universe\/section_2\/img_5.png\" width=\"192\" height=\"204\" alt=\"\"><\/p>\n<h3>Controles de calidad y de inserci\u00f3n<\/h3>\n<\/li>\n<li>\n\t\t\t<img loading=\"lazy\" src=\"\/webroot\/img\/products\/automation\/universe\/section_2\/img_6.png\" width=\"192\" height=\"204\" alt=\"\"><\/p>\n<h3>Soldadura<\/h3>\n<\/li>\n<\/ul>\n<\/div>\n<div class=\"section_3 section clearfix\">\n<div class=\"list_1 list_section es\">\n<h2 class=\"es\">FLUJO DE TRABAJO EXISTENTE<\/h2>\n<ul>\n<li class=\"sky_blue_box_bg\">1. Inserci\u00f3n<\/li>\n<li class=\"small_arrow\"><img loading=\"lazy\" src=\"\/webroot\/img\/products\/automation\/universe\/section_3\/arrow1.png\" width=\"38\" height=\"23\" alt=\"\"><\/li>\n<li class=\"blue_box_bg\">2. Configuraci\u00f3n de plantillas posicionadoras<\/li>\n<li class=\"small_arrow\"><img loading=\"lazy\" src=\"\/webroot\/img\/products\/automation\/universe\/section_3\/arrow1.png\" width=\"38\" height=\"23\" alt=\"\"><\/li>\n<li class=\"deep_blue_box_bg\">3. Voltear<\/li>\n<li class=\"small_arrow\"><img loading=\"lazy\" src=\"\/webroot\/img\/products\/automation\/universe\/section_3\/arrow1.png\" width=\"38\" height=\"23\" alt=\"\"><\/li>\n<li class=\"more_deep_blue_box_bg\">4. Soldadura<\/li>\n<\/ul><\/div>\n<div class=\"list_2 list_section\">\n<h2 class=\"es\">UNIVERSE S<\/h2>\n<ul class=\"univese_how_to_list\">\n<li class=\"sky_blue_box_bg\">1. Inserci\u00f3n<\/li>\n<li class=\"small_arrow\"><img loading=\"lazy\" src=\"\/webroot\/img\/products\/automation\/universe\/section_3\/arrow1.png\" width=\"38\" height=\"23\" alt=\"\"><\/li>\n<li class=\"blue_box_bg\">2. Soldadura<\/li>\n<\/ul><\/div>\n<div class=\"big_arrow list_section\">\n\t\t<img loading=\"lazy\" src=\"\/webroot\/img\/products\/automation\/universe\/section_3\/arrow2.png\" width=\"29\" height=\"23\" alt=\"\">\n\t<\/div>\n<div class=\"list_section\">\n<h2 class=\"es\">RESULTADOS<\/h2>\n<div class=\"introduction_result en\">\n<p class=\"title\">Un solo proceso aporta numerosos beneficios.<\/p>\n<div class=\"time_and_cost_section\">\n<p class=\"time_txt\">Funcionamiento: 150 seg>5 seg Productividad: 10 horas>24 horas Calidad: 95%>99,99%<\/p>\n<p>Espacio de trabajo: 1\/3 Coste de los consumibles: 1\/50 Mano de obra necesaria: 1\/6<\/p>\n<\/p><\/div>\n<p>\t\t\t<a class=\"es\" href=\"\/es\/industry\/case_study.php\">Vea los ejemplos de aplicaci\u00f3n<\/a>\n\t\t<\/div>\n<\/p><\/div>\n<\/div>\n<div class=\"video_section\">\n<h2>REFERENZ-VIDEOS<\/h2>\n<ul class=\"video_box_list popup_wrap\">\n<li>\n\t\t\t<a class=\"popup_video\" href=\"#popup_video\"><br \/>\n\t\t\t\t<img loading=\"lazy\" class=\"video_cover\" src=\"\/webroot\/img\/movie\/video_non.png\" width=\"288\" height=\"206\" alt=\"\"><br \/>\n\t\t\t\t<img loading=\"lazy\" src=\"\/webroot\/img\/movie\/universe_1.png\" width=\"288\" height=\"206\" alt=\"\"><br \/>\n\t\t\t\t<span>0:38<\/span><br \/>\n\t\t\t<\/a><\/p>\n<h3>Universe, el sistema totalmente integrado desde la inserci\u00f3n hasta la soldadura<\/h3>\n<p class=\"small\">Vista completa de UNIVERSE en acci\u00f3n: seleccionando, insertando y soldando los elementos a la vez.<\/p>\n<\/li>\n<li>\n\t\t\t<a class=\"popup_video\" href=\"#popup_video\"><br \/>\n\t\t\t\t<img loading=\"lazy\" class=\"video_cover\" src=\"\/webroot\/img\/movie\/video_non.png\" width=\"288\" height=\"206\" alt=\"\"><br \/>\n\t\t\t\t<img loading=\"lazy\" src=\"\/webroot\/img\/movie\/universe_2.png\" width=\"288\" height=\"206\" alt=\"\"><br \/>\n\t\t\t\t<span>0:30<\/span><br \/>\n\t\t\t<\/a><\/p>\n<h3>Caracter\u00edsticas de la parte inferior de Universe<\/h3>\n<p class=\"small\">El robot de 6 ejes en la parte inferior manipula, verifica errores e inserta los componentes utilizando un sensor de visi\u00f3n<\/p>\n<\/li>\n<\/ul><\/div>\n","protected":false},"excerpt":{"rendered":"<p>\u00a1NO REQUIERE PLANTILLAS POSICIONADORAS!Integraci\u00f3n completa de la inserci\u00f3n de los componentes y la soldadura  [&hellip;]<\/p>\n","protected":false},"author":1,"featured_media":594,"parent":67,"menu_order":16,"comment_status":"closed","ping_status":"closed","template":"","meta":[],"acf":[],"_links":{"self":[{"href":"https:\/\/www.japanunix.com\/es\/wp-json\/wp\/v2\/pages\/69"}],"collection":[{"href":"https:\/\/www.japanunix.com\/es\/wp-json\/wp\/v2\/pages"}],"about":[{"href":"https:\/\/www.japanunix.com\/es\/wp-json\/wp\/v2\/types\/page"}],"author":[{"embeddable":true,"href":"https:\/\/www.japanunix.com\/es\/wp-json\/wp\/v2\/users\/1"}],"replies":[{"embeddable":true,"href":"https:\/\/www.japanunix.com\/es\/wp-json\/wp\/v2\/comments?post=69"}],"version-history":[{"count":9,"href":"https:\/\/www.japanunix.com\/es\/wp-json\/wp\/v2\/pages\/69\/revisions"}],"predecessor-version":[{"id":1064,"href":"https:\/\/www.japanunix.com\/es\/wp-json\/wp\/v2\/pages\/69\/revisions\/1064"}],"up":[{"embeddable":true,"href":"https:\/\/www.japanunix.com\/es\/wp-json\/wp\/v2\/pages\/67"}],"wp:featuredmedia":[{"embeddable":true,"href":"https:\/\/www.japanunix.com\/es\/wp-json\/wp\/v2\/media\/594"}],"wp:attachment":[{"href":"https:\/\/www.japanunix.com\/es\/wp-json\/wp\/v2\/media?parent=69"}],"curies":[{"name":"wp","href":"https:\/\/api.w.org\/{rel}","templated":true}]}}