{"id":67,"date":"2016-08-23T11:33:59","date_gmt":"2016-08-23T02:33:59","guid":{"rendered":"http:\/\/cms.japanunix.com\/wp\/?page_id=67"},"modified":"2021-09-07T18:30:18","modified_gmt":"2021-09-07T09:30:18","slug":"integration","status":"publish","type":"page","link":"https:\/\/www.japanunix.com\/es\/products\/automation\/integration\/","title":{"rendered":"Integraci\u00f3n"},"content":{"rendered":"<div class=\"section_1 section\">\n<h1><img loading=\"lazy\" src=\"\/webroot\/img\/products\/automation\/solder_meister_logo.png\" width=\"342\" height=\"23\" alt=\"SOLDER MEISTER\"> <\/h1>\n<div class=\"txt_section\">\n<h2>SISTEMA DE AUTOMATIZACI\u00d3N COMPLETA O PARCIALMENTE.<br \/>Nuestros expertos le ofrecer\u00e1n apoyo, desde los dise\u00f1os de automatizaci\u00f3n para la soldadura autom\u00e1tica hasta la integraci\u00f3n del sistema.<\/h2>\n<p>La personalizaci\u00f3n de nuestros sistemas originales est\u00e1 disponible para satisfacer las necesidades infraestructurales de los clientes.Elija soluci\u00f3n completa o parcialmente personalizada. Trabajando a partir de las especificaciones internas de los clientes podemos ofrecerles la mejor soluci\u00f3n para todo el proceso de automatizaci\u00f3n de la soldadura.<\/p>\n<\/p><\/div>\n<p>\t<img loading=\"lazy\" src=\"\/webroot\/img\/products\/automation\/integration\/top_img.png\" width=\"286\" height=\"197\" alt=\"\">\n<\/div>\n<div class=\"section_2 section\">\n<div class=\"txt_only_section\">\n<h2>PERSONALIZACI\u00d3N PARCIAL<\/h2>\n<p>Los sistemas de soldadura existentes se han desarrollado para resolver diversos problemas de automatizaci\u00f3n de nuestros clientes.Elija uno de nuestros modelos existentes: soluciones semi-autom\u00e1ticas, sistemas de transporte totalmente automatizados y mucho m\u00e1s para ajustarse a sus necesidades.<\/p>\n<\/p><\/div>\n<div class=\"semicustomize_img_section clearfix\">\n<div class=\"big_img_box\">\n<div class=\"include_txt_big_img\">\n\t\t\t\t<a href=\"\/es\/products\/integration\/universe.php\"><br \/>\n\t\t\t\t\t<img loading=\"lazy\" src=\"\/webroot\/img\/products\/automation\/integration\/section_2\/img_1.png\" width=\"293\" height=\"469\" alt=\"\"><br \/>\n\t\t\t\t<\/a><\/p>\n<p class=\"product_name\">UNIVERSE S<\/p>\n<p>\t\t\t\t<a class=\"product_detail universe\" href=\"\/es\/products\/integration\/universe.php\">m\u00e1s informaci\u00f3n<\/a>\n\t\t\t<\/div>\n<p class=\"positive_margin product_explanation\">Sistema totalmente automatizado, que inserta,suelda y transporta los componentes en l\u00ednea<\/p>\n<\/p><\/div>\n<div class=\"box_list upper\">\n<ul>\n<li class=\"first_box\"><img loading=\"lazy\" src=\"\/webroot\/img\/products\/automation\/integration\/section_2\/img_2.png\" width=\"192\" height=\"204\" alt=\"\"><\/li>\n<li><img loading=\"lazy\" src=\"\/webroot\/img\/products\/automation\/integration\/section_2\/img_3.png\" width=\"192\" height=\"204\" alt=\"\"><\/li>\n<\/ul>\n<h3>Sistema inteligente de soldadura con l\u00e1ser<\/h3>\n<\/p><\/div>\n<div class=\"box_list\">\n<ul>\n<li class=\"first_box\">\n\t\t\t\t\t<img loading=\"lazy\" src=\"\/webroot\/img\/products\/automation\/integration\/section_2\/img_4.png\" width=\"192\" height=\"204\" alt=\"\"><\/p>\n<h3>UNIX-LS1<\/h3>\n<\/li>\n<li>\n\t\t\t\t\t<img loading=\"lazy\" src=\"\/webroot\/img\/products\/automation\/integration\/section_2\/img_5.png\" width=\"192\" height=\"204\" alt=\"\"><\/p>\n<h3>UNIX-LSX<\/h3>\n<\/li>\n<\/ul><\/div>\n<\/p><\/div>\n<\/div>\n<div class=\"section_3 section\">\n<div class=\"txt_only_section\">\n<h2>PERSONALIZACI\u00d3N COMPLETA<\/h2>\n<p>Le proporcionamos un paquete completo de asesoramiento sobre ajustes y dimensiones, dise\u00f1o de dispositivos el\u00e9ctricos y mec\u00e1nicos, cubiertas de seguridad con sensores, cargadores y descargadores, transporte automatizado y mucho m\u00e1s.<\/p>\n<\/p><\/div>\n<ul class=\"list_three_line clearfix\">\n<li><img loading=\"lazy\" src=\"\/webroot\/img\/products\/automation\/integration\/section_3\/img_1.png\" width=\"192\" height=\"204\" alt=\"\"><\/li>\n<li><img loading=\"lazy\" src=\"\/webroot\/img\/products\/automation\/integration\/section_3\/img_2.png\" width=\"192\" height=\"204\" alt=\"\"><\/li>\n<li><img loading=\"lazy\" src=\"\/webroot\/img\/products\/automation\/integration\/section_3\/img_3.png\" width=\"192\" height=\"204\" alt=\"\"><\/li>\n<li class=\"last\"><img loading=\"lazy\" src=\"\/webroot\/img\/products\/automation\/integration\/section_3\/img_4.png\" width=\"192\" height=\"204\" alt=\"\"><\/li>\n<li class=\"last\"><img loading=\"lazy\" src=\"\/webroot\/img\/products\/automation\/integration\/section_3\/img_5.png\" width=\"192\" height=\"204\" alt=\"\"><\/li>\n<li class=\"last\"><img loading=\"lazy\" src=\"\/webroot\/img\/products\/automation\/integration\/section_3\/img_6.png\" width=\"192\" height=\"204\" alt=\"\"><\/li>\n<\/ul>\n<\/div>\n<div class=\"video_section\">\n<h2>REFERENZ-VIDEOS<\/h2>\n<ul class=\"video_box_list popup_wrap\">\n<li>\n\t\t\t<a class=\"popup_video\" href=\"#popup_video\"><br \/>\n\t\t\t\t<img loading=\"lazy\" class=\"video_cover\" src=\"\/webroot\/img\/movie\/video_non.png\" width=\"288\" height=\"206\" alt=\"\"><br \/>\n\t\t\t\t<img loading=\"lazy\" src=\"\/webroot\/img\/movie\/integration_1.png\" width=\"288\" height=\"206\" alt=\"\"><br \/>\n\t\t\t\t<span>0:21<\/span><br \/>\n\t\t\t<\/a><\/p>\n<h3>Sistema de soldadura por l\u00e1ser con sistema transportador<\/h3>\n<p class=\"small\">Este sistema es utilizado para las l\u00edneas que trabajan con microcomponentes, tales como tel\u00e9fonos inteligentes y otros.<\/p>\n<\/li>\n<li>\n\t\t\t<a class=\"popup_video\" href=\"#popup_video\"><br \/>\n\t\t\t\t<img loading=\"lazy\" class=\"video_cover\" src=\"\/webroot\/img\/movie\/video_non.png\" width=\"288\" height=\"206\" alt=\"\"><br \/>\n\t\t\t\t<img loading=\"lazy\" src=\"\/webroot\/img\/movie\/integration_2.png\" width=\"288\" height=\"206\" alt=\"\"><br \/>\n\t\t\t\t<span>0:30<\/span><br \/>\n\t\t\t<\/a><\/p>\n<h3>Sistema compacto de soldadura por l\u00e1ser<\/h3>\n<p class=\"small\">Nuestro \u00faltimo sistema de soldadura por l\u00e1ser con sistema transportador Utiliza la funci\u00f3n patentada de diagn\u00f3stico y disparo del l\u00e1ser mediante una c\u00e1mara CCD.<\/p>\n<\/li>\n<\/ul><\/div>\n<div class=\"technique_link_wrap\">\n<div class=\"technique_link\">\n<p>3 M\u00e9todos disponibles<\/p>\n<div class=\"link_wrap\">\n\t\t\t<span class=\"link\" href=\"\/es\/technique\/soldering.php\">Punta<\/span><br \/>\n\t\t\t<span class=\"link\" href=\"\/es\/technique\/laser.php\">L\u00e1ser<\/span><br \/>\n\t\t\t<span class=\"link\" href=\"\/es\/technique\/supersonic.php\">Ultras\u00f3nica<\/span>\n\t\t<\/div>\n<\/p><\/div>\n<div class=\"technique_link_hidden_area\">\n<div class=\"technique_link_explanation\">\n<h2>&#8211; El m\u00e9todo de soldadura m\u00e1s antiguo, con cientos de a\u00f1os de historia &#8211;<\/h2>\n<p>Entre todos los m\u00e9todos, la soldadura por contacto es la t\u00e9cnica con la historia m\u00e1s larga y, desde el punto de vista t\u00e9cnico, la mejor establecida. Se llevaba a cabo a mano por los operadores de soldadura, pero en los \u00faltimos a\u00f1os los robots han avanzado r\u00e1pidamente su automatizaci\u00f3n y racionalizaci\u00f3n.<\/p>\n<p>\t\t\t<a target=\"_blank\" href=\"\/es\/method\/iron_tips.php\">LEER M\u00c1S<\/a>\n\t\t<\/div>\n<div class=\"technique_link_explanation\">\n<h2>&#8211; El m\u00e9todo de soldadura m\u00e1s reciente que est\u00e1 obteniendo gran reputaci\u00f3n mundial &#8211;<\/h2>\n<p>La soldadura por l\u00e1ser est\u00e1 atrayendo la atenci\u00f3n como un m\u00e9todo nuevo. Sin embargo, el principio de aplicaci\u00f3n de calor y otros aspectos difieren de la de la soldadura por punta. De ah\u00ed que la soldadura por punta no se pueda reemplazar con facilidad.<\/p>\n<p>La precauci\u00f3n es necesaria, ya que los beneficios de la t\u00e9cnica l\u00e1ser pueden perderse si no se utiliza correctamente aplicando el conocimiento de las caracter\u00edsticas de la soldadura por l\u00e1ser.<\/p>\n<p>\t\t\t<a target=\"_blank\" href=\"\/es\/method\/laser.php\">LEER M\u00c1S<\/a><\/p><\/div>\n<div class=\"technique_link_explanation\">\n<h2>-Los ultrasonidos dan la vuelta al conocimiento convencional. Soldadura incluso sobre vidrio o cer\u00e1mica-<\/h2>\n<p>La soldadura convencional b\u00e1sicamente consiste en la uni\u00f3n de la soldadura (esta\u00f1o) con un sustrato met\u00e1lico. El soldeo ultras\u00f3nico es una t\u00e9cnica avanzada que permite a la soldadura unirse al vidrio o a los materiales no met\u00e1licos.<\/p>\n<p>Al igual que las fuentes de energ\u00eda renovable est\u00e1n logrando un uso generalizado en todo el mundo.<\/p>\n<p>\t\t\t<a target=\"_blank\" href=\"\/es\/method\/ultrasonic.php\">LEER M\u00c1S<\/a>\n\t\t<\/div>\n<\/p><\/div>\n<\/div>\n","protected":false},"excerpt":{"rendered":"<p>SISTEMA DE AUTOMATIZACI\u00d3N COMPLETA O PARCIALMENTE.Nuestros expertos le ofrecer\u00e1n apoyo, desde los dise\u00f1os de a [&hellip;]<\/p>\n","protected":false},"author":1,"featured_media":625,"parent":17,"menu_order":15,"comment_status":"closed","ping_status":"closed","template":"","meta":[],"acf":[],"_links":{"self":[{"href":"https:\/\/www.japanunix.com\/es\/wp-json\/wp\/v2\/pages\/67"}],"collection":[{"href":"https:\/\/www.japanunix.com\/es\/wp-json\/wp\/v2\/pages"}],"about":[{"href":"https:\/\/www.japanunix.com\/es\/wp-json\/wp\/v2\/types\/page"}],"author":[{"embeddable":true,"href":"https:\/\/www.japanunix.com\/es\/wp-json\/wp\/v2\/users\/1"}],"replies":[{"embeddable":true,"href":"https:\/\/www.japanunix.com\/es\/wp-json\/wp\/v2\/comments?post=67"}],"version-history":[{"count":9,"href":"https:\/\/www.japanunix.com\/es\/wp-json\/wp\/v2\/pages\/67\/revisions"}],"predecessor-version":[{"id":1063,"href":"https:\/\/www.japanunix.com\/es\/wp-json\/wp\/v2\/pages\/67\/revisions\/1063"}],"up":[{"embeddable":true,"href":"https:\/\/www.japanunix.com\/es\/wp-json\/wp\/v2\/pages\/17"}],"wp:featuredmedia":[{"embeddable":true,"href":"https:\/\/www.japanunix.com\/es\/wp-json\/wp\/v2\/media\/625"}],"wp:attachment":[{"href":"https:\/\/www.japanunix.com\/es\/wp-json\/wp\/v2\/media?parent=67"}],"curies":[{"name":"wp","href":"https:\/\/api.w.org\/{rel}","templated":true}]}}