{"id":61,"date":"2016-08-23T11:32:08","date_gmt":"2016-08-23T02:32:08","guid":{"rendered":"http:\/\/cms.japanunix.com\/wp\/?page_id=61"},"modified":"2022-04-25T17:06:37","modified_gmt":"2022-04-25T08:06:37","slug":"dfseries","status":"publish","type":"page","link":"https:\/\/www.japanunix.com\/es\/products\/automation\/desktop-soldering-robot\/dfseries\/","title":{"rendered":"Serie DF"},"content":{"rendered":"<div class=\"section_1 section_1df section\">\n<h1><img loading=\"lazy\" src=\"\/webroot\/img\/products\/automation\/solder_meister_logo.png\" width=\"342\" height=\"23\" alt=\"SOLDER MEISTER\"> <\/h1>\n<div class=\"txt_only_section\">\n<h2>Nueva generaci\u00f3n de robots de soldadura de escritorio para la Industria 4.0 y el Internet de las cosas.<br \/>La serie UNIX-DF ha mejorado sus funciones de red y su movimiento rob\u00f3tico.<br \/>\n<\/h2>\n<p>Tres tipos, seg\u00fan el tama\u00f1o del circuito impreso. Tambi\u00e9n est\u00e1n optimizados y son aplicables para la soldadura por l\u00e1ser.<br \/>Se puede conectar con la red, que puede visualizar el proceso de soldadura y el resultado. <br \/>Los dos ejes adicionales mejoran los \u00e1ngulos de penetraci\u00f3n y giran el circuito impreso, lo que hace que se pueda soldar componentes dif\u00edciles.<\/p>\n<\/p><\/div>\n<ul class=\"product_list\">\n<li>\n<h2>UNIX-DF204S<\/h2>\n<p>\t\t\t<a class=\"fancybox\" href=\"\/webroot\/img\/products\/automation\/scale\/UNIX-DF204S.jpg\"><br \/>\n\t\t\t\t<img loading=\"lazy\" src=\"\/webroot\/img\/products\/automation\/410series\/DF\/img_df204s.png\" width=\"246\" height=\"286\" alt=\"UNIX-DF204S\"><br \/>\n\t\t\t<\/a><\/p>\n<h3>Tipo compacto<\/h3>\n<ul>\n<li>\u30fb\u00c1rea de trabajo: 200 mm x 210 mm<\/li>\n<li>\u30fbCalentador nuevo y mejorado<\/li>\n<li>\u30fbLAN (Ethernet), puerto COM<\/li>\n<li>\u30fbEje X, Y: 600 mm\/s<\/li>\n<li>\u30fbEje Z: 250 mm\/s<\/li>\n<li>\u30fbControlador de soldadura por separado<\/li>\n<\/ul>\n<\/li>\n<li>\n<h2>UNIX-DF304S<\/h2>\n<p>\t\t\t<a class=\"fancybox\" href=\"\/webroot\/img\/products\/automation\/scale\/UNIX-DF304S.jpg\"><br \/>\n\t\t\t\t<img loading=\"lazy\" src=\"\/webroot\/img\/products\/automation\/410series\/DF\/img_df304s.png\" width=\"246\" height=\"286\" alt=\"UNIX-DF304S\"><br \/>\n\t\t\t<\/a><\/p>\n<h3>Tipo medio<\/h3>\n<ul>\n<li>\u30fb\u00c1rea de trabajo: 300 mm x 275 mm<\/li>\n<li>\u30fbCalentador nuevo y mejorado<\/li>\n<li>\u30fbLAN (Ethernet), puerto COM<\/li>\n<li>\u30fbEje X, Y: 900 mm\/s<\/li>\n<li>\u30fbEje Z: 400 mm\/s<\/li>\n<li>\u30fbControlador de soldadura incorporado<\/li>\n<\/ul>\n<\/li>\n<li>\n<h2>UNIX-DF404S<\/h2>\n<p>\t\t\t<a class=\"fancybox\" href=\"\/webroot\/img\/products\/automation\/scale\/UNIX-DF404S.jpg\"><br \/>\n\t\t\t\t<img loading=\"lazy\" src=\"\/webroot\/img\/products\/automation\/410series\/DF\/img_df404s.png\" width=\"246\" height=\"286\" alt=\"UNIX-DF404S\"><br \/>\n\t\t\t<\/a><\/p>\n<h3>Tipo ancho<\/h3>\n<ul>\n<li>\u30fb\u00c1rea de trabajo: 400 mm \u00d7 365 mm<\/li>\n<li>\u30fbCompatible con circuitos impresos de tama\u00f1o M<\/li>\n<li>\u30fbCalentador nuevo y mejorado<\/li>\n<li>\u30fbLAN (Ethernet), puerto COM<\/li>\n<li>\u30fbEje X, Y: 900 mm\/s<\/li>\n<li>\u30fbEje Z: 400 mm\/s<\/li>\n<li>\u30fbControlador de soldadura incorporado<\/li>\n<\/ul>\n<\/li>\n<\/ul>\n<div class=\"feature_box_df\">\n<h3>Caracter\u00edsticas<\/h3>\n<ul>\n<li>\u30fbEl nuevo calentador mejora el mecanismo de calentamiento y de soldadura.<\/li>\n<li>\u30fbLa productividad mejora mucho al aumentar la rigidez y la velocidad del proceso.<\/li>\n<li>\u30fbConexi\u00f3n a la red para ver el proceso de soldadura en tiempo real.<\/li>\n<li>\u30fbLos dos ejes adicionales permiten simplificar la soldadura de circuitos impresos y componentes complejos.<\/li>\n<li>\u30fbTotalmente equivalente al sistema de soldadura por l\u00e1ser.<\/li>\n<\/ul><\/div>\n<h2>Especificaciones de la soldadura l\u00e1ser<\/h2>\n<ul class=\"product_list\">\n<li>\n<h2>UNIX-DF203L<\/h2>\n<p>\t\t\t<a class=\"fancybox\" href=\"\/webroot\/img\/products\/automation\/scale\/UNIX-DF203L.jpg\"><br \/>\n\t\t\t\t<img loading=\"lazy\" src=\"\/webroot\/img\/products\/automation\/410series\/DF\/img_df203l.png\" width=\"246\" height=\"286\" alt=\"UNIX-DF203L\"><br \/>\n\t\t\t<\/a>\n\t\t<\/li>\n<li>\n<h2>UNIX-DF303L<\/h2>\n<p>\t\t\t<a class=\"fancybox\" href=\"\/webroot\/img\/products\/automation\/scale\/UNIX-DF303L.jpg\"><br \/>\n\t\t\t\t<img loading=\"lazy\" src=\"\/webroot\/img\/products\/automation\/410series\/DF\/img_df303l.png\" width=\"246\" height=\"286\" alt=\"UNIX-DF303L\"><br \/>\n\t\t\t<\/a>\n\t\t<\/li>\n<li>\n<h2>UNIX-DF403L<\/h2>\n<p>\t\t\t<a class=\"fancybox\" href=\"\/webroot\/img\/products\/automation\/scale\/UNIX-DF403L.jpg\"><br \/>\n\t\t\t\t<img loading=\"lazy\" src=\"\/webroot\/img\/products\/automation\/410series\/DF\/img_df403l.png\" width=\"246\" height=\"286\" alt=\"UNIX-DF403L\"><br \/>\n\t\t\t<\/a>\n\t\t<\/li>\n<\/ul>\n<\/div>\n<div class=\"section option_section\">\n\t<span class=\"label\">OPTION<\/span><\/p>\n<h2>Logro 1) Funciones de red mejoradas para la Industria 4.0<\/h2>\n<p>Conexi\u00f3n a la red de la f\u00e1brica y visualizaci\u00f3n de las operaciones en tiempo real.<\/p>\n<div class=\"box\">\n<div class=\"image\">\n\t\t\t<a class=\"fancybox\" href=\"\/webroot\/img\/products\/automation\/410series\/DF\/option\/img_1_large.png\"><br \/>\n\t\t\t\t<img loading=\"lazy\" src=\"\/webroot\/img\/products\/automation\/410series\/DF\/option\/img_1.png\" width=\"380\" height=\"286\" alt=\"Logro 1) Funciones de red mejoradas para la Industria 4.0\"><br \/>\n\t\t\t<\/a><\/p>\n<p>*  La relaci\u00f3n entre la red de la f\u00e1brica y la serie DF.<br \/>El PLC, la LAN y los concentradores son los proporcionados por los clientes.<\/p>\n<\/p><\/div>\n<div class=\"text\">\n<ul>\n<li>\u30fbSe pueden exportar los datos y controlar los procesos externos mediante LAN o puerto COM.<\/li>\n<li>\u30fb<a href=#ex4>El software de monitorizaci\u00f3n<\/a>especial puede monitorizar remotamente el estado de las operaciones.<\/li>\n<li>\u30fbMonitorizar en tiempo real aspectos como el gr\u00e1f. de temp., el estado de la operaci\u00f3n y los errores puede evitar productos defectuosos.<\/li>\n<li>\u30fbLos robots se pueden controlar al conectarlos al PLC y con los comandos de control.<\/li>\n<\/ul><\/div>\n<\/p><\/div>\n<h2>Logro 2) Soldadura 3D y MID<\/h2>\n<p>Los dos ejes adicionales permiten simplificar y flexibilizar la soldadura de circuitos impresos complejos.<\/p>\n<div class=\"box\">\n<div class=\"image\">\n\t\t\t<a class=\"fancybox\" href=\"\/webroot\/img\/products\/automation\/410series\/DF\/option\/img_2_large.png\"><br \/>\n\t\t\t\t<img loading=\"lazy\" src=\"\/webroot\/img\/products\/automation\/410series\/DF\/option\/img_2.png\" width=\"380\" height=\"286\" alt=\"Logro 2) Soldadura 3D y MID\"><br \/>\n\t\t\t<\/a><\/p>\n<p>* Se pueden a\u00f1adir dos ejes al \u00e1rea de trabajo.<\/p>\n<\/p><\/div>\n<div class=\"text\">\n<ul>\n<li>\u30fbSe pueden a\u00f1adir dos ejes. Hay hasta seis ejes disponibles.<\/li>\n<li>\u30fbLa producci\u00f3n por lotes del robot puede controlar completamente los dispositivos externos.<\/li>\n<li>\u30fbVarios movimientos como rotaci\u00f3n de componentes, inversi\u00f3n de circuitos impresos, \u00e1ngulos de la cabeza, rotaci\u00f3n de piezas cil\u00edndricas, supresi\u00f3n de cables, etc.<\/li>\n<li>\u30fbAhorro de espacio y facilidad de configuraci\u00f3n.<\/li>\n<\/ul><\/div>\n<\/p><\/div>\n<h2>Logro 3) El nuevo calentador mejora la productividad.<\/h2>\n<p>Mayor precisi\u00f3n y mejoradas las caracter\u00edsticas de la temperatura.<\/p>\n<div class=\"box\">\n<div class=\"image\">\n\t\t\t<img loading=\"lazy\" src=\"\/webroot\/img\/products\/automation\/410series\/DF\/option\/img_3_es.png\" width=\"380\" height=\"286\" alt=\"Logro 3) El nuevo calentador mejora la productividad.\">\n\t\t<\/div>\n<div class=\"text\">\n<ul>\n<li>\u30fbMedici\u00f3n mucho m\u00e1s precisa de la temperatura mediante la colocaci\u00f3n del sensor de calor en el extremo de la punta.<\/li>\n<li>\u30fbLa recuperaci\u00f3n r\u00e1pida de la temp. permite una mayor eficiencia operativa.<\/li>\n<li>\u30fbEl calentador y la punta est\u00e1n separados y pueden reemplazarse individualmente.<\/li>\n<li>\u30fbLa funci\u00f3n Poka Yoke evita cometer errores en la instalaci\u00f3n de una punta de soldadura y en su direcci\u00f3n.<\/li>\n<\/ul><\/div>\n<\/p><\/div>\n<div class=\"box\">\n\t\t<a class=\"fancybox\" href=\"\/webroot\/img\/products\/automation\/410series\/DF\/option\/img_4_large_es.png\"><br \/>\n\t\t\t<img loading=\"lazy\" src=\"\/webroot\/img\/products\/automation\/410series\/DF\/option\/img_4_es.png\" width=\"790\" height=\"286\" alt=\"Ventajas de un nuevo calentador\"><br \/>\n\t\t<\/a>\n\t<\/div>\n<p>Facilidad para cambiar la selecci\u00f3n de programas en la caja del interruptor<\/p>\n<div class=\"box2\">\n<div class=\"image\">\n\t\t\t<img loading=\"lazy\" src=\"\/webroot\/img\/products\/automation\/410series\/DF\/option\/img_5.png\" width=\"380\" height=\"286\" alt=\"Facilidad para cambiar la selecci\u00f3n de programas en la caja del interruptor\"><\/p>\n<p>* El interruptor central puede cambiar los programas r\u00e1pidamente.<\/p>\n<\/p><\/div>\n<div class=\"text\">\n<ul>\n<li>\u30fbSelector de un toque en la caja del interruptor<\/li>\n<li>\u30fbLos programas arbitrarios se pueden seleccionar y ejecutar f\u00e1cilmente (2 canales)<\/li>\n<\/ul><\/div>\n<\/p><\/div>\n<h2 id=\"ex4\">Logro 4) Para la Industria 4.0. Gesti\u00f3n de datos de todos los procesos de soldadura*<\/h2>\n<p>Al conectar el software DF de monitorizaci\u00f3n, se visualizan y se convierten en datos num\u00e9ricos los diversos procesos de soldadura como la temperatura, la ejecuci\u00f3n de programas.<\/p>\n<div class=\"box\">\n<div class=\"image\">\n\t\t\t<img loading=\"lazy\" src=\"\/webroot\/img\/products\/automation\/410series\/DF\/option\/img_6.png\" width=\"380\" height=\"286\" alt=\"Logro 4) Para la Industria 4.0. Gesti\u00f3n de datos de todos los procesos de soldadura*\">\n\t\t<\/div>\n<div class=\"text\">\n<p>Por ejemplo, al observar la temperatura durante la soldadura, si se produce la ejecuci\u00f3n de un programa o un cambio de temperatura, el sistema de monitorizaci\u00f3n capta la irregularidad y puede avisar de errores.<\/p>\n<p>Adem\u00e1s, al conectarse a internet\/intranet, el sistema puede avisar de errores y enviar alertas al correo electr\u00f3nico registrado. Esta observaci\u00f3n en tiempo real permite responder inmediatamente a errores y defectos de funcionamiento.<\/p>\n<p>Todos los datos se pueden exportar en formato CSV. Varios datos del registro operacional de cada proceso pueden ser \u00fatiles para investigar y explorar para mejorar la productividad.<\/p>\n<p>El software avanzado de gesti\u00f3n de soldadura &#8220;Soldering Manager&#8221; (versi\u00f3n paga) ya est\u00e1 disponible.<\/p>\n<div class=\"btn\"><a href=\"https:\/\/www.japanunix.com\/es\/products\/automation\/soldering_manager\/\">M\u00e1s informaci\u00f3n sobre el<br \/>Soldering Manager<\/a><\/div>\n<\/p><\/div>\n<\/p><\/div>\n<div class=\"video_section\">\n<h2>REFERENZ-VIDEOS<\/h2>\n<ul class=\"video_box_list popup_wrap\">\n<li>\n\t\t\t\t<a class=\"popup_video\" href=\"#popup_video\"><br \/>\n\t\t\t\t\t<img loading=\"lazy\" class=\"video_cover\" src=\"\/webroot\/img\/movie\/video_non.png\" width=\"288\" height=\"206\" alt=\"\" style=\"display: block;\"><br \/>\n\t\t\t\t\t<img loading=\"lazy\" src=\"\/webroot\/img\/products\/automation\/410series\/DF\/option\/video_en.png\" width=\"288\" height=\"206\" alt=\"\"><br \/>\n\t\t\t\t\t<span>2:51<\/span><br \/>\n\t\t\t\t<\/a>\n\t\t\t<\/li>\n<\/ul><\/div>\n<h2 id=\"ex5\">Logro 5) modos de defecto invisible de gesti\u00f3n<\/h2>\n<p>Compatible con UNI-TESTER (opcional)<br \/>\nPara mantener una calidad estable de soldadura, es importante para el control del proceso medir no solo la temperatura de la punta, sino tambi\u00e9n el voltaje de escape de la punta y la resistencia de tierra.<\/p>\n<div class=\"box\">\n<div class=\"image\">\n\t\t\t<img loading=\"lazy\" src=\"\/webroot\/img\/products\/automation\/410series\/DF\/option\/img_7.png\" width=\"380\" height=\"286\" alt=\"Logro 5) modos de defecto invisible de gesti\u00f3n\">\n\t\t<\/div>\n<div class=\"text\">\n<p>La inestabilidad de la temperatura de la punta afecta al acabado de la junta de soldadura. Los voltajes de fuga y transitorios pueden causar da\u00f1os internos en los componentes.<br \/>\nDesde el punto de vista de la protecci\u00f3n del dispositivo, se tiene que medir y asegurar la resistencia entre la punta y tierra.<\/p>\n<p>El UNI-TESTER compatible con IEC-61191-1 (Ed3 \/ 2018) y IPC J-STD-001G puede realizar diferentes medidas y compensaciones autom\u00e1ticas de temperatura de la punta al mismo tiempo.<\/p>\n<div class=\"btn\"><a href=\"https:\/\/www.japanunix.com\/es\/products\/option\/detail\/#tester\">M\u00e1s informaci\u00f3n sobre el<br \/>UNI-TESTER<\/a><\/div>\n<\/p><\/div>\n<\/p><\/div>\n<\/p><\/div>\n<div class=\"section_2 section\">\n<h2>CONFIGURACI\u00d3N EST\u00c1NDAR (para soldadura por punta)<\/h2>\n<ul class=\"list_three_line\">\n<li>\n\t\t\t<img loading=\"lazy\" src=\"\/webroot\/img\/products\/automation\/410series\/DF\/section_2\/img_1.png\" width=\"192\" height=\"204\" alt=\"Controlador integrado\"><\/p>\n<h3>Controlador integrado<\/h3>\n<p>Control del robot y del proceso de soldadura.<\/p>\n<\/li>\n<li>\n\t\t\t<img loading=\"lazy\" src=\"\/webroot\/img\/products\/automation\/410series\/DF\/section_2\/img_2.png\" width=\"192\" height=\"204\" alt=\"Alimentador de precisi\u00f3n\"><\/p>\n<h3>Alimentador de precisi\u00f3n<\/h3>\n<p>Facilidad para cambiar la bobina de soldadura.<\/p>\n<\/li>\n<li>\n<div class=\"include_txt_img negative_margin\">\n\t\t\t\t<img loading=\"lazy\" src=\"\/webroot\/img\/products\/automation\/410series\/DF\/section_2\/img_3.png\" width=\"202\" height=\"204\" alt=\"Alimentador de corte limpio\"><br \/>\n\t\t\t\t<span class=\"patent\">*Patentado<\/span>\n\t\t\t<\/div>\n<h3>Alimentador de corte limpio<\/h3>\n<p>Reduce las salpicaduras del fundentes y la formaci\u00f3n de bolas de soldadura<\/p>\n<\/li>\n<li class=\"clear_both\">\n<div class=\"include_txt_img negative_margin\">\n\t\t\t\t<img loading=\"lazy\" src=\"\/webroot\/img\/products\/automation\/410series\/DF\/section_2\/img_4.png\" width=\"192\" height=\"204\" alt=\"Bloqueo\"><br \/>\n\t\t\t\t<span class=\"patent\">*Patentado<\/span>\n\t\t\t<\/div>\n<h3>Bloqueo<\/h3>\n<p>Asegura una posici\u00f3n de alimentaci\u00f3n estable e impide el deslizamiento<\/p>\n<\/li>\n<li>\n\t\t\t<img loading=\"lazy\" src=\"\/webroot\/img\/products\/automation\/410series\/DF\/section_2\/img_5.png\" width=\"192\" height=\"204\" alt=\"Limpiador de puntas\"><\/p>\n<h3>Limpiador de puntas<\/h3>\n<p>Por purga de aire<\/p>\n<\/li>\n<li>\n\t\t\t<img loading=\"lazy\" src=\"\/webroot\/img\/products\/automation\/410series\/DF\/section_2\/img_6.png\" width=\"192\" height=\"204\" alt=\"Calefactor y regulador de temperatura\"><\/p>\n<h3>Calefactor y regulador de temperatura<\/h3>\n<p>Calefactor especial y regulador de temperatura con sensor CA incorporado<\/p>\n<\/li>\n<li class=\"clear_both last\">\n<div class=\"include_txt_img negative_margin\">\n\t\t\t\t<img loading=\"lazy\" src=\"\/webroot\/img\/products\/automation\/410series\/DF\/section_2\/img_7.png\" width=\"192\" height=\"204\" alt=\"Cabezal de soldadura\"><br \/>\n\t\t\t\t<span class=\"patent\">*Patentado<\/span>\n\t\t\t<\/div>\n<h3>Cabezal de soldadura<\/h3>\n<p>Facilidad para sustituir las puntas y el calentador en menos de 1 minuto.<\/p>\n<\/li>\n<li class=\"last\">\n\t\t\t<img loading=\"lazy\" src=\"\/webroot\/img\/products\/automation\/410series\/DF\/section_2\/img_8.png\" width=\"192\" height=\"204\" alt=\"Consola de programaci\u00f3n\"><\/p>\n<h3>Consola de programaci\u00f3n<\/h3>\n<p>Sencillo y de f\u00e1cil uso para todos los p\u00fablicos<\/p>\n<\/li>\n<\/ul>\n<\/div>\n<div class=\"section warning_section\">\n<div class=\"top_section\">\n<h2>CONSUMIBLES (puntas soldadoras)<\/h2>\n<p>Seleccione el m\u00e1s adecuado de entre m\u00e1s de 2,500 tipos<\/p>\n<p>La selecci\u00f3n de una punta soldadora apropiada es la clave para obtener unos resultados adecuados.La punta debe seleccionarse en funci\u00f3n de una variedad de factores tales como: el material de la placa del circuito, los elementos y su tama\u00f1o.Japan Unix dispone de una alta gama de puntas de alto rendimiento para soldadores desarrolladas para la automatizaci\u00f3n.Los pedidos personalizados al fabricante tambi\u00e9n est\u00e1n disponibles para trabajos exclusivos.<\/p>\n<\/p><\/div>\n<p>\t\t<img loading=\"lazy\" class=\"soldering_img\" src=\"\/webroot\/img\/products\/automation\/700series\/700V\/section_3\/img.png\" width=\"192\" height=\"204\" alt=\"\"><\/p>\n<div class=\"right_section\">\n\t\t<img loading=\"lazy\" src=\"\/webroot\/img\/products\/automation\/700series\/700V\/section_3\/warning.png\" width=\"54\" height=\"62\" alt=\"WARNING\"><\/p>\n<p>*TENGA CUIDADO CON LAS FALSIFICACIONES.<br \/>A trav\u00e9s de Internet es f\u00e1cil encontrarse con puntas de soldadura falsificadas, distribuidores no autorizados, etc. Por favor, tenga cuidado y no se deje enga\u00f1ar por estas pr\u00e1cticas.<\/p>\n<p>\t\t<a target=\"_blank\" href=\"\/es\/products\/attention.php\">M\u00e1s informaci\u00f3n<\/a>\n\t<\/div>\n<\/div>\n<div class=\"option_slider_section section\">\n<h2>Opciones complementarias<\/h2>\n<p class=\"txt\">Haciendo uso de nuestra amplia gama de opciones complementarias para hacer las cosas m\u00e1s r\u00e1pido y con mayor calidad y precisi\u00f3n.<\/p>\n<div class=\"slide_wrap\">\n<div class=\"slide_view\">\n<ul class=\"list_options\">\n<li>\n                    <a href=\"\/es\/products\/option\/option_detail_1.php#lockon\"><img loading=\"lazy\" src=\"\/webroot\/img\/products\/automation\/410series\/DF\/slide_img\/img1.png\" width=\"157\" height=\"157\" alt=\"Bloqueo\"><\/a><\/p>\n<h3>Bloqueo<\/h3>\n<p>Previene problemas de alineaci\u00f3n de la alimentaci\u00f3n<\/p>\n<\/li>\n<li>\n                    <a href=\"\/es\/products\/option\/option_detail_1.php#clean_cut\"><img loading=\"lazy\" src=\"\/webroot\/img\/products\/automation\/410series\/DF\/slide_img\/img2.png\" width=\"157\" height=\"157\" alt=\"Alimentador de corte limpio\"><\/a><\/p>\n<h3>Alimentador de corte limpio<\/h3>\n<p>Reduce las salpicaduras y la bolas de soldadura<\/p>\n<\/li>\n<li>\n                    <a href=\"\/es\/products\/option\/option_detail_1.php#position_revise\"><img loading=\"lazy\" src=\"\/webroot\/img\/products\/automation\/700series\/700S\/slide_img\/img4.png\" width=\"157\" height=\"157\" alt=\"Dispositivo de calibraci\u00f3n\"><\/a><\/p>\n<h3>Dispositivo de calibraci\u00f3n<\/h3>\n<p>Ajusta de forma autom\u00e1tica la desviaci\u00f3n de la posici\u00f3n de la punta<\/p>\n<\/li>\n<li>\n                    <a href=\"\/es\/products\/option\/option_detail_2.php#sending_device\"><img loading=\"lazy\" src=\"\/webroot\/img\/products\/automation\/700series\/700H\/slide_img\/img2.png\" width=\"157\" height=\"157\" alt=\"Alimentador de precisi\u00f3n\"><\/a><\/p>\n<h3>Alimentador de precisi\u00f3n<\/h3>\n<p>Adecuado para una soldadura ultra precisa<\/p>\n<\/li>\n<li>\n                    <a href=\"\/es\/products\/laser\/unit_laser.php\"><img loading=\"lazy\" src=\"\/webroot\/img\/products\/automation\/410series\/DF\/slide_img\/img5.png\" width=\"157\" height=\"157\" alt=\"Unidad l\u00e1ser\"><\/a><\/p>\n<h3>Unidad l\u00e1ser<\/h3>\n<p>Soldadura por rayo l\u00e1ser sin contacto<\/p>\n<\/li>\n<\/ul><\/div>\n<div class=\"slide_btn_wrapper\">\n\t        <a href=\"#\" class=\"option_slide_prev\"><span>prev<\/span><\/a><br \/>\n\t\t\t<a href=\"#\" class=\"option_slide_next\"><span>next<\/span><\/a>\n\t\t<\/div>\n<\/p><\/div>\n<\/div>\n<div class=\"technique_link_wrap\">\n<div class=\"technique_link\">\n<p>3 M\u00e9todos disponibles<\/p>\n<div class=\"link_wrap\">\n\t\t\t<span class=\"link\" href=\"\/es\/technique\/soldering.php\">Punta<\/span><br \/>\n\t\t\t<span class=\"link\" href=\"\/es\/technique\/laser.php\">L\u00e1ser<\/span><br \/>\n\t\t\t<span class=\"link\" href=\"\/es\/technique\/supersonic.php\">Ultras\u00f3nica<\/span>\n\t\t<\/div>\n<\/p><\/div>\n<div class=\"technique_link_hidden_area\">\n<div class=\"technique_link_explanation\">\n<h2>&#8211; El m\u00e9todo de soldadura m\u00e1s antiguo, con cientos de a\u00f1os de historia &#8211;<\/h2>\n<p>Entre todos los m\u00e9todos, la soldadura por contacto es la t\u00e9cnica con la historia m\u00e1s larga y, desde el punto de vista t\u00e9cnico, la mejor establecida. Se llevaba a cabo a mano por los operadores de soldadura, pero en los \u00faltimos a\u00f1os los robots han avanzado r\u00e1pidamente su automatizaci\u00f3n y racionalizaci\u00f3n.<\/p>\n<p>\t\t\t<a target=\"_blank\" href=\"\/es\/method\/iron_tips.php\">LEER M\u00c1S<\/a>\n\t\t<\/div>\n<div class=\"technique_link_explanation\">\n<h2>&#8211; El m\u00e9todo de soldadura m\u00e1s reciente que est\u00e1 obteniendo gran reputaci\u00f3n mundial &#8211;<\/h2>\n<p>La soldadura por l\u00e1ser est\u00e1 atrayendo la atenci\u00f3n como un m\u00e9todo nuevo. Sin embargo, el principio de aplicaci\u00f3n de calor y otros aspectos difieren de la de la soldadura por punta. De ah\u00ed que la soldadura por punta no se pueda reemplazar con facilidad.<\/p>\n<p>La precauci\u00f3n es necesaria, ya que los beneficios de la t\u00e9cnica l\u00e1ser pueden perderse si no se utiliza correctamente aplicando el conocimiento de las caracter\u00edsticas de la soldadura por l\u00e1ser.<\/p>\n<p>\t\t\t<a target=\"_blank\" href=\"\/es\/method\/laser.php\">LEER M\u00c1S<\/a><\/p><\/div>\n<div class=\"technique_link_explanation\">\n<h2>-Los ultrasonidos dan la vuelta al conocimiento convencional. Soldadura incluso sobre vidrio o cer\u00e1mica-<\/h2>\n<p>La soldadura convencional b\u00e1sicamente consiste en la uni\u00f3n de la soldadura (esta\u00f1o) con un sustrato met\u00e1lico. El soldeo ultras\u00f3nico es una t\u00e9cnica avanzada que permite a la soldadura unirse al vidrio o a los materiales no met\u00e1licos.<\/p>\n<p>Al igual que las fuentes de energ\u00eda renovable est\u00e1n logrando un uso generalizado en todo el mundo.<\/p>\n<p>\t\t\t<a target=\"_blank\" href=\"\/es\/method\/ultrasonic.php\">LEER M\u00c1S<\/a>\n\t\t<\/div>\n<\/p><\/div>\n<\/div>\n","protected":false},"excerpt":{"rendered":"<p>Nueva generaci\u00f3n de robots de soldadura de escritorio para la Industria 4.0 y el Internet de las cosas.La seri [&hellip;]<\/p>\n","protected":false},"author":1,"featured_media":590,"parent":59,"menu_order":12,"comment_status":"closed","ping_status":"closed","template":"","meta":[],"acf":[],"_links":{"self":[{"href":"https:\/\/www.japanunix.com\/es\/wp-json\/wp\/v2\/pages\/61"}],"collection":[{"href":"https:\/\/www.japanunix.com\/es\/wp-json\/wp\/v2\/pages"}],"about":[{"href":"https:\/\/www.japanunix.com\/es\/wp-json\/wp\/v2\/types\/page"}],"author":[{"embeddable":true,"href":"https:\/\/www.japanunix.com\/es\/wp-json\/wp\/v2\/users\/1"}],"replies":[{"embeddable":true,"href":"https:\/\/www.japanunix.com\/es\/wp-json\/wp\/v2\/comments?post=61"}],"version-history":[{"count":31,"href":"https:\/\/www.japanunix.com\/es\/wp-json\/wp\/v2\/pages\/61\/revisions"}],"predecessor-version":[{"id":1075,"href":"https:\/\/www.japanunix.com\/es\/wp-json\/wp\/v2\/pages\/61\/revisions\/1075"}],"up":[{"embeddable":true,"href":"https:\/\/www.japanunix.com\/es\/wp-json\/wp\/v2\/pages\/59"}],"wp:featuredmedia":[{"embeddable":true,"href":"https:\/\/www.japanunix.com\/es\/wp-json\/wp\/v2\/media\/590"}],"wp:attachment":[{"href":"https:\/\/www.japanunix.com\/es\/wp-json\/wp\/v2\/media?parent=61"}],"curies":[{"name":"wp","href":"https:\/\/api.w.org\/{rel}","templated":true}]}}