{"id":59,"date":"2016-08-23T11:31:15","date_gmt":"2016-08-23T02:31:15","guid":{"rendered":"http:\/\/cms.japanunix.com\/wp\/?page_id=59"},"modified":"2021-10-08T20:07:31","modified_gmt":"2021-10-08T11:07:31","slug":"desktop-soldering-robot","status":"publish","type":"page","link":"https:\/\/www.japanunix.com\/es\/products\/automation\/desktop-soldering-robot\/","title":{"rendered":"Robot en sobremesa"},"content":{"rendered":"<div class=\"section_1 section\">\n<div class=\"txt_only_section\">\n<h1>DESKTOP SOLDERING ROBOT<\/h1>\n<p>\t<img loading=\"lazy\" src=\"\/webroot\/img\/products\/automation\/solder_meister_logo.png\" width=\"342\" height=\"23\" alt=\"SOLDER MEISTER\"><\/p>\n<h2>ROBOT DE SOBREMESA DE 4 EJES PARA LA SOLDADURA SELECTIVA, UNIX-410S\/G<\/h2>\n<p>Robot de sobremesa universal para soldadura selectiva<br \/>Ofrecidos en una extensa gama de modelos y con un historial demostrado de \u00e9xito, nuestros robots de sobremesa permiten un f\u00e1cil manejo: configurelos una sola vez y luego los operadores solo tendr\u00e1n que pulsar el bot\u00f3n y dejar que el robot haga el resto<\/p>\n<\/p><\/div>\n<ul class=\"product_list\">\n<li>\n<div class=\"include_txt_img negative_margin\">\n\t\t\t\t<a href=\"https:\/\/www.japanunix.com\/es\/products\/automation\/desktop-soldering-robot\/dfseries\/\"><br \/>\n\t\t\t\t\t<img loading=\"lazy\" src=\"\/webroot\/img\/products\/automation\/410series\/top\/DF.png\" width=\"204\" height=\"230\" alt=\"DESKTOP SOLDERING ROBOT\"><br \/>\n\t\t\t\t\t<span class=\"product_name\">Serie UNIX-DF<\/span><br \/>\n\t\t\t\t<\/a>\n\t\t\t<\/div>\n<p>Avanzado robot de soldadura para la Industria 4.0.<br \/>Mejora la productividad, las funciones de red y la usabilidad. Dispone de un maximo de 6 ejes y dos ejes adicionales, lo que hace que sea posible soldar de forma automatica incluso lo mas dificil.<\/p>\n<\/li>\n<li class=\"last\">\n<div class=\"include_txt_img negative_margin\">\n\t\t\t\t\t<img loading=\"lazy\" src=\"\/webroot\/img\/products\/automation\/410series\/top\/410R.png\" width=\"204\" height=\"230\" alt=\"DESKTOP SOLDERING ROBOT\"><br \/>\n\t\t\t\t\t<span class=\"product_name\">Serie UNIX-410G<\/span>\n\t\t\t<\/div>\n<p>Nuestros robots de soldadura m\u00e1s vendidos en el mundo y en numerosas industrias a lo largo de los a\u00f1os.Cualquiera puede instalarlo e iniciarlo de forma r\u00e1pida.<\/p>\n<\/li>\n<\/ul>\n<\/div>\n<div class=\"technique_link_wrap\">\n<div class=\"technique_link\">\n<p>3 M\u00e9todos disponibles<\/p>\n<div class=\"link_wrap\">\n\t\t\t<span class=\"link\" href=\"\/es\/technique\/soldering.php\">Punta<\/span><br \/>\n\t\t\t<span class=\"link\" href=\"\/es\/technique\/laser.php\">L\u00e1ser<\/span><br \/>\n\t\t\t<span class=\"link\" href=\"\/es\/technique\/supersonic.php\">Ultras\u00f3nica<\/span>\n\t\t<\/div>\n<\/p><\/div>\n<div class=\"technique_link_hidden_area\">\n<div class=\"technique_link_explanation\">\n<h2>&#8211; El m\u00e9todo de soldadura m\u00e1s antiguo, con cientos de a\u00f1os de historia &#8211;<\/h2>\n<p>Entre todos los m\u00e9todos, la soldadura por contacto es la t\u00e9cnica con la historia m\u00e1s larga y, desde el punto de vista t\u00e9cnico, la mejor establecida. Se llevaba a cabo a mano por los operadores de soldadura, pero en los \u00faltimos a\u00f1os los robots han avanzado r\u00e1pidamente su automatizaci\u00f3n y racionalizaci\u00f3n.<\/p>\n<p>\t\t\t<a target=\"_blank\" href=\"\/es\/method\/iron_tips.php\">LEER M\u00c1S<\/a>\n\t\t<\/div>\n<div class=\"technique_link_explanation\">\n<h2>&#8211; El m\u00e9todo de soldadura m\u00e1s reciente que est\u00e1 obteniendo gran reputaci\u00f3n mundial &#8211;<\/h2>\n<p>La soldadura por l\u00e1ser est\u00e1 atrayendo la atenci\u00f3n como un m\u00e9todo nuevo. Sin embargo, el principio de aplicaci\u00f3n de calor y otros aspectos difieren de la de la soldadura por punta. De ah\u00ed que la soldadura por punta no se pueda reemplazar con facilidad.<\/p>\n<p>La precauci\u00f3n es necesaria, ya que los beneficios de la t\u00e9cnica l\u00e1ser pueden perderse si no se utiliza correctamente aplicando el conocimiento de las caracter\u00edsticas de la soldadura por l\u00e1ser.<\/p>\n<p>\t\t\t<a target=\"_blank\" href=\"\/es\/method\/laser.php\">LEER M\u00c1S<\/a><\/p><\/div>\n<div class=\"technique_link_explanation\">\n<h2>-Los ultrasonidos dan la vuelta al conocimiento convencional. Soldadura incluso sobre vidrio o cer\u00e1mica-<\/h2>\n<p>La soldadura convencional b\u00e1sicamente consiste en la uni\u00f3n de la soldadura (esta\u00f1o) con un sustrato met\u00e1lico. El soldeo ultras\u00f3nico es una t\u00e9cnica avanzada que permite a la soldadura unirse al vidrio o a los materiales no met\u00e1licos.<\/p>\n<p>Al igual que las fuentes de energ\u00eda renovable est\u00e1n logrando un uso generalizado en todo el mundo.<\/p>\n<p>\t\t\t<a target=\"_blank\" href=\"\/es\/method\/ultrasonic.php\">LEER M\u00c1S<\/a>\n\t\t<\/div>\n<\/p><\/div>\n<\/div>\n<div class=\"video_section\">\n<h2>REFERENZ-VIDEOS<\/h2>\n<ul class=\"video_box_list popup_wrap\">\n<li>\n\t\t\t<a class=\"popup_video\" href=\"#popup_video\"><br \/>\n\t\t\t\t<img loading=\"lazy\" class=\"video_cover\" src=\"\/webroot\/img\/movie\/video_non.png\" width=\"288\" height=\"206\" alt=\"\"><br \/>\n\t\t\t\t<img loading=\"lazy\" src=\"\/webroot\/img\/movie\/410sr_1.png\" width=\"288\" height=\"206\" alt=\"\"><br \/>\n\t\t\t\t<span>0:21<\/span><br \/>\n\t\t\t<\/a><\/p>\n<h3>Soldadura por punto de alta velocidad<\/h3>\n<p class=\"small\">Un robot especializado que permite una alta velocidad y una soldadura precisa. Los b\u00e1sicos de la automatizaci\u00f3n de la soldadura.<\/p>\n<\/li>\n<li>\n\t\t\t<a class=\"popup_video\" href=\"#popup_video\"><br \/>\n\t\t\t\t<img loading=\"lazy\" class=\"video_cover\" src=\"\/webroot\/img\/movie\/video_non.png\" width=\"288\" height=\"206\" alt=\"\"><br \/>\n\t\t\t\t<img loading=\"lazy\" src=\"\/webroot\/img\/movie\/410sr_2.png\" width=\"288\" height=\"206\" alt=\"\"><br \/>\n\t\t\t\t<span>0:24<\/span><br \/>\n\t\t\t<\/a><\/p>\n<h3>Soldadura lineal de conexiones en placa de circuito<\/h3>\n<p class=\"small\">El v\u00eddeo muestra la t\u00e9cnica de soldadura lineal con un robot<\/p>\n<\/li>\n<\/ul><\/div>\n<div class=\"contact_short_section\">\n<div class=\"contact_contents\">\n<div class=\"address\">\n<p>2-21-25, Akasaka, Minato city, Tokio, JAP\u00d3N<\/p>\n<p>Llame al: +81-3-3588-0551<\/p>\n<\/p><\/div>\n<p>\t\t<a href=\"\/es\/contact\/contact.php\">CONTACTO<\/a>\n   \t<\/div>\n<\/div>\n","protected":false},"excerpt":{"rendered":"<p>DESKTOP SOLDERING ROBOT ROBOT DE SOBREMESA DE 4 EJES PARA LA SOLDADURA SELECTIVA, UNIX-410S\/G Robot de sobreme [&hellip;]<\/p>\n","protected":false},"author":1,"featured_media":0,"parent":17,"menu_order":11,"comment_status":"closed","ping_status":"closed","template":"","meta":[],"acf":[],"_links":{"self":[{"href":"https:\/\/www.japanunix.com\/es\/wp-json\/wp\/v2\/pages\/59"}],"collection":[{"href":"https:\/\/www.japanunix.com\/es\/wp-json\/wp\/v2\/pages"}],"about":[{"href":"https:\/\/www.japanunix.com\/es\/wp-json\/wp\/v2\/types\/page"}],"author":[{"embeddable":true,"href":"https:\/\/www.japanunix.com\/es\/wp-json\/wp\/v2\/users\/1"}],"replies":[{"embeddable":true,"href":"https:\/\/www.japanunix.com\/es\/wp-json\/wp\/v2\/comments?post=59"}],"version-history":[{"count":11,"href":"https:\/\/www.japanunix.com\/es\/wp-json\/wp\/v2\/pages\/59\/revisions"}],"predecessor-version":[{"id":1068,"href":"https:\/\/www.japanunix.com\/es\/wp-json\/wp\/v2\/pages\/59\/revisions\/1068"}],"up":[{"embeddable":true,"href":"https:\/\/www.japanunix.com\/es\/wp-json\/wp\/v2\/pages\/17"}],"wp:attachment":[{"href":"https:\/\/www.japanunix.com\/es\/wp-json\/wp\/v2\/media?parent=59"}],"curies":[{"name":"wp","href":"https:\/\/api.w.org\/{rel}","templated":true}]}}