{"id":57,"date":"2016-08-23T11:30:32","date_gmt":"2016-08-23T02:30:32","guid":{"rendered":"http:\/\/cms.japanunix.com\/wp\/?page_id=57"},"modified":"2021-10-08T20:11:26","modified_gmt":"2021-10-08T11:11:26","slug":"horizontal","status":"publish","type":"page","link":"https:\/\/www.japanunix.com\/es\/products\/automation\/multi-axes-soldering-robot\/horizontal\/","title":{"rendered":"UNIX-HFR"},"content":{"rendered":"<div class=\"section_1 section\">\n<h1><img loading=\"lazy\" src=\"\/webroot\/img\/products\/automation\/solder_meister_logo.png\" width=\"342\" height=\"23\" alt=\"SOLDER MEISTER\"> <\/h1>\n<h2>ROBOT DE SOLDADURA SELECTIVA ORTOGONAL DE 5 EJES UNIX-HFR<\/h2>\n<div class=\"graph_box\">\n\t\t<img loading=\"lazy\" src=\"\/webroot\/img\/products\/automation\/700series\/700H\/chart_700h.png\" width=\"147\" height=\"127\" alt=\"\"><br \/>\n\t\t<span class=\"top\" style=\"left:\">Velocidad<\/span><br \/>\n\t\t<span class=\"left\">Linealidad<\/span><br \/>\n\t\t<span class=\"right\">Flexibilidad<\/span>\n\t<\/div>\n<div class=\"txt_box\">\n<h3>\n<p class=\"txt_contain_margin\">Soporta producci\u00f3n masiva de alta velocidad con un r\u00e1pido movimiento circular.<\/p>\n<\/h3>\n<p>El robot de soldadura SCARA UNIX-HFR de 5 ejes cuenta con una velocidad m\u00e1xima de 7128 mm\/seg y con una alta repetibilidad, precisi\u00f3n y rigidez. El modelo 700FH cuenta con un rango de movimiento ajustable de 350 mm, 450 mm y 550 mm. Este robot es adecuado para las t\u00e9cnicas de soldadura por contacto o por l\u00e1ser.<\/p>\n<\/p><\/div>\n<p>\t<a class=\"fancybox\" href=\"\/webroot\/img\/products\/automation\/scale\/700h.jpg\"><br \/>\n\t\t<img loading=\"lazy\" class=\"top_img\" src=\"\/webroot\/img\/products\/automation\/700series\/700H\/top_img.png\" width=\"187\" height=\"237\" alt=\"UNIX-700H\"><br \/>\n\t<\/a>\n<\/div>\n<div class=\"section_2 section clearfix\">\n<h2>CONFIGURACI\u00d3N EST\u00c1NDAR (para soldadura por punta)<\/h2>\n<ul class=\"list_three_line clearfix es\">\n<li>\n\t\t\t<img loading=\"lazy\" src=\"\/webroot\/img\/products\/automation\/700series\/700V\/section_2\/img_1.png\" width=\"192\" height=\"204\" alt=\"Controlador integrado\"><\/p>\n<h3>Controlador integrado<\/h3>\n<p>Control centralizado de todos los par\u00e1metros<\/p>\n<\/li>\n<li>\n\t\t\t<img loading=\"lazy\" src=\"\/webroot\/img\/products\/automation\/700series\/700V\/section_2\/img_2.png\" width=\"192\" height=\"204\" alt=\"Unidad de soldadura\"><\/p>\n<h3>Unidad de soldadura<\/h3>\n<p>Proporciona una dosificaci\u00f3n altamente precisa del fundente.<\/p>\n<\/li>\n<li>\n\t\t\t<img loading=\"lazy\" src=\"\/webroot\/img\/products\/automation\/700series\/700V\/section_2\/img_3.png\" width=\"192\" height=\"204\" alt=\"Cabezal de soldadura\"><\/p>\n<h3>Cabezal de soldadura<\/h3>\n<p>Para soldadura por punto y lineal<\/p>\n<\/li>\n<li class=\"clear_both\">\n\t\t\t<img loading=\"lazy\" src=\"\/webroot\/img\/products\/automation\/700series\/700V\/section_2\/img_4.png\" width=\"192\" height=\"204\" alt=\"Limpiador de puntas\"><\/p>\n<h3>Limpiador de puntas<\/h3>\n<p>Por purga de aire<\/p>\n<\/li>\n<li>\n\t\t\t<img loading=\"lazy\" src=\"\/webroot\/img\/products\/automation\/700series\/700V\/section_2\/img_5.png\" width=\"192\" height=\"204\" alt=\"Resistencia y regulador\"><\/p>\n<h3>Resistencia y regulador<\/h3>\n<p>Calefactor especial con sensor CA incorporado<\/p>\n<\/li>\n<li>\n\t\t\t<img loading=\"lazy\" src=\"\/webroot\/img\/products\/automation\/700series\/700V\/section_2\/img_6.png\" width=\"192\" height=\"204\" alt=\"Sensor de \u00e1ngulo\"><\/p>\n<h3>Sensor de \u00e1ngulo<\/h3>\n<p>Mejora la reproducibilidad de la alimentaci\u00f3n del alambre.<\/p>\n<\/li>\n<li class=\"clear_both\">\n\t\t\t<img loading=\"lazy\" src=\"\/webroot\/img\/products\/automation\/700series\/700V\/section_2\/img_7.png\" width=\"192\" height=\"204\" alt=\"Consola de programaci\u00f3n\"><\/p>\n<h3>Consola de programaci\u00f3n<\/h3>\n<p>Sencillo y de f\u00e1cil uso para todos los p\u00fablicos<\/p>\n<\/li>\n<\/ul>\n<\/div>\n<div class=\"section warning_section\">\n<div class=\"top_section\">\n<h2>CONSUMIBLES (puntas soldadoras)<\/h2>\n<p>Seleccione el m\u00e1s adecuado de entre m\u00e1s de 2,500 tipos<\/p>\n<p>La selecci\u00f3n de una punta soldadora apropiada es la clave para obtener unos resultados adecuados.La punta debe seleccionarse en funci\u00f3n de una variedad de factores tales como: el material de la placa del circuito, los elementos y su tama\u00f1o.Japan Unix dispone de una alta gama de puntas de alto rendimiento para soldadores desarrolladas para la automatizaci\u00f3n.Los pedidos personalizados al fabricante tambi\u00e9n est\u00e1n disponibles para trabajos exclusivos.<\/p>\n<\/p><\/div>\n<p>\t\t<img loading=\"lazy\" class=\"soldering_img\" src=\"\/webroot\/img\/products\/automation\/700series\/700V\/section_3\/img.png\" width=\"192\" height=\"204\" alt=\"\"><\/p>\n<div class=\"right_section\">\n\t\t<img loading=\"lazy\" src=\"\/webroot\/img\/products\/automation\/700series\/700V\/section_3\/warning.png\" width=\"54\" height=\"62\" alt=\"WARNING\"><\/p>\n<p>*TENGA CUIDADO CON LAS FALSIFICACIONES.A trav\u00e9s de Internet es f\u00e1cil encontrarse con puntas de soldadura falsificadas, distribuidores no autorizados, etc. Por favor, tenga cuidado y no se deje enga\u00f1ar por estas pr\u00e1cticas.<\/p>\n<p>\t\t<a target=\"_blank\" href=\"\/es\/products\/attention.php\">M\u00e1s informaci\u00f3n<\/a>\n\t<\/div>\n<\/div>\n<div class=\"option_slider_section section\">\n<h2>Opciones complementarias<\/h2>\n<p class=\"txt\">Haciendo uso de nuestra amplia gama de opciones complementarias para hacer las cosas m\u00e1s r\u00e1pido y con mayor calidad y precisi\u00f3n.<\/p>\n<div class=\"slide_wrap\">\n<div class=\"slide_view\">\n<ul class=\"list_options\">\n<li>\n                    <a href=\"\/es\/products\/laser\/unit_laser.php\"><img loading=\"lazy\" src=\"\/webroot\/img\/products\/automation\/410series\/41S\/slide_img\/img5.png\" width=\"157\" height=\"157\" alt=\"\"><\/a><\/p>\n<h3>Unidad l\u00e1ser<\/h3>\n<p>Soldadura por rayo l\u00e1ser sin contacto<\/p>\n<\/li>\n<li>\n                    <a href=\"\/es\/products\/option\/option_detail_2.php#sending_device\"><img loading=\"lazy\" src=\"\/webroot\/img\/products\/automation\/700series\/700H\/slide_img\/img2.png\" width=\"157\" height=\"157\" alt=\"\"><\/a><\/p>\n<h3>Alimentador de precisi\u00f3n<\/h3>\n<p>Adecuado para una soldadura ultra precisa<\/p>\n<\/li>\n<li>\n                    <a href=\"\/es\/products\/option\/option_detail_1.php#img_position_revise\"><img loading=\"lazy\" src=\"\/webroot\/img\/products\/automation\/700series\/700H\/slide_img\/img3.png\" width=\"157\" height=\"157\" alt=\"\"><\/a><\/p>\n<h3>Sensor de visi\u00f3n<\/h3>\n<p>Correcci\u00f3n de imagen autom\u00e1tica para una soldadura precisa<\/p>\n<\/li>\n<li>\n                    <a href=\"\/es\/products\/option\/option_detail_1.php#position_revise\"><img loading=\"lazy\" src=\"\/webroot\/img\/products\/automation\/700series\/700S\/slide_img\/img4.png\" width=\"157\" height=\"157\" alt=\"\"><\/a><\/p>\n<h3>Dispositivo de calibraci\u00f3n<\/h3>\n<p>Ajusta de forma autom\u00e1tica la desviaci\u00f3n de la posici\u00f3n de la punta<\/p>\n<\/li>\n<li>\n                    <a href=\"\/es\/products\/option\/option_detail_1.php#clean_cut\"><img loading=\"lazy\" src=\"\/webroot\/img\/products\/automation\/410series\/41S\/slide_img\/img2.png\" width=\"157\" height=\"157\" alt=\"\"><\/a><\/p>\n<h3>Alimentador de corte limpio<\/h3>\n<p>Reduce las salpicaduras y la bolas de soldadura<\/p>\n<\/li>\n<li>\n                    <a href=\"\/es\/products\/option\/option_detail_1.php#lockon\"><img loading=\"lazy\" src=\"\/webroot\/img\/products\/automation\/410series\/41S\/slide_img\/img1.png\" width=\"157\" height=\"157\" alt=\"\"><\/a><\/p>\n<h3>Bloqueo<\/h3>\n<p>Previene problemas de alineaci\u00f3n de la alimentaci\u00f3n<\/p>\n<\/li>\n<\/ul><\/div>\n<div class=\"slide_btn_wrapper\">\n\t        <a href=\"#\" class=\"option_slide_prev\"><span>prev<\/span><\/a><br \/>\n\t\t\t<a href=\"#\" class=\"option_slide_next\"><span>next<\/span><\/a>\n\t\t<\/div>\n<\/p><\/div>\n<\/div>\n<div class=\"technique_link_wrap\">\n<div class=\"technique_link\">\n<p>3 M\u00e9todos disponibles<\/p>\n<div class=\"link_wrap\">\n\t\t\t<span class=\"link\" href=\"\/es\/technique\/soldering.php\">Punta<\/span><br \/>\n\t\t\t<span class=\"link\" href=\"\/es\/technique\/laser.php\">L\u00e1ser<\/span><br \/>\n\t\t\t<span class=\"link\" href=\"\/es\/technique\/supersonic.php\">Ultras\u00f3nica<\/span>\n\t\t<\/div>\n<\/p><\/div>\n<div class=\"technique_link_hidden_area\">\n<div class=\"technique_link_explanation\">\n<h2>&#8211; El m\u00e9todo de soldadura m\u00e1s antiguo, con cientos de a\u00f1os de historia &#8211;<\/h2>\n<p>Entre todos los m\u00e9todos, la soldadura por contacto es la t\u00e9cnica con la historia m\u00e1s larga y, desde el punto de vista t\u00e9cnico, la mejor establecida. Se llevaba a cabo a mano por los operadores de soldadura, pero en los \u00faltimos a\u00f1os los robots han avanzado r\u00e1pidamente su automatizaci\u00f3n y racionalizaci\u00f3n.<\/p>\n<p>\t\t\t<a target=\"_blank\" href=\"\/es\/method\/iron_tips.php\">LEER M\u00c1S<\/a>\n\t\t<\/div>\n<div class=\"technique_link_explanation\">\n<h2>&#8211; El m\u00e9todo de soldadura m\u00e1s reciente que est\u00e1 obteniendo gran reputaci\u00f3n mundial &#8211;<\/h2>\n<p>La soldadura por l\u00e1ser est\u00e1 atrayendo la atenci\u00f3n como un m\u00e9todo nuevo. Sin embargo, el principio de aplicaci\u00f3n de calor y otros aspectos difieren de la de la soldadura por punta. De ah\u00ed que la soldadura por punta no se pueda reemplazar con facilidad.<\/p>\n<p>La precauci\u00f3n es necesaria, ya que los beneficios de la t\u00e9cnica l\u00e1ser pueden perderse si no se utiliza correctamente aplicando el conocimiento de las caracter\u00edsticas de la soldadura por l\u00e1ser.<\/p>\n<p>\t\t\t<a target=\"_blank\" href=\"\/es\/method\/laser.php\">LEER M\u00c1S<\/a><\/p><\/div>\n<div class=\"technique_link_explanation\">\n<h2>-Los ultrasonidos dan la vuelta al conocimiento convencional. Soldadura incluso sobre vidrio o cer\u00e1mica-<\/h2>\n<p>La soldadura convencional b\u00e1sicamente consiste en la uni\u00f3n de la soldadura (esta\u00f1o) con un sustrato met\u00e1lico. El soldeo ultras\u00f3nico es una t\u00e9cnica avanzada que permite a la soldadura unirse al vidrio o a los materiales no met\u00e1licos.<\/p>\n<p>Al igual que las fuentes de energ\u00eda renovable est\u00e1n logrando un uso generalizado en todo el mundo.<\/p>\n<p>\t\t\t<a target=\"_blank\" href=\"\/es\/method\/ultrasonic.php\">LEER M\u00c1S<\/a>\n\t\t<\/div>\n<\/p><\/div>\n<\/div>\n<div class=\"video_section\">\n<h2>REFERENZ-VIDEOS<\/h2>\n<ul class=\"video_box_list popup_wrap\">\n<li>\n\t\t\t<a class=\"popup_video\" href=\"#popup_video\"><br \/>\n\t\t\t\t<img loading=\"lazy\" class=\"video_cover\" src=\"\/webroot\/img\/movie\/video_non.png\" width=\"288\" height=\"206\" alt=\"\"><br \/>\n\t\t\t\t<img loading=\"lazy\" src=\"\/webroot\/img\/movie\/700h_1.png\" width=\"288\" height=\"206\" alt=\"\"><br \/>\n\t\t\t\t<span>0:15<\/span><br \/>\n\t\t\t<\/a><\/p>\n<h3>Robot de soldadura SCARA con l\u00e1ser<\/h3>\n<p class=\"small\">Soldadura por l\u00e1ser de alta velocidad utilizando un robot SCARA<\/p>\n<\/li>\n<li>\n\t\t\t<a class=\"popup_video\" href=\"#popup_video\"><br \/>\n\t\t\t\t<img loading=\"lazy\" class=\"video_cover\" src=\"\/webroot\/img\/movie\/video_non.png\" width=\"288\" height=\"206\" alt=\"\"><br \/>\n\t\t\t\t<img loading=\"lazy\" src=\"\/webroot\/img\/movie\/700h_2.png\" width=\"288\" height=\"206\" alt=\"\"><br \/>\n\t\t\t\t<span>0:19<\/span><br \/>\n\t\t\t<\/a><\/p>\n<h3>Soldadura selectiva por l\u00e1ser, alambre magn\u00e9tico<\/h3>\n<p class=\"small\">magen de la soldadura de alta velocidad con un cabezal l\u00e1ser<\/p>\n<\/li>\n<\/ul><\/div>\n<div class=\"contact_short_section\">\n<div class=\"contact_contents\">\n<div class=\"address\">\n<p>2-21-25, Akasaka, Minato city, Tokio, JAP\u00d3N<\/p>\n<p>Llame al: +81-3-3588-0551<\/p>\n<\/p><\/div>\n<p>\t\t<a href=\"\/es\/contact\/contact.php\">CONTACTO<\/a>\n   \t<\/div>\n<\/div>\n","protected":false},"excerpt":{"rendered":"<p>ROBOT DE SOLDADURA SELECTIVA ORTOGONAL DE 5 EJES UNIX-HFR Velocidad Linealidad Flexibilidad Soporta producci\u00f3n [&hellip;]<\/p>\n","protected":false},"author":1,"featured_media":623,"parent":53,"menu_order":10,"comment_status":"closed","ping_status":"closed","template":"","meta":[],"acf":[],"_links":{"self":[{"href":"https:\/\/www.japanunix.com\/es\/wp-json\/wp\/v2\/pages\/57"}],"collection":[{"href":"https:\/\/www.japanunix.com\/es\/wp-json\/wp\/v2\/pages"}],"about":[{"href":"https:\/\/www.japanunix.com\/es\/wp-json\/wp\/v2\/types\/page"}],"author":[{"embeddable":true,"href":"https:\/\/www.japanunix.com\/es\/wp-json\/wp\/v2\/users\/1"}],"replies":[{"embeddable":true,"href":"https:\/\/www.japanunix.com\/es\/wp-json\/wp\/v2\/comments?post=57"}],"version-history":[{"count":12,"href":"https:\/\/www.japanunix.com\/es\/wp-json\/wp\/v2\/pages\/57\/revisions"}],"predecessor-version":[{"id":1058,"href":"https:\/\/www.japanunix.com\/es\/wp-json\/wp\/v2\/pages\/57\/revisions\/1058"}],"up":[{"embeddable":true,"href":"https:\/\/www.japanunix.com\/es\/wp-json\/wp\/v2\/pages\/53"}],"wp:featuredmedia":[{"embeddable":true,"href":"https:\/\/www.japanunix.com\/es\/wp-json\/wp\/v2\/media\/623"}],"wp:attachment":[{"href":"https:\/\/www.japanunix.com\/es\/wp-json\/wp\/v2\/media?parent=57"}],"curies":[{"name":"wp","href":"https:\/\/api.w.org\/{rel}","templated":true}]}}