{"id":53,"date":"2016-08-23T11:29:25","date_gmt":"2016-08-23T02:29:25","guid":{"rendered":"http:\/\/cms.japanunix.com\/wp\/?page_id=53"},"modified":"2021-10-08T20:09:36","modified_gmt":"2021-10-08T11:09:36","slug":"multi-axes-soldering-robot","status":"publish","type":"page","link":"https:\/\/www.japanunix.com\/es\/products\/automation\/multi-axes-soldering-robot\/","title":{"rendered":"Robot en l\u00ednea"},"content":{"rendered":"<div class=\"section_1 section\">\n<h1><img loading=\"lazy\" src=\"\/webroot\/img\/products\/automation\/solder_meister_logo.png\" width=\"342\" height=\"23\" alt=\"SOLDER MEISTER\"> <\/h1>\n<div class=\"margin30_section\">\n<h2>ROBOTS DE SOLDADURA SELECTIVA DE \u00daLTIMA GENERACI\u00d3N Serie UNIX-FR<\/h2>\n<p>Los robots soldadores m\u00e1s vendidos en el mundo con un servo motor AC.<br \/>La serie SOLDER MEISTER UNIX-FR, un modelo de primera categor\u00eda que fue desarrollado para la soldadura autom\u00e1tica.Soluciona m\u00faltiples problemas relacionados con la l\u00ednea automatizada. Tambi\u00e9n se pueden a\u00f1adir varios elementos adicionales para resolver problemas de automatizaci\u00f3n y soldadura.<\/p>\n<\/p><\/div>\n<ul class=\"product_list\">\n<li>\n<div class=\"include_txt_img negative_margin\">\n\t\t\t\t<a href=\"\/es\/products\/700series\/700V.php\"><br \/>\n\t\t\t\t\t<img loading=\"lazy\" src=\"\/webroot\/img\/products\/automation\/700series\/top\/700V.png\" width=\"204\" height=\"230\" alt=\"\"><br \/>\n\t\t\t\t\t<span class=\"product_name\">UNIX-VFR<\/span><br \/>\n\t\t\t\t<\/a>\n\t\t\t<\/div>\n<div class=\"introduction_set_list\">\n<div class=\"dot\">\n\t\t\t\t\t<span>Tipos de robots<\/span><br \/>\n\t\t\t\t\t<img loading=\"lazy\" src=\"\/webroot\/img\/products\/common\/dots.png\" width=\"8\" height=\"37\" alt=\"\">\n\t\t\t\t<\/div>\n<p class=\"sky_blue_box_bg\">Tipo vertical multieje<\/p>\n<div class=\"dot\">\n\t\t\t\t\t<span>N\u00famero de ejes<\/span><br \/>\n\t\t\t\t\t<img loading=\"lazy\" src=\"\/webroot\/img\/products\/common\/dots.png\" width=\"8\" height=\"37\" alt=\"\">\n\t\t\t\t<\/div>\n<p class=\"sky_blue_box_bg\">6 ejes<\/p>\n<div class=\"dot\">\n\t\t\t\t\t<span class=\"de\">M\u00e9todo \u00f3ptimo<\/span><br \/>\n\t\t\t\t\t<img loading=\"lazy\" src=\"\/webroot\/img\/products\/common\/dots.png\" width=\"8\" height=\"37\" alt=\"\">\n\t\t\t\t<\/div>\n<p class=\"sky_blue_box_bg\">Por punta<\/p>\n<\/p><\/div>\n<\/li>\n<li>\n<div class=\"include_txt_img negative_margin\">\n\t\t\t\t<a href=\"\/es\/products\/700series\/700H.php\"><br \/>\n\t\t\t\t\t<img loading=\"lazy\" src=\"\/webroot\/img\/products\/automation\/700series\/top\/700H.png\" width=\"204\" height=\"230\" alt=\"\"><br \/>\n\t\t\t\t\t<span class=\"product_name\">UNIX-HFR<\/span><br \/>\n\t\t\t\t<\/a>\n\t\t\t<\/div>\n<div class=\"introduction_set_list\">\n<div class=\"dot\"><img loading=\"lazy\" src=\"\/webroot\/img\/products\/common\/dots.png\" width=\"8\" height=\"37\" alt=\"\"><\/div>\n<p class=\"blue_box_bg\">Tipo SCARA<\/p>\n<div class=\"dot\"><img loading=\"lazy\" src=\"\/webroot\/img\/products\/common\/dots.png\" width=\"8\" height=\"37\" alt=\"\"><\/div>\n<p class=\"blue_box_bg\">5 ejes<\/p>\n<div class=\"dot\"><img loading=\"lazy\" src=\"\/webroot\/img\/products\/common\/dots.png\" width=\"8\" height=\"37\" alt=\"\"><\/div>\n<p class=\"sky_blue_box_bg\">Por punta<\/p>\n<p class=\"blue_box_bg\">Ultrasonidos<\/p>\n<p class=\"deep_blue_box_bg\">L\u00e1ser<\/p>\n<\/p><\/div>\n<\/li>\n<p><!--\n\t\t\n\n<li class=\"last\">\n\t\t\t\n\n<div class=\"include_txt_img negative_margin\">\n\t\t\t\t<a href=\"\/es\/products\/700series\/700S.php\">\n\t\t\t\t\t<img loading=\"lazy\" src=\"\/webroot\/img\/products\/automation\/700series\/top\/700S.png\" width=\"204\" height=\"230\" alt=\"\">\n\t\t\t\t\t<span class=\"product_name\">UNIX-700S<\/span>\n\t\t\t\t<\/a>\n\t\t\t<\/div>\n\n\n\t\t\t\n\n<div class=\"introduction_set_list\">\n\t\t\t\t\n\n<div class=\"dot\"><img loading=\"lazy\" src=\"\/webroot\/img\/products\/common\/dots.png\" width=\"8\" height=\"37\" alt=\"\"><\/div>\n\n\n\t\t\t\t\n\n<p class=\"deep_blue_box_bg\">Tipo ortogonal<\/p>\n\n\n\t\t\t\t\n\n<div class=\"dot\"><img loading=\"lazy\" src=\"\/webroot\/img\/products\/common\/dots.png\" width=\"8\" height=\"37\" alt=\"\"><\/div>\n\n\n\t\t\t\t\n\n<p class=\"sky_blue_box_bg\">5 ejes<\/p>\n\n\n\t\t\t\t\n\n<div class=\"dot\"><img loading=\"lazy\" src=\"\/webroot\/img\/products\/common\/dots.png\" width=\"8\" height=\"37\" alt=\"\"><\/div>\n\n\n\t\t\t\t\n\n<p class=\"sky_blue_box_bg\">Por punta<\/p>\n\n\n\t\t\t\t\n\n<p class=\"blue_box_bg\">Ultrasonidos<\/p>\n\n\n\t\t\t<\/div>\n\n\n\t\t<\/li>\n\n\n-->\n\t<\/ul>\n<ul class=\"product_list\">\n<li>\n<div class=\"introduction_set_list\">\n<div class=\"dot\">\n\t\t\t\t\t<span class=\"de\">M\u00e9todo de<br \/>trabajo preferido<\/span><br \/>\n\t\t\t\t\t<img src=\"\/webroot\/img\/products\/common\/dots.png\">\n\t\t\t\t<\/div>\n<p class=\"sky_blue_box_bg\">Soldadura por punto<\/p>\n<\/p><\/div>\n<\/li>\n<li>\n<div class=\"introduction_set_list\">\n<div class=\"dot\"><img loading=\"lazy\" src=\"\/webroot\/img\/products\/common\/dots.png\" width=\"8\" height=\"37\" alt=\"\"><\/div>\n<p class=\"sky_blue_box_bg\">Soldadura por punto<\/p>\n<p class=\"blue_box_bg\">Soldadura lineal<\/p>\n<\/p><\/div>\n<\/li>\n<p><!--\n\t\t\n\n<li class=\"last\">\n\t\t\t\n\n<div class=\"introduction_set_list\">\n\t\t\t\t\n\n<div class=\"dot\"><img loading=\"lazy\" src=\"\/webroot\/img\/products\/common\/dots.png\" width=\"8\" height=\"37\" alt=\"\"><\/div>\n\n\n\t\t\t\t\n\n<p class=\"blue_box_bg\">Soldadura lineal<\/p>\n\n\n\t\t\t<\/div>\n\n\n\t\t<\/li>\n\n\n-->\n\t<\/ul>\n<\/div>\n<div class=\"section_2 section section_last\">\n<h2>REFERENCIAS PARA VARIAS L\u00cdNEAS DE PRODUCCI\u00d3N<\/h2>\n<ul class=\"list_three_line\">\n<li>\n\t\t\t<img loading=\"lazy\" class=\"negative_margin\" src=\"\/webroot\/img\/products\/automation\/700series\/top\/img_inline.png\" width=\"202\" height=\"204\" alt=\"En l\u00ednea\"><\/p>\n<h3>En l\u00ednea<\/h3>\n<\/li>\n<li>\n\t\t\t<img loading=\"lazy\" class=\"negative_margin\" src=\"\/webroot\/img\/products\/automation\/700series\/top\/img_index.png\" width=\"202\" height=\"204\" alt=\"\u00cdndice\"><\/p>\n<h3>\u00cdndice<\/h3>\n<\/li>\n<li>\n\t\t\t<img loading=\"lazy\" class=\"negative_margin\" src=\"\/webroot\/img\/products\/automation\/700series\/top\/img_2slider.png\" width=\"202\" height=\"204\" alt=\"2 deslizadores\"><\/p>\n<h3>2 deslizadores<\/h3>\n<\/li>\n<\/ul>\n<\/div>\n<p><input type='hidden' name='titleforsearch' value='Producto - 700 serie'><\/p>\n<div class=\"technique_link_wrap\">\n<div class=\"technique_link\">\n<p>3 M\u00e9todos disponibles<\/p>\n<div class=\"link_wrap\">\n\t\t\t<span class=\"link\" href=\"\/es\/technique\/soldering.php\">Punta<\/span><br \/>\n\t\t\t<span class=\"link\" href=\"\/es\/technique\/laser.php\">L\u00e1ser<\/span><br \/>\n\t\t\t<span class=\"link\" href=\"\/es\/technique\/supersonic.php\">Ultras\u00f3nica<\/span>\n\t\t<\/div>\n<\/p><\/div>\n<div class=\"technique_link_hidden_area\">\n<div class=\"technique_link_explanation\">\n<h2>&#8211; El m\u00e9todo de soldadura m\u00e1s antiguo, con cientos de a\u00f1os de historia &#8211;<\/h2>\n<p>Entre todos los m\u00e9todos, la soldadura por contacto es la t\u00e9cnica con la historia m\u00e1s larga y, desde el punto de vista t\u00e9cnico, la mejor establecida. Se llevaba a cabo a mano por los operadores de soldadura, pero en los \u00faltimos a\u00f1os los robots han avanzado r\u00e1pidamente su automatizaci\u00f3n y racionalizaci\u00f3n.<\/p>\n<p>\t\t\t<a target=\"_blank\" href=\"\/es\/method\/iron_tips.php\">LEER M\u00c1S<\/a>\n\t\t<\/div>\n<div class=\"technique_link_explanation\">\n<h2>&#8211; El m\u00e9todo de soldadura m\u00e1s reciente que est\u00e1 obteniendo gran reputaci\u00f3n mundial &#8211;<\/h2>\n<p>La soldadura por l\u00e1ser est\u00e1 atrayendo la atenci\u00f3n como un m\u00e9todo nuevo. Sin embargo, el principio de aplicaci\u00f3n de calor y otros aspectos difieren de la de la soldadura por punta. De ah\u00ed que la soldadura por punta no se pueda reemplazar con facilidad.<\/p>\n<p>La precauci\u00f3n es necesaria, ya que los beneficios de la t\u00e9cnica l\u00e1ser pueden perderse si no se utiliza correctamente aplicando el conocimiento de las caracter\u00edsticas de la soldadura por l\u00e1ser.<\/p>\n<p>\t\t\t<a target=\"_blank\" href=\"\/es\/method\/laser.php\">LEER M\u00c1S<\/a><\/p><\/div>\n<div class=\"technique_link_explanation\">\n<h2>-Los ultrasonidos dan la vuelta al conocimiento convencional. Soldadura incluso sobre vidrio o cer\u00e1mica-<\/h2>\n<p>La soldadura convencional b\u00e1sicamente consiste en la uni\u00f3n de la soldadura (esta\u00f1o) con un sustrato met\u00e1lico. El soldeo ultras\u00f3nico es una t\u00e9cnica avanzada que permite a la soldadura unirse al vidrio o a los materiales no met\u00e1licos.<\/p>\n<p>Al igual que las fuentes de energ\u00eda renovable est\u00e1n logrando un uso generalizado en todo el mundo.<\/p>\n<p>\t\t\t<a target=\"_blank\" href=\"\/es\/method\/ultrasonic.php\">LEER M\u00c1S<\/a>\n\t\t<\/div>\n<\/p><\/div>\n<\/div>\n","protected":false},"excerpt":{"rendered":"<p>ROBOTS DE SOLDADURA SELECTIVA DE \u00daLTIMA GENERACI\u00d3N Serie UNIX-FR Los robots soldadores m\u00e1s vendidos en el mund [&hellip;]<\/p>\n","protected":false},"author":1,"featured_media":909,"parent":17,"menu_order":7,"comment_status":"closed","ping_status":"closed","template":"","meta":[],"acf":[],"_links":{"self":[{"href":"https:\/\/www.japanunix.com\/es\/wp-json\/wp\/v2\/pages\/53"}],"collection":[{"href":"https:\/\/www.japanunix.com\/es\/wp-json\/wp\/v2\/pages"}],"about":[{"href":"https:\/\/www.japanunix.com\/es\/wp-json\/wp\/v2\/types\/page"}],"author":[{"embeddable":true,"href":"https:\/\/www.japanunix.com\/es\/wp-json\/wp\/v2\/users\/1"}],"replies":[{"embeddable":true,"href":"https:\/\/www.japanunix.com\/es\/wp-json\/wp\/v2\/comments?post=53"}],"version-history":[{"count":23,"href":"https:\/\/www.japanunix.com\/es\/wp-json\/wp\/v2\/pages\/53\/revisions"}],"predecessor-version":[{"id":1055,"href":"https:\/\/www.japanunix.com\/es\/wp-json\/wp\/v2\/pages\/53\/revisions\/1055"}],"up":[{"embeddable":true,"href":"https:\/\/www.japanunix.com\/es\/wp-json\/wp\/v2\/pages\/17"}],"wp:featuredmedia":[{"embeddable":true,"href":"https:\/\/www.japanunix.com\/es\/wp-json\/wp\/v2\/media\/909"}],"wp:attachment":[{"href":"https:\/\/www.japanunix.com\/es\/wp-json\/wp\/v2\/media?parent=53"}],"curies":[{"name":"wp","href":"https:\/\/api.w.org\/{rel}","templated":true}]}}