{"id":47,"date":"2016-08-23T11:24:58","date_gmt":"2016-08-23T02:24:58","guid":{"rendered":"http:\/\/cms.japanunix.com\/wp\/?page_id=47"},"modified":"2019-12-24T17:28:57","modified_gmt":"2019-12-24T08:28:57","slug":"mixer","status":"publish","type":"page","link":"https:\/\/www.japanunix.com\/es\/products\/mixer\/","title":{"rendered":"Mezcladores"},"content":{"rendered":"<div class=\"section_1 section\">\n<h2>Mezcladores <\/h2>\n<ul class=\"mixer_product_list\">\n<li >\n\t\t\t<img loading=\"lazy\" src=\"\/webroot\/img\/products\/mixer\/img_1.png\" width=\"192\" height=\"204\" alt=\"UM-113 Mezclador de pasta de soldadura\"><\/p>\n<div class=\"list_txt_section\">\n<h3>UM-113<br \/>Mezclador de pasta de soldadura<\/h3>\n<p>\t\t\t\t<a class=\"download\" target=\"_blank\" href=\"\/webroot\/img\/pdf\/en\/Uni_Cyclone.pdf\">Descargar (ingl\u00e9s)<\/a><\/p>\n<ul>\n<p>Un mezclador exclusivo que saca el m\u00e1ximo potencial de la pasta de soldar y aumenta a\u00fan m\u00e1s la productividad.<\/p>\n<li>&#8211; En s\u00f3lo dos minutos, la pasta est\u00e1 en condiciones para trabajar<\/li>\n<li>&#8211; Controla la condici\u00f3n de la pasta estable<\/li>\n<li>&#8211; Puede mezclar inmediatamente pasta refrigerada<\/li>\n<li>&#8211; El conjunto incluye contenedores para pasta de soldar<\/li>\n<\/ul><\/div>\n<\/li>\n<li>\n\t\t\t<img loading=\"lazy\" src=\"\/webroot\/img\/products\/mixer\/img_2.png\" width=\"192\" height=\"204\" alt=\"UM-113S Mezclador de pastas gen\u00e9rico\"><\/p>\n<div class=\"list_txt_section\">\n<h3>UM-113S<br \/>Mezclador de pastas gen\u00e9rico<\/h3>\n<p>\t\t\t\t<a class=\"download\" target=\"_blank\" href=\"\/webroot\/img\/pdf\/en\/Uni_Cyclone.pdf\">Descargar (ingl\u00e9s)<\/a><\/p>\n<p>Este mezclador es perfecto para mezclar y desespumar los productos viscosos. Para pasta de plata, varios adhesivos, resina epoxi, materiales semi<br \/>-conductores, sustratos de cosm\u00e9ticos, etc.<br \/>&#8211; Velocidad de centrifugado 2000 rpm<br \/>&#8211; Acci\u00f3n mezcladora y desespumante para materiales viscosos<br \/>&#8211; Posibilidad de mezclar con la jeringa instalada (opcional)<\/p>\n<\/p><\/div>\n<\/li>\n<li style=\"clear: both;\">\n\t\t\t<img loading=\"lazy\" src=\"\/webroot\/img\/products\/mixer\/img_3.png\" width=\"192\" height=\"204\" alt=\"UM-117 Mezcladora y desespumante para materiales viscosos\"><\/p>\n<div class=\"list_txt_section\">\n<h3>UM-117<br \/>Mezcladora y desespumante para materiales viscosos<\/h3>\n<p>\t\t\t\t<a class=\"download\" target=\"_blank\" href=\"\/webroot\/img\/pdf\/en\/Uni_Cyclone.pdf\">Descargar (ingl\u00e9s)<\/a><\/p>\n<p>Le permite administrar la velocidad\/proceso de rotaci\u00f3n del equipo.<br \/>&#8211; Alta velocidad de 2000 rpm<br \/>&#8211; Acci\u00f3n mezcladora y desespumante para materiales viscosos<br \/>&#8211; Capacidad de mezclador doble (500 g x 2)<\/p>\n<\/p><\/div>\n<\/li>\n<\/ul>\n<\/div>\n<div class=\"section_2 section\">\n<h2>ADECUADO PARA MATERIALES<\/h2>\n<p>Semiconductores, LED, cosm\u00e9ticos, textiles, dentales, adhesivos, vidrios l\u00edquidos, pasta de plata, pasta de soldadura, pintura, productos alimenticios y m\u00e1s<\/p>\n<\/div>\n","protected":false},"excerpt":{"rendered":"<p>Mezcladores UM-113Mezclador de pasta de soldadura Descargar (ingl\u00e9s) Un mezclador exclusivo que saca el m\u00e1ximo [&hellip;]<\/p>\n","protected":false},"author":1,"featured_media":0,"parent":14,"menu_order":29,"comment_status":"closed","ping_status":"closed","template":"","meta":[],"acf":[],"_links":{"self":[{"href":"https:\/\/www.japanunix.com\/es\/wp-json\/wp\/v2\/pages\/47"}],"collection":[{"href":"https:\/\/www.japanunix.com\/es\/wp-json\/wp\/v2\/pages"}],"about":[{"href":"https:\/\/www.japanunix.com\/es\/wp-json\/wp\/v2\/types\/page"}],"author":[{"embeddable":true,"href":"https:\/\/www.japanunix.com\/es\/wp-json\/wp\/v2\/users\/1"}],"replies":[{"embeddable":true,"href":"https:\/\/www.japanunix.com\/es\/wp-json\/wp\/v2\/comments?post=47"}],"version-history":[{"count":8,"href":"https:\/\/www.japanunix.com\/es\/wp-json\/wp\/v2\/pages\/47\/revisions"}],"predecessor-version":[{"id":1028,"href":"https:\/\/www.japanunix.com\/es\/wp-json\/wp\/v2\/pages\/47\/revisions\/1028"}],"up":[{"embeddable":true,"href":"https:\/\/www.japanunix.com\/es\/wp-json\/wp\/v2\/pages\/14"}],"wp:attachment":[{"href":"https:\/\/www.japanunix.com\/es\/wp-json\/wp\/v2\/media?parent=47"}],"curies":[{"name":"wp","href":"https:\/\/api.w.org\/{rel}","templated":true}]}}