{"id":45,"date":"2016-08-23T11:24:31","date_gmt":"2016-08-23T02:24:31","guid":{"rendered":"http:\/\/cms.japanunix.com\/wp\/?page_id=45"},"modified":"2022-04-25T17:23:31","modified_gmt":"2022-04-25T08:23:31","slug":"option","status":"publish","type":"page","link":"https:\/\/www.japanunix.com\/es\/products\/option\/","title":{"rendered":"Opciones autom\u00e1ticas"},"content":{"rendered":"<div class=\"section_1 section\">\n<div class=\"txt_and_img_section\">\n<div class=\"txt_section\">\n<h2>UNA AMPLIA GAMA DE OPCIONES<br \/>Ofreciendo las soluciones ideales para los problemas particulares de soldadura.<\/h2>\n<p>Cada proceso de soldadura presenta retos distintos.Nuestras opciones complementarias ampliables son el resultado de la resoluci\u00f3n de los numerosos problemas de producci\u00f3n. Aqu\u00ed tiene soluciones perfectas por descubrir.<\/p>\n<p>\u203b Algunas opciones pueden no estar disponibles dependiendo del tipo de robot, los m\u00e9todos y las unidades utilizadas.<\/p>\n<\/p><\/div>\n<p>\t\t<img loading=\"lazy\" src=\"\/webroot\/img\/products\/automation\/option\/top_img.png\" width=\"201\" height=\"217\" alt=\"\">\n\t<\/div>\n<ul class=\"list_one_line pc_only\">\n<li class=\"include_txt_wide_img2\">\n\t\t\t<a class=\"negative_margin\" href=\".\/detail\/#tester\"><br \/>\n\t\t\t\t<img loading=\"lazy\" src=\"\/webroot\/img\/products\/automation\/option\/top\/section_1\/img_14.png\" width=\"682\" height=\"230\" alt=\"Probador y term\u00f3metro de soldadura\"><\/p>\n<p class=\"product_name\">Probador y term\u00f3metro de soldadura<\/p>\n<p>\t\t\t<\/a>\n\t\t<\/li>\n<\/ul>\n<ul class=\"list_one_line sp_only\">\n<li class=\"include_txt_wide_img2\">\n\t\t\t<a class=\"negative_margin\" href=\".\/detail\/#tester\"><br \/>\n\t\t\t\t<img loading=\"lazy\" src=\"\/webroot\/img\/products\/automation\/option\/top\/section_1\/img_14sp.png\" width=\"272\" height=\"227\" alt=\"Probador y term\u00f3metro de soldadura\"><\/p>\n<p class=\"product_name\">Probador y term\u00f3metro de soldadura<\/p>\n<p>\t\t\t<\/a>\n\t\t<\/li>\n<\/ul>\n<ul class=\"list_two_line\">\n<li class=\"include_txt_wide_img\">\n\t\t\t<a class=\"negative_margin\" href=\"option_detail_1.php#position_revise\"><br \/>\n\t\t\t\t<img loading=\"lazy\" src=\"\/webroot\/img\/products\/automation\/option\/top\/section_1\/img_1.png\" width=\"272\" height=\"227\" alt=\"Calibrador de posici\u00f3n\"><\/p>\n<p class=\"product_name\">Calibrador de posici\u00f3n<\/p>\n<p class=\"patent\">patentado<\/p>\n<p>\t\t\t<\/a>\n\t\t<\/li>\n<li class=\"include_txt_wide_img\">\n\t\t\t<a class=\"negative_margin\" href=\"option_detail_1.php#clean_cut\"><br \/>\n\t\t\t\t<img loading=\"lazy\" src=\"\/webroot\/img\/products\/automation\/option\/top\/section_1\/img_2.png\" width=\"272\" height=\"227\" alt=\"Alimentador de corte limpio\"><\/p>\n<p class=\"product_name\">Alimentador de corte limpio<\/p>\n<p class=\"patent\">patentado<\/p>\n<p>\t\t\t<\/a>\n\t\t<\/li>\n<\/ul>\n<ul class=\"list_three_line\">\n<li class=\"include_txt_img negative_margin\">\n\t\t\t<a href=\"option_detail_1.php#lockon\"><br \/>\n\t\t\t\t<img loading=\"lazy\" src=\"\/webroot\/img\/products\/automation\/option\/top\/section_1\/img_3.png\" width=\"204\" height=\"230\" alt=\"Bloqueo\"><\/p>\n<p class=\"product_name\">Bloqueo<\/p>\n<p>\t\t\t\t<span class=\"patent\">patentado<\/span><br \/>\n\t\t\t<\/a>\n\t\t<\/li>\n<li class=\"include_txt_img negative_margin\">\n\t\t\t<a href=\"option_detail_2.php#heater\"><br \/>\n \t\t\t\t<img loading=\"lazy\" src=\"\/webroot\/img\/products\/automation\/option\/top\/section_1\/img_4.png\" width=\"204\" height=\"230\" alt=\"Alta capacidad t\u00e9rmica\"><\/p>\n<p class=\"product_name\">Alta capacidad t\u00e9rmica<\/p>\n<p>\t\t\t<\/a>\n\t\t<\/li>\n<li class=\"include_txt_img negative_margin\">\n\t\t\t<a href=\"option_detail_2.php#sending_device\"><br \/>\n\t\t\t\t<img loading=\"lazy\" src=\"\/webroot\/img\/products\/automation\/option\/top\/section_1\/img_5.png\" width=\"204\" height=\"230\" alt=\"Alimentador de precisi\u00f3n\"><\/p>\n<p class=\"product_name\">Alimentador de precisi\u00f3n<\/p>\n<p>\t\t\t\t<span class=\"patent\">patentado<\/span><br \/>\n\t\t\t<\/a>\n\t\t<\/li>\n<li class=\"include_txt_img negative_margin\">\n\t\t\t<a href=\"option_detail_2.php#brush_cleaner\"><br \/>\n\t\t\t\t<img loading=\"lazy\" src=\"\/webroot\/img\/products\/automation\/option\/top\/section_1\/img_6.png\" width=\"204\" height=\"230\" alt=\"Limpiador por cepillado\"><\/p>\n<p class=\"product_name\">Limpiador por cepillado<\/p>\n<p>\t\t\t\t<span class=\"patent\">patentado<\/span><br \/>\n\t\t\t<\/a>\n\t\t<\/li>\n<li class=\"include_txt_img negative_margin\">\n\t\t\t<a href=\"option_detail_2.php#thread_soldering\"><br \/>\n\t\t\t\t<img loading=\"lazy\" src=\"\/webroot\/img\/products\/automation\/option\/top\/section_1\/img_7.png\" width=\"204\" height=\"230\" alt=\"Calefactor del alambre\"><\/p>\n<p class=\"product_name\">Calefactor del alambre<\/p>\n<p class=\"patent\">patentado<\/p>\n<p>\t\t\t<\/a>\n\t\t<\/li>\n<li class=\"include_txt_img negative_margin\">\n\t\t\t<a href=\"option_detail_1.php#img_position_revise\"><br \/>\n\t\t\t\t<img loading=\"lazy\" src=\"\/webroot\/img\/products\/automation\/option\/top\/section_1\/img_8.png\" width=\"204\" height=\"230\" alt=\"Sensor de visi\u00f3n\"><\/p>\n<p class=\"product_name\">Sensor de visi\u00f3n<\/p>\n<p>\t\t\t\t<span class=\"patent\">patentado<\/span><br \/>\n\t\t\t<\/a>\n\t\t<\/li>\n<li class=\"include_txt_img negative_margin\">\n\t\t\t<a href=\"option_detail_3.php#supply_position_revise\"><br \/>\n\t\t\t\t<img loading=\"lazy\" src=\"\/webroot\/img\/products\/automation\/option\/top\/section_1\/img_9.png\" width=\"204\" height=\"230\" alt=\"Sensor de posici\u00f3n\"><\/p>\n<p class=\"product_name\">Sensor de posici\u00f3n<\/p>\n<p>\t\t\t<\/a>\n\t\t<\/li>\n<li class=\"include_txt_img negative_margin\">\n\t\t\t<a href=\"option_detail_3.php#air_curtain\"><br \/>\n\t\t\t\t<img loading=\"lazy\" src=\"\/webroot\/img\/products\/automation\/option\/top\/section_1\/img_10.png\" width=\"204\" height=\"230\" alt=\"Cortina de aire\"><\/p>\n<p class=\"product_name\">Cortina de aire<\/p>\n<p class=\"patent es\">*Pat.pendiente<\/p>\n<p>\t\t\t<\/a>\n\t\t<\/li>\n<li class=\"include_txt_img negative_margin\">\n\t\t\t<a href=\"option_detail_3.php#needle\"><br \/>\n\t\t\t\t<img loading=\"lazy\" src=\"\/webroot\/img\/products\/automation\/option\/top\/section_1\/img_11.png\" width=\"204\" height=\"230\" alt=\"Boquillas de precisi\u00f3n\"><\/p>\n<p class=\"product_name\">Boquillas de precisi\u00f3n<\/p>\n<p>\t\t\t<\/a>\n\t\t<\/li>\n<li class=\"include_txt_img negative_margin last\">\n\t\t\t<a href=\"option_detail_3.php#nitrogen\"><br \/>\n\t\t\t\t<img loading=\"lazy\" src=\"\/webroot\/img\/products\/automation\/option\/top\/section_1\/img_12.png\" width=\"204\" height=\"230\" alt=\"Generador de nitr\u00f3geno (N2)\"><\/p>\n<p class=\"product_name\">Generador de nitr\u00f3geno (N2)<\/p>\n<p>\t\t\t<\/a>\n\t\t<\/li>\n<li class=\"include_txt_img negative_margin last\">\n\t\t\t<a href=\"option_detail_3.php#double_heater\"><br \/>\n\t\t\t\t<img loading=\"lazy\" src=\"\/webroot\/img\/products\/automation\/option\/top\/section_1\/img_13.png\" width=\"204\" height=\"230\" alt=\"Doble Resistencia\"><\/p>\n<p class=\"product_name\">Doble Resistencia<\/p>\n<p class=\"patent\">patentado<\/p>\n<p>\t\t\t<\/a>\n\t\t<\/li>\n<\/ul>\n<\/div>\n<div class=\"section_2 section\">\n<div class=\"title\">\n<h3>M\u00d3DULOS \/ UNIDADES<\/h3>\n<\/p><\/div>\n<ul class=\"list_two_line\">\n<li class=\"include_txt_wide_img\">\n\t\t\t<a href=\"\/es\/products\/unit\/unit_laser.php\"><br \/>\n \t\t\t\t<img loading=\"lazy\" src=\"\/webroot\/img\/products\/automation\/option\/top\/section_2\/img_2.png\" width=\"272\" height=\"227\" alt=\"Unidad l\u00e1ser\"><\/p>\n<p class=\"product_name\">Unidad l\u00e1ser<\/p>\n<p>\t\t\t<\/a>\n\t\t<\/li>\n<\/ul>\n<\/div>\n","protected":false},"excerpt":{"rendered":"<p>UNA AMPLIA GAMA DE OPCIONESOfreciendo las soluciones ideales para los problemas particulares de soldadura. Cad [&hellip;]<\/p>\n","protected":false},"author":1,"featured_media":626,"parent":14,"menu_order":25,"comment_status":"closed","ping_status":"closed","template":"","meta":[],"acf":[],"_links":{"self":[{"href":"https:\/\/www.japanunix.com\/es\/wp-json\/wp\/v2\/pages\/45"}],"collection":[{"href":"https:\/\/www.japanunix.com\/es\/wp-json\/wp\/v2\/pages"}],"about":[{"href":"https:\/\/www.japanunix.com\/es\/wp-json\/wp\/v2\/types\/page"}],"author":[{"embeddable":true,"href":"https:\/\/www.japanunix.com\/es\/wp-json\/wp\/v2\/users\/1"}],"replies":[{"embeddable":true,"href":"https:\/\/www.japanunix.com\/es\/wp-json\/wp\/v2\/comments?post=45"}],"version-history":[{"count":11,"href":"https:\/\/www.japanunix.com\/es\/wp-json\/wp\/v2\/pages\/45\/revisions"}],"predecessor-version":[{"id":1080,"href":"https:\/\/www.japanunix.com\/es\/wp-json\/wp\/v2\/pages\/45\/revisions\/1080"}],"up":[{"embeddable":true,"href":"https:\/\/www.japanunix.com\/es\/wp-json\/wp\/v2\/pages\/14"}],"wp:featuredmedia":[{"embeddable":true,"href":"https:\/\/www.japanunix.com\/es\/wp-json\/wp\/v2\/media\/626"}],"wp:attachment":[{"href":"https:\/\/www.japanunix.com\/es\/wp-json\/wp\/v2\/media?parent=45"}],"curies":[{"name":"wp","href":"https:\/\/api.w.org\/{rel}","templated":true}]}}