{"id":43,"date":"2016-08-23T11:23:45","date_gmt":"2016-08-23T02:23:45","guid":{"rendered":"http:\/\/cms.japanunix.com\/wp\/?page_id=43"},"modified":"2017-08-01T16:35:59","modified_gmt":"2017-08-01T07:35:59","slug":"ultrasonic","status":"publish","type":"page","link":"https:\/\/www.japanunix.com\/es\/method\/ultrasonic\/","title":{"rendered":"Ultrasonidos"},"content":{"rendered":"\n<div class=\"section_1 section\">\n<div class=\"txt_wrap\">\n<h1><alt = \"\"><\/h1>\n<h2>Adhesi\u00f3n a materiales no adheribles: Un nuevo futuro creado por ondas ultras\u00f3nicas &#8211; Soldadura ultras\u00f3nica &#8211;<\/h2>\n<p class=\"txt_contain_margin\">Ultrasonidos dan la vuelta al conocimiento convencional. Soldadura incluso sobre vidrio o cer\u00e1mica<\/p>\n<p>La soldadura convencional b\u00e1sicamente consiste en la uni\u00f3n de la soldadura (esta\u00f1o) con un sustrato met\u00e1lico. El soldeo ultras\u00f3nico es una t\u00e9cnica avanzada que permite a la soldadura unirse con el vidrio o con los materiales no met\u00e1licos.  Como las fuentes de energ\u00eda renovable est\u00e1n logrando un uso generalizado en todo el mundo, cada vez se fijan m\u00e1s electrodos a los paneles fotovoltaicos. En esta aplicaci\u00f3n se ha utilizado la soldadura por ultrasonidos Esta secci\u00f3n explica los principios de la soldadura por ultrasonidos que hoy en d\u00eda est\u00e1n ganando cada vez m\u00e1s atenci\u00f3n.<\/p>\n<\/p><\/div>\n<p>\t\t<img loading=\"lazy\" src=\"\/webroot\/img\/technique\/supersonic\/top_img.png\" width=\"265\" height=\"189\" alt=\"\">\n\t<\/div>\n<div class=\"section_2 section\">\n<h2>Una soldadura ultras\u00f3nica utiliza dos principios distintos<\/h2>\n<p class=\"txt_contain_margin\">Los registros indican que la soldadura ultras\u00f3nica se desarroll\u00f3 originalmente en 1961. Permite soldar los materiales que en principio eran imposibles de soldar tales como el aluminio o el acero inoxidable, as\u00ed como soldar en superficies no met\u00e1licas y no soldables tales como el vidrio, la cer\u00e1mica y el alumite. Sin embargo los principios de uni\u00f3n son muy diferentes para cada uno de estos materiales<\/p>\n<div class=\"video_section\">\n<ul class=\"video_box_list popup_wrap\">\n<li>\n\t\t\t<a class=\"popup_video\" href=\"#popup_video\"><br \/>\n\t\t\t\t<img loading=\"lazy\" class=\"video_cover\" src=\"\/webroot\/img\/movie\/video_non.png\" width=\"288\" height=\"206\" alt=\"\"><br \/>\n\t\t\t\t<img loading=\"lazy\" src=\"\/webroot\/img\/movie\/sonictechnique_1.png\" width=\"288\" height=\"206\" alt=\"\"><br \/>\n\t\t\t\t<span>1:04<\/span><br \/>\n\t\t\t<\/a><\/p>\n<h3>Robot de soldadura ultras\u00f3nica. Soldando sobre una superficie de vidrio<\/h3>\n<p class=\"small\">Demostraci\u00f3n de una soldadura ultras\u00f3nica sobre una superficie de vidrio.<\/p>\n<\/li>\n<li>\n\t\t\t<a class=\"popup_video\" href=\"#popup_video\"><br \/>\n\t\t\t\t<img loading=\"lazy\" class=\"video_cover\" src=\"\/webroot\/img\/movie\/video_non.png\" width=\"288\" height=\"206\" alt=\"\"><br \/>\n\t\t\t\t<img loading=\"lazy\" src=\"\/webroot\/img\/movie\/sonictechnique_2.png\" width=\"288\" height=\"206\" alt=\"\"><br \/>\n\t\t\t\t<span>0:24<\/span><br \/>\n\t\t\t<\/a><\/p>\n<h3>Robot de soldadura ultras\u00f3nica en acci\u00f3n<\/h3>\n<p class=\"small\">Soldar en la superficie con y sin ultrasonidos. La acci\u00f3n de los ultrasonidos se hace inmediatamente obvia.<\/p>\n<\/li>\n<\/ul><\/div>\n<p class=\"txt_contain_margin\"> El aluminio y el acero inoxidable cuentan con una gruesa pel\u00edcula de \u00f3xido. Incluso hoy en d\u00eda se utiliza fundente \u00e1cido y fuerte a fin de eliminar la pel\u00edcula de \u00f3xido y poder realizar una soldadura especial sobre aluminio y otros materiales. Sin embargo, las regulaciones medioambientales han inducido a la tendencia de evitar el uso de materiales hal\u00f3genos altamente contaminantes. Por un lado, el vidrio y el aluminio son materiales oxidados de por s\u00ed, por lo tanto, los principios de la soldadura convencional no son aplicables.<\/p>\n<\/p><\/div>\n<div class=\"section_3 section\">\n<h2>Onda ultras\u00f3nica: El fen\u00f3meno de la cavitaci\u00f3n &#8220;el poder de 1\/50 000 seg.&#8221;<\/h2>\n<p>Cuando se aplican vibraciones de ondas utras\u00f3nicas a un l\u00edquido, se producen peque\u00f1as cavidades en forma de burbuja debido a las diferencias de presi\u00f3n del flujo.  Este fen\u00f3meno se llama cavitaci\u00f3n. Las cavidades se colapsan por la presi\u00f3n atmosf\u00e9rica.  Se genera una gran cantidad de energ\u00eda durante esa fracci\u00f3n de 1\/50 000 segundos. La soldadura ultras\u00f3nica utiliza la energ\u00eda de cavitaci\u00f3n para permitir la eliminaci\u00f3n de la piel de \u00f3xido. Esto es porque se aprovecha de este mecanismo que no necesita fundente en el proceso de soldadura.<\/p>\n<div class=\"video_section\">\n<ul class=\"video_box_list popup_wrap\">\n<li>\n\t\t\t<a class=\"popup_video\" href=\"#popup_video\"><br \/>\n\t\t\t\t<img loading=\"lazy\" class=\"video_cover\" src=\"\/webroot\/img\/movie\/video_non.png\" width=\"288\" height=\"206\" alt=\"\"><br \/>\n\t\t\t\t<img loading=\"lazy\" src=\"\/webroot\/img\/movie\/sonictechnique_3.png\" width=\"288\" height=\"206\" alt=\"\"><br \/>\n\t\t\t\t<span>0:15<\/span><br \/>\n\t\t\t<\/a><\/p>\n<h3>Visualizaci\u00f3n de una cavitaci\u00f3n ultras\u00f3nica<\/h3>\n<p class=\"small\">Primera grabaci\u00f3n mundial exitosa de cavitaci\u00f3n ultras\u00f3nica durante la soldadura. Esto confirma la generaci\u00f3n de burbujas de aire.<\/p>\n<\/li>\n<\/ul><\/div>\n<\/p><\/div>\n<div class=\"section_4 section\">\n<h2>&#8211; Exfoliaci\u00f3n de las implosiones de cavitaci\u00f3n (sobre metal) &#8211; <\/h2>\n<p class=\"txt_contain_margin\">En el sistema de soldadura ultras\u00f3nica, la soldadura se realiza con una punta de soldadura calentada que a la vez emite vibraciones ultras\u00f3nicas. Las ondas ultras\u00f3nicas generadas desde el oscilador se transfieren a la punta de soldadura a trav\u00e9s de un sonotrodo, produciendo burbujas de cavitaci\u00f3n en la interfaz entre el sustrato y la soldadura l\u00edquida. La energ\u00eda implosiva de cavitaci\u00f3n cambia la superficie oxidada y elimina la suciedad y la capa de \u00f3xido. Al mismo tiempo, se forma una capa de aleaci\u00f3n mediante la acci\u00f3n de fusi\u00f3n y difusi\u00f3n.<\/p>\n<div class=\"kiban_img_wrap\">\n<div class=\"kiban_img\">\n<div id=\"kiban_img1\" class=\"es\"><span class=\"p1\">Soldadura<\/span><span class=\"p2\">Aluminio<\/span><span class=\"p3\">Alloy layer<\/span><\/div>\n<h3 class=\"kiban_img_txt\">Soldadura en una plancha de aluminio (SEM: x6000)<\/h3>\n<\/p><\/div>\n<div class=\"kiban_img\">\n<div id=\"kiban_img2\" class=\"es\"><span class=\"p1\">Soldadura<\/span><span class=\"p2\">Aluminio<\/span><span class=\"p3\">Alloy layer<\/span><\/div>\n<h3 class=\"kiban_img_txt\"> Plancha soldadura-aluminio (EDX)<\/h3>\n<\/p><\/div>\n<\/p><\/div>\n<\/p><\/div>\n<div class=\"section_5 section\">\n<h2>&#8211; Acci\u00f3n de uni\u00f3n mediante ox\u00edgeno (no met\u00e1lico) &#8211;<\/h2>\n<p>El vidrio y la cer\u00e1mica en s\u00ed son \u00f3xidos y no se pueden unir utilizando los mecanismos tradicionales de soldadura. El ox\u00edgeno se incorpora mientras la energ\u00eda del calor se emite simult\u00e1neamente en el instante en que las burbujas de cavitaci\u00f3n colapsan.  Se ha sugerido que los elementos met\u00e1licos de la soldadura fundida, dado su fuerte afinidad al ox\u00edgeno, usan esa energ\u00eda y el ox\u00edgeno incorporado como el medio a trav\u00e9s del cual se forma el enlace compartido en la superficie del vidrio o un material similar. (*1) La soldadura, fundida como resultado de las vibraciones ultras\u00f3nicas, est\u00e1 suficientemente agitada para que la soldadura en la superficie de uni\u00f3n sea capaz de incorporar inmediatamente ox\u00edgeno y as\u00ed permitir la formaci\u00f3n de un enlace compartido m\u00e1s fuerte. Las propiedades geom\u00e9tricas, qu\u00edmicas y la fuerza de uni\u00f3n resultantes no son inferiores a la soldadura convencional.<\/p>\n<p class=\"txt_contain_margin\">(Referencia: &#8220;Una t\u00e9cnica de soldadura para la uni\u00f3n directa de metal con vidrio&#8221;, Laboratorios de investigaci\u00f3n Asahi Glass, 1976 )<\/p>\n<div class=\"kiban_img_wrap\">\n<div class=\"glass_img\">\n<div id=\"glass_img1\" ><span class=\"p1 \">Glass<\/span><span class=\"p2\">Soldadura<\/span><\/div>\n<h3 class=\"kiban_img_txt\"> Soldadura sobre una placa de vidrio<br \/>(SEM: 10 000x)<\/h3>\n<\/p><\/div>\n<p>\t\t\t<a class=\"fancybox\" href=\"\/webroot\/img\/technique\/supersonic\/section_5\/big_en.jpg\"><br \/>\n\t\t\t\t<img loading=\"lazy\" class=\"glass_img_z\" src=\"\/webroot\/img\/technique\/supersonic\/section_5\/img_2_en.jpg\" width=\"500\" height=\"236\" alt=\"\"><br \/>\n\t\t\t<\/a>\n\t\t<\/div>\n<\/p><\/div>\n<div class=\"section_6 section\">\n<h2>&#8211; Expandiendo los campos de aplicaci\u00f3n de los ultrasonidos &#8211;<\/h2>\n<p class=\"txt_contain_margin\">Comenzando con la uni\u00f3n de electrodos al vidrio de los paneles solares, hay muchos campos diferentes en los que se usa la soldadura ultras\u00f3nica. Los MCU (microcontroladores) que forman el &#8220;cerebro&#8221; de un autom\u00f3vil est\u00e1n completamente recubiertos de aluminio para bloquear el ruido externo. La soldadura ultras\u00f3nica se utiliza para soldar el aluminio. En los \u00faltimos a\u00f1os se ha visto incrementado el uso de bobinas de alambre de aluminio reemplazando al alambre de cobre en bobinas de motor y transmisiones para reducir peso.  La soldadura ultras\u00f3nica cuenta con un mecanismo que la diferencia de la soldadura por punta y por l\u00e1ser. Sus aplicaciones aumentan d\u00eda a d\u00eda permitiendo realizar trabajos que en el pasado eran imposibles.<\/p>\n<div class=\"feature_list_box\">\n<p>&#8220;Caracter\u00edsticas especiales&#8221;<\/p>\n<ul>\n<li>1. M\u00e9todo de uni\u00f3n que hace uso del fen\u00f3meno de la cavitaci\u00f3n.<\/li>\n<li>2. Posibilidad de eliminar potentes capas de \u00f3xido sin fundente<\/li>\n<li>3. Posibilidad de soldadura met\u00e1lica mediante uni\u00f3n por ox\u00edgeno<\/li>\n<\/ul><\/div>\n<\/p><\/div>\n<div class=\"link_wrap section\">\n<h2>&#8211; Explore otros m\u00e9todos &#8211;<\/h2>\n<ul class=\"link_list\">\n<li>\n\t\t\t\t<a href=\"\/es\/method\/iron_tips.php\"><br \/>\n\t\t\t\t\t<img loading=\"lazy\" src=\"\/webroot\/img\/technique\/top\/btn_kote.png\" width=\"153\" height=\"148\" alt=\"\"><br \/>\n\t\t\t\t<\/a><\/p>\n<h3>PUNTA<\/h3>\n<\/li>\n<li>\n\t\t\t\t<a href=\"\/es\/method\/laser.php\"><br \/>\n\t\t\t\t\t<img loading=\"lazy\" src=\"\/webroot\/img\/technique\/top\/btn_laser.png\" width=\"153\" height=\"148\" alt=\"\"><br \/>\n\t\t\t\t<\/a><\/p>\n<h3>L\u00c1SER<\/h3>\n<\/li>\n<\/ul><\/div>\n","protected":false},"excerpt":{"rendered":"<p>Adhesi\u00f3n a materiales no adheribles: Un nuevo futuro creado por ondas ultras\u00f3nicas &#8211; Soldadura ultras\u00f3ni [&hellip;]<\/p>\n","protected":false},"author":1,"featured_media":913,"parent":21,"menu_order":37,"comment_status":"closed","ping_status":"closed","template":"","meta":[],"acf":[],"_links":{"self":[{"href":"https:\/\/www.japanunix.com\/es\/wp-json\/wp\/v2\/pages\/43"}],"collection":[{"href":"https:\/\/www.japanunix.com\/es\/wp-json\/wp\/v2\/pages"}],"about":[{"href":"https:\/\/www.japanunix.com\/es\/wp-json\/wp\/v2\/types\/page"}],"author":[{"embeddable":true,"href":"https:\/\/www.japanunix.com\/es\/wp-json\/wp\/v2\/users\/1"}],"replies":[{"embeddable":true,"href":"https:\/\/www.japanunix.com\/es\/wp-json\/wp\/v2\/comments?post=43"}],"version-history":[{"count":6,"href":"https:\/\/www.japanunix.com\/es\/wp-json\/wp\/v2\/pages\/43\/revisions"}],"predecessor-version":[{"id":805,"href":"https:\/\/www.japanunix.com\/es\/wp-json\/wp\/v2\/pages\/43\/revisions\/805"}],"up":[{"embeddable":true,"href":"https:\/\/www.japanunix.com\/es\/wp-json\/wp\/v2\/pages\/21"}],"wp:featuredmedia":[{"embeddable":true,"href":"https:\/\/www.japanunix.com\/es\/wp-json\/wp\/v2\/media\/913"}],"wp:attachment":[{"href":"https:\/\/www.japanunix.com\/es\/wp-json\/wp\/v2\/media?parent=43"}],"curies":[{"name":"wp","href":"https:\/\/api.w.org\/{rel}","templated":true}]}}