{"id":41,"date":"2016-08-23T11:22:03","date_gmt":"2016-08-23T02:22:03","guid":{"rendered":"http:\/\/cms.japanunix.com\/wp\/?page_id=41"},"modified":"2017-08-01T16:35:45","modified_gmt":"2017-08-01T07:35:45","slug":"laser","status":"publish","type":"page","link":"https:\/\/www.japanunix.com\/es\/method\/laser\/","title":{"rendered":"L\u00e1ser"},"content":{"rendered":"\n<div class=\"section_1 section\">\n<div class=\"txt_wrap\">\n<h1><alt = \"\"><\/h1>\n<h2> Un avanzado m\u00e9todo de soldadura de futuro &#8211; Soldadura por l\u00e1ser &#8211;<\/h2>\n<p class=\"txt_contain_margin\">&#8211; El m\u00e9todo de soldadura m\u00e1s reciente que est\u00e1 obteniendo gran reputaci\u00f3n mundial &#8211;<\/p>\n<p>La soldadura por l\u00e1ser est\u00e1 atrayendo la atenci\u00f3n como un m\u00e9todo nuevo.  Sin embargo, el principio de aplicaci\u00f3n de calor y otros aspectos difieren de la de la soldadura por punta. De ah\u00ed que la soldadura por punta no se pueda reemplazar con facilidad. La precauci\u00f3n es necesaria, ya que los beneficios de la t\u00e9cnica l\u00e1ser pueden perderse si no se utiliza correctamente aplicando el conocimiento de las caracter\u00edsticas del soldeo por l\u00e1ser. Esta secci\u00f3n explica los principios de la soldadura l\u00e1ser y los puntos sobre los que se debe tener cuidado.<\/p>\n<\/p><\/div>\n<p>\t\t<img loading=\"lazy\" src=\"\/webroot\/img\/technique\/laser\/top_img.png\" width=\"265\" height=\"188\" alt=\"\">\n\t<\/div>\n<div class=\"section_2 section\">\n<h2>\u00bfCu\u00e1l es la diferencia entre una &#8220;generaci\u00f3n de calor superficial&#8221; y la &#8220;conducci\u00f3n t\u00e9rmica&#8221;?  &#8211;<\/h2>\n<p class=\"txt_contain_margin\">En soldadura, la soldadura por punta es b\u00e1sicamente un proceso de tres pasos que incluye: el precalentamiento de los puntos en los que se aplica la soldadura, la aplicaci\u00f3n de calor para suministrar la soldadura y el postcalentamiento para darle la forma a la soldadura y finalizarla. Este sistema de trabajo es el mismo para la soldadura por punta o por l\u00e1ser, pero el m\u00e9todo de aplicaci\u00f3n de calor para suministrar la soldadura difiere, y esto es muy importante para entender la diferencia.<\/p>\n<\/p><\/div>\n<div class=\"section_2 section\">\n<h2>[Proceso de soldadura por punta]<\/h2>\n<p>\t\t<img loading=\"lazy\" src=\"\/webroot\/img\/technique\/laser\/section_2\/img_1_en.jpg\" width=\"747\" height=\"160\" alt=\"\">\n\t<\/div>\n<div class=\"section_3 section\">\n<h2>[Proceso de soldadura por l\u00e1ser]<\/h2>\n<p>\t\t<img loading=\"lazy\" src=\"\/webroot\/img\/technique\/laser\/section_2\/img_2_en.jpg\" width=\"747\" height=\"215\" alt=\"\">\n\t<\/div>\n<div class=\"section_3 section\">\n<h2>Dos principios de calor diferentes<\/h2>\n<div class=\"feature_list_wrap\">\n<div class=\"feature_list_box en\">\n<h3>Proceso de punta<\/h3>\n<ul >\n<li>1. La punta se calienta alrededor de 350\u00baC \/ 662 F.<\/li>\n<li>2. La punta se coloca en el punto de soldadura y se aplica calor hasta conseguir la temperatura de fusi\u00f3n (transferencia de calor)<\/li>\n<li>3. Se suministra la soldadura. <\/li>\n<\/ul><\/div>\n<div class=\"feature_list_box en\">\n<h3> Proceso de l\u00e1ser<\/h3>\n<ul >\n<li>1. El l\u00e1ser ilumina el punto de soldadura<\/li>\n<li>2. El \u00e1rea iluminada emite calor (emisi\u00f3n de calor superficial)<\/li>\n<li>3. El calor se transfiere a la zona circundante y la lleva a su temperatura de fusi\u00f3n.<\/li>\n<li>4. Se suministra la soldadura<\/li>\n<\/ul><\/div>\n<\/p><\/div>\n<p class=\"middle_txt\">En la soldadura por punta el calor se transfiere desde la punta del soldador y, en la soldadura por l\u00e1ser, el \u00e1rea iluminada genera calor. En la soldadura por punta la temperatura propia de la punta es el l\u00edmite superior, pero en la soldadura por l\u00e1ser, si el disparo del l\u00e1ser apunta continuamente en un solo lugar, la temperatura se eleva ilimitadamente.<br \/>\nPor lo tanto, la energ\u00eda y el intervalo de tiempo del rayo lum\u00ednico debe manejarse con cuidado.<\/p>\n<div class=\"video_section\">\n<ul class=\"video_box_list popup_wrap\">\n<li>\n\t\t\t<a class=\"popup_video\" href=\"#popup_video\"><br \/>\n\t\t\t\t<img loading=\"lazy\" class=\"video_cover\" src=\"\/webroot\/img\/movie\/video_non.png\" width=\"288\" height=\"206\" alt=\"\"><br \/>\n\t\t\t\t<img loading=\"lazy\" src=\"\/webroot\/img\/movie\/700h_2.png\" width=\"288\" height=\"206\" alt=\"\"><br \/>\n\t\t\t\t<span>0:19<\/span><br \/>\n\t\t\t<\/a><\/p>\n<h3>Soldadura de alambre magn\u00e9tico con l\u00e1ser<\/h3>\n<p class=\"small\">V\u00eddeo de la colocaci\u00f3n de la soldadura a alta velocidad con un cabezal l\u00e1ser.<\/p>\n<\/li>\n<li>\n\t\t\t<a class=\"popup_video\" href=\"#popup_video\"><br \/>\n\t\t\t\t<img loading=\"lazy\" class=\"video_cover\" src=\"\/webroot\/img\/movie\/video_non.png\" width=\"288\" height=\"206\" alt=\"\"><br \/>\n\t\t\t\t<img loading=\"lazy\" src=\"\/webroot\/img\/movie\/410sr_1.png\" width=\"288\" height=\"206\" alt=\"\"><br \/>\n\t\t\t\t<span>0:17<\/span><br \/>\n\t\t\t<\/a><\/p>\n<h3>Robot de soldadura autom\u00e1ticaSoldadura por punto de alta velocidad<\/h3>\n<p class=\"small\">La soldadura por contacto es fundamental. Aplicaci\u00f3n fiable y a alta velocidad de la soldadura mediante un robot especializado<\/p>\n<\/li>\n<\/ul><\/div>\n<\/p><\/div>\n<div class=\"section_4 section\">\n<h2>&#8211; \u00bfPor qu\u00e9 es la temperatura tan importante? Mecanismo de soldadura por l\u00e1ser &#8211;<\/h2>\n<p class=\"txt_contain_margin\">Los cambios de estado de la composici\u00f3n de la soldadura en funci\u00f3n de las condiciones de temperatura ascendentes o descendentes no permiten obtener la resistencia y fiabilidad \u00f3ptimas. La temperatura adecuada para la soldadura es una temperatura en la que la composici\u00f3n interna de la soldadura apenas cambia respecto a su estado previo al calentamiento. Cuando se ha aplicado calor excesivo tanto la resistencia como \u200b\u200bla fiabilidad disminuyen debido a los cambios de composici\u00f3n. El fundente tambi\u00e9n fluye de manera distinta a diferentes temperaturas y, cuando se aplica calor a la temperatura adecuada, el fundente elimina en primer lugar la capa de \u00f3xido y la suciedad de la soldadura y mejora su estanqueidad. La aplicaci\u00f3n de calor excesivo detendr\u00e1 el flujo del fundente, haciendo que la soldadura fluya primero. Adem\u00e1s, el calor excesivo puede da\u00f1ar el circuito impreso y causar muchos problemas tales como el agrietamiento interno de la placa, que no se puede detectar visualmente.<\/p>\n<\/p><\/div>\n<div class=\"section_5 section\">\n<h2>&#8211; Lo imposible se hace posible tras la comprensi\u00f3n de los principios de soldadura por l\u00e1ser &#8211;<\/h2>\n<p class=\"txt_contain_margin\">El primer requisito principal para la soldadura con l\u00e1ser es usarlo con una cuidadosa precauci\u00f3n sobre las condiciones de aplicaci\u00f3n de calor. En realidad, es una t\u00e9cnica establecida y que, dependiendo de la forma en que se utiliza y su aplicaci\u00f3n, puede reemplazar algunas de las \u00e1reas m\u00e1s d\u00e9biles de la soldadura por punta para aplicar la soldadura donde antes no era posible.<\/p>\n<div class=\"feature_list_box\">\n<h3>&#8220;Caracter\u00edsticas especiales&#8221;<\/h3>\n<ul>\n<li>1. &#8220;Sin contacto&#8221; significa que no hay carga sobre la PCB<\/li>\n<li>2.  Una aplicaci\u00f3n de calor eficiente y el suministro de la soldadura permite una automatizaci\u00f3n de la soldadura estable.<\/li>\n<li>3.  Permite soldar en los estrechos recovecos del ensamblaje de la placa de alta densidad.<\/li>\n<li>4.  Alta mantenibilidad<\/li>\n<\/ul><\/div>\n<p> La caracter\u00edstica m\u00e1s importante de la soldadura por l\u00e1ser es su capacidad de soldar sin contacto: no hay ning\u00fan contacto en absoluto, ya sea con la PCB o el componente. No hay carga f\u00edsica sobre la PCB, s\u00f3lo la luz l\u00e1ser y el suministro de la soldadura. Las grandes ventajas del m\u00e9todo l\u00e1ser se originan en su capacidad para: aplicar eficientemente el calor puntual as\u00ed como la luz en los espacios reducidos donde una punta de soldador no cabe, manejar los ensamblajes con poco espacio, cambiar el \u00e1ngulo de la luz y adoptar otras medidas.  El trabajo de mantenimiento tambi\u00e9n se puede reducir<\/p>\n<div class=\"video_section\">\n<ul class=\"video_box_list popup_wrap\">\n<li>\n\t\t\t<a class=\"popup_video\" href=\"#popup_video\"><br \/>\n\t\t\t\t<img loading=\"lazy\" class=\"video_cover\" src=\"\/webroot\/img\/movie\/video_non.png\" width=\"288\" height=\"206\" alt=\"\"><br \/>\n\t\t\t\t<img loading=\"lazy\" src=\"\/webroot\/img\/movie\/lasertechnique_5.png\" width=\"288\" height=\"206\" alt=\"\"><br \/>\n\t\t\t\t<span>0:40<\/span><br \/>\n\t\t\t<\/a><\/p>\n<h3>Robot de soldadura por l\u00e1ser de alto rendimiento<\/h3>\n<p class=\"small\">Comparaci\u00f3n de velocidad entre el l\u00e1ser de alto rendimiento y el l\u00e1ser convencional<\/p>\n<\/li>\n<li>\n\t\t\t<a class=\"popup_video\" href=\"#popup_video\"><br \/>\n\t\t\t\t<img loading=\"lazy\" class=\"video_cover\" src=\"\/webroot\/img\/movie\/video_non.png\" width=\"288\" height=\"206\" alt=\"\"><br \/>\n\t\t\t\t<img loading=\"lazy\" src=\"\/webroot\/img\/movie\/laserunit_2.png\" width=\"288\" height=\"206\" alt=\"\"><br \/>\n\t\t\t\t<span>0:18<\/span><br \/>\n\t\t\t<\/a><\/p>\n<h3>Vista de la luz de la soldadura por l\u00e1ser<\/h3>\n<p class=\"small\">V\u00eddeo de ensamblaje de componentes muy finos mediante soldadura por l\u00e1ser<\/p>\n<\/li>\n<\/ul><\/div>\n<\/p><\/div>\n<div class=\"section_6 section\">\n<h2>&#8211; Los futuros avances y el desarrollo de la soldadura por l\u00e1ser &#8211;<\/h2>\n<p class=\"txt_contain_margin\">Japan Unix ha comercializado con \u00e9xito un sistema de soldadura por l\u00e1ser, al igual que hicimos con la soldadura por contacto. Adem\u00e1s, hemos revisado rigurosamente la fuerza y fiabilidad de la uni\u00f3n mediante gran n\u00famero de experimentos, inspecciones y pruebas de evaluaci\u00f3n. Nuestra extensa experiencia en la implementaci\u00f3n de varios sistemas nos ha permitido establecer las t\u00e9cnicas de aplicaci\u00f3n de la soldadura por l\u00e1ser. Garantizamos que los clientes puedan adoptar estos sistemas con seguridad. Sin embargo, la soldadura por l\u00e1ser no siempre puede sustituir a la soldadura por punta. Es importante reconocer los puntos fuertes de cada una de estas t\u00e9cnicas y aplicarlos donde proceda.<\/p>\n<p class=\"txt_contain_margin\">\n<\/p><\/div>\n<div class=\"link_wrap section\">\n<h2>&#8211; Explore otros m\u00e9todos &#8211;<\/h2>\n<ul class=\"link_list\">\n<li>\n\t\t\t\t<a href=\"\/es\/method\/iron_tips.php\"><br \/>\n\t\t\t\t\t<img loading=\"lazy\" src=\"\/webroot\/img\/technique\/top\/btn_kote.png\" width=\"153\" height=\"148\" alt=\"\"><br \/>\n\t\t\t\t<\/a><\/p>\n<h3>PUNTA<\/h3>\n<\/li>\n<li>\n\t\t\t\t<a href=\"\/es\/method\/ultrasonic.php\"><br \/>\n\t\t\t\t\t<img loading=\"lazy\" src=\"\/webroot\/img\/technique\/top\/btn_sonic.png\" width=\"153\" height=\"148\" alt=\"\"><br \/>\n\t\t\t\t<\/a><\/p>\n<h3>ULTRASONIDOS<\/h3>\n<\/li>\n<\/ul><\/div>\n","protected":false},"excerpt":{"rendered":"<p>Un avanzado m\u00e9todo de soldadura de futuro &#8211; Soldadura por l\u00e1ser &#8211; &#8211; El m\u00e9todo de soldadura m [&hellip;]<\/p>\n","protected":false},"author":1,"featured_media":912,"parent":21,"menu_order":36,"comment_status":"closed","ping_status":"closed","template":"","meta":[],"acf":[],"_links":{"self":[{"href":"https:\/\/www.japanunix.com\/es\/wp-json\/wp\/v2\/pages\/41"}],"collection":[{"href":"https:\/\/www.japanunix.com\/es\/wp-json\/wp\/v2\/pages"}],"about":[{"href":"https:\/\/www.japanunix.com\/es\/wp-json\/wp\/v2\/types\/page"}],"author":[{"embeddable":true,"href":"https:\/\/www.japanunix.com\/es\/wp-json\/wp\/v2\/users\/1"}],"replies":[{"embeddable":true,"href":"https:\/\/www.japanunix.com\/es\/wp-json\/wp\/v2\/comments?post=41"}],"version-history":[{"count":6,"href":"https:\/\/www.japanunix.com\/es\/wp-json\/wp\/v2\/pages\/41\/revisions"}],"predecessor-version":[{"id":802,"href":"https:\/\/www.japanunix.com\/es\/wp-json\/wp\/v2\/pages\/41\/revisions\/802"}],"up":[{"embeddable":true,"href":"https:\/\/www.japanunix.com\/es\/wp-json\/wp\/v2\/pages\/21"}],"wp:featuredmedia":[{"embeddable":true,"href":"https:\/\/www.japanunix.com\/es\/wp-json\/wp\/v2\/media\/912"}],"wp:attachment":[{"href":"https:\/\/www.japanunix.com\/es\/wp-json\/wp\/v2\/media?parent=41"}],"curies":[{"name":"wp","href":"https:\/\/api.w.org\/{rel}","templated":true}]}}