{"id":357,"date":"2016-09-01T18:52:45","date_gmt":"2016-09-01T09:52:45","guid":{"rendered":"http:\/\/cms.japanunix.com\/?page_id=357"},"modified":"2017-04-28T18:14:16","modified_gmt":"2017-04-28T09:14:16","slug":"attention","status":"publish","type":"page","link":"https:\/\/www.japanunix.com\/es\/attention\/","title":{"rendered":"Aviso para los estimados clientes de Japan Unix: tengan ciudado con las falsificaciones o los productos de mala calidad."},"content":{"rendered":"<div class=\"warning_contents\">\n<div class=\"top_section\">\n\t\t<img loading=\"lazy\" src=\"\/webroot\/img\/products\/automation\/warning\/warning.png\" width=\"54\" height=\"62\" alt=\"WARNING\"><\/p>\n<h2>Aviso para los estimados clientes de Japan Unix: tengan ciudado con las falsificaciones o los productos de mala calidad.<\/h2>\n<\/p><\/div>\n<div class=\"txt_section\">\n<p>Les agradecemos sinceramente su apoyo a los productos de Japan Unix.<\/p>\n<p>Hemos  confirmado que las falsificaciones de mala calidad que se parecen a nuestros productos (puntas para soldador de hierro para m\u00e1quinas autom\u00e1ticas y herramientas de mano) han aparecido recientemente en el mercados chino, surcoreano y taiwan\u00e9s.<br \/>\nPuesto que se ha utilizado nuestro logotipo sin autorizaci\u00f3n, puede resultar dif\u00edcil distinguir estos productos de mala calidad de los nuestros en cuanto al aspecto. Algunos clientes han sido enga\u00f1ados y su material ha sufrido da\u00f1os. Asimismo, hemos descubierto casos de uso no autorizado de im\u00e1genes de nuestro cat\u00e1logo y sitio web.<br \/>\nHemos sido informados de casos en los que puntas para soldadores de hierro se quedaron inservibles r\u00e1pidamente, causaron da\u00f1os graves a la m\u00e1quina con la que se usaron, la tabla para soldar se da\u00f1\u00f3 y otro casos.<br \/>\nAdvertimos que no nos responsabilizamos ni proporcionamos asistencia t\u00e9cnica cuando se produzca un mal funcionamiento, accidentes o aver\u00edas a causa del uso de falsificaciones, independientemente de que se produjeran dentro del plazo de garant\u00eda.<br \/>\nAunque estamos trabajando para mejorar nuestra vigilancia sobre los fabricantes de falsificaciones y tomar medidas firmes contra la violaci\u00f3n de la propiedad intelectual, recomendamos a los clientes, a fin de erradicar este problema, que tomen precauciones suficientes para evitar las falsificaciones y que compren directamente a nosotros o a un distribuidor autorizado.<\/p>\n<p><b>Nuestras puntas para soldadores de hierro son un componente clave cuyo efecto en la calidad de la soldadura es fundamental.<\/b><\/p>\n<p>No autorizamos ninguna venta online de las puntas para soldadores de hierro Japan Unix excepto las que figuran en este sitio web.<br \/>\nAsimismo, no estamos desarrollando ning\u00fan producto conjunto con empresas filiales locales ni de otros pa\u00edses. Si llevamos a cabo alg\u00fan desarrollo conjunto en el futuro, lo notificaremos a trav\u00e9s de este sitio web u otros medios.<\/p>\n<p>Si tiene alguna pregunta, por favor, contacte con nosotros.<\/p>\n<\/p><\/div>\n<div class=\"img_section\">\n<div class=\"img_box\">\n<div class=\"img img_1\">\n<div class=\"txt_box\">\n<p class=\"left\">Izquierda: copia<\/p>\n<p class=\"right\">Derecha: aut\u00e9ntica<\/p>\n<\/p><\/div>\n<\/p><\/div>\n<div class=\"img img_2\">\n<div class=\"txt_box\">\n<p class=\"left\">Izquierda: copia<\/p>\n<p class=\"right\">Derecha: aut\u00e9ntica<\/p>\n<\/p><\/div>\n<\/p><\/div>\n<h3>La copias no est\u00e1n suficientemente chapadas, lo cual hace que se pelen partes.El acabado descuidado ha dejado protuberancias que pueden da\u00f1ar las tablas sobre las que se usen.<\/h3>\n<\/p><\/div>\n<div class=\"img_box\">\n<div class=\"img img_3\">\n<div class=\"txt_box\">\n<p class=\"left\">Izquierda: copia<\/p>\n<p class=\"right\">Derecha: aut\u00e9ntica<\/p>\n<\/p><\/div>\n<\/p><\/div>\n<div class=\"img img_4\">\n<div class=\"txt_box\">\n<p class=\"left\">Izquierda: copia<\/p>\n<p class=\"right\">Derecha: aut\u00e9ntica<\/p>\n<\/p><\/div>\n<\/p><\/div>\n<h3>La copia parece igual, pero se aprecia la cavidad causada por el cobre inadecuado y el recubrimiento de hierro se puede ver a trav\u00e9s de los rayos x.<br \/>\n(Imagen de la izquierda en la foto de la derecha: l\u00ednea blanca de los rayos x)<br \/>\nEl proceso inadecuado de chapado puede causar problemas tales como una vida corta del producto y transmisi\u00f3n de calor insuficiente.<\/h3>\n<\/p><\/div>\n<\/p><\/div>\n<\/div>\n","protected":false},"excerpt":{"rendered":"<p>Aviso para los estimados clientes de Japan Unix: tengan ciudado con las falsificaciones o los productos de mal [&hellip;]<\/p>\n","protected":false},"author":1,"featured_media":0,"parent":0,"menu_order":85,"comment_status":"closed","ping_status":"closed","template":"page-nosidearea.php","meta":[],"acf":[],"_links":{"self":[{"href":"https:\/\/www.japanunix.com\/es\/wp-json\/wp\/v2\/pages\/357"}],"collection":[{"href":"https:\/\/www.japanunix.com\/es\/wp-json\/wp\/v2\/pages"}],"about":[{"href":"https:\/\/www.japanunix.com\/es\/wp-json\/wp\/v2\/types\/page"}],"author":[{"embeddable":true,"href":"https:\/\/www.japanunix.com\/es\/wp-json\/wp\/v2\/users\/1"}],"replies":[{"embeddable":true,"href":"https:\/\/www.japanunix.com\/es\/wp-json\/wp\/v2\/comments?post=357"}],"version-history":[{"count":4,"href":"https:\/\/www.japanunix.com\/es\/wp-json\/wp\/v2\/pages\/357\/revisions"}],"predecessor-version":[{"id":848,"href":"https:\/\/www.japanunix.com\/es\/wp-json\/wp\/v2\/pages\/357\/revisions\/848"}],"wp:attachment":[{"href":"https:\/\/www.japanunix.com\/es\/wp-json\/wp\/v2\/media?parent=357"}],"curies":[{"name":"wp","href":"https:\/\/api.w.org\/{rel}","templated":true}]}}