{"id":27,"date":"2016-08-23T11:18:37","date_gmt":"2016-08-23T02:18:37","guid":{"rendered":"http:\/\/cms.japanunix.com\/wp\/?page_id=27"},"modified":"2018-11-21T16:19:53","modified_gmt":"2018-11-21T07:19:53","slug":"casestudy","status":"publish","type":"page","link":"https:\/\/www.japanunix.com\/es\/casestudy\/","title":{"rendered":"LIBRO BLANCO"},"content":{"rendered":"\n<div class=\"contents_header\">\n<h1><font size = \"4\" color=\"#990000\"> <\/font><\/h1>\n<h2>Ejemplo de aplicaci\u00f3n<\/h2>\n<p>Le invitamos a navegar los distintos sectores en los que se aplican las soluciones Japan Unix que presentan una amplia gama de ejemplos de instalaci\u00f3n en todo el mundo, libros blancos, materiales de investigaci\u00f3n t\u00e9cnica b\u00e1sicos relativos a la tecnolog\u00eda de soldadura y dem\u00e1s documentaci\u00f3n.<\/p>\n<\/p><\/div>\n<div class=\"contents\">\n<h2 class=\"section target\" id=\"func\">LOS FUNDAMENTOS DE LA SOLDADURA<\/h2>\n<div class=\"section target\" id=\"func1\">\n<h2>\n\t\t\t\t<span>vol. 1\uff1aPunta, lo m\u00e1s b\u00e1sico de lo b\u00e1sico, proporciona una alta fiabilidad.<\/span><br \/>\n\t\t\t<\/h2>\n<p>\t\t\t<img loading=\"lazy\" src=\"\/webroot\/img\/industry\/img3.png\" width=\"290\" height=\"211\" alt=\"\"><\/p>\n<h3>Se realiza la soldadura de la calidad m\u00e1s alta.\u00bfCu\u00e1les son los principios del soldador m\u00e1s b\u00e1sico?<\/h3>\n<p class=\"txt_contain_margin\">El m\u00e9todo de soldadura m\u00e1s popular del mundo con su historia de 6000 a\u00f1os.<\/p>\n<p class=\"contain_link_txt\"> En la actualidad se han desarrollado muchos m\u00e9todos de soldadura que se utilizan en f\u00e1bricas.<\/p>\n<p>\t\t\t<a class=\"link\" href=\"\/es\/form\/contact_case.php\">Leer m\u00e1s<\/a>\n\t\t<\/div>\n<div class=\"section target end\" id=\"func2\">\n<h2>\n\t\t\t\t<span>vol. 2\uff1aL\u00e1ser, evolucionando y desarrollando la nueva tecnolog\u00eda de soldadura.<\/span><br \/>\n\t\t\t<\/h2>\n<p>\t\t\t<img loading=\"lazy\" src=\"\/webroot\/img\/industry\/img4.png\" width=\"290\" height=\"211\" alt=\"\"><\/p>\n<h3>\u00bfCu\u00e1les son los principios de la soldadura por l\u00e1ser y cu\u00e1l es su mecanismo de uni\u00f3n?<\/h3>\n<p class=\"txt_contain_margin\">La soldadura por l\u00e1ser es algo muy conocido en todo el mundo.<\/p>\n<p class=\"contain_link_txt\">Sin embargo, sus principios de uni\u00f3n no son muy conocidos.  Tiene un mecanismo de calefacci\u00f3n diferente al de los soldadores tradicionales y no puede ser cambiado f\u00e1cilmente.<\/p>\n<p>\t\t\t<a class=\"link\" href=\"\/es\/form\/contact_case.php\">Leer m\u00e1s<\/a>\n\t\t<\/div>\n<div class=\"section target\" id=\"func3\">\n<h2>\n\t\t\t\t<span>Vol. 3\uff1aUniones en no metales sin fundente. El futuro es ultras\u00f3nico<\/span><br \/>\n\t\t\t<\/h2>\n<p>\t\t\t<img loading=\"lazy\" src=\"\/webroot\/img\/industry\/img5.png\" width=\"290\" height=\"211\" alt=\"\"><\/p>\n<h3>Aplicaci\u00f3n en vidrio y materiales sobre los que se pensaba que era imposible soldar.<\/h3>\n<p class=\"txt_contain_margin\">El apasionante proceso de soldadura que puede unir no metales.<\/p>\n<p class=\"contain_link_txt\">La soldadura ultras\u00f3nica es un m\u00e9todo que permite soldar materiales tales como vidrio, cer\u00e1mica y aluminio anodizado.\u00bfCu\u00e1les son los principios detr\u00e1s de la soldadura ultras\u00f3nica? <\/p>\n<p>\t\t\t<a class=\"link\" href=\"\/es\/form\/contact_case.php\">Leer m\u00e1s<\/a>\n\t\t<\/div>\n<h2  class=\"section target\" id=\"topic\">La vanguardia de la tecnolog\u00eda de soldadura<\/h2>\n<div class=\"section target\" id=\"topic1\">\n<h2>\n\t\t\t\t<span>vol. 1\uff1aUna industria automotriz que se inclina cada vez m\u00e1s hacia la electr\u00f3nica hace cambiar el mundo de la soldadura<\/span><br \/>\n\t\t\t<\/h2>\n<p>\t\t\t<img loading=\"lazy\" src=\"\/webroot\/img\/industry\/img1.png\" width=\"290\" height=\"211\" alt=\"\"><\/p>\n<h3>\u00bfQu\u00e9 se encuentra en la vanguardia de la tecnolog\u00eda de soldeo necesaria para la electr\u00f3nica automotriz?<\/h3>\n<p class=\"txt_contain_margin\">Hoy en d\u00eda, la tecnolog\u00eda electr\u00f3nica es fundamental para el avance de la industria automotriz.<\/p>\n<p class=\"txt_contain_link\">\n<p>\t\t\t<a class=\"link\" href=\"\/es\/form\/contact_case.php\">Leer m\u00e1s<\/a>\n\t\t<\/div>\n<div class=\"section target end\" id=\"topic2\">\n<h2>\n\t\t\t\t<span>vol. 2\uff1aLos caminos emprendidos por las empresas para racionalizar las f\u00e1bricas en el extranjero<\/span><br \/>\n\t\t\t<\/h2>\n<p>\t\t\t<img loading=\"lazy\" src=\"\/webroot\/img\/industry\/img2.png\" width=\"290\" height=\"211\" alt=\"\"><\/p>\n<h3>China, conocida como la &#8220;f\u00e1brica del mundo&#8221;, ha llegado a un punto de inflexi\u00f3n. Una mirada a la producci\u00f3n en el extranjero cuando la supervivencia est\u00e1 en juego.<\/h3>\n<p class=\"txt_contain_margin\">Con m\u00e1s de mil millones de personas ofreciendo mano de obra barata y un mercado de consumidores gigante, China ha desarrollado sus f\u00e1bricas progresivamente.<\/p>\n<p class=\"contain_link_txt\">\n<p>\t\t\t<a class=\"link\" href=\"\/es\/form\/contact_case.php\">Leer m\u00e1s<\/a>\n\t\t<\/div>\n<div class=\"section target\" id=\"topic3\">\n<h2>\n\t\t\t\t<span>Vol3: Los rigurosos requisitos de calidad en la soldadura de la industria de aviaci\u00f3n y aeroespacial.<\/span><br \/>\n\t\t\t<\/h2>\n<p>\t\t\t<img loading=\"lazy\" src=\"\/webroot\/img\/industry\/case_study_img3.png\" width=\"290\" height=\"211\" alt=\"\"><\/p>\n<h3>Tecnolog\u00eda de soldadura avanzada: crucial para entornos aeroespaciales extremos.<\/h3>\n<p class=\"txt_contain_margin\">El aire y el espacio contin\u00faan su tendencia hacia controles electr\u00f3nicos m\u00e1s sofisticados. Esto a su vez est\u00e1 llevando a una densidad de la junta de soldadura y una minituarizaci\u00f3n cada vez m\u00e1s crecientes.<\/p>\n<p class=\"contain_link_txt\">Japan Unix ofrece algunas de las tecnolog\u00edas de soldadura m\u00e1s avanzadas del mundo que ayudan a enfrentarse a estos retos.<\/p>\n<p>\t\t\t<a class=\"link\" href=\"\/es\/form\/contact_case.php\">Leer m\u00e1s<\/a>\n\t\t<\/div>\n<div class=\"section target end\" id=\"topic4\">\n<h2>\n\t\t\t\t<span>Vol4:  Tras la electr\u00f3nica: la soldadura robotizada acelera los avances m\u00e9dicos.<\/span><br \/>\n\t\t\t<\/h2>\n<p>\t\t\t<img loading=\"lazy\" src=\"\/webroot\/img\/industry\/case_study_img4.png\" width=\"290\" height=\"211\" alt=\"\"><\/p>\n<h3>\u00bfCon qu\u00e9 requisitos deben contar los dispositivos m\u00e9dicos electr\u00f3nicos para ayudar a los m\u00e9dicos?<\/h3>\n<p class=\"txt_contain_margin\">Los dispositivos m\u00e9dicos requieren una calidad y fiabilidad extremadamente altas, dado el papel que desempe\u00f1an en la prolongaci\u00f3n de la vida humana.<\/p>\n<p class=\"contain_link_txt\">Tales dispositivos se dise\u00f1an a partir de piezas y materiales especializados, que no se suelen ver en los aparatos electr\u00f3nicos de consumo.<\/p>\n<p>\t\t\t<a class=\"link\" href=\"\/es\/form\/contact_case.php\">Leer m\u00e1s<\/a>\n\t\t<\/div>\n<div class=\"section target\" id=\"topic5\">\n<h2>\n\t\t\t\t<span>Vol5: Se ve un r\u00e1pido crecimiento en los pa\u00edses de la ASEAN. Informe del mercado de soldadura<\/span><br \/>\n\t\t\t<\/h2>\n<p>\t\t\t<img loading=\"lazy\" src=\"\/webroot\/img\/industry\/case_study_img5.png\" width=\"290\" height=\"211\" alt=\"\"><\/p>\n<h3>\u00bfCu\u00e1les son las caracter\u00edsticas y el estado de la soldadura en cada pa\u00eds?<\/h3>\n<p class=\"txt_contain_margin\">Cada vez m\u00e1s empresas se est\u00e1n centrando en la ASEAN no solo debido a sus beneficios de producci\u00f3n, sino porque su proximidad a los principales mercados asi\u00e1ticos permite el consumo local.<\/p>\n<p class=\"contain_link_txt\">\n<p>\t\t\t<a class=\"link\" href=\"\/es\/form\/contact_case.php\">Leer m\u00e1s<\/a>\n\t\t<\/div>\n<\/p><\/div>\n","protected":false},"excerpt":{"rendered":"<p>Ejemplo de aplicaci\u00f3n Le invitamos a navegar los distintos sectores en los que se aplican las soluciones Japan [&hellip;]<\/p>\n","protected":false},"author":1,"featured_media":644,"parent":0,"menu_order":40,"comment_status":"closed","ping_status":"closed","template":"","meta":[],"acf":[],"_links":{"self":[{"href":"https:\/\/www.japanunix.com\/es\/wp-json\/wp\/v2\/pages\/27"}],"collection":[{"href":"https:\/\/www.japanunix.com\/es\/wp-json\/wp\/v2\/pages"}],"about":[{"href":"https:\/\/www.japanunix.com\/es\/wp-json\/wp\/v2\/types\/page"}],"author":[{"embeddable":true,"href":"https:\/\/www.japanunix.com\/es\/wp-json\/wp\/v2\/users\/1"}],"replies":[{"embeddable":true,"href":"https:\/\/www.japanunix.com\/es\/wp-json\/wp\/v2\/comments?post=27"}],"version-history":[{"count":12,"href":"https:\/\/www.japanunix.com\/es\/wp-json\/wp\/v2\/pages\/27\/revisions"}],"predecessor-version":[{"id":959,"href":"https:\/\/www.japanunix.com\/es\/wp-json\/wp\/v2\/pages\/27\/revisions\/959"}],"wp:featuredmedia":[{"embeddable":true,"href":"https:\/\/www.japanunix.com\/es\/wp-json\/wp\/v2\/media\/644"}],"wp:attachment":[{"href":"https:\/\/www.japanunix.com\/es\/wp-json\/wp\/v2\/media?parent=27"}],"curies":[{"name":"wp","href":"https:\/\/api.w.org\/{rel}","templated":true}]}}