{"id":263,"date":"2016-08-30T16:36:38","date_gmt":"2016-08-30T07:36:38","guid":{"rendered":"http:\/\/cms.japanunix.com\/?page_id=263"},"modified":"2022-04-25T16:48:06","modified_gmt":"2022-04-25T07:48:06","slug":"home","status":"publish","type":"page","link":"https:\/\/www.japanunix.com\/es\/","title":{"rendered":"INICIO"},"content":{"rendered":"\n<div id=\"container\">\n\t\t\t<!-- Main Contents --><\/p>\n<div id=\"top_main_contents\">\n\t\t\t\t<!-- 700\u30b7\u30ea\u30fc\u30ba\u300141\u30b7\u30ea\u30fc\u30ba\u3001\u81ea\u52d5\u5316\u30aa\u30d7\u30b7\u30e7\u30f3\u3001\u30ec\u30fc\u30b6\u30fc\u306f\u3093\u3060\u4ed8\u3001\u8d85\u97f3\u6ce2\u306f\u3093\u3060\u4ed8 --><\/p>\n<div class=\"top_text\">\n<h1><\/h1>\n<\/div>\n<div class = \"top_paragraph\">\n<\/div>\n<div class=\"related_product_section section\">\n<div class=\"slide_wrap\">\n<div class=\"slide_view\">\n<ul class=\"list_related_product top\">\n<li>\n                                <a href=\"\/es\/products\/automation\/410series\/dfseries\/\"><img loading=\"lazy\" src=\"\/webroot\/img\/top\/banner\/img3.png\" width=\"160\" height=\"160\" alt=\"Robot en sobremesa\"><\/a><\/p>\n<h3>Robot en sobremesa<\/h3>\n<\/li>\n<li>\n                                <a href=\"\/es\/products\/automation\/laser\/\"><img loading=\"lazy\" src=\"\/webroot\/img\/top\/banner\/img4.png\" width=\"160\" height=\"160\" alt=\"Unidad l\u00e1ser\"><\/a><\/p>\n<h3>Unidad l\u00e1ser<\/h3>\n<\/li>\n<li>\n                                <a href=\"\/es\/products\/automation\/gf-series\/\"><img loading=\"lazy\" src=\"https:\/\/www.japanunix.com\/wp\/wp-content\/uploads\/2019\/11\/image10.png\" width=\"160\" height=\"160\" alt=\"Portal\"><\/a><\/p>\n<h3>Soldadura con portal<\/h3>\n<\/li>\n<li>\n                                <a href=\"\/es\/products\/automation\/integration\/\"><img loading=\"lazy\" src=\"\/webroot\/img\/top\/banner\/img1.png\" width=\"160\" height=\"160\" alt=\"Integraci\u00f3n\"><\/a><\/p>\n<h3>Integraci\u00f3n<\/h3>\n<\/li>\n<li>\n                                <a href=\"\/es\/products\/automation\/700series\/\"><img loading=\"lazy\" src=\"\/webroot\/img\/top\/banner\/img2.png\" width=\"160\" height=\"160\" alt=\"Robot en l\u00ednea\"><\/a><\/p>\n<h3>Robot en l\u00ednea<\/h3>\n<\/li>\n<li>\n                                <a href=\"\/es\/products\/soldering\/\"><img loading=\"lazy\" src=\"\/webroot\/img\/top\/banner\/img7.png\" width=\"160\" height=\"160\" alt=\"Estaci\u00f3n de soldadura\"><\/a><\/p>\n<h3>Estaci\u00f3n de soldadura<\/h3>\n<\/li>\n<li>\n                                <a href=\"\/es\/products\/option\/\"><img loading=\"lazy\" src=\"\/webroot\/img\/top\/banner\/img6.png\" width=\"160\" height=\"160\" alt=\"Opciones autom\u00e1ticas\"><\/a><\/p>\n<h3>Opciones autom\u00e1ticas<\/h3>\n<\/li>\n<\/ul><\/div>\n<div class=\"slide_btn_wrapper\">\n<div class=\"related_slide_prev\"><span>prev<\/span><\/div>\n<div class=\"related_slide_next\"><span>next<\/span><\/div>\n<\/p><\/div>\n<\/p><\/div>\n<\/p><\/div>\n<p>\t\t\t\t<!-- \u88fd\u54c1\u4e00\u89a7\u3001\u306f\u3093\u3060\u4ed8\u5de5\u6cd5\u3001\u30b5\u30fc\u30d3\u30b9\u3001\u5c0e\u5165\u4e8b\u4f8b --><\/p>\n<div id=\"category_navi\">\n<ul class=\"category\">\n<li><a href=\"\/es\/products\/top.php\"><img loading=\"lazy\" src=\"\/webroot\/img\/top\/banner2\/img1.png\" width=\"194\" height=\"177\" alt=\"\"><span>Productos\/Sistema<\/span><\/a><\/li>\n<li><a href=\"\/es\/method\/top.php\"><img loading=\"lazy\" src=\"\/webroot\/img\/top\/banner2\/img2.png\" width=\"194\" height=\"177\" alt=\"\"><span>M\u00e9todos de soldadura<\/span><\/a><\/li>\n<li><a href=\"\/es\/products\/laser\/unit_laser.php\"><img loading=\"lazy\" src=\"https:\/\/www.japanunix.com\/es\/wp\/wp-content\/uploads\/2016\/08\/top_laser_banner.png\" width=\"194\" height=\"177\" alt=\"\"><span>L\u00c1SER<\/span><\/a><\/li>\n<li><a href=\"\/es\/industry\/case_study.php\"><img loading=\"lazy\" src=\"\/webroot\/img\/top\/banner2\/img4.png\" width=\"194\" height=\"177\" alt=\"\"><span>Ejemplos de aplicaci\u00f3n<\/span><\/a><\/li>\n<\/ul><\/div>\n","protected":false},"excerpt":{"rendered":"<p>Robot en sobremesa Unidad l\u00e1ser Soldadura con portal Integraci\u00f3n Robot en l\u00ednea Estaci\u00f3n de soldadura Opciones [&hellip;]<\/p>\n","protected":false},"author":1,"featured_media":0,"parent":0,"menu_order":4,"comment_status":"closed","ping_status":"closed","template":"page-toppage.php","meta":[],"acf":[],"_links":{"self":[{"href":"https:\/\/www.japanunix.com\/es\/wp-json\/wp\/v2\/pages\/263"}],"collection":[{"href":"https:\/\/www.japanunix.com\/es\/wp-json\/wp\/v2\/pages"}],"about":[{"href":"https:\/\/www.japanunix.com\/es\/wp-json\/wp\/v2\/types\/page"}],"author":[{"embeddable":true,"href":"https:\/\/www.japanunix.com\/es\/wp-json\/wp\/v2\/users\/1"}],"replies":[{"embeddable":true,"href":"https:\/\/www.japanunix.com\/es\/wp-json\/wp\/v2\/comments?post=263"}],"version-history":[{"count":24,"href":"https:\/\/www.japanunix.com\/es\/wp-json\/wp\/v2\/pages\/263\/revisions"}],"predecessor-version":[{"id":1072,"href":"https:\/\/www.japanunix.com\/es\/wp-json\/wp\/v2\/pages\/263\/revisions\/1072"}],"wp:attachment":[{"href":"https:\/\/www.japanunix.com\/es\/wp-json\/wp\/v2\/media?parent=263"}],"curies":[{"name":"wp","href":"https:\/\/api.w.org\/{rel}","templated":true}]}}