{"id":24,"date":"2016-08-23T11:17:53","date_gmt":"2016-08-23T02:17:53","guid":{"rendered":"http:\/\/cms.japanunix.com\/wp\/?page_id=24"},"modified":"2017-07-27T17:02:44","modified_gmt":"2017-07-27T08:02:44","slug":"school","status":"publish","type":"page","link":"https:\/\/www.japanunix.com\/es\/school\/","title":{"rendered":"Acerca de la escuela"},"content":{"rendered":"\n<div class=\"section section_1\">\n<h1><alt = \"La escuela de microsoldadura, donde puede aprender las t\u00e9cnicas de soldadura m\u00e1s sofisticadas\"><\/h1>\n<h2>La escuela de microsoldadura, donde puede aprender las t\u00e9cnicas de soldadura m\u00e1s sofisticadas<\/h2>\n<p>Le ofrece su conocimiento y experiencia en soldadura, entre cuyos logros se incluye la fabricaci\u00f3n del primer robot de soldadura de Jap\u00f3n.<\/p>\n<p class=\"last\">El uso de la tecnolog\u00eda electr\u00f3nica est\u00e1 extendido en veh\u00edculos de transporte tales como coches y aviones, as\u00ed como en dispositivos m\u00e9dicos que pueden salvar vidas humanas. Un solo error en la soldadura puede conllevar problemas inesperados. El control de calidad en la soldadura est\u00e1 incrementando su importancia a la hora de mitigar estos riesgos.<\/p>\n<div class=\"img_section\">\n\t\t\t<img loading=\"lazy\" src=\"\/webroot\/img\/\/service\/school\/section_1\/img_1.png\" width=\"318\" height=\"204\" alt=\"\"><br \/>\n\t\t\t<img loading=\"lazy\" src=\"\/webroot\/img\/\/service\/school\/section_1\/img_2.png\" width=\"318\" height=\"204\" alt=\"\">\n\t\t<\/div>\n<p style=\"color:#f00\">\n<\/p><\/div>\n<div class=\"section section_2\">\n<h2>Calidad que se ajusta a los est\u00e1ndares de la NASA<\/h2>\n<p class=\"last\">La escuela de soldadura de Japan Unix est\u00e1 aprobada por la Asociaci\u00f3n Japonesa de Soldadura. Los est\u00e1ndares de calidad que se utilizan en la escuela tienen origen en la NASA. Las t\u00e9cnicas de soldadura avanzada son necesarias en dispositivos tales como transbordadores espaciales, aviones y sat\u00e9lites, que necesitan uniones que no se degraden durante largos per\u00edodos de tiempo bajo condiciones extremas.<\/p>\n<div class=\"img_section\">\n\t\t\t<img loading=\"lazy\" src=\"\/webroot\/img\/\/service\/school\/section_2\/img_1.png\" width=\"659\" height=\"307\" alt=\"\"><br \/>\n\t\t\t<img loading=\"lazy\" src=\"\/webroot\/img\/\/service\/school\/section_2\/img_2.png\" width=\"318\" height=\"204\" alt=\"\"><br \/>\n\t\t\t<img loading=\"lazy\" src=\"\/webroot\/img\/\/service\/school\/section_2\/img_3.png\" width=\"318\" height=\"204\" alt=\"\">\n\t\t<\/div>\n<\/p><\/div>\n<div class=\"section section_3\">\n<h2>Los nuevos m\u00e9todos que incluyen ultrasonidos y l\u00e1ser requieren conocimientos de soldadura avanzada indispensables para la automatizaci\u00f3n<\/h2>\n<p class=\"last\">La automatizaci\u00f3n de la soldadura puede producir una soldadura de la m\u00e1s alta calidad. Al utilizar l\u00e1ser tambi\u00e9n se hace posible soldar partes que las manos de una persona no pueden alcanzar. Sin embargo, es dif\u00edcil conseguir una calidad aceptable en la soldadura a menos que participen expertos con conocimientos y experiencia en soldadura aplicada.<\/p>\n<div class=\"img_section last\">\n\t\t\t<a href=\"\/es\/products\/410series\/410series_top.php\"><br \/>\n\t\t\t\t<img loading=\"lazy\" class=\"small_img\" src=\"\/webroot\/img\/\/service\/school\/section_3\/img_1.png\" width=\"192\" height=\"204\" alt=\"\"><br \/>\n\t\t\t<\/a><br \/>\n\t\t\t<a href=\"\/es\/products\/700series\/700series_top.php\"><br \/>\n\t\t\t\t<img loading=\"lazy\" src=\"\/webroot\/img\/\/service\/school\/section_3\/img_2.png\" width=\"192\" height=\"204\" alt=\"\"><br \/>\n\t\t\t<\/a>\n\t\t<\/div>\n<\/p><\/div>\n","protected":false},"excerpt":{"rendered":"<p>La escuela de microsoldadura, donde puede aprender las t\u00e9cnicas de soldadura m\u00e1s sofisticadas Le ofrece su con [&hellip;]<\/p>\n","protected":false},"author":1,"featured_media":641,"parent":0,"menu_order":38,"comment_status":"closed","ping_status":"closed","template":"","meta":[],"acf":[],"_links":{"self":[{"href":"https:\/\/www.japanunix.com\/es\/wp-json\/wp\/v2\/pages\/24"}],"collection":[{"href":"https:\/\/www.japanunix.com\/es\/wp-json\/wp\/v2\/pages"}],"about":[{"href":"https:\/\/www.japanunix.com\/es\/wp-json\/wp\/v2\/types\/page"}],"author":[{"embeddable":true,"href":"https:\/\/www.japanunix.com\/es\/wp-json\/wp\/v2\/users\/1"}],"replies":[{"embeddable":true,"href":"https:\/\/www.japanunix.com\/es\/wp-json\/wp\/v2\/comments?post=24"}],"version-history":[{"count":7,"href":"https:\/\/www.japanunix.com\/es\/wp-json\/wp\/v2\/pages\/24\/revisions"}],"predecessor-version":[{"id":808,"href":"https:\/\/www.japanunix.com\/es\/wp-json\/wp\/v2\/pages\/24\/revisions\/808"}],"wp:featuredmedia":[{"embeddable":true,"href":"https:\/\/www.japanunix.com\/es\/wp-json\/wp\/v2\/media\/641"}],"wp:attachment":[{"href":"https:\/\/www.japanunix.com\/es\/wp-json\/wp\/v2\/media?parent=24"}],"curies":[{"name":"wp","href":"https:\/\/api.w.org\/{rel}","templated":true}]}}