{"id":21,"date":"2016-08-23T11:16:49","date_gmt":"2016-08-23T02:16:49","guid":{"rendered":"http:\/\/cms.japanunix.com\/wp\/?page_id=21"},"modified":"2017-07-27T16:48:41","modified_gmt":"2017-07-27T07:48:41","slug":"method","status":"publish","type":"page","link":"https:\/\/www.japanunix.com\/es\/method\/","title":{"rendered":"M\u00c9TODOS"},"content":{"rendered":"\n<div class=\"section_1 section\">\n<div class=\"section_left\">\n<h1><alt=\"\"><\/h1>\n<h2>La tecnolog\u00eda de soldadura responde a un mercado en constante evoluci\u00f3n<\/h2>\n<p class=\"txt_contain_margin\">\n<p>La elecci\u00f3n de los m\u00e9todos de trabajo, las temperaturas, el tiempo, etc., pueden producir composiciones de soldadura muy diferentes. Una gesti\u00f3n de soldadura insuficiente puede conducir a quejas inesperadas del mercado. Es necesario tomar las medidas suficientes para evitar tales situaciones.<br \/>Estos contenidos explican los 3 principales m\u00e9todos de soldadura recomendados por Japan Unix.<\/p>\n<\/p><\/div>\n<p>\t\t<img loading=\"lazy\" src=\"\/webroot\/img\/technique\/top\/top_img.png\" width=\"265\" height=\"189\" alt=\"\">\n\t<\/div>\n<div class=\"section_2 section\" style=\"margin-top: 20px;\">\n<div class=\"lead_division\">\n<h2>-Productos de alta densidad, sin plomo, normativas medioambientales, soldadura sobre aluminio-<\/h2>\n<p>Conforme avanzan las tecnolog\u00edas de dispositivos electr\u00f3nicos, el tama\u00f1o de estos productos se reduce y los ensamblajes se densifican.  La conciencia medioambiental es cada vez mayor, lo cual ha dado como resultado la RoHS y otras regulaciones ambientales que exigen soldaduras sin plomo, contramedidas necesarias debido a las restricciones a los componentes del activador relacionadas con hal\u00f3genos y la expansi\u00f3n de nuevos campos de aplicaci\u00f3n, tales como la soldadura de materiales no met\u00e1licos. La soldadura est\u00e1 sujeta a constantes cambios en el \u00e1mbito que rodea a esta disciplina.<br \/>La t\u00e9cnica \u00f3ptima de soldadura debe seleccionarse seg\u00fan la resistencia de la uni\u00f3n deseada, fiabilidad, coste y requisitos de aplicaci\u00f3n. Cada uno de los m\u00e9todos de la soldadura rob\u00f3tica (por punta, l\u00e1ser y ultrasonidos) tiene sus propias caracter\u00edsticas individuales.<br \/>El m\u00e9todo elegido debe ser compatible con la aplicaci\u00f3n individual.<\/p>\n<\/p><\/div>\n<ul class=\"banner\">\n<li>\n<div>\n<h2>PUNTA<\/h2>\n<p>\t\t\t\t\t<a href=\"\/es\/method\/iron_tips.php\"><br \/>\n\t\t\t\t\t\t<img loading=\"lazy\" src=\"\/webroot\/img\/technique\/top\/btn_kote.png\" width=\"153\" height=\"148\" alt=\"\"><br \/>\n\t\t\t\t\t<\/a><\/p>\n<h3>\u00bfCu\u00e1l es la diferencia entre la soldadura por contacto y otros m\u00e9todos?<\/h3>\n<\/p><\/div>\n<p class=\"small\">Aqu\u00ed le ofrecemos informaci\u00f3n b\u00e1sica al respecto.<\/p>\n<\/li>\n<li>\n<div>\n<h2>L\u00c1SER<\/h2>\n<p>\t\t\t\t\t<a href=\"\/es\/method\/laser.php\"><br \/>\n\t\t\t\t\t\t<img loading=\"lazy\" src=\"\/webroot\/img\/technique\/top\/btn_laser.png\" width=\"153\" height=\"148\" alt=\"\"><br \/>\n\t\t\t\t\t<\/a><\/p>\n<h3>\u00bfCuales son las diferencias entre la soldadura por contacto y la soldadura por l\u00e1ser?<\/h3>\n<\/p><\/div>\n<p class=\"small\">Tambi\u00e9n se proporcionan las explicaciones de las precauciones durante su uso.<\/p>\n<\/li>\n<li>\n<div>\n<h2>ULTRASONIDOS<\/h2>\n<p>\t\t\t\t\t<a href=\"\/es\/method\/ultrasonic.php\"><br \/>\n\t\t\t\t\t\t<img loading=\"lazy\" src=\"\/webroot\/img\/technique\/top\/btn_sonic.png\" width=\"153\" height=\"148\" alt=\"\"><br \/>\n\t\t\t\t\t<\/a><\/p>\n<h3>\u00bfPor qu\u00e9 se puede soldar incluso en vidrio?<\/h3>\n<\/p><\/div>\n<p class=\"small\">Los principios de la soldadura por ultrasonidos, diferente de lo convencional<\/p>\n<\/li>\n<\/ul><\/div>\n","protected":false},"excerpt":{"rendered":"<p>La tecnolog\u00eda de soldadura responde a un mercado en constante evoluci\u00f3n La elecci\u00f3n de los m\u00e9todos de trabajo, [&hellip;]<\/p>\n","protected":false},"author":1,"featured_media":908,"parent":0,"menu_order":34,"comment_status":"closed","ping_status":"closed","template":"","meta":[],"acf":[],"_links":{"self":[{"href":"https:\/\/www.japanunix.com\/es\/wp-json\/wp\/v2\/pages\/21"}],"collection":[{"href":"https:\/\/www.japanunix.com\/es\/wp-json\/wp\/v2\/pages"}],"about":[{"href":"https:\/\/www.japanunix.com\/es\/wp-json\/wp\/v2\/types\/page"}],"author":[{"embeddable":true,"href":"https:\/\/www.japanunix.com\/es\/wp-json\/wp\/v2\/users\/1"}],"replies":[{"embeddable":true,"href":"https:\/\/www.japanunix.com\/es\/wp-json\/wp\/v2\/comments?post=21"}],"version-history":[{"count":5,"href":"https:\/\/www.japanunix.com\/es\/wp-json\/wp\/v2\/pages\/21\/revisions"}],"predecessor-version":[{"id":799,"href":"https:\/\/www.japanunix.com\/es\/wp-json\/wp\/v2\/pages\/21\/revisions\/799"}],"wp:featuredmedia":[{"embeddable":true,"href":"https:\/\/www.japanunix.com\/es\/wp-json\/wp\/v2\/media\/908"}],"wp:attachment":[{"href":"https:\/\/www.japanunix.com\/es\/wp-json\/wp\/v2\/media?parent=21"}],"curies":[{"name":"wp","href":"https:\/\/api.w.org\/{rel}","templated":true}]}}