{"id":17,"date":"2016-08-23T11:15:52","date_gmt":"2016-08-23T02:15:52","guid":{"rendered":"http:\/\/cms.japanunix.com\/wp\/?page_id=17"},"modified":"2022-04-25T17:08:54","modified_gmt":"2022-04-25T08:08:54","slug":"automation","status":"publish","type":"page","link":"https:\/\/www.japanunix.com\/es\/products\/automation\/","title":{"rendered":"Automatizaci\u00f3n"},"content":{"rendered":"<div class=\"section_1 section\">\n<div class=\"txt_and_img_section\">\n<div class=\"txt_section\">\n<h1><\/h1>\n<h2>SOLDADURA SELECTIVA \/ AUTOMATIZACI\u00d3N<\/h2>\n<p>Los productos de Japan Unix ofrecen muchas soluciones ingeniosas incluyendo los modelos de unidades de articulaci\u00f3n m\u00faltiple o de sobremesa, dise\u00f1ados en base a la teor\u00eda de soldadura \u00fanica y nuestra experiencia en automatizaci\u00f3n.Nuestra oferta incluye una amplia gama de modelos, soluciones autom\u00e1ticas y m\u00e9todos t\u00e9cnicos para permitir a los clientes seleccionar las configuraciones \u00f3ptimas que satisfagan sus necesidades. Ofrecemos la mejor soluci\u00f3n para los clientes que se enfrentan a problemas tales como las placas de circuitos sin plomo disipadoras de calor y los componentes de alta capacidad t\u00e9rmica.<\/p>\n<\/p><\/div>\n<p>\t\t<img loading=\"lazy\" src=\"\/webroot\/img\/products\/automation\/top\/img.png\" width=\"142\" height=\"204\" alt=\"\">\n\t<\/div>\n<\/div>\n<div class=\"section_2 section\">\n<h2>3 MANERAS DE AUTOMATIZAR EL TRABAJO DE SOLDEO<\/h2>\n<ul class=\"product_list\">\n<li>\n<div class=\"include_txt_img negative_margin\">\n\t\t\t\t<a href=\"\/es\/products\/integration\/integration.php\"><br \/>\n\t\t\t\t\t<img loading=\"lazy\" src=\"\/webroot\/img\/products\/automation\/top\/img_1.png\" width=\"204\" height=\"230\" alt=\"Sistemas\"><br \/>\n\t\t\t\t\t<span class=\"product_name\">Sistemas<\/span><br \/>\n\t\t\t\t<\/a>\n\t\t\t<\/div>\n<p>Automatizaci\u00f3n integrada, incluyendo el sistema de transporte y distribuci\u00f3n<\/p>\n<div class=\"introduction_set_list\">\n<div class=\"dot\"><img loading=\"lazy\" src=\"\/webroot\/img\/products\/common\/dots.png\" width=\"8\" height=\"37\" alt=\"\"><\/div>\n<p class=\"blue_box_bg\">M\u00f3dulos de soldadura<\/p>\n<p class=\"blue_box_bg\">Robot<\/p>\n<p class=\"blue_box_bg\">Cubierta de seguridad, marco<\/p>\n<p class=\"blue_box_bg\">Transportaci\u00f3n, otros<\/p>\n<div class=\"dot\"><img loading=\"lazy\" src=\"\/webroot\/img\/products\/common\/dots.png\" width=\"8\" height=\"37\" alt=\"\"><\/div>\n<p>\t\t\t\t<a class=\"deep_blue_box_bg\" href=\"\/es\/products\/integration\/integration.php\">Integraci\u00f3n<\/a>\n\t\t\t<\/div>\n<\/li>\n<li>\n<div class=\"include_txt_img negative_margin\">\n\t\t\t\t<a href=\"\/es\/products\/700series\/700series_top.php\"><br \/>\n\t\t\t\t\t<img loading=\"lazy\" src=\"\/webroot\/img\/products\/automation\/top\/img_2.png\" width=\"204\" height=\"230\" alt=\"\"><br \/>\n\t\t\t\t\t<span class=\"product_name\">Robot<\/span><br \/>\n\t\t\t\t<\/a>\n\t\t\t<\/div>\n<p>Los robots de soldadura m\u00e1s vendidos en el mundo<\/p>\n<div class=\"introduction_set_list\">\n<div class=\"dot\"><img loading=\"lazy\" src=\"\/webroot\/img\/products\/common\/dots.png\" width=\"8\" height=\"37\" alt=\"\"><\/div>\n<p class=\"blue_box_bg\">M\u00f3dulos de soldadura<\/p>\n<p class=\"blue_box_bg\">Robot<\/p>\n<p class=\"gray_box_bg\">Cubierta de seguridad, marco<\/p>\n<p class=\"gray_box_bg\">Transportaci\u00f3n, otros<\/p>\n<div class=\"dot\"><img loading=\"lazy\" src=\"\/webroot\/img\/products\/common\/dots.png\" width=\"8\" height=\"37\" alt=\"\"><\/div>\n<p>\t\t\t\t<a class=\"deep_blue_box_bg\" href=\"\/es\/products\/700series\/700series_top.php\">700 series<\/a><br \/>\n\t\t\t\t<a class=\"deep_blue_box_bg\" href=\"\/es\/products\/410series\/410series_top.php\">410 series<\/a>\n\t\t\t<\/div>\n<\/li>\n<li class=\"last\">\n<div class=\"include_txt_img negative_margin\">\n\t\t\t\t<a href=\"\/es\/products\/unit\/unit_top.php\"><br \/>\n\t\t\t\t\t<img loading=\"lazy\" src=\"\/webroot\/img\/products\/automation\/top\/img_3.png\" width=\"204\" height=\"230\" alt=\"\"><br \/>\n\t\t\t\t\t<span class=\"product_name\">M\u00f3dulos<\/span><br \/>\n\t\t\t\t<\/a>\n\t\t\t<\/div>\n<p>Automatizaci\u00f3n utilizando sus propias m\u00e1quinas<\/p>\n<div class=\"introduction_set_list\">\n<div class=\"dot\"><img loading=\"lazy\" src=\"\/webroot\/img\/products\/common\/dots.png\" width=\"8\" height=\"37\" alt=\"\"><\/div>\n<p class=\"blue_box_bg\">M\u00f3dulos de soldadura<\/p>\n<p class=\"gray_box_bg\">Robot<\/p>\n<p class=\"gray_box_bg\">Cubierta de seguridad, marco<\/p>\n<p class=\"gray_box_bg\">Transportaci\u00f3n, otros<\/p>\n<div class=\"dot\"><img loading=\"lazy\" src=\"\/webroot\/img\/products\/common\/dots.png\" width=\"8\" height=\"37\" alt=\"\"><\/div>\n<p>\t\t\t\t<a class=\"deep_blue_box_bg\" href=\"\/es\/products\/unit\/unit_top.php\">M\u00f3dulos de soldadura<\/a>\n\t\t\t<\/div>\n<\/li>\n<\/ul>\n<\/div>\n<div class=\"option_slider_section section\">\n<h2>Opciones complementarias<\/h2>\n<p class=\"txt\">Haciendo uso de nuestra amplia gama de opciones complementarias para hacer las cosas m\u00e1s r\u00e1pido y con mayor calidad y precisi\u00f3n.<\/p>\n<div class=\"slide_wrap\">\n<div class=\"slide_view\">\n<ul class=\"list_options\">\n<li>\n                    <a href=\"\/es\/products\/option\/option_detail_1.php#lockon\"><img loading=\"lazy\" src=\"\/webroot\/img\/products\/automation\/410series\/41S\/slide_img\/img1.png\" width=\"157\" height=\"157\" alt=\"\"><\/a><\/p>\n<h3>Bloqueo<\/h3>\n<p>Previene problemas de alineaci\u00f3n de la alimentaci\u00f3n<\/p>\n<\/li>\n<li>\n                    <a href=\"\/es\/products\/laser\/unit_laser.php\"><img loading=\"lazy\" src=\"\/webroot\/img\/products\/automation\/410series\/41S\/slide_img\/img5.png\" width=\"157\" height=\"157\" alt=\"\"><\/a><\/p>\n<h3>Unidad l\u00e1ser<\/h3>\n<p>Soldadura por rayo l\u00e1ser sin contacto<\/p>\n<\/li>\n<li>\n                    <a href=\"\/es\/products\/option\/option_detail_2.php#sending_device\"><img loading=\"lazy\" src=\"\/webroot\/img\/products\/automation\/700series\/700H\/slide_img\/img2.png\" width=\"157\" height=\"157\" alt=\"\"><\/a><\/p>\n<h3>Alimentador de precisi\u00f3n<\/h3>\n<p>Adecuado para una soldadura ultra precisa<\/p>\n<\/li>\n<li>\n                    <a href=\"\/es\/products\/option\/option_detail_1.php#img_position_revise\"><img loading=\"lazy\" src=\"\/webroot\/img\/products\/automation\/700series\/700H\/slide_img\/img3.png\" width=\"157\" height=\"157\" alt=\"\"><\/a><\/p>\n<h3>Sensor de visi\u00f3n<\/h3>\n<p>Correcci\u00f3n de imagen autom\u00e1tica para una soldadura precisa<\/p>\n<\/li>\n<\/ul><\/div>\n<div class=\"slide_btn_wrapper\">\n\t        <a href=\"#\" class=\"option_slide_prev\"><span>prev<\/span><\/a><br \/>\n\t\t\t<a href=\"#\" class=\"option_slide_next\"><span>next<\/span><\/a>\n\t\t<\/div>\n<\/p><\/div>\n<\/div>\n","protected":false},"excerpt":{"rendered":"<p>SOLDADURA SELECTIVA \/ AUTOMATIZACI\u00d3N Los productos de Japan Unix ofrecen muchas soluciones ingeniosas incluyen [&hellip;]<\/p>\n","protected":false},"author":1,"featured_media":907,"parent":14,"menu_order":6,"comment_status":"closed","ping_status":"closed","template":"","meta":[],"acf":[],"_links":{"self":[{"href":"https:\/\/www.japanunix.com\/es\/wp-json\/wp\/v2\/pages\/17"}],"collection":[{"href":"https:\/\/www.japanunix.com\/es\/wp-json\/wp\/v2\/pages"}],"about":[{"href":"https:\/\/www.japanunix.com\/es\/wp-json\/wp\/v2\/types\/page"}],"author":[{"embeddable":true,"href":"https:\/\/www.japanunix.com\/es\/wp-json\/wp\/v2\/users\/1"}],"replies":[{"embeddable":true,"href":"https:\/\/www.japanunix.com\/es\/wp-json\/wp\/v2\/comments?post=17"}],"version-history":[{"count":19,"href":"https:\/\/www.japanunix.com\/es\/wp-json\/wp\/v2\/pages\/17\/revisions"}],"predecessor-version":[{"id":1076,"href":"https:\/\/www.japanunix.com\/es\/wp-json\/wp\/v2\/pages\/17\/revisions\/1076"}],"up":[{"embeddable":true,"href":"https:\/\/www.japanunix.com\/es\/wp-json\/wp\/v2\/pages\/14"}],"wp:featuredmedia":[{"embeddable":true,"href":"https:\/\/www.japanunix.com\/es\/wp-json\/wp\/v2\/media\/907"}],"wp:attachment":[{"href":"https:\/\/www.japanunix.com\/es\/wp-json\/wp\/v2\/media?parent=17"}],"curies":[{"name":"wp","href":"https:\/\/api.w.org\/{rel}","templated":true}]}}