{"id":131,"date":"2016-08-23T12:01:56","date_gmt":"2016-08-23T03:01:56","guid":{"rendered":"http:\/\/cms.japanunix.com\/wp\/?page_id=131"},"modified":"2017-04-28T18:10:29","modified_gmt":"2017-04-28T09:10:29","slug":"philosophy","status":"publish","type":"page","link":"https:\/\/www.japanunix.com\/es\/corporate\/visions\/philosophy\/","title":{"rendered":"FILOSOF\u00cdA DEEMPRESA"},"content":{"rendered":"\n<div class=\"management_philosophy_txt\">\n<h3>[Principios en la gesti\u00f3n] B\u00fasqueda constante de la seguridad, la fiabilidad y la consistencia<\/h3>\n<p class=\"philosophy_txt\">Estas son las creencias inmutables que hemos mantenido desde nuestra fundaci\u00f3n.Prometemos un crecimiento continuo a trav\u00e9s de la constante b\u00fasqueda de la seguridad, la fiabilidad y la consistencia para con nuestros clientes y socios, empleados y familias, y la sociedad y los consumidores.<\/p>\n<h3>[Visi\u00f3n de empresa] Seguir siendo reconocidos por los fabricantes de todo el mundo como el mejor socio para soldaduras con la tecnolog\u00eda original<\/h3>\n<p class=\"philosophy_txt\">Desde nuestra fundaci\u00f3n en 1974, hemos atravesado momentos de transici\u00f3n y cambio. Nuestra tecnolog\u00eda de soldadura ha seguido evolucionando, ya que apoy\u00f3 y fue apoyada por la tradici\u00f3n de la artesan\u00eda japonesa. Esta tecnolog\u00eda se demanda ahora en todo mundo. As\u00ed, nos esforzamos para liderar el mundo hacia el futuro con nuestra tecnolog\u00eda de soldadura nacida en Jap\u00f3n.<\/p>\n<h3>[Nuestros valores] Ideas originales hacen que nuestra tecnolog\u00eda de soldadura est\u00e9 siempre un paso por delante<\/h3>\n<p class=\"philosophy_txt\">Siempre estamos un paso por delante con el fin de seguir siendo el verdadero est\u00e1ndar. Desde su fundaci\u00f3n, Japan Unix siempre ha proporcionado soluciones a los clientes mediante la tecnolog\u00eda de soldadura. Evitamos la imitaci\u00f3n para poder ofrecer un servicio que no est\u00e9 disponible en ning\u00fan otro sitio a trav\u00e9s de nuestra tecnolog\u00eda original y una rica experiencia. Adem\u00e1s, nunca estamos satisfechos con lo que actualmente existe, por lo que siempre buscamos productos de mejor calidad y m\u00e1s f\u00e1ciles de usar a trav\u00e9s de nuestro af\u00e1n de mejora continua y nuevos desaf\u00edos. Ofrecemos soluciones genuinas que solo podemos proporcionar nosotros. Estos son los valores que ofrecemos al mundo.<\/p>\n<h3>[Nuestra misi\u00f3n] Impulsar la tecnolog\u00eda de soldadura en el mundo y promover su desarrollo<\/h3>\n<p class=\"philosophy_txt\">Para lograr esto, estamos continuamente formando un gran n\u00famero de profesionales cualificados a los que apasiona asumir retos. Asimismo, trabajamos para promover la evoluci\u00f3n de la tecnolog\u00eda de soldadura. Esto lo hacemos con el fin de crear productos de mayor calidad y proporcionar un mejor servicio a los clientes de todo el mundo.<\/p>\n<h3>[C\u00f3digo de conducta] Actuar teniendo tus principios en mente durante de la rutina diaria<\/h3>\n<p>Nuestro c\u00f3digo de conducta<\/p>\n<ul>\n<li class=\"norm_txt\">C\u00f3digo de conducta de JAPAN UNIX: 10 reglas<\/li>\n<li>1. Nunca mientas ni seas ego\u00edsta<\/li>\n<li>2. Cumple con las normas de la sociedad, as\u00ed como con los modales y la etiqueta adecuada<\/li>\n<li>3. No alabes a aquellos por encima de ti, ni menosprecies a los que est\u00e1n por debajo<\/li>\n<li>4. No abandones a las personas con dificultades<\/li>\n<li>5. Aseg\u00farate de cumplir tus promesas, y no dejes que tus palabras contradigan tus acciones<\/li>\n<li>6. S\u00e9 humilde y no extiendas habladur\u00edas ni causes problemas a las personas<\/li>\n<li>7. Discipl\u00ednate para evitar hacer cosas que no quieras que te hagan a ti<\/li>\n<li>8. Una vez hayas decidido hacer algo, no te desanimes frente a las dificultades<\/li>\n<li>9. Ten un coraz\u00f3n  fuerte pero capaz de ser solidario con los dem\u00e1s<\/li>\n<li>10. Tener un coraz\u00f3n considerado y que sea capaz de apreciar la naturaleza y la elegancia<\/li>\n<\/ul>\n<p>\t\t<span class=\"quotation\"><\/span>\n    \t<\/div>\n","protected":false},"excerpt":{"rendered":"<p>[Principios en la gesti\u00f3n] B\u00fasqueda constante de la seguridad, la fiabilidad y la consistencia Estas son las c [&hellip;]<\/p>\n","protected":false},"author":1,"featured_media":0,"parent":129,"menu_order":75,"comment_status":"closed","ping_status":"closed","template":"","meta":[],"acf":[],"_links":{"self":[{"href":"https:\/\/www.japanunix.com\/es\/wp-json\/wp\/v2\/pages\/131"}],"collection":[{"href":"https:\/\/www.japanunix.com\/es\/wp-json\/wp\/v2\/pages"}],"about":[{"href":"https:\/\/www.japanunix.com\/es\/wp-json\/wp\/v2\/types\/page"}],"author":[{"embeddable":true,"href":"https:\/\/www.japanunix.com\/es\/wp-json\/wp\/v2\/users\/1"}],"replies":[{"embeddable":true,"href":"https:\/\/www.japanunix.com\/es\/wp-json\/wp\/v2\/comments?post=131"}],"version-history":[{"count":3,"href":"https:\/\/www.japanunix.com\/es\/wp-json\/wp\/v2\/pages\/131\/revisions"}],"predecessor-version":[{"id":846,"href":"https:\/\/www.japanunix.com\/es\/wp-json\/wp\/v2\/pages\/131\/revisions\/846"}],"up":[{"embeddable":true,"href":"https:\/\/www.japanunix.com\/es\/wp-json\/wp\/v2\/pages\/129"}],"wp:attachment":[{"href":"https:\/\/www.japanunix.com\/es\/wp-json\/wp\/v2\/media?parent=131"}],"curies":[{"name":"wp","href":"https:\/\/api.w.org\/{rel}","templated":true}]}}