{"id":127,"date":"2016-08-23T12:00:46","date_gmt":"2016-08-23T03:00:46","guid":{"rendered":"http:\/\/cms.japanunix.com\/wp\/?page_id=127"},"modified":"2017-04-28T18:02:50","modified_gmt":"2017-04-28T09:02:50","slug":"lab","status":"publish","type":"page","link":"https:\/\/www.japanunix.com\/es\/corporate\/lab\/","title":{"rendered":"Laboratorios desoldadura"},"content":{"rendered":"\n<div id=\"rd_center_page\">\n<div class=\"section\">\n<h2>M\u00e1s de 1000 experimentos de verificaci\u00f3n anuales en todo el mundo<\/h2>\n<p>El \u00fanico instituto de investigaci\u00f3n de soldadura del mundo (laboratorios de soldadura) re\u00fane la \u00faltima maquinaria de soldadura y una amplia variedad de equipamiento de soldadura. El laboratorio desarrolla las bases y nuevos m\u00e9todos de la tecnolog\u00eda de soldadura utilizando avanzadas herramientas de an\u00e1lisis.<\/p>\n<ul id=\"rd_center_images\">\n<li class=\"box200\">\n\t\t\t\t\t<img loading=\"lazy\" src=\"\/webroot\/img\/company\/rd_center\/content1\/img1.png\" width=\"202\" height=\"204\" alt=\"\" \/><\/p>\n<h3>Microtomograf\u00eda computarizada (micro-CT) de rayos X<\/h3>\n<p>p.ej. erosi\u00f3n interna de la punta e inspecci\u00f3n no destructiva<\/p>\n<\/li>\n<li class=\"box200\">\n\t\t\t\t\t<img loading=\"lazy\" src=\"\/webroot\/img\/company\/rd_center\/content1\/img2.png\" width=\"202\" height=\"204\" alt=\"\" \/><\/p>\n<h3>Tomograf\u00eda computarizada nanofocus de rayos X<\/h3>\n<p>p.ej. Inspecci\u00f3n no destructiva<\/p>\n<\/li>\n<li class=\"box200 last\">\n\t\t\t\t\t<img loading=\"lazy\" src=\"\/webroot\/img\/company\/rd_center\/content1\/img3.png\" width=\"202\" height=\"204\" alt=\"\" \/><\/p>\n<h3>M\u00e1quina para ensayo de tracci\u00f3n<\/h3>\n<p>An\u00e1lisis de la fuerza del enlace<\/p>\n<\/li>\n<li class=\"box200 clear_both\">\n\t\t\t\t\t<img loading=\"lazy\" src=\"\/webroot\/img\/company\/rd_center\/content1\/img4.png\" width=\"202\" height=\"204\" alt=\"\" \/><\/p>\n<h3>Analizando las condiciones de la soldadura (SEM)<\/h3>\n<\/li>\n<li class=\"box200\">\n\t\t\t\t\t<img loading=\"lazy\" src=\"\/webroot\/img\/company\/rd_center\/content1\/img5.png\" width=\"202\" height=\"204\" alt=\"\" \/><\/p>\n<h3>Observando tarjetas de circuito impreso (PCB) y puntas de soldadura<\/h3>\n<\/li>\n<li class=\"box200 last\">\n\t\t\t\t\t<img loading=\"lazy\" src=\"\/webroot\/img\/company\/rd_center\/content1\/img6.png\" width=\"202\" height=\"204\" alt=\"\" \/><\/p>\n<h3>Experimentos de soldadura rob\u00f3tica<\/h3>\n<\/li>\n<\/ul>\n<p class=\"rd_center_text\">El n\u00famero de pruebas de soldadura que recibimos cada d\u00eda y que implementamos y verificamos suma un total de m\u00e1s de 1000 al a\u00f1o. Incluye pedidos sin precedentes y extremadamente dif\u00edciles para los que los clientes no han podido encontrar soluci\u00f3n. Aqu\u00ed se muestran algunos ejemplos anal\u00edticos en los que los laboratorios de soldadura esclarecen y definen la calidad en la soldadura<\/p>\n<\/p><\/div>\n<div class=\"section\">\n<div class=\"title\">\n<h2>An\u00e1lisis no destructivo de mojabilidad de las puntas<\/h2>\n<\/div>\n<div id=\"rd_center_images\">\n<div class=\"box200\">\n\t\t\t\t\t<img loading=\"lazy\" src=\"\/webroot\/img\/company\/rd_center\/content2\/img1.png\" width=\"202\" height=\"204\" alt=\"\" \/><\/p>\n<h3>Vista del interior de una punta nueva<\/h3>\n<\/p><\/div>\n<div class=\"box200\">\n\t\t\t\t\t<img loading=\"lazy\" src=\"\/webroot\/img\/company\/rd_center\/content2\/img2.png\" width=\"202\" height=\"204\" alt=\"\" \/><\/p>\n<h3>Se encontraron rastros de erosi\u00f3n dentro de la punta de soldadura (como una caries)<\/h3>\n<\/p><\/div>\n<div class=\"box200 last\">\n\t\t\t\t\t<img loading=\"lazy\" src=\"\/webroot\/img\/company\/rd_center\/content2\/img3.png\" width=\"202\" height=\"204\" alt=\"\" \/><\/p>\n<h3>Anormalidad imperceptible para el ojo humano (punta analizada)<\/h3>\n<\/p><\/div>\n<\/p><\/div>\n<\/p><\/div>\n<div class=\"section\">\n<div class=\"title\">\n<h2>An\u00e1lisis no destructivo de mojabilidad de las puntas<\/h2>\n<\/div>\n<div id=\"rd_center_images\">\n<div class=\"box200\">\n\t\t\t\t\t<img loading=\"lazy\" src=\"\/webroot\/img\/company\/rd_center\/content3\/img1.png\" width=\"202\" height=\"204\" alt=\"\" \/><\/p>\n<h3>Vista del interior de una punta nueva<\/h3>\n<\/p><\/div>\n<div class=\"box200\">\n\t\t\t\t\t<img loading=\"lazy\" src=\"\/webroot\/img\/company\/rd_center\/content3\/img2.png\" width=\"202\" height=\"204\" alt=\"\" \/><\/p>\n<h3>Se encontraron rastros de erosi\u00f3n dentro de la punta de soldadura (como una caries)<\/h3>\n<\/p><\/div>\n<div class=\"box200 last\">\n\t\t\t\t\t<img loading=\"lazy\" src=\"\/webroot\/img\/company\/rd_center\/content3\/img3.png\" width=\"202\" height=\"204\" alt=\"\" \/><\/p>\n<h3>Anormalidad imperceptible para el ojo humano (punta analizada)<\/h3>\n<\/p><\/div>\n<\/p><\/div>\n<\/p><\/div>\n<div class=\"section side\">\n<div class=\"title\">\n<h2>Condici\u00f3n de soldadura de un producto sellado<\/h2>\n<\/div>\n<div id=\"rd_center_images\">\n<div class=\"box200\">\n\t\t\t\t\t<img loading=\"lazy\" src=\"\/webroot\/img\/company\/rd_center\/content4\/img1.png\" width=\"202\" height=\"204\" alt=\"\" \/><\/p>\n<h3>Comprobando la soldabilidad en agujeros pasantes<\/h3>\n<\/p><\/div>\n<\/p><\/div>\n<\/p><\/div>\n<div class=\"section side last\">\n<div class=\"title\">\n<h2>An\u00e1lisis de rayos X en agujeros pasantes<\/h2>\n<\/div>\n<div id=\"rd_center_images\">\n<div class=\"box200\">\n\t\t\t\t\t<img loading=\"lazy\" src=\"\/webroot\/img\/company\/rd_center\/content5\/img1.png\" width=\"202\" height=\"204\" alt=\"\" \/><\/p>\n<h3>Se observan sopladuras y vac\u00edos imperceptibles desde el exterior<\/h3>\n<\/p><\/div>\n<\/p><\/div>\n<\/p><\/div>\n<\/p><\/div>\n<div id=\"soldering_branches\">\n<p class=\"soldering_text\">Nuestro laboratorio de soldadura emplea a ingenieros expertos y especializados junto con las \u00faltimas herramientas y teor\u00edas de soldadura aceptadas a fin de cumplir con las necesidades y desaf\u00edos de una amplia variedad de clientes. Por favor, contacte con nosotros si considera que nuestra experiencia y habilidades pueden ayudarle a resolver sus problemas. <\/p>\n<div class=\"section\">\n<div class=\"title\">\n<h2>Otros ejemplos<\/h2>\n<\/div>\n<div id=\"rd_center_images\" class=\"border_img\">\n<div class=\"box200\">\n\t\t\t\t\t<img loading=\"lazy\" src=\"\/webroot\/img\/company\/rd_center\/content6\/img1.png\" width=\"202\" height=\"204\" alt=\"\" \/><\/p>\n<h3>An\u00e1lisis SEM de soldadura sobre plancha de aluminio (x 1000)<\/h3>\n<\/p><\/div>\n<div class=\"video_one\">\n\t<a class=\"popup_video\" href=\"#popup_video\"><br \/>\n        <img loading=\"lazy\" class=\"video_cover\" src=\"\/webroot\/img\/movie\/video_non.png\" width=\"288\" height=\"206\" alt=\"\"><br \/>\n        <img loading=\"lazy\" src=\"\/webroot\/img\/movie\/r&#038;d.png\" width=\"288\" height=\"206\" alt=\"\"><br \/>\n        <span>0:08<\/span><br \/>\n    <\/a><\/p>\n<h3>Imagen de puntas de soldadura trazada con rayos X<\/h3>\n<p class=\"small\">Buscando erosiones interiores en las puntas de soldadura (como una caries)<\/p>\n<\/p><\/div>\n<\/p><\/div>\n<\/p><\/div>\n<div id=\"soldering_branches\">\n<div class=\"soldering_address\">\n<h2>Laboratorio de Tokio<\/h2>\n<\/p><\/div>\n<div class=\"soldering_address\">\n<h2>Laboratorio de Osaka<\/h2>\n<\/p><\/div>\n<div class=\"soldering_address\">\n<h2>Laboratorio de anexo (Tokio)<\/h2>\n<\/p><\/div>\n<div class=\"soldering_address\">\n<h2>Laboratorio de Nagoya<\/h2>\n<\/p><\/div>\n<\/p><\/div>\n<\/p><\/div>\n","protected":false},"excerpt":{"rendered":"<p>M\u00e1s de 1000 experimentos de verificaci\u00f3n anuales en todo el mundo El \u00fanico instituto de investigaci\u00f3n de solda [&hellip;]<\/p>\n","protected":false},"author":1,"featured_media":682,"parent":33,"menu_order":72,"comment_status":"closed","ping_status":"closed","template":"","meta":[],"acf":[],"_links":{"self":[{"href":"https:\/\/www.japanunix.com\/es\/wp-json\/wp\/v2\/pages\/127"}],"collection":[{"href":"https:\/\/www.japanunix.com\/es\/wp-json\/wp\/v2\/pages"}],"about":[{"href":"https:\/\/www.japanunix.com\/es\/wp-json\/wp\/v2\/types\/page"}],"author":[{"embeddable":true,"href":"https:\/\/www.japanunix.com\/es\/wp-json\/wp\/v2\/users\/1"}],"replies":[{"embeddable":true,"href":"https:\/\/www.japanunix.com\/es\/wp-json\/wp\/v2\/comments?post=127"}],"version-history":[{"count":5,"href":"https:\/\/www.japanunix.com\/es\/wp-json\/wp\/v2\/pages\/127\/revisions"}],"predecessor-version":[{"id":831,"href":"https:\/\/www.japanunix.com\/es\/wp-json\/wp\/v2\/pages\/127\/revisions\/831"}],"up":[{"embeddable":true,"href":"https:\/\/www.japanunix.com\/es\/wp-json\/wp\/v2\/pages\/33"}],"wp:featuredmedia":[{"embeddable":true,"href":"https:\/\/www.japanunix.com\/es\/wp-json\/wp\/v2\/media\/682"}],"wp:attachment":[{"href":"https:\/\/www.japanunix.com\/es\/wp-json\/wp\/v2\/media?parent=127"}],"curies":[{"name":"wp","href":"https:\/\/api.w.org\/{rel}","templated":true}]}}