{"id":119,"date":"2016-08-23T11:58:56","date_gmt":"2016-08-23T02:58:56","guid":{"rendered":"http:\/\/cms.japanunix.com\/wp\/?page_id=119"},"modified":"2018-07-09T09:17:50","modified_gmt":"2018-07-09T00:17:50","slug":"outline","status":"publish","type":"page","link":"https:\/\/www.japanunix.com\/es\/corporate\/outline\/","title":{"rendered":"Visi\u00f3n general"},"content":{"rendered":"<br \/>\n<table class=\"corporate_profile\">\n<tr>\n<th>Nombre de empresa<\/th>\n<td>JAPAN UNIX CO., LTD.<\/td>\n<\/tr>\n<tr>\n<th>Fundado<\/th>\n<td>1974<\/td>\n<\/tr>\n<tr>\n<th>Presidente ejecutivo<\/th>\n<td>Shozo Kono<\/td>\n<\/tr>\n<tr>\n<th>Representante<\/th>\n<td>Hirofumi Kono<\/td>\n<\/tr>\n<tr>\n<th>Sede central<\/th>\n<td>\n<p>Tokyo Minatoku,<br \/>Akasaka 2-21-25 Akasaka, Minato-ku,<br \/>Tokio JAP\u00d3N, 107-0052<\/p>\n<p>\t\t\t\t<a class=\"access\" href=\"https:\/\/www.japanunix.com\/es\/corporate\/domestic\/tokyo\/\" onclick=\"window.open(this.href,'foo','width=490,height=810,scrollbars=yes'); return false;\">Acceder<\/a><\/p>\n<div class=\"base\">\n\t\t\t\t\t<a href=\"\/es\/company\/domestic.php\">Otras sucursales nacionales<\/a><br \/>\n\t\t\t\t\t<a href=\"\/es\/company\/global_network.php\">Otras sucursales en el extranjero<\/a>\n\t\t\t\t<\/div>\n<\/td>\n<\/tr>\n<tr>\n<th>Capital<\/th>\n<td>30 000 000 \u00a5<\/td>\n<\/tr>\n<tr>\n<th>\u00c1mbito de negocios<\/th>\n<td>Dise\u00f1o, desarrollo, fabricaci\u00f3n, ventas y exportaci\u00f3n de equipamiento de soldadura, otros equipamientos de precisi\u00f3n, plantillas posicionadoras, sistema de producci\u00f3n<\/td>\n<\/tr>\n<tr>\n<th>Estructura ejecutiva<\/th>\n<td>Kentaro Kono, Norihisa Kyoden<\/td>\n<\/tr>\n<tr>\n<th>N\u00famero de empleados<\/th>\n<td>110<\/td>\n<\/tr>\n<tr>\n<th>Certificaci\u00f3n est\u00e1ndar internacional<\/th>\n<td>ISO9001 Gesti\u00f3n de calidad<\/td>\n<\/tr>\n<tr>\n<th>IPC certified training center<\/th>\n<td>IPC-A-610, J-STD-001<\/td>\n<\/tr>\n<div class=\"iso_logo\" ><img loading=\"lazy\" src=\"\/webroot\/img\/company\/iso_logo.png\" width=\"80\" height=\"51\" alt=\"\"><\/div>\n<\/table>\n","protected":false},"excerpt":{"rendered":"<p>Nombre de empresa JAPAN UNIX CO., LTD. Fundado 1974 Presidente ejecutivo Shozo Kono Representante Hirofumi Kon [&hellip;]<\/p>\n","protected":false},"author":1,"featured_media":0,"parent":33,"menu_order":57,"comment_status":"closed","ping_status":"closed","template":"","meta":[],"acf":[],"_links":{"self":[{"href":"https:\/\/www.japanunix.com\/es\/wp-json\/wp\/v2\/pages\/119"}],"collection":[{"href":"https:\/\/www.japanunix.com\/es\/wp-json\/wp\/v2\/pages"}],"about":[{"href":"https:\/\/www.japanunix.com\/es\/wp-json\/wp\/v2\/types\/page"}],"author":[{"embeddable":true,"href":"https:\/\/www.japanunix.com\/es\/wp-json\/wp\/v2\/users\/1"}],"replies":[{"embeddable":true,"href":"https:\/\/www.japanunix.com\/es\/wp-json\/wp\/v2\/comments?post=119"}],"version-history":[{"count":8,"href":"https:\/\/www.japanunix.com\/es\/wp-json\/wp\/v2\/pages\/119\/revisions"}],"predecessor-version":[{"id":951,"href":"https:\/\/www.japanunix.com\/es\/wp-json\/wp\/v2\/pages\/119\/revisions\/951"}],"up":[{"embeddable":true,"href":"https:\/\/www.japanunix.com\/es\/wp-json\/wp\/v2\/pages\/33"}],"wp:attachment":[{"href":"https:\/\/www.japanunix.com\/es\/wp-json\/wp\/v2\/media?parent=119"}],"curies":[{"name":"wp","href":"https:\/\/api.w.org\/{rel}","templated":true}]}}