{"id":99,"date":"2016-08-23T11:47:50","date_gmt":"2016-08-23T02:47:50","guid":{"rendered":"http:\/\/cms.japanunix.com\/wp\/?page_id=99"},"modified":"2017-04-29T00:19:46","modified_gmt":"2017-04-28T15:19:46","slug":"schedule","status":"publish","type":"page","link":"https:\/\/www.japanunix.com\/de\/school\/schedule\/","title":{"rendered":"Termine und Veranstaltungen"},"content":{"rendered":"\n<div class=\"section section_1\">\n<h2>In der Akademie des Mikro-L\u00f6tens werden Ihnen die h\u00f6chstentwickelten L\u00f6t-Techniken vermittelt<\/h2>\n<p>Wir bieten das Wissen und die Expertise im L\u00f6t-Bereich, die sich schon bei der Herstellung des ersten japanischen L\u00f6troboters bew\u00e4hrten.<\/p>\n<p>Japan Unix, das f\u00fchrende Unternehmen im Bereich des L\u00f6tens, veranstaltet das Advanced-Operator Praxis-Seminar, dessen Teilnehmer alles von den Grundlagen bis zu h\u00f6chstentwickelten L\u00f6t-Techniken erlernen k\u00f6nnen.<br \/>\nJeder Teilnehmer legt das Advanced-Operator-Examen ab, es handelt sich um den schnellsten Weg zu einer technischen Qualifikation.<\/p>\n<p><a target=\"_blank\" href=\"http:\/\/www.jwes.or.jp\/mt\/shi_ki\/ms\/\">Details zum Examen und zur Qualifikation<\/a>(Japanische Gesellschaft f\u00fcr Schwei\u00dftechnik)<\/p>\n<p style=\"color:#f00\">\n<\/p><\/div>\n<div class=\"section section_2\">\n<div class=\"mini_section mini_section_1\">\n<h2>Veranstaltungsplan<\/h2>\n<div class=\"seminer_box\">\n<div class=\"please_ask_txt\">\n<p>Einmal alle drei Monate Bitte fragen Sie uns f\u00fcr weitere Details<\/p>\n<\/p><\/div>\n<p class=\"link_wrap\">Die Kurse werden in Japan und nur auf Japanisch gehalten<\/p>\n<\/p><\/div>\n<\/p><\/div>\n<div class=\"mini_section mini_section_2\">\n<h2>Veranstaltungsort<\/h2>\n<p>\t\t\t<iframe loading=\"lazy\" width=\"339\" height=\"339\" frameborder=\"0\" scrolling=\"no\" marginheight=\"0\" marginwidth=\"0\" src=\"https:\/\/maps.google.co.jp\/maps?f=q&amp;source=s_q&amp;hl=en&amp;geocode=&amp;q=%E6%84%9B%E7%9F%A5%E7%9C%8C%E5%90%8D%E5%8F%A4%E5%B1%8B%E5%B8%82%E7%86%B1%E7%94%B0%E5%8C%BA%E9%87%91%E5%B1%B1%E7%94%BA1-7-5&amp;aq=&amp;sll=35.673343,139.710388&amp;sspn=0.276668,0.617294&amp;brcurrent=3,0x600370cfa5b2e875:0xa07b528628e6dae,0&amp;ie=UTF8&amp;hq=&amp;hnear=%E6%84%9B%E7%9F%A5%E7%9C%8C%E5%90%8D%E5%8F%A4%E5%B1%8B%E5%B8%82%E7%86%B1%E7%94%B0%E5%8C%BA%E9%87%91%E5%B1%B1%E7%94%BA%EF%BC%91%E4%B8%81%E7%9B%AE%EF%BC%97%E2%88%92%EF%BC%95&amp;t=m&amp;ll=35.142213,136.899691&amp;spn=0.005948,0.007253&amp;z=16&amp;output=embed&#038;iwloc=B\"><\/iframe><\/p>\n<h3>Japan-Unix-Zweigstelle Nagoya<\/h3>\n<p>1-7-5 8F Kanayamacho, Atuta-ku, Nagoya city, Aichi, 456-0002<\/p>\n<p>\t\t\t<small><a target='_blank' href=\"https:\/\/maps.google.co.jp\/maps?f=q&amp;source=embed&amp;hl=en&amp;geocode=&amp;q=%E6%84%9B%E7%9F%A5%E7%9C%8C%E5%90%8D%E5%8F%A4%E5%B1%8B%E5%B8%82%E7%86%B1%E7%94%B0%E5%8C%BA%E9%87%91%E5%B1%B1%E7%94%BA1-7-5&amp;aq=&amp;sll=35.673343,139.710388&amp;sspn=0.276668,0.617294&amp;brcurrent=3,0x600370cfa5b2e875:0xa07b528628e6dae,0&amp;ie=UTF8&amp;hq=&amp;hnear=%E6%84%9B%E7%9F%A5%E7%9C%8C%E5%90%8D%E5%8F%A4%E5%B1%8B%E5%B8%82%E7%86%B1%E7%94%B0%E5%8C%BA%E9%87%91%E5%B1%B1%E7%94%BA%EF%BC%91%E4%B8%81%E7%9B%AE%EF%BC%97%E2%88%92%EF%BC%95&amp;t=m&amp;ll=35.142213,136.899691&amp;spn=0.005948,0.007253&amp;z=16\" style=\"color:#0000FF;text-align:left\">Karte vergr\u00f6\u00dfern<\/a><\/small>\n\t\t<\/div>\n<div class=\"mini_section mini_section_3 clear_both\">\n<h2>Seminarplan<\/h2>\n<div class=\"txt_section\">\n<h4>Day 1 Grundlagenseminar:<\/h4>\n<p>9:30-17:00<br \/>Grundlagenf\u00e4cher<br \/>Erkl\u00e4rung der Technologie der L\u00f6tautomation<\/p>\n<h4>Day 2 Praxisseminar: Durchloch- \/ Oberfl\u00e4chenmontage<\/h4>\n<p>9:00-17:00<br \/>Beschreibung der Werkzeuge und Verfahre<br \/>Praxiskurs Durchlochmontage-Leiterplatten<br \/>Praxiskurs Oberfl\u00e4chenmontage-Leiterplatten<\/p>\n<h4>Day 3 Praxisseminar: Terminals<\/h4>\n<p>9:00-17:00<br \/>Praxiskurs f\u00fcr Terminals<br \/>Erg\u00e4nzende Praxissitzung<\/p>\n<p>\t\t\t\t<span><\/span><\/p>\n<p class=\"link_detail\"><a target=\"_blank\" href=\"http:\/\/www.jwes.or.jp\/mt\/shi_ki\/ms\/archives\/02_1\/\">Weitere Einzelheiten<br \/><\/a>(Japanische Gesellschaft f\u00fcr Schwei\u00dftechnik)<\/p>\n<\/p><\/div>\n<\/p><\/div>\n<div class=\"mini_section mini_section_4\">\n<h2>Advanced Operator(A-OPR) Praxis-Examen<\/h2>\n<div class=\"txt_section\">\n<p>08:50-09:30\u3000Fachpr\u00fcfung<br \/>09:40-11:20\u3000Praxis-Examen 1<br \/>12:20-13:40\u3000Praxis-Examen 2<br \/>13:50-15:10\u3000Praxis-Examen 3<\/p>\n<div class=\"attention\">\n\t\t\t\t\t<span>*<\/span><\/p>\n<p>Die Examen werden f\u00fcr die Seminarteilnehmer durchgef\u00fchrt. Es gibt ein begrenztes Kontingent f\u00fcr Kandidaten, die nur eine Pr\u00fcfung ablegen wollen.<\/p>\n<\/p><\/div>\n<\/p><\/div>\n<\/p><\/div>\n<div class=\"mini_section mini_section_5 clear_both\">\n<h2>Seminargeb\u00fchren<\/h2>\n<div class=\"txt_section\">\n<p>Grundlagenseminar: 110,-\u20ac (nur Tag 1)<br \/>Praxisseminare: 385,- \u20ac (Tage 2 und 3)<br \/>Beide Seminare: 430,- \u20ac (alle drei Tage\uff09<\/p>\n<div class=\"attention\">\n\t\t\t\t\t<span>*<\/span><\/p>\n<p>Es gibt spezielle Rabatte f\u00fcr Japan Unix Anwender.<br \/>Bitte kontaktieren Sie uns f\u00fcr Details.<\/p>\n<p>\t\t\t\t\t<span>*<\/span><\/p>\n<p>Es gibt eine zus\u00e4tzliche Geb\u00fchr f\u00fcr jene, die auch<br \/>das praktische Examen ablegen wollen, siehe die \u00dcbersicht rechts.<\/p>\n<\/p><\/div>\n<\/p><\/div>\n<\/p><\/div>\n<div class=\"mini_section mini_section_6\">\n<h2>Pr\u00fcfungsgeb\u00fchren<\/h2>\n<div  class=\"txt_section\">\n<p>Grundlagen-Examen: 25,- \u20ac<br \/>Terminal-Best\u00fcckung: 90,- \u20ac<br \/>Oberfl\u00e4chen-Montage: 90,- \u20ac<br \/>Terminals: 90,- \u20ac<\/p>\n<div class=\"attention\">\n\t\t\t\t\t<span><\/span>\n\t\t\t\t<\/div>\n<\/p><\/div>\n<\/p><\/div>\n<\/p><\/div>\n<div class=\"section section_2\">\n<h2>Gastseminare<\/h2>\n<p>Wir bieten auch Gastseminare an, bei welchen unsere Ausbilder Ihr Unternehmen besuchen.<br \/>K\u00fcrzere Kurse nach Ihren individuellen W\u00fcnschen sind ebenfalls m\u00f6glich.<\/p>\n<div class=\"img_section\">\n<div class=\"img_box\">\n\t\t\t\t<img loading=\"lazy\" src=\"\/webroot\/img\/\/service\/schedule\/img_1.png\" width=\"317\" height=\"232\" alt=\"\"><\/p>\n<h3>Seminar-Impressionen 1<\/h3>\n<\/p><\/div>\n<div class=\"img_box\">\n\t\t\t\t<img loading=\"lazy\" src=\"\/webroot\/img\/\/service\/schedule\/img_2.png\" width=\"317\" height=\"232\" alt=\"\"><\/p>\n<h3>Seminar-Impressionen 2<\/h3>\n<\/p><\/div>\n<div class=\"img_box clear_both\">\n\t\t\t\t<img loading=\"lazy\" src=\"\/webroot\/img\/\/service\/schedule\/img_3.png\" width=\"317\" height=\"232\" alt=\"\"><\/p>\n<h3>Seminar-Impressionen 3<\/h3>\n<\/p><\/div>\n<div class=\"img_box\">\n\t\t\t\t<img loading=\"lazy\" src=\"\/webroot\/img\/\/service\/schedule\/img_4.png\" width=\"317\" height=\"232\" alt=\"\"><\/p>\n<h3>In unserem Unternehmen werden Kurse f\u00fcr das<br \/>Mitarbeiter-Training abgehalten, um ihre<br \/>L\u00f6tf\u00e4higkeiten weiter zu verbessern.<\/h3>\n<\/p><\/div>\n<\/p><\/div>\n<\/p><\/div>\n","protected":false},"excerpt":{"rendered":"<p>In der Akademie des Mikro-L\u00f6tens werden Ihnen die h\u00f6chstentwickelten L\u00f6t-Techniken vermittelt Wir bieten das W [&hellip;]<\/p>\n","protected":false},"author":1,"featured_media":0,"parent":24,"menu_order":39,"comment_status":"closed","ping_status":"closed","template":"","meta":[],"acf":[],"_links":{"self":[{"href":"https:\/\/www.japanunix.com\/de\/wp-json\/wp\/v2\/pages\/99"}],"collection":[{"href":"https:\/\/www.japanunix.com\/de\/wp-json\/wp\/v2\/pages"}],"about":[{"href":"https:\/\/www.japanunix.com\/de\/wp-json\/wp\/v2\/types\/page"}],"author":[{"embeddable":true,"href":"https:\/\/www.japanunix.com\/de\/wp-json\/wp\/v2\/users\/1"}],"replies":[{"embeddable":true,"href":"https:\/\/www.japanunix.com\/de\/wp-json\/wp\/v2\/comments?post=99"}],"version-history":[{"count":6,"href":"https:\/\/www.japanunix.com\/de\/wp-json\/wp\/v2\/pages\/99\/revisions"}],"predecessor-version":[{"id":816,"href":"https:\/\/www.japanunix.com\/de\/wp-json\/wp\/v2\/pages\/99\/revisions\/816"}],"up":[{"embeddable":true,"href":"https:\/\/www.japanunix.com\/de\/wp-json\/wp\/v2\/pages\/24"}],"wp:attachment":[{"href":"https:\/\/www.japanunix.com\/de\/wp-json\/wp\/v2\/media?parent=99"}],"curies":[{"name":"wp","href":"https:\/\/api.w.org\/{rel}","templated":true}]}}