{"id":97,"date":"2016-08-23T11:46:56","date_gmt":"2016-08-23T02:46:56","guid":{"rendered":"http:\/\/cms.japanunix.com\/wp\/?page_id=97"},"modified":"2022-04-25T17:26:01","modified_gmt":"2022-04-25T08:26:01","slug":"others","status":"publish","type":"page","link":"https:\/\/www.japanunix.com\/de\/products\/others\/","title":{"rendered":"Rauchabzug\/ Stickstoffgenerator"},"content":{"rendered":"<div class=\"section_1 section\">\n<h2>Zubeh\u00f6r<\/h2>\n<div class=\"title\">\n<h3>Rauchabzug<\/h3>\n<\/p><\/div>\n<div class=\"soldering_product_list\">\n\t\t<img loading=\"lazy\" src=\"\/webroot\/img\/products\/soldering\/others\/section_1\/img_1.png\" width=\"192\" height=\"204\" alt=\"UAC-2000 Rauchabzug\"><\/p>\n<h3>UAC-2000i<br \/>Rauchabzug<\/h3>\n<p>\t\t<a class=\"download\" target=\"_blank\" href=\"\/webroot\/img\/pdf\/en\/UAC-2000.pdf\">Download (Englisch)<\/a><\/p>\n<p>Ein neu entwickelter Rauchabzug hilft, ein ruhiges und sauberes Arbeitsumfeld zu schaffen.<br \/>&#8211; Um 20 % gesteigerte Saugkraft<br \/>&#8211; Ein- und Ausg\u00e4nge f\u00fcr die Roboter-Automation<br \/>&#8211; Filterwechsel-Alarmfunktion<br \/>&#8211; 3-stufig regelbare Saugleistung<br \/>&#8211; zweilagiger Filter erm\u00f6glicht wirksamen Schadstoffentzug<\/p>\n<\/p><\/div>\n<\/div>\n<p><!--\n\n\n<div class=\"sectin_2 section\">\n\t\n\n<div class=\"title\" id=\"soldering_tank\">\n\t\t\n\n<h3>L\u00d6TBAD (mittlere Temperatur)<\/h3>\n\n\n\t<\/div>\n\n\n\t\n\n<h2>Dieses Multifunktions-L\u00f6tbad besitzt einen verst\u00e4rkten Tiegel f\u00fcr bleifreies L\u00f6ten.<\/h2>\n\n\n\t\n\n<ul class=\"list_three_line\">\n\t\t\n\n<li>\n\t\t\t<img loading=\"lazy\" src=\"\/webroot\/img\/products\/soldering\/others\/section_2\/img_1.png\" width=\"192\" height=\"204\" alt=\"USS\u2010350E\">\n\t\t\t\n\n<h3>USS\u2010350E<\/h3>\n\n\n\t\t<\/li>\n\n\n\t\t\n\n<li>\n\t\t\t<img loading=\"lazy\" src=\"\/webroot\/img\/products\/soldering\/others\/section_2\/img_2.png\" width=\"192\" height=\"204\" alt=\"USS\u2010250E\">\n\t\t\t\n\n<h3>USS\u2010250E<\/h3>\n\n\n\t\t<\/li>\n\n\n\t\t\n\n<li>\n\t\t\t<img loading=\"lazy\" src=\"\/webroot\/img\/products\/soldering\/others\/section_2\/img_3.png\" width=\"192\" height=\"204\" alt=\"USS\u2010180E\">\n\t\t\t\n\n<h3>USS\u2010180E<\/h3>\n\n\n\t\t<\/li>\n\n\n\t\t<a class=\"download\" target=\"_blank\" href=\"\/webroot\/img\/pdf\/en\/UNISOL_DIPPER.pdf\">Download (Englisch)<\/a>\n\t<\/ul>\n\n\n\t\n\n<div class=\"table_scroll\">\n\t\n\n<table>\n\t\t\n\n<tr>\n\t\t\t\n\n<th class=\"specifications\" colspan=\"4\" scope=\"colgroup\">Technische Daten<\/th>\n\n\n\t\t<\/tr>\n\n\n\t\t\n\n<tr>\n\t\t\t\n\n<th>Modell<\/th>\n\n\n\t\t\t\n\n<td>USS\u2010350E\uff08ET\uff09<\/td>\n\n\n\t\t\t\n\n<td>USS\u2010250E\uff08ET\uff09<\/td>\n\n\n\t\t\t\n\n<td>USS\u2010180E\uff08ET\uff09<\/td>\n\n\n\t\t<\/tr>\n\n\n\t\t\n\n<tr>\n\t\t\t\n\n<th>L\u00f6tbadgr\u00f6\u00dfe<\/th>\n\n\n\t\t\t\n\n<td>ca.33kg<\/td>\n\n\n\t\t\t\n\n<td>ca.15kg<\/td>\n\n\n\t\t\t\n\n<td>ca.9kg<\/td>\n\n\n\t\t<\/tr>\n\n\n\t\t\n\n<tr>\n\t\t\t\n\n<th>H\u00f6chsttemperatur<\/th>\n\n\n\t\t\t\n\n<td>300\u00b0C\/572 F<\/td>\n\n\n\t\t\t\n\n<td>300\u00b0C\/572 F<\/td>\n\n\n\t\t\t\n\n<td>300\u00b0C\/572 F<\/td>\n\n\n\t\t<\/tr>\n\n\n\t\t\n\n<tr>\n\t\t\t\n\n<th>Standardtemperatur<\/th>\n\n\n\t\t\t\n\n<td>250\u00b0C\/482 F<\/td>\n\n\n\t\t\t\n\n<td>250\u00b0C\/482 F<\/td>\n\n\n\t\t\t\n\n<td>250\u00b0C\/482 F<\/td>\n\n\n\t\t<\/tr>\n\n\n\t\t\n\n<tr>\n\t\t\t\n\n<th>Anlaufzeit<\/th>\n\n\n\t\t\t\n\n<td>45 min.<br \/>(Raumtemp. bis 250\u00b0C)<\/td>\n\n\n\t\t\t\n\n<td>40 min.<br \/>(Raumtemp. bis 250\u00b0C)<\/td>\n\n\n\t\t\t\n\n<td>40 min.<br \/>(Raumtemp. bis 250\u00b0C)<\/td>\n\n\n\t\t<\/tr>\n\n\n\t\t\n\n<tr>\n\t\t\t\n\n<th>Tiegelgr\u00f6\u00dfe (mm)<\/th>\n\n\n\t\t\t\n\n<td>245(B)x295(T)x58(H)<\/td>\n\n\n\t\t\t\n\n<td>146(B)x248(T)x58(H)<\/td>\n\n\n\t\t\t\n\n<td>117(B)x177(T)x59(H)<\/td>\n\n\n\t\t<\/tr>\n\n\n\t\t\n\n<tr>\n\t\t\t\n\n<th>Spannung<\/th>\n\n\n\t\t\t\n\n<td>AC200V\u300050\/60Hz<\/td>\n\n\n\t\t\t\n\n<td>AC100V\u300050\/60Hz<\/td>\n\n\n\t\t\t\n\n<td>AC100V\u300050\/60Hz<\/td>\n\n\n\t\t<\/tr>\n\n\n\t\t\n\n<tr>\n\t\t\t\n\n<th>Energieverbrauch<\/th>\n\n\n\t\t\t\n\n<td>1.6KW<\/td>\n\n\n\t\t\t\n\n<td>950W<\/td>\n\n\n\t\t\t\n\n<td>750W<\/td>\n\n\n\t\t<\/tr>\n\n\n\t\t\n\n<tr>\n\t\t\t\n\n<th>Standards<\/th>\n\n\n\t\t\t\n\n<td>PSE\/RoHS<\/td>\n\n\n\t\t\t\n\n<td>PSE\/RoHS<\/td>\n\n\n\t\t\t\n\n<td>PSE\/RoHS<\/td>\n\n\n\t\t<\/tr>\n\n\n\t<\/table>\n\n\n\t<\/div>\n\n\n<\/div>\n\n\n\n\n<div class=\"section_3 section\">\n\t\n\n<div class=\"title\">\n\t\t\n\n<h3>L\u00d6TBAD (hohe Temperatur)<\/h3>\n\n\n\t<\/div>\n\n\n\t\n\n<h2>Tisch-L\u00f6tbad f\u00fcr hohe Temperaturen mit verst\u00e4rktem Tiegel f\u00fcr bleifreies L\u00f6ten. Es handelt sich um ein platzsparendes Modell mit exzellenter Benutzerfreundlichkeit.<\/h2>\n\n\n\t\n\n<ul class=\"list_three_line\">\n\t\t\n\n<li>\n\t\t\t<img loading=\"lazy\" src=\"\/webroot\/img\/products\/soldering\/others\/section_3\/img_1.png\" width=\"192\" height=\"204\" alt=\"USS-170HE\">\n\t\t\t\n\n<h3>USS-170HE<\/h3>\n\n\n\t\t<\/li>\n\n\n\t\t\n\n<li>\n\t\t\t<img loading=\"lazy\" src=\"\/webroot\/img\/products\/soldering\/others\/section_3\/img_2.png\" width=\"192\" height=\"204\" alt=\"USS-350HE\">\n\t\t\t\n\n<h3>USS-350HE *Discontinued<\/h3>\n\n\n\t\t<\/li>\n\n\n\t\t<a class=\"download\" target=\"_blank\" href=\"\/webroot\/img\/pdf\/en\/UNISOL_DIPPER.pdf\">Download (Englisch)<\/a>\n\t<\/ul>\n\n\n\t\n\n<div class=\"table_scroll\">\n\t\n\n<table>\n\t\t\n\n<tr>\n\t\t\t\n\n<th class=\"specifications\" colspan=\"3\" scope=\"colgroup\">Technische Daten<\/th>\n\n\n\t\t<\/tr>\n\n\n\t\t\n\n<tr>\n\t\t\t\n\n<th>Modell<\/th>\n\n\n\t\t\t\n\n<td>USS\u2010170HE\uff08HET\uff09<\/td>\n\n\n\t\t\t\n\n<td>USS\u2010350HE\uff08HET\uff09<\/td>\n\n\n\t\t<\/tr>\n\n\n\t\t\n\n<tr>\n\t\t\t\n\n<th>L\u00f6tbadgr\u00f6\u00dfe<\/th>\n\n\n\t\t\t\n\n<td>ca.10kg<\/td>\n\n\n\t\t\t\n\n<td>ca.25kg<\/td>\n\n\n\t\t<\/tr>\n\n\n\t\t\n\n<tr>\n\t\t\t\n\n<th>H\u00f6chsttemperatur<\/th>\n\n\n\t\t\t\n\n<td>450\u00b0C \/ 842F<\/td>\n\n\n\t\t\t\n\n<td>450\u00b0C \/ 842F<\/td>\n\n\n\t\t<\/tr>\n\n\n\t\t\n\n<tr>\n\t\t\t\n\n<th>Standardtemperatur<\/th>\n\n\n\t\t\t\n\n<td>400\u00b0C \/ 752F<\/td>\n\n\n\t\t\t\n\n<td>400\u00b0C \/ 752F<\/td>\n\n\n\t\t<\/tr>\n\n\n\t\t\n\n<tr>\n\t\t\t\n\n<th>Anlaufzeit<\/th>\n\n\n\t\t\t\n\n<td>40 min.<br \/>(Raumtemp. bis 250\u00b0C)<\/td>\n\n\n\t\t\t\n\n<td>40 min.<br \/>(Raumtemp. bis 250\u00b0C)<\/td>\n\n\n\t\t<\/tr>\n\n\n\t\t\n\n<tr>\n\t\t\t\n\n<th>Tiegelgr\u00f6\u00dfe (mm)<\/th>\n\n\n\t\t\t\n\n<td>128(W)<br \/>\u00d7172(D)<br \/>\u00d761(H)<\/td>\n\n\n\t\t\t\n\n<td>120(W)<br \/>\u00d7350(D)<br \/>\u00d774(H)<\/td>\n\n\n\t\t\n\n<tr>\n\t\t\t\n\n<th>Spannung<\/th>\n\n\n\t\t\t\n\n<td>AC200V\u300050\/60Hz<\/td>\n\n\n\t\t\t\n\n<td>AC200V\u300050\/60Hz<\/td>\n\n\n\t\t<\/tr>\n\n\n\t\t\n\n<tr>\n\t\t\t\n\n<th>Energieverbrauch<\/th>\n\n\n\t\t\t\n\n<td>2.1KW<\/td>\n\n\n\t\t\t\n\n<td>5KW<\/td>\n\n\n\t\t<\/tr>\n\n\n\t\t\n\n<tr>\n\t\t\t\n\n<th>Standards<\/th>\n\n\n\t\t\t\n\n<td>PSE\/RoHS<\/td>\n\n\n\t\t\t\n\n<td>PSE\/RoHS<\/td>\n\n\n\t\t<\/tr>\n\n\n\t<\/table>\n\n\n\t<\/div>\n\n\n<\/div>\n\n\n\n\n<div class=\"section_4 section\">\n\t\n\n<div class=\"title\">\n\t\t\n\n<h3>KOMPAKTES L\u00d6TBAD (hohe Temperatur)<\/h3>\n\n\n\t<\/div>\n\n\n\t\n\n<ul class=\"list_three_line\">\n\t\t\n\n<li>\n\t\t\t<img loading=\"lazy\" src=\"\/webroot\/img\/products\/soldering\/others\/section_4\/img_1.png\" width=\"192\" height=\"204\" alt=\"USS-60HE\">\n\t\t\t\n\n<h3>USS-60HE<\/h3>\n\n\n\t\t<\/li>\n\n\n\t\t\n\n<li>\n\t\t\t<img loading=\"lazy\" src=\"\/webroot\/img\/products\/soldering\/others\/section_4\/img_2.png\" width=\"192\" height=\"204\" alt=\"USS-100HE2\">\n\t\t\t\n\n<h3>USS-100HE2<\/h3>\n\n\n\t\t<\/li>\n\n\n\t\t<a class=\"download\" target=\"_blank\" href=\"\/webroot\/img\/pdf\/en\/UNISOL_DIPPER.pdf\">Download (Englisch)<\/a>\n\t<\/ul>\n\n\n\t\n\n<div class=\"table_scroll\">\n\t\n\n<table>\n\t\t\n\n<tr>\n\t\t\t\n\n<th class=\"specifications\" colspan=\"3\" scope=\"colgroup\">Ttechnische Daten<\/th>\n\n\n\t\t<\/tr>\n\n\n\t\t\n\n<tr>\n\t\t\t\n\n<th>Modell<\/th>\n\n\n\t\t\t\n\n<td>USS\u201060HE<\/td>\n\n\n\t\t\t\n\n<td>USS\u2010100HE2<\/td>\n\n\n\t\t<\/tr>\n\n\n\t\t\n\n<tr>\n\t\t\t\n\n<th>L\u00f6tbadgr\u00f6\u00dfe<\/th>\n\n\n\t\t\t\n\n<td>ca.1.4kg<\/td>\n\n\n\t\t\t\n\n<td>ca.4.5kg<\/td>\n\n\n\t\t<\/tr>\n\n\n\t\t\n\n<tr>\n\t\t\t\n\n<th>H\u00f6chsttemperatur<\/th>\n\n\n\t\t\t\n\n<td>400\u2103<\/td>\n\n\n\t\t\t\n\n<td>400\u2103<\/td>\n\n\n\t\t<\/tr>\n\n\n\t\t\n\n<tr>\n\t\t\t\n\n<th>Standardtemperatur<\/th>\n\n\n\t\t\t\n\n<td>400\u2103<\/td>\n\n\n\t\t\t\n\n<td>400\u2103<\/td>\n\n\n\t\t<\/tr>\n\n\n\t\t\n\n<tr>\n\t\t\t\n\n<th>Anlaufzeit<\/th>\n\n\n\t\t\t\n\n<td>20 min.<br \/>(Raumtemp. bis 250\u00b0C)<\/td>\n\n\n\t\t\t\n\n<td>30 min.<br \/>(Raumtemp. bis 250\u00b0C)<\/td>\n\n\n\t\t<\/tr>\n\n\n\t\t\n\n<tr>\n\t\t\t\n\n<th>Tiegelgr\u00f6\u00dfe (mm)<\/th>\n\n\n\t\t\t\n\n<td>60(W)<br \/>\u00d760(D)<br \/>\u00d752(H)mm<\/td>\n\n\n\t\t\t\n\n<td>100(W)<br \/>\u00d7100(D)<br \/>\u00d762(H)mm<\/td>\n\n\n\t\t\n\n<tr>\n\t\t\t\n\n<th>Spannung<\/th>\n\n\n\t\t\t\n\n<td>AC100V\u300050\/60Hz<\/td>\n\n\n\t\t\t\n\n<td>AC100V\u300050\/60Hz<\/td>\n\n\n\t\t<\/tr>\n\n\n\t\t\n\n<tr>\n\t\t\t\n\n<th>Energieverbrauch<\/th>\n\n\n\t\t\t\n\n<td>550W<\/td>\n\n\n\t\t\t\n\n<td>1.4KW<\/td>\n\n\n\t\t<\/tr>\n\n\n\t\t\n\n<tr>\n\t\t\t\n\n<th>Standards<\/th>\n\n\n\t\t\t\n\n<td>PSE\/RoHS<\/td>\n\n\n\t\t\t\n\n<td>PSE\/RoHS<\/td>\n\n\n\t\t<\/tr>\n\n\n\t<\/table>\n\n\n\t<\/div>\n\n\n<\/div>\n\n\n\n--><\/p>\n<div class=\"section_5 section\">\n<div class=\"title\">\n<h3>STICKSTOFFGENERATOR<\/h3>\n<\/p><\/div>\n<h2>Ein Stickstoffgenerator, der keinen elektrischen Strom ben\u00f6tigt.<\/h2>\n<ul class=\"list_three_line\">\n<li>\n\t\t\t<img loading=\"lazy\" src=\"\/webroot\/img\/products\/soldering\/others\/section_5\/img_1.png\" width=\"192\" height=\"204\" alt=\"UNX-100SS\"><\/p>\n<h3>UNX-100SS<br \/>(Flow rate: 1L\/min)<\/h3>\n<\/li>\n<li>\n\t\t\t<img loading=\"lazy\" src=\"\/webroot\/img\/products\/automation\/option\/detail_3\/section_5\/img_3.png\" width=\"192\" height=\"204\" alt=\"UNX-200\"><\/p>\n<h3>UNX-200<br \/>(Flow rate: 2L\/min)<\/h3>\n<\/li>\n<li>\n\t\t\t<img loading=\"lazy\" src=\"\/webroot\/img\/products\/automation\/option\/detail_3\/section_5\/img_4.png\" width=\"192\" height=\"204\" alt=\"UNX-400\"><\/p>\n<h3>UNX-400<br \/>(Flow rate: 4L\/min)<\/h3>\n<\/li>\n<\/ul>\n<div>\n\t\t<a class=\"download\" target=\"_blank\" href=\"\/webroot\/img\/pdf\/en\/Nitrogen_Gas_Generator.pdf\">Download (Englisch)<\/a><\/p>\n<p>Ben\u00f6tigt keinen Strom und keine Druckgasbeh\u00e4lter. Stellt Stickstoff in einer Konzentration von 99,9% bereit. Unserer breites Angebot reicht von ultraleichten, kompakten Gr\u00f6\u00dfen bis hin zu Modellen mit hohem Durchsatz, auch mit integriertem Druckmessger\u00e4t und Str\u00f6mungsmesser.<\/p>\n<\/p><\/div>\n<\/div>\n","protected":false},"excerpt":{"rendered":"<p>Zubeh\u00f6r Rauchabzug UAC-2000iRauchabzug Download (Englisch) Ein neu entwickelter Rauchabzug hilft, ein ruhiges  [&hellip;]<\/p>\n","protected":false},"author":1,"featured_media":0,"parent":14,"menu_order":28,"comment_status":"closed","ping_status":"closed","template":"","meta":[],"acf":[],"_links":{"self":[{"href":"https:\/\/www.japanunix.com\/de\/wp-json\/wp\/v2\/pages\/97"}],"collection":[{"href":"https:\/\/www.japanunix.com\/de\/wp-json\/wp\/v2\/pages"}],"about":[{"href":"https:\/\/www.japanunix.com\/de\/wp-json\/wp\/v2\/types\/page"}],"author":[{"embeddable":true,"href":"https:\/\/www.japanunix.com\/de\/wp-json\/wp\/v2\/users\/1"}],"replies":[{"embeddable":true,"href":"https:\/\/www.japanunix.com\/de\/wp-json\/wp\/v2\/comments?post=97"}],"version-history":[{"count":9,"href":"https:\/\/www.japanunix.com\/de\/wp-json\/wp\/v2\/pages\/97\/revisions"}],"predecessor-version":[{"id":1075,"href":"https:\/\/www.japanunix.com\/de\/wp-json\/wp\/v2\/pages\/97\/revisions\/1075"}],"up":[{"embeddable":true,"href":"https:\/\/www.japanunix.com\/de\/wp-json\/wp\/v2\/pages\/14"}],"wp:attachment":[{"href":"https:\/\/www.japanunix.com\/de\/wp-json\/wp\/v2\/media?parent=97"}],"curies":[{"name":"wp","href":"https:\/\/api.w.org\/{rel}","templated":true}]}}