{"id":93,"date":"2016-08-23T11:46:06","date_gmt":"2016-08-23T02:46:06","guid":{"rendered":"http:\/\/cms.japanunix.com\/wp\/?page_id=93"},"modified":"2022-04-25T17:16:34","modified_gmt":"2022-04-25T08:16:34","slug":"unicon","status":"publish","type":"page","link":"https:\/\/www.japanunix.com\/de\/products\/unicon\/","title":{"rendered":"unicon"},"content":{"rendered":"<div class=\"section_1 section\">\n<h2>Manuelles \/ Handl\u00f6ten<\/h2>\n<div class=\"title\" id=\"unicon\">\n<h3><img loading=\"lazy\" src=\"\/webroot\/img\/products\/soldering\/top\/main_contents\/logo_unicon.png\" width=\"182\" height=\"32\" alt=\"UNICON\"><\/h3>\n<\/p><\/div>\n<ul class=\"soldering_product_list clearfix\">\n<li>\n\t\t\t<img loading=\"lazy\" src=\"\/webroot\/img\/products\/soldering\/unicon\/img_1.png\" width=\"192\" height=\"204\" alt=\"UNICON-107\"><\/p>\n<h3>Station f\u00fcr bleifreies L\u00f6ten\u3000UNICON-107i<br \/>(mit Schutzger\u00e4t)<\/h3>\n<p>\t\t\t<a class=\"download\" target=\"_blank\" href=\"\/webroot\/img\/pdf\/en\/Soldering_station_Change.pdf\">Download (Englisch)<\/a><\/p>\n<p>Mit dem weltweit ersten Sicherheits-Kontrollsensor (patentiert).Leicht und einfach zu bedienen, ist dies f\u00fcr viele Anwendungen die beste Wahl unter den L\u00f6tstationen.<br \/>Heizleistung: 50 W, 70 W, und 90 W<\/p>\n<\/li>\n<li>\n\t\t\t<img loading=\"lazy\" src=\"\/webroot\/img\/products\/soldering\/unicon\/img_2.png\" width=\"192\" height=\"204\" alt=\"UNICON-107F\"><\/p>\n<h3>Station f\u00fcr bleifreies L\u00f6ten UNICON-107F<br \/>(mit Stickstoff-Str\u00f6mungsmesser)<\/h3>\n<p>\t\t\t<a class=\"download\" target=\"_blank\" href=\"\/webroot\/img\/pdf\/en\/Soldering_station_Change.pdf\">Download (Englisch)<\/a><\/p>\n<p>Die UNICON-107 mit Stickstoff-Str\u00f6mungsmesser macht es einfach, unter Stickstoffathmosph\u00e4re zu l\u00f6ten.Heizleistung: 50 W, 70 W, und 90 W<\/p>\n<\/li>\n<li class=\"clear\">\n\t\t\t<img loading=\"lazy\" src=\"\/webroot\/img\/products\/soldering\/unicon\/img_3.png\" width=\"192\" height=\"204\" alt=\"UNICON-108 II\"><\/p>\n<h3>Station f\u00fcr bleifreies L\u00f6ten UNICON-108 ll<br \/>(mit Hochleistungserhitzer)<\/h3>\n<p>\t\t\t<a class=\"download\" target=\"_blank\" href=\"\/webroot\/img\/pdf\/en\/Soldering_station_Change.pdf\">Download (Englisch)<\/a><\/p>\n<p>Ideal f\u00fcr Arbeiten, die eine gro\u00dfe Heizleistung erfordern. UNICON-108 beseitigt mit einem Hochleistungserhitzer L\u00f6tschwierigkeiten bei w\u00e4rmeleitenden Materialien.<br \/>Heizleistung: 100 W, 150 W und 300 W<\/p>\n<\/li>\n<\/ul>\n<\/div>\n","protected":false},"excerpt":{"rendered":"<p>Manuelles \/ Handl\u00f6ten Station f\u00fcr bleifreies L\u00f6ten\u3000UNICON-107i(mit Schutzger\u00e4t) Download (Englisch) Mit dem we [&hellip;]<\/p>\n","protected":false},"author":1,"featured_media":722,"parent":14,"menu_order":30,"comment_status":"closed","ping_status":"closed","template":"","meta":[],"acf":[],"_links":{"self":[{"href":"https:\/\/www.japanunix.com\/de\/wp-json\/wp\/v2\/pages\/93"}],"collection":[{"href":"https:\/\/www.japanunix.com\/de\/wp-json\/wp\/v2\/pages"}],"about":[{"href":"https:\/\/www.japanunix.com\/de\/wp-json\/wp\/v2\/types\/page"}],"author":[{"embeddable":true,"href":"https:\/\/www.japanunix.com\/de\/wp-json\/wp\/v2\/users\/1"}],"replies":[{"embeddable":true,"href":"https:\/\/www.japanunix.com\/de\/wp-json\/wp\/v2\/comments?post=93"}],"version-history":[{"count":8,"href":"https:\/\/www.japanunix.com\/de\/wp-json\/wp\/v2\/pages\/93\/revisions"}],"predecessor-version":[{"id":1072,"href":"https:\/\/www.japanunix.com\/de\/wp-json\/wp\/v2\/pages\/93\/revisions\/1072"}],"up":[{"embeddable":true,"href":"https:\/\/www.japanunix.com\/de\/wp-json\/wp\/v2\/pages\/14"}],"wp:featuredmedia":[{"embeddable":true,"href":"https:\/\/www.japanunix.com\/de\/wp-json\/wp\/v2\/media\/722"}],"wp:attachment":[{"href":"https:\/\/www.japanunix.com\/de\/wp-json\/wp\/v2\/media?parent=93"}],"curies":[{"name":"wp","href":"https:\/\/api.w.org\/{rel}","templated":true}]}}