{"id":87,"date":"2016-08-23T11:43:24","date_gmt":"2016-08-23T02:43:24","guid":{"rendered":"http:\/\/cms.japanunix.com\/wp\/?page_id=87"},"modified":"2017-07-27T14:17:22","modified_gmt":"2017-07-27T05:17:22","slug":"case_works","status":"publish","type":"page","link":"https:\/\/www.japanunix.com\/de\/products\/automation\/case_works\/","title":{"rendered":"Praxisbeispiele"},"content":{"rendered":"<div class=\"section_1 section\">\n<h1><Soldering application examples><\/h1>\n<h2>AUTOMATION MITHILFE VON L\u00d6TROBOTERN<\/h2>\n<p>Sehen Sie hier einige Beispiele von Industrien und Fertigungsbereichen in welchen Japan-Unix-Roboter zum Einsatz kommen. Unsere Produkte finden breite Anwendung in einer Vielzahl von Bereichen und bei einzigartigen Leiterplatten. Sie finden hier die endg\u00fcltige Antwort auf Ihre spezifischen L\u00f6t-Anforderungen. Bitte kontaktieren Sie uns f\u00fcr weitere Details.<\/p>\n<\/div>\n<div class=\"section_2 section\">\n<div class=\"title\">\n<h2>AUTOINDUSTRIE<\/h2>\n<\/p><\/div>\n<ul class=\"list_three_line\">\n<li>\n\t\t\t<img loading=\"lazy\" class=\"negative_margin\" src=\"\/webroot\/img\/products\/automation\/example\/section_2\/img_1.png\" width=\"202\" height=\"204\" alt=\"Messinstrumente\"><\/p>\n<h3>Messinstrumente<\/h3>\n<\/li>\n<li>\n\t\t\t<img loading=\"lazy\" class=\"negative_margin\" src=\"\/webroot\/img\/products\/automation\/example\/section_2\/img_2.png\" width=\"202\" height=\"204\" alt=\"BS-Sensoren\"><\/p>\n<h3>BS-Sensoren<\/h3>\n<\/li>\n<li>\n\t\t\t<img loading=\"lazy\" class=\"negative_margin\" src=\"\/webroot\/img\/products\/automation\/example\/section_2\/img_3.png\" width=\"202\" height=\"204\" alt=\"Batterien\"><\/p>\n<h3>Batterien<\/h3>\n<\/li>\n<\/ul>\n<\/div>\n<div class=\"section_3 section\">\n<div class=\"title\">\n<h2>HAUSHALTSGER\u00c4TE<\/h2>\n<\/p><\/div>\n<ul class=\"list_three_line\">\n<li>\n\t\t\t<img loading=\"lazy\" class=\"negative_margin\" src=\"\/webroot\/img\/products\/automation\/example\/section_3\/img_1.png\" width=\"202\" height=\"204\" alt=\"Tuning-Geh\u00e4use\"><\/p>\n<h3>Tuning-Geh\u00e4use<\/h3>\n<\/li>\n<li>\n\t\t\t<img loading=\"lazy\" class=\"negative_margin\" src=\"\/webroot\/img\/products\/automation\/example\/section_3\/img_2.png\" width=\"202\" height=\"204\" alt=\"Leiterplatten in Flachbildschirmen(Draht mit Urethanh\u00fclle)\"><\/p>\n<h3>Leiterplatten in Flachbildschirmen<br \/>(Draht mit Urethanh\u00fclle)<\/h3>\n<\/li>\n<li>\n\t\t\t<img loading=\"lazy\" class=\"negative_margin\" src=\"\/webroot\/img\/products\/automation\/example\/section_3\/img_3.png\" width=\"202\" height=\"204\" alt=\"Lichtsensoreni(Licht-Empf\u00e4ngermodule)\"><\/p>\n<h3>Lichtsensoreni<br \/>(Licht-Empf\u00e4ngermodule)<\/h3>\n<\/li>\n<\/ul>\n<\/div>\n<div class=\"section_4 section\">\n<div class=\"title\">\n<h2>MOBILE &#038; DIGITALE GER\u00c4TE<\/h2>\n<\/p><\/div>\n<ul class=\"list_three_line\">\n<li>\n\t\t\t<img loading=\"lazy\" class=\"negative_margin\" src=\"\/webroot\/img\/products\/automation\/example\/section_4\/img_1.png\" width=\"202\" height=\"204\" alt=\"CMOS-Sensoren f\u00fcr integrierte Schaltungen\"><\/p>\n<h3>CMOS-Sensoren f\u00fcr integrierte<br \/>Schaltungen<\/h3>\n<\/li>\n<li>\n\t\t\t<img loading=\"lazy\" class=\"negative_margin\" src=\"\/webroot\/img\/products\/automation\/example\/section_4\/img_2.png\" width=\"202\" height=\"204\" alt=\"Digitale Armbanduhren\"><\/p>\n<h3>Digitale Armbanduhren<\/h3>\n<\/li>\n<li>\n<div class=\"feature_box_mini\">\n      Weitere Bereiche<\/p>\n<ul>\n<li>\u30fbCCD-Kameramodule<\/li>\n<li>\u30fbUSB-Verbindungen<\/li>\n<li>\u30fbSmartphone-Batterien<\/li>\n<\/ul>\n<p>      und vieles mehr\n\t\t\t<\/p><\/div>\n<\/li>\n<\/ul>\n<\/div>\n<div class=\"section_5 section\">\n<div class=\"title\">\n<h2>FALLSTUDIE<\/h2>\n<\/p><\/div>\n<ul class=\"list_three_line\">\n<li>\n\t\t\t<a href=\"\/de\/industry\/case_study.php\"><\/p>\n<div class=\"include_txt_img negative_margin\">\n\t\t\t\t\t<img loading=\"lazy\" src=\"\/webroot\/img\/products\/automation\/example\/section_5\/img_1_en.png\" width=\"204\" height=\"230\" alt=\"\"><\/p>\n<p class=\"product_name en\">Weltweit f\u00fchrend in der L\u00f6t-Technologie 1:<\/p>\n<\/p><\/div>\n<p>\t\t\t<\/a><\/p>\n<h3>L\u00f6t-Herausforderungen in einer zunehmend<br \/>von Elektronik beherrschten Autoindustrie<\/h3>\n<\/li>\n<li>\n\t\t\t<a href=\"\/de\/industry\/case_study.php\"><\/p>\n<div class=\"include_txt_img negative_margin\">\n\t\t\t\t\t<img loading=\"lazy\" src=\"\/webroot\/img\/products\/automation\/example\/section_5\/img_2_en.png\" width=\"204\" height=\"230\" alt=\"\"><\/p>\n<p class=\"product_name en\">Weltweit f\u00fchrend in der L\u00f6t-Technologie 2:<\/p>\n<\/p><\/div>\n<p>\t\t\t<\/a><\/p>\n<h3>Unternehmensstrategien zur Straffung der<br \/>Produktion im Ausland<\/h3>\n<\/li>\n<\/ul>\n<\/div>\n","protected":false},"excerpt":{"rendered":"<p>AUTOMATION MITHILFE VON L\u00d6TROBOTERN Sehen Sie hier einige Beispiele von Industrien und Fertigungsbereichen in  [&hellip;]<\/p>\n","protected":false},"author":1,"featured_media":620,"parent":17,"menu_order":24,"comment_status":"closed","ping_status":"closed","template":"","meta":[],"acf":[],"_links":{"self":[{"href":"https:\/\/www.japanunix.com\/de\/wp-json\/wp\/v2\/pages\/87"}],"collection":[{"href":"https:\/\/www.japanunix.com\/de\/wp-json\/wp\/v2\/pages"}],"about":[{"href":"https:\/\/www.japanunix.com\/de\/wp-json\/wp\/v2\/types\/page"}],"author":[{"embeddable":true,"href":"https:\/\/www.japanunix.com\/de\/wp-json\/wp\/v2\/users\/1"}],"replies":[{"embeddable":true,"href":"https:\/\/www.japanunix.com\/de\/wp-json\/wp\/v2\/comments?post=87"}],"version-history":[{"count":7,"href":"https:\/\/www.japanunix.com\/de\/wp-json\/wp\/v2\/pages\/87\/revisions"}],"predecessor-version":[{"id":786,"href":"https:\/\/www.japanunix.com\/de\/wp-json\/wp\/v2\/pages\/87\/revisions\/786"}],"up":[{"embeddable":true,"href":"https:\/\/www.japanunix.com\/de\/wp-json\/wp\/v2\/pages\/17"}],"wp:featuredmedia":[{"embeddable":true,"href":"https:\/\/www.japanunix.com\/de\/wp-json\/wp\/v2\/media\/620"}],"wp:attachment":[{"href":"https:\/\/www.japanunix.com\/de\/wp-json\/wp\/v2\/media?parent=87"}],"curies":[{"name":"wp","href":"https:\/\/api.w.org\/{rel}","templated":true}]}}