{"id":85,"date":"2016-08-23T11:42:46","date_gmt":"2016-08-23T02:42:46","guid":{"rendered":"http:\/\/cms.japanunix.com\/wp\/?page_id=85"},"modified":"2017-07-27T14:13:47","modified_gmt":"2017-07-27T05:13:47","slug":"shapes","status":"publish","type":"page","link":"https:\/\/www.japanunix.com\/de\/products\/automation\/laser\/shapes\/","title":{"rendered":"Verschiedene Formen"},"content":{"rendered":"<div class=\"section_1 section\">\n<div class=\"txt_and_img_section\">\n<div class=\"txt_section\">\n<h1><alt = \"Verschiedene Formen\"><\/h1>\n<h2>W\u00e4hlen Sie die Laser-Spotform, die am besten zu den Komponenten und Leiterplattenformen passt<\/h2>\n<p>Ungewolltes Verbrennen von Leiterplatten oder andere Probleme k\u00f6nnen vermieden werden, indem passende Laserformen wie z.B. eine ovale (Ellipsen-) oder eine Ring-Form angeglichen werden. Au\u00dferdem bietet eine Strahlenteilertechnologie \u201cZwillings-Spot-Laser\u201d, was das simultane L\u00f6ten zweier L\u00f6tstellen erm\u00f6glicht.<\/p>\n<\/p><\/div>\n<p>\t\t<img loading=\"lazy\" src=\"\/webroot\/img\/products\/automation\/laser\/shapes\/top_img.png\" width=\"272\" height=\"164\" alt=\"Verschiedene Formen\">\n\t<\/div>\n<\/div>\n<div class=\"section_2 section\">\n<div class=\"title\">\n<h3>Verschiedene Laserstrahlen-Spotformen *Patentiert<\/h3>\n<\/p><\/div>\n<ul class=\"list_three_line\">\n<li>\n\t\t\t<img loading=\"lazy\" src=\"\/webroot\/img\/products\/automation\/laser\/shapes\/section_2\/img_1.png\" width=\"204\" height=\"152\" alt=\"\"><\/p>\n<h3>Kreisform<\/h3>\n<\/li>\n<li>\n\t\t\t<img loading=\"lazy\" src=\"\/webroot\/img\/products\/automation\/laser\/shapes\/section_2\/img_2.png\" width=\"204\" height=\"152\" alt=\"\"><\/p>\n<h3>Ovale Form (Ellipse)<\/h3>\n<\/li>\n<li>\n\t\t\t<img loading=\"lazy\" src=\"\/webroot\/img\/products\/automation\/laser\/shapes\/section_2\/img_3.png\" width=\"204\" height=\"152\" alt=\"\"><\/p>\n<h3>Quadratische Form<\/h3>\n<\/li>\n<li class=\"clear_both\">\n<div class=\"include_txt_img negative_margin\">\n       \t\t\t<img loading=\"lazy\" src=\"\/webroot\/img\/products\/automation\/laser\/shapes\/section_2\/img_4.png\" width=\"204\" height=\"152\" alt=\"\"><br \/>\n\t\t\t\t<span class=\"patent\"> Patented<\/span>\n\t\t\t<\/div>\n<h3>Ring-Form<\/h3>\n<\/li>\n<li>\n<div class=\"include_txt_img negative_margin\">\n       \t\t\t<img loading=\"lazy\" src=\"\/webroot\/img\/products\/automation\/laser\/shapes\/section_2\/img_5.png\" width=\"204\" height=\"152\" alt=\"\"><br \/>\n\t\t\t\t<span class=\"patent\"> Patented<\/span>\n\t\t\t<\/div>\n<h3>Ovaler Ring (Elliptischer Ring)<\/h3>\n<\/li>\n<li>\n\t\t\t<img loading=\"lazy\" src=\"\/webroot\/img\/products\/automation\/laser\/shapes\/section_2\/img_6.png\" width=\"204\" height=\"152\" alt=\"\"><\/p>\n<h3>Zwillings-Form<\/h3>\n<\/li>\n<\/ul>\n<p class=\"txt\">W\u00e4hlen Sie die Laserform aus, die am besten zum Plattenmuster und den Komponenten des Kunden passt.<br \/>Wenn die Unterlage z.B. eine Ellipsen-Form hat, belichten Sie es mit dem ovalen Typ. Falls au\u00dferdem die Durchgangsbohrung schwarzen Harz oder andere Komponenten auf der R\u00fcckseite hat, verwenden Sie die Ringform, um eine Verbrennung durch den Laser zu vermeiden.<br \/>Warum erw\u00e4gen Sie nicht die Wahl von Laserstrahlen-Formen, gleich der Wahl von Spitzenformen f\u00fcr das manuelle L\u00f6ten?<br \/>\nDer ovale Ringstrahl sollte z.B. auf einer ovalf\u00f6rmigen Unterlage verwendet werden. Falls der Durchgangsbohrung eine andere Komponente bzw. schwarzer Harz zugrunde liegt, sollte der ringf\u00f6rmige Strahl verwendet werden, um eine Verbrennung durch den Laser zu vermeiden.<\/p>\n<div class=\"mechanism_box\">\n<div class=\"txt_section\">\n<h3>Laser-L\u00f6tverfahren<\/h3>\n<p>Kolbenl\u00f6ten (W\u00e4rme\u00fcbertragung) und Laserl\u00f6ten (Erzeugung von Oberfl\u00e4chenw\u00e4rme) zeichnen sich durch grunds\u00e4tzlich verschiedene Erhitzungsprinzipien aus. Nur durch genaue Kenntnis des Lasers und der L\u00f6tcharakteristiken k\u00f6nnen die jeweiligen Vorz\u00fcge beider Methoden voll zur Geltung gebracht werden.<\/p>\n<\/p><\/div>\n<p>\t\t<a href=\"\/de\/method\/laser.php\">WEITERLESEN<\/a>\n\t<\/div>\n<\/div>\n<div class=\"video_section\">\n<h2>REFERENZ-VIDEOS<\/h2>\n<ul class=\"video_box_list popup_wrap\">\n<li>\n\t\t\t<a class=\"popup_video\" href=\"#popup_video\"><br \/>\n\t\t\t\t<img loading=\"lazy\" class=\"video_cover\" src=\"\/webroot\/img\/movie\/video_non.png\" width=\"288\" height=\"206\" alt=\"\"><br \/>\n\t\t\t\t<img loading=\"lazy\" src=\"\/webroot\/img\/movie\/laserunit_2.png\" width=\"288\" height=\"206\" alt=\"\"><br \/>\n\t\t\t\t<span>0:18<\/span><br \/>\n\t\t\t<\/a><\/p>\n<h3>Robotisches Laserl\u00f6ten Vergleich von Ring- und normalen Lasern<\/h3>\n<p class=\"small\">Verschiedene Strahlenformen eignen sich f\u00fcr verschiedene Leiterplatten und Teile. Hier zeigen wir, was passiert, wenn Sie die falsche Strahlenform w\u00e4hlen.<\/p>\n<\/li>\n<\/ul><\/div>\n","protected":false},"excerpt":{"rendered":"<p>W\u00e4hlen Sie die Laser-Spotform, die am besten zu den Komponenten und Leiterplattenformen passt Ungewolltes Verb [&hellip;]<\/p>\n","protected":false},"author":1,"featured_media":904,"parent":79,"menu_order":23,"comment_status":"closed","ping_status":"closed","template":"","meta":[],"acf":[],"_links":{"self":[{"href":"https:\/\/www.japanunix.com\/de\/wp-json\/wp\/v2\/pages\/85"}],"collection":[{"href":"https:\/\/www.japanunix.com\/de\/wp-json\/wp\/v2\/pages"}],"about":[{"href":"https:\/\/www.japanunix.com\/de\/wp-json\/wp\/v2\/types\/page"}],"author":[{"embeddable":true,"href":"https:\/\/www.japanunix.com\/de\/wp-json\/wp\/v2\/users\/1"}],"replies":[{"embeddable":true,"href":"https:\/\/www.japanunix.com\/de\/wp-json\/wp\/v2\/comments?post=85"}],"version-history":[{"count":6,"href":"https:\/\/www.japanunix.com\/de\/wp-json\/wp\/v2\/pages\/85\/revisions"}],"predecessor-version":[{"id":782,"href":"https:\/\/www.japanunix.com\/de\/wp-json\/wp\/v2\/pages\/85\/revisions\/782"}],"up":[{"embeddable":true,"href":"https:\/\/www.japanunix.com\/de\/wp-json\/wp\/v2\/pages\/79"}],"wp:featuredmedia":[{"embeddable":true,"href":"https:\/\/www.japanunix.com\/de\/wp-json\/wp\/v2\/media\/904"}],"wp:attachment":[{"href":"https:\/\/www.japanunix.com\/de\/wp-json\/wp\/v2\/media?parent=85"}],"curies":[{"name":"wp","href":"https:\/\/api.w.org\/{rel}","templated":true}]}}