{"id":83,"date":"2016-08-23T11:42:21","date_gmt":"2016-08-23T02:42:21","guid":{"rendered":"http:\/\/cms.japanunix.com\/wp\/?page_id=83"},"modified":"2017-07-27T14:12:07","modified_gmt":"2017-07-27T05:12:07","slug":"multi-phi","status":"publish","type":"page","link":"https:\/\/www.japanunix.com\/de\/products\/automation\/laser\/multi-phi\/","title":{"rendered":"Multi-\u03c6 Laser"},"content":{"rendered":"<div class=\"section_1 section\">\n<div class=\"txt_and_img_section\">\n<div class=\"txt_section\">\n<h1><alt = \"\"><\/h1>\n<h2>Optimiert Laser-Belichtungsdurchmesser, um zu jeder Komponentengr\u00f6\u00dfe bzw. jedem Plattentyp zu passen<\/h2>\n<p> Laserstrahlen-Spotdurchmesser k\u00f6nnen ohne Bewegung angepasst werden. Die variablen Spotdurchmesser erm\u00f6glichen ideale L\u00f6tergebnisse bei unterschiedlichen Komponentenformen oder verschiedenen  Anschlussfl\u00e4chen. Aufgrund des Designs der besten Bedingungen f\u00fcr jede Option wird nicht nur die Qualit\u00e4t, sondern auch die Geschwindigkeit verbessert<\/p>\n<\/p><\/div>\n<p>\t\t<img loading=\"lazy\" src=\"\/webroot\/img\/products\/automation\/laser\/multi-phi\/top_img.png\" width=\"272\" height=\"164\" alt=\"\">\n\t<\/div>\n<\/div>\n<div class=\"section_2 section\">\n<div class=\"new_banner_flex\">\n<p class=\"new_banner_txt\"> L\u00f6tsystem mit variablen Laserstrahlen-Spotdurchmessern<br \/><span> Multi-\u03c6 laser soldering<\/span><br \/>\n\t\t\t<span><\/span>\n\t\t<\/p>\n<p class=\"license\"> Patent angemeldet<\/p>\n<\/p><\/div>\n<ul class=\"new_products_lines\">\n<li class=\"line_01\">\n<p>UNBEWEGLICH<\/p>\n<p class=\"new_video\">\n\t\t\t\t<a class=\"new_laser_video\" href=\"#popup_video\"><br \/>\n\t\t\t\t\t<img loading=\"lazy\" class=\"new_video_cover\" src=\"\/webroot\/img\/products\/automation\/new_products\/power_image_01_cover.png\" width=\"250px\" height=\"120px\" alt=\"\" style=\"display: block;\"><br \/>\n\t\t\t\t\t<img loading=\"lazy\" src=\"\/webroot\/img\/products\/automation\/new_products\/flex_image_01.png\" width=\"250px\" height=\"120px\" alt=\"image1\"><br \/>\n\t\t\t\t<\/a>\n\t\t\t<\/p>\n<p>Strahlen-Spotdurchmesser sind anpassungsf\u00e4hig<\/p>\n<p> innerhalb von 0,1\u20133,0mm.<\/p>\n<div>\n<p>\u30fbDer Durchmesserbereich wird durch optische Fasern und Linsen-Konfiguration bestimmt.<br \/>\u30fbDie Abgabeleistung des Lasers wird effizient in W\u00e4rmeenergie umgewandelt.<br \/>\u30fbDie Z-Achse (vertikal) des Roboters bleibt bei Anpassung des Laserdurchmessers fix.\n\t\t\t\t<\/p>\n<\/p><\/div>\n<\/li>\n<li class=\"line_02\">\n<p>FLEXIBEL<\/p>\n<p><img loading=\"lazy\" src=\"\/webroot\/img\/products\/automation\/new_products\/flex_image_02.png\" width=\"250px\" height=\"120px\" alt=\"image2\"><\/p>\n<p>Unterst\u00fctzt eine Vielzahl an L\u00f6tmustern,<\/p>\n<p>Komponentenformen oder -gr\u00f6\u00dfen<\/p>\n<div>\n<p>\u30fbUnterst\u00fctzt eine Vielzahl an L\u00f6tmustern<br \/>\u30fbOptimale L\u00f6tbedingungen f\u00fcr alle Muster<br \/>\u30fbL\u00f6tdraht wird mit neuer Zuf\u00fchreinrichtung aus beliebigen Richtungen zugef\u00fchrt\n\t\t\t\t<\/p>\n<\/p><\/div>\n<\/li>\n<li class=\"line_03\">\n<p>OPTIMIERUNG<\/p>\n<p>\t<img loading=\"lazy\" src=\"\/webroot\/img\/products\/automation\/new_products\/flex_image_03.png\" width=\"250px\" height=\"120px\" alt=\"image3\">\n\t\t\t<\/p>\n<p>Optimale Bedingungen f\u00fcr alle Muster verbessern<\/p>\n<p>Qualit\u00e4t und Zyklusdauer<\/p>\n<div>\n<p>\u30fbDurch Optimierung der L\u00f6tbedingungen f\u00fcr die gesamte Leiterplatte erzielt das Ger\u00e4t die k\u00fcrzeste Laserbestrahlungsdauer.<br \/>\u30fbAus gemischten Komponenten aufgebaute Leiterplatten k\u00f6nnen nun mit nur einer Maschine verarbeitet werden.<br \/>\u30fbOptimiertes L\u00f6ten f\u00fcr jede Komponente bietet bessere Qualit\u00e4t.\n\t\t\t\t<\/p>\n<\/p><\/div>\n<\/li>\n<\/ul>\n<div class=\"summary\">\n<h2>Multi-\u03c6 Laser \u00dcberblick<\/h2>\n<p class=\"text_01\">\n\t\t\tName:\u3000Multi-\u03c6 Laser-L\u00f6tsystem (Multi-phi Laser)<br \/>Abmessungen:\u3000214mmx120mmx92mm<br \/>Stromversorgung:\u3000Einzelphase 220V\u00b110%<br \/>Positionierungssystem: koaxiale Beobachtung mit einer CCD-Kamera *1\n\t\t<\/p>\n<p class=\"text_02 second\">\n\t\t\tLaser-Strom: 25W\uff5e75W (selectable)<br \/>Laser-Belichtungsdurchmesser: Min. 0,1mm, Max. 3,0mm<br \/>Laser-Belichtungsdistanz: 30-120mm (1,18-4,72 Zoll)<br \/>Strahlendurchmesser : 0,1\u20133,0mm (0,004-0,12 Zoll)*1\n\t\t<\/p>\n<\/p><\/div>\n<h3>Anmerkung: F\u00fcr Kunden, die bereits unser Laser-L\u00f6ten nutzen, ist der Ersatz des Laserkopfs verf\u00fcgbar. Bitte kontaktieren Sie uns bez\u00fcglich der Verfeinerung und Verbesserung bestehender Ger\u00e4te.<\/h3>\n<\/div>\n<div class=\"section_3 section\">\n<div class=\"big_img_box\">\n\t\t<img loading=\"lazy\" src=\"\/webroot\/img\/products\/automation\/laser\/multi-phi\/section_3\/img_1.png\" width=\"293\" height=\"469\" alt=\"\"><\/p>\n<h3>Muster eines Apparates, der nach Multi-Phi-Lasersystem montiert ist<\/h3>\n<\/p><\/div>\n<div class=\"box_list\">\n<p>\u00c4nderung der Durchmesser dauert nur 0,2 Sek.*1. Die Optimierung f\u00fchrt nie zu einer negativen Beeinflussung der Zyklusdauer.<\/p>\n<p class=\"small\"> *1:The exact time may vary depending on users circumstances<\/p>\n<ul>\n<li><img loading=\"lazy\" src=\"\/webroot\/img\/products\/automation\/laser\/multi-phi\/section_3\/img_2.png\" width=\"204\" height=\"180\" alt=\"\">\n<p>Max. Durchmesser \u03c63,0 mm<\/p>\n<\/li>\n<li><img loading=\"lazy\" src=\"\/webroot\/img\/products\/automation\/laser\/multi-phi\/section_3\/img_3.png\" width=\"204\" height=\"180\" alt=\"\">\n<p>Min. diameter \u03c60.1mm<\/p>\n<\/li>\n<li><img loading=\"lazy\" src=\"\/webroot\/img\/products\/automation\/laser\/multi-phi\/section_3\/img_4.png\" width=\"438\" height=\"180\" alt=\"\">\n<p>Sobald die Bedingungen festgelegt sind, werden Strahlendurchmesser automatisch gem\u00e4\u00df der jeweiligen Pad-Gr\u00f6\u00dfe angepasst.<\/p>\n<\/li>\n<\/ul><\/div>\n<\/div>\n<div class=\"video_section\">\n<h2>REFERENZ-VIDEOS<\/h2>\n<ul class=\"video_box_list popup_wrap\">\n<li style=\"display:none;\">\n\t\t\t<a class=\"popup_video\" href=\"#popup_video\"><br \/>\n\t\t\t\t<img loading=\"lazy\" class=\"video_cover\" src=\"\/webroot\/img\/movie\/video_non.png\" width=\"288\" height=\"206\" alt=\"\"><br \/>\n\t\t\t\t<img loading=\"lazy\" src=\"\/webroot\/img\/movie\/multi-phi.png\" width=\"288\" height=\"206\" alt=\"\"><br \/>\n\t\t\t\t<span>2:43<\/span><br \/>\n\t\t\t<\/a><\/p>\n<h3><\/h3>\n<p class=\"small\">\n<\/li>\n<li>\n\t\t\t<a class=\"popup_video\" href=\"#popup_video\"><br \/>\n\t\t\t\t<img loading=\"lazy\" class=\"video_cover\" src=\"\/webroot\/img\/movie\/video_non.png\" width=\"288\" height=\"206\" alt=\"\"><br \/>\n\t\t\t\t<img loading=\"lazy\" src=\"\/webroot\/img\/movie\/multi_phi.png\" width=\"288\" height=\"206\" alt=\"\"><br \/>\n\t\t\t\t<span>1:48<\/span><br \/>\n\t\t\t<\/a><\/p>\n<h3>Multi-Phi-Laserl\u00f6ten<br \/>Typischer Fehler beim Laserl\u00f6ten<\/h3>\n<p class=\"small\">Drei Hauptgr\u00fcnde, die zu einem Fehler beim Laserl\u00f6ten f\u00fchren k\u00f6nnen<\/p>\n<\/li>\n<\/ul><\/div>\n","protected":false},"excerpt":{"rendered":"<p>Optimiert Laser-Belichtungsdurchmesser, um zu jeder Komponentengr\u00f6\u00dfe bzw. jedem Plattentyp zu passen Laserstra [&hellip;]<\/p>\n","protected":false},"author":1,"featured_media":616,"parent":79,"menu_order":22,"comment_status":"closed","ping_status":"closed","template":"","meta":[],"acf":[],"_links":{"self":[{"href":"https:\/\/www.japanunix.com\/de\/wp-json\/wp\/v2\/pages\/83"}],"collection":[{"href":"https:\/\/www.japanunix.com\/de\/wp-json\/wp\/v2\/pages"}],"about":[{"href":"https:\/\/www.japanunix.com\/de\/wp-json\/wp\/v2\/types\/page"}],"author":[{"embeddable":true,"href":"https:\/\/www.japanunix.com\/de\/wp-json\/wp\/v2\/users\/1"}],"replies":[{"embeddable":true,"href":"https:\/\/www.japanunix.com\/de\/wp-json\/wp\/v2\/comments?post=83"}],"version-history":[{"count":6,"href":"https:\/\/www.japanunix.com\/de\/wp-json\/wp\/v2\/pages\/83\/revisions"}],"predecessor-version":[{"id":779,"href":"https:\/\/www.japanunix.com\/de\/wp-json\/wp\/v2\/pages\/83\/revisions\/779"}],"up":[{"embeddable":true,"href":"https:\/\/www.japanunix.com\/de\/wp-json\/wp\/v2\/pages\/79"}],"wp:featuredmedia":[{"embeddable":true,"href":"https:\/\/www.japanunix.com\/de\/wp-json\/wp\/v2\/media\/616"}],"wp:attachment":[{"href":"https:\/\/www.japanunix.com\/de\/wp-json\/wp\/v2\/media?parent=83"}],"curies":[{"name":"wp","href":"https:\/\/api.w.org\/{rel}","templated":true}]}}