{"id":81,"date":"2016-08-23T11:41:45","date_gmt":"2016-08-23T02:41:45","guid":{"rendered":"http:\/\/cms.japanunix.com\/wp\/?page_id=81"},"modified":"2017-07-27T14:08:28","modified_gmt":"2017-07-27T05:08:28","slug":"flash","status":"publish","type":"page","link":"https:\/\/www.japanunix.com\/de\/products\/automation\/laser\/flash\/","title":{"rendered":"Flash-L\u00f6ten"},"content":{"rendered":"<div class=\"section_1 section\">\n<div class=\"txt_and_img_section\">\n<div class=\"txt_section\">\n<h1><alt = \"\"><\/h1>\n<h2>Erzielen \u201cdoppelter Geschwindigkeit\u201d mit neuer optischer Laserkonfiguration<\/h2>\n<p>Unter 0,3 Sek. pro Punkt.<br \/>Ein neues, integriertes Laser-L\u00f6tsystem, das alles von SMT bis Durchsteckl\u00f6tung in unglaublicher Geschwindigkeit schafft. Flash-L\u00f6ten spart nicht nur beim Energieverbrauch, sondern auch bez\u00fcglich Wartungszeiten.<\/p>\n<\/p><\/div>\n<p>\t\t<img loading=\"lazy\" src=\"\/webroot\/img\/products\/automation\/laser\/flash\/top_img.png\" width=\"272\" height=\"164\" alt=\"\">\n\t<\/div>\n<\/div>\n<div class=\"section_2 section\">\n<div class=\"new_banner_power\">\n<p class=\"new_banner_txt\">Erzielen \u201cdoppelter Geschwindigkeit\u201d beim L\u00f6ten<br \/>\n<br \/>Flash-Laser-L\u00f6tsystem, ausgestattet mit koaxialer Kamera<br \/><span>UNIX-FS-Serie<\/span><br \/>\n\t\t\t<span><\/span>\n\t\t<\/p>\n<p class=\"license\">Patent angemeldet<\/p>\n<\/p><\/div>\n<ul class=\"new_products_lines\">\n<li class=\"line_01\">\n<p>GESCHWINDIGKEIT<\/p>\n<p class=\"new_video\">\n\t\t\t\t<a class=\"new_laser_video\" href=\"#popup_video\"><br \/>\n\t\t\t\t\t<img loading=\"lazy\" class=\"new_video_cover\" src=\"\/webroot\/img\/products\/automation\/new_products\/power_image_01_cover.png\" width=\"250px\" height=\"120px\" alt=\"\" style=\"display: block;\"><br \/>\n\t\t\t\t\t<img loading=\"lazy\" src=\"\/webroot\/img\/products\/automation\/new_products\/power_image_01.png\" width=\"250px\" height=\"120px\" alt=\"image1\"><br \/>\n\t\t\t\t<\/a>\n\t\t\t<\/p>\n<p>Erzielt unglaubliche Geschwindigkeit.<\/p>\n<p>Unter 0,3 Sek. \/Punkt<\/p>\n<div>\n<p>\u30fbNeuer Laserstrahlenmechanismus installiert<br \/>\u30fbDoppelt so schnell wie normaler Laser<br \/>\u30fbL\u00f6ten von 100 Punkten in weniger als 30 Sekunden<br \/>\u30fbBedeutende Verbesserung der Produktivit\u00e4t: <br \/><span>\u3000Normaler Laser\uff1a< 0,5 Sek.\/Punkt<br \/>\u3000\u3000Flash-Laser\uff1a< 0,25 Sek.\/Punkt <\/span>\n\t\t\t\t<\/p>\n<\/p><\/div>\n<\/li>\n<li class=\"line_02\">\n<p>INNOVATIV<\/p>\n<p><img loading=\"lazy\" src=\"\/webroot\/img\/products\/automation\/new_products\/power_image_02.png\" width=\"250px\" height=\"120px\" alt=\"image2\"><\/p>\n<p>Integrierter L\u00f6tprozess sowohl f\u00fcr<\/p>\n<p>L\u00f6tpaste als auch -draht<\/p>\n<div>\n<p>\u30fbIntegration von Vor- und Nachl\u00f6ten* ist m\u00f6glich<br \/>\u30fbEine koaxiale Kamera verfolgt die eigentlichen Arbeitsszenen<br \/>\u30fbEinfacher Aufbau und Betrieb mit direktem Unterricht<br \/>\u30fbAutomatische Korrektur und Fehlererkennung (bald verf\u00fcgbar)\n\t\t\t\t<\/p>\n<\/p><\/div>\n<\/li>\n<li class=\"line_03\">\n<p>KOMPAKT<\/p>\n<p>\t<img loading=\"lazy\" src=\"\/webroot\/img\/products\/automation\/new_products\/power_image_03.png\" width=\"250px\" height=\"120px\" alt=\"image3\">\n\t\t\t<\/p>\n<p>Kompakt genug, um freies Design zu erm\u00f6glichen<\/p>\n<p>Platz- &#038; energiesparend<\/p>\n<div>\n<p>\u30fbPasst in jede Systemleiste<br \/>\u30fbReduktion von Raum gelungen, durch Fixierung des L\u00f6t-Arbeitsbereichs<br \/>\u30fbSpart Raum und Energieverbrauch im Vergleich zu Str\u00f6mungs- und Reflowmaschinen<br \/>\u30fbIntegrierte Vor- und Nachbearbeitung*\n\t\t\t\t<\/p>\n<\/p><\/div>\n<p> *Ergebnisse k\u00f6nnen je nach Bedingungen unterschiedlich ausfallen<\/p>\n<\/li>\n<\/ul><\/div>\n<div class=\"section_3 section\">\n<h2>Szenen, die die Nutzung von Flash-L\u00f6ten zeigen<\/h2>\n<ul class=\"list_two_line\">\n<li>\n\t\t\t<img loading=\"lazy\" src=\"\/webroot\/img\/products\/automation\/laser\/flash\/section_3\/img_1.png\" width=\"192\" height=\"164\" alt=\"\"><\/p>\n<h3> Partieller Reflow mit L\u00f6tpaste<\/h3>\n<\/li>\n<li>\n\t\t\t<img loading=\"lazy\" src=\"\/webroot\/img\/products\/automation\/laser\/flash\/section_3\/img_2.png\" width=\"192\" height=\"164\" alt=\"\"><\/p>\n<h3> L\u00f6tkugel-Nachbesserung<\/h3>\n<\/li>\n<li class=\"clear_both\">\n\t\t\t<img loading=\"lazy\" src=\"\/webroot\/img\/products\/automation\/laser\/flash\/section_3\/img_3.png\" width=\"192\" height=\"164\" alt=\"\"><\/p>\n<h3> L\u00f6ten an Mikrodr\u00e4hte<\/h3>\n<\/li>\n<li>\n\t\t\t<img loading=\"lazy\" src=\"\/webroot\/img\/products\/automation\/laser\/flash\/section_3\/img_4.png\" width=\"192\" height=\"164\" alt=\"\"><\/p>\n<h3> SMD und verdeckt<\/h3>\n<\/li>\n<\/ul>\n<\/div>\n<div class=\"video_section\">\n<h2>REFERENZ-VIDEOS<\/h2>\n<ul class=\"video_box_list popup_wrap\">\n<li style=\"display:none;\">\n\t\t\t<a class=\"popup_video\" href=\"#popup_video\"><br \/>\n\t\t\t\t<img loading=\"lazy\" class=\"video_cover\" src=\"\/webroot\/img\/movie\/video_non.png\" width=\"288\" height=\"206\" alt=\"\"><br \/>\n\t\t\t\t<img loading=\"lazy\" src=\"\/webroot\/img\/movie\/flash_1.png\" width=\"288\" height=\"206\" alt=\"\"><br \/>\n\t\t\t\t<span>2:43<\/span><br \/>\n\t\t\t<\/a><\/p>\n<h3><\/h3>\n<p class=\"small\">\n<\/li>\n<li>\n\t\t\t<a class=\"popup_video\" href=\"#popup_video\"><br \/>\n\t\t\t\t<img loading=\"lazy\" class=\"video_cover\" src=\"\/webroot\/img\/movie\/video_non.png\" width=\"288\" height=\"206\" alt=\"\"><br \/>\n\t\t\t\t<img loading=\"lazy\" src=\"\/webroot\/img\/movie\/flash_1.png\" width=\"288\" height=\"206\" alt=\"\"><br \/>\n\t\t\t\t<span>2:20<\/span><br \/>\n\t\t\t<\/a><\/p>\n<h3>Flash-L\u00f6ten<br \/>L\u00f6ten an 1005 Chips<\/h3>\n<p class=\"small\">Demonstration des Flash-L\u00f6tens auf Chips der Gr\u00f6\u00dfe 1005 ansehen, gefilmt mit Hochgeschwindigkeitskamera.<\/p>\n<\/li>\n<\/ul><\/div>\n","protected":false},"excerpt":{"rendered":"<p>Erzielen \u201cdoppelter Geschwindigkeit\u201d mit neuer optischer Laserkonfiguration Unter 0,3 Sek. pro Punkt.Ein neues [&hellip;]<\/p>\n","protected":false},"author":1,"featured_media":615,"parent":79,"menu_order":21,"comment_status":"closed","ping_status":"closed","template":"","meta":[],"acf":[],"_links":{"self":[{"href":"https:\/\/www.japanunix.com\/de\/wp-json\/wp\/v2\/pages\/81"}],"collection":[{"href":"https:\/\/www.japanunix.com\/de\/wp-json\/wp\/v2\/pages"}],"about":[{"href":"https:\/\/www.japanunix.com\/de\/wp-json\/wp\/v2\/types\/page"}],"author":[{"embeddable":true,"href":"https:\/\/www.japanunix.com\/de\/wp-json\/wp\/v2\/users\/1"}],"replies":[{"embeddable":true,"href":"https:\/\/www.japanunix.com\/de\/wp-json\/wp\/v2\/comments?post=81"}],"version-history":[{"count":7,"href":"https:\/\/www.japanunix.com\/de\/wp-json\/wp\/v2\/pages\/81\/revisions"}],"predecessor-version":[{"id":777,"href":"https:\/\/www.japanunix.com\/de\/wp-json\/wp\/v2\/pages\/81\/revisions\/777"}],"up":[{"embeddable":true,"href":"https:\/\/www.japanunix.com\/de\/wp-json\/wp\/v2\/pages\/79"}],"wp:featuredmedia":[{"embeddable":true,"href":"https:\/\/www.japanunix.com\/de\/wp-json\/wp\/v2\/media\/615"}],"wp:attachment":[{"href":"https:\/\/www.japanunix.com\/de\/wp-json\/wp\/v2\/media?parent=81"}],"curies":[{"name":"wp","href":"https:\/\/api.w.org\/{rel}","templated":true}]}}