{"id":79,"date":"2016-08-23T11:41:03","date_gmt":"2016-08-23T02:41:03","guid":{"rendered":"http:\/\/cms.japanunix.com\/wp\/?page_id=79"},"modified":"2021-10-26T16:03:02","modified_gmt":"2021-10-26T07:03:02","slug":"laser","status":"publish","type":"page","link":"https:\/\/www.japanunix.com\/de\/products\/automation\/laser\/","title":{"rendered":"Laserl\u00f6ten"},"content":{"rendered":"<div class=\"section_1 section\">\n<div class=\"txt_and_img_section\">\n<div class=\"txt_section\">\n<h1><\/h1>\n<h2>LASER-L\u00d6TEN<br \/>erm\u00f6glicht Automation auch dort, wo sie zuvor nicht praktikabel war<\/h2>\n<p>Die Technologie entwickelt sich rapide. Durchschnittlichkeit ist f\u00fcr viele Aufgaben nicht mehr ausreichend, wie das Aufkommen ultrafein strukturierter Leiterplatten und mehrlagiger elektronischer Komponenten beweist. Laser-L\u00f6ten eignet sich f\u00fcr das L\u00f6ten feinster Strukturen und andere Anwendungsbereiche, die f\u00fcr das Kolbenl\u00f6ten problematisch sind.<\/p>\n<\/p><\/div>\n<p>\t\t<img loading=\"lazy\" src=\"\/webroot\/img\/products\/automation\/unit\/laser\/top_img.png\" width=\"272\" height=\"164\" alt=\"\">\n\t<\/div>\n<\/div>\n<div class=\"section_2 section\">\n<div class=\"title\">\n<h3>LASER-L\u00d6TSYSTEM (Standard-Konfiguration)<\/h3>\n<p>Betrieb und Steuerung<\/p>\n<\/p><\/div>\n<ul class=\"list_three_line\">\n<li>\n<div class=\"feature_box_mini\">\n<h3>Merkmale der Laser-Einheit<\/h3>\n<ul>\n<li><span>\u30fb<\/span>\n<p>sichtbare Schuss-Position*<\/p>\n<\/li>\n<li><span>\u30fb<\/span>\n<p>Koaxiale CCD-Kamera*<\/p>\n<\/li>\n<li>Software-gesteuerter Verschluss<\/li>\n<li><span>\u30fb<\/span>\n<p>30W, 45W Leistung (optional 15W, 75W)<\/p>\n<\/li>\n<li><span>\u30fb<\/span>\n<p>Laserklasse 4, Sicherheitsabdeckung erforderlich.<\/p>\n<\/li>\n<li><span class=\"right\">* patentiert<\/span><\/li>\n<\/ul><\/div>\n<\/li>\n<li>\n\t\t\t<img loading=\"lazy\" src=\"https:\/\/www.japanunix.com\/wp\/wp-content\/uploads\/2021\/10\/UNIX-FRseries_SCARA_robot_Laser.jpg\" width=\"192\" height=\"204\" alt=\"Anwendungsbeispiele (SCARA)\"><\/p>\n<h3>Anwendungsbeispiele (SCARA)<\/h3>\n<\/li>\n<li>\n\t\t\t<img loading=\"lazy\" src=\"https:\/\/www.japanunix.com\/wp\/wp-content\/uploads\/2021\/10\/ULD-02_DF303L.jpg\" width=\"192\" height=\"204\" alt=\"Anwendungsbeispiele (Tischroboter)\"><\/p>\n<h3>Anwendungsbeispiele (Tischroboter)<\/h3>\n<\/li>\n<li>\n\t\t\t<img loading=\"lazy\" src=\"https:\/\/www.japanunix.com\/wp\/wp-content\/uploads\/2021\/10\/LaserSoldering_Controller.jpg\" width=\"192\" height=\"204\" alt=\"Laser-Steuereinheit\"><\/p>\n<h3>Laser-Steuereinheit<\/h3>\n<\/li>\n<li>\n\t\t\t<img loading=\"lazy\" src=\"https:\/\/www.japanunix.com\/wp\/wp-content\/uploads\/2021\/10\/Laser_Oscillator.jpg\" width=\"192\" height=\"204\" alt=\"Laseroszillator\"><\/p>\n<h3>Laseroszillator<\/h3>\n<\/li>\n<li>\n\t\t\t<img loading=\"lazy\" src=\"https:\/\/www.japanunix.com\/wp\/wp-content\/uploads\/2021\/10\/New_Laser_head.jpg\" width=\"192\" height=\"204\" alt=\"Laser-L\u00f6tkopf\"><\/p>\n<h3>Laser-L\u00f6tkopf<\/h3>\n<\/li>\n<\/ul>\n<\/div>\n<div class=\"section_3 section\">\n<div class=\"title\">\n<h3>Markierung der Belichtungsposition f\u00fcr Laser-L\u00f6ten<\/h3>\n<\/p><\/div>\n<ul class=\"list_three_line\">\n<li>\n<div class=\"include_txt_img negative_margin\">\n        <img loading=\"lazy\" src=\"\/webroot\/img\/products\/automation\/unit\/laser\/section_3\/img_5.png\" width=\"202\" height=\"204\" alt=\"\"><br \/>\n\t\t\t\t<span class=\"patent\">Linien<\/span>\n\t\t\t<\/div>\n<h3>Belichtungspositions-Markierungen<\/h3>\n<\/li>\n<li>\n<div class=\"include_txt_img negative_margin\">\n        <img loading=\"lazy\" src=\"\/webroot\/img\/products\/automation\/unit\/laser\/section_3\/img_6.png\" width=\"202\" height=\"204\" alt=\"\"><br \/>\n\t\t\t\t<span class=\"patent\">Rechteck<\/span>\n\t\t\t<\/div>\n<h3>Belichtungspositions-Markierungen<\/h3>\n<\/li>\n<\/ul>\n<p class=\"txt\"> Beide oben aufgef\u00fchrte Markierungen der Belichtungsposition f\u00fcrs Laser-L\u00f6ten und das koaxiale Beobachtungssystem f\u00fcr spezifisches Laser-L\u00f6ten sind unsere eigenen technischen Patente.<br \/>Patentnummer: No. 2000-191109<br \/><strong>*Bitte beachten Sie, dass wir KEINEM anderen Unternehmen die Genehmigung erteilt haben, dies zu verwenden.<br \/>*Wir dulden KEINE Patentverletzungen<strong><\/p>\n<div class=\"mechanism_box\">\n<div class=\"txt_section\">\n<h3>Laser-L\u00f6tverfahren<\/h3>\n<p>Kolbenl\u00f6ten (W\u00e4rme\u00fcbertragung) und Laserl\u00f6ten (Erzeugung von Oberfl\u00e4chenw\u00e4rme) zeichnen sich durch grunds\u00e4tzlich verschiedene Erhitzungsprinzipien aus. Nur durch genaue Kenntnis des Lasers und der L\u00f6tcharakteristiken k\u00f6nnen die jeweiligen Vorz\u00fcge beider Methoden voll zur Geltung gebracht werden.<\/p>\n<\/p><\/div>\n<p>\t\t<a href=\"\/de\/method\/laser.php\">WEITERLESEN<\/a>\n\t<\/div>\n<\/div>\n<div class=\"video_section\">\n<h2>REFERENZ-VIDEOS<\/h2>\n<ul class=\"video_box_list popup_wrap\">\n<li>\n\t\t\t<a class=\"popup_video\" href=\"#popup_video\"><br \/>\n\t\t\t\t<img loading=\"lazy\" class=\"video_cover\" src=\"\/webroot\/img\/movie\/video_non.png\" width=\"288\" height=\"206\" alt=\"\"><br \/>\n\t\t\t\t<img loading=\"lazy\" src=\"\/webroot\/img\/movie\/laserunit_1.png\" width=\"288\" height=\"206\" alt=\"\"><br \/>\n\t\t\t\t<span>0:19<\/span><br \/>\n\t\t\t<\/a><\/p>\n<h3>Ansichten des Laserl\u00f6tens<\/h3>\n<p class=\"small\">Dieses Video zeigt das L\u00f6ten auf ultrafeinen Komponenten mittels Laser. Beachten Sie die hohe Geschwindigkeit und Pr\u00e4zision.<\/p>\n<\/li>\n<li>\n\t\t\t<a class=\"popup_video\" href=\"#popup_video\"><br \/>\n\t\t\t\t<img loading=\"lazy\" class=\"video_cover\" src=\"\/webroot\/img\/movie\/video_non.png\" width=\"288\" height=\"206\" alt=\"\"><br \/>\n\t\t\t\t<img loading=\"lazy\" src=\"\/webroot\/img\/movie\/laserunit_2.png\" width=\"288\" height=\"206\" alt=\"\"><br \/>\n\t\t\t\t<span>0:18<\/span><br \/>\n\t\t\t<\/a><\/p>\n<h3>High-Power-Laserl\u00f6ten<br \/>Vergleich eines High-Power und normalen Lasers<\/h3>\n<p class=\"small\">Laserl\u00f6ten wird nicht mehr nur f\u00fcr hochpr\u00e4zise Komponenten verwendet.<br \/>Seit neuestem werden High-Power-Laser auch f\u00fcr Platten mit hoher W\u00e4rmekapazit\u00e4t verwendet.<\/p>\n<\/li>\n<\/ul><\/div>\n<div class=\"section_4 section\">\n<div class=\"title\">\n<h3>Other laser soldering solutions to meet extra requirements<\/h3>\n<\/p><\/div>\n<ul class=\"list_three_line\">\n<li class=\"include_txt_img negative_margin\">\n\t\t\t<a href=\"\/products\/laser\/flash.php\"><br \/>\n\t\t\t\t<img loading=\"lazy\" src=\"\/webroot\/img\/products\/automation\/unit\/laser\/section_4\/img_1.png\" width=\"204\" height=\"230\" alt=\"\"><br \/>\n\t\t\t\t<span class=\"product_name\">Flash Soldering<\/span><\/p>\n<h3>\u201dDouble-Speed\u201d laser<br \/>Integrating pre and post soldering processes<\/h3>\n<p>\t\t\t<\/a>\n\t\t<\/li>\n<li class=\"negative_margin\">\n<div class=\"include_txt_img negative_margin\">\n\t\t\t\t<a href=\"\/products\/laser\/multi-phi.php\"><br \/>\n\t\t\t\t\t<img loading=\"lazy\" src=\"\/webroot\/img\/products\/automation\/unit\/laser\/section_4\/img_2.png\" width=\"204\" height=\"230\" alt=\"\"><br \/>\n\t\t\t\t\t<span class=\"product_name\">Multi-\u03c6 laser<\/span><br \/>\n\t\t\t\t<\/a>\n\t\t\t<\/div>\n<h3>Variable laser spot diameter<br \/>Optimizing the best condition to each component<\/h3>\n<\/li>\n<li class=\"negative_margin\">\n<div class=\"include_txt_img negative_margin\">\n\t\t\t\t<a href=\"\/products\/laser\/shapes.php\"><br \/>\n\t\t\t\t\t<img loading=\"lazy\" src=\"\/webroot\/img\/products\/automation\/unit\/laser\/section_4\/img_3.png\" width=\"204\" height=\"230\" alt=\"\"><br \/>\n\t\t\t\t\t<span class=\"product_name\">Variant shape<\/span><br \/>\n\t\t\t\t<\/a>\n\t\t\t<\/div>\n<h3>Variant laser spot<br \/>Adjustable diameter and shapes<\/h3>\n<\/li>\n<\/ul>\n<p class=\"txt\">\n<\/div>\n","protected":false},"excerpt":{"rendered":"<p>LASER-L\u00d6TENerm\u00f6glicht Automation auch dort, wo sie zuvor nicht praktikabel war Die Technologie entwickelt sich [&hellip;]<\/p>\n","protected":false},"author":1,"featured_media":622,"parent":17,"menu_order":20,"comment_status":"closed","ping_status":"closed","template":"","meta":[],"acf":[],"_links":{"self":[{"href":"https:\/\/www.japanunix.com\/de\/wp-json\/wp\/v2\/pages\/79"}],"collection":[{"href":"https:\/\/www.japanunix.com\/de\/wp-json\/wp\/v2\/pages"}],"about":[{"href":"https:\/\/www.japanunix.com\/de\/wp-json\/wp\/v2\/types\/page"}],"author":[{"embeddable":true,"href":"https:\/\/www.japanunix.com\/de\/wp-json\/wp\/v2\/users\/1"}],"replies":[{"embeddable":true,"href":"https:\/\/www.japanunix.com\/de\/wp-json\/wp\/v2\/comments?post=79"}],"version-history":[{"count":9,"href":"https:\/\/www.japanunix.com\/de\/wp-json\/wp\/v2\/pages\/79\/revisions"}],"predecessor-version":[{"id":1064,"href":"https:\/\/www.japanunix.com\/de\/wp-json\/wp\/v2\/pages\/79\/revisions\/1064"}],"up":[{"embeddable":true,"href":"https:\/\/www.japanunix.com\/de\/wp-json\/wp\/v2\/pages\/17"}],"wp:featuredmedia":[{"embeddable":true,"href":"https:\/\/www.japanunix.com\/de\/wp-json\/wp\/v2\/media\/622"}],"wp:attachment":[{"href":"https:\/\/www.japanunix.com\/de\/wp-json\/wp\/v2\/media?parent=79"}],"curies":[{"name":"wp","href":"https:\/\/api.w.org\/{rel}","templated":true}]}}