{"id":75,"date":"2016-08-23T11:36:30","date_gmt":"2016-08-23T02:36:30","guid":{"rendered":"http:\/\/cms.japanunix.com\/wp\/?page_id=75"},"modified":"2017-11-02T13:08:01","modified_gmt":"2017-11-02T04:08:01","slug":"unit_iron_tips","status":"publish","type":"page","link":"https:\/\/www.japanunix.com\/de\/products\/automation\/unit\/unit_iron_tips\/","title":{"rendered":"L\u00f6teinheit"},"content":{"rendered":"<div class=\"section_1 section\">\n<div class=\"txt_and_img_section\">\n<div class=\"txt_section\">\n<h2>L\u00d6TKOMPONENTEN &#038; -MODULE<br \/>F\u00fcr die Automatisierung des L\u00f6tens bei vorhandenen Anlagen<\/h2>\n<p>Die Schl\u00fcsseltechnologien aus seiner gesammelten Expertise im Bereich des L\u00f6tens hat Japan Unix auch in verschiedenste L\u00f6tmodule und L\u00f6tkomponenten integriert.Mit diesen Komponenten wird es m\u00f6glich, L\u00f6tvorg\u00e4nge bei bereits vorhandenen Maschinen zu automatisieren.<\/p>\n<\/p><\/div>\n<p>\t\t<img loading=\"lazy\" src=\"\/webroot\/img\/products\/automation\/unit\/soldering\/top_img.png\" width=\"286\" height=\"180\" alt=\"\">\n\t<\/div>\n<ul class=\"link_list unit\">\n<li><span>L\u00f6tk\u00f6pfe<\/span><\/li>\n<li><span>Lot-Zuf\u00fchrung<\/span><\/li>\n<li><span>Steuereinheiten<\/span><\/li>\n<li><span>L\u00f6tspitzen-Reiniger<\/span><\/li>\n<\/ul>\n<\/div>\n<div class=\"section_2 section link_destination\">\n<div id=\"soldering_head\" class=\"title\">\n<h3>L\u00d6TK\u00d6PFE<\/h3>\n<p>Sowohl f\u00fcr Punktl\u00f6ten als auch lineares L\u00f6ten (Kolbenl\u00f6tverfahren)<\/p>\n<\/p><\/div>\n<ul class=\"list_three_line\">\n<li>\n\t\t\t<img loading=\"lazy\" src=\"\/webroot\/img\/products\/automation\/unit\/soldering\/contents\/img_1.png\" width=\"192\" height=\"204\" alt=\"\"><\/p>\n<h3>L\u00f6tkopf (Standard)UMC-087A<\/h3>\n<ul class=\"list_txt_section\">\n<li class=\"list_txt_float\"><span>\u30fb<\/span>\n<p>einfache Wartung (L\u00f6tspitze, Heizung)<\/p>\n<\/li>\n<li>\u30fbsto\u00dfabsorbierende Mechanik<\/li>\n<li>\u30fbPress-down-L\u00f6ten ist m\u00f6glich<\/li>\n<li class=\"list_txt_float\"><span>\u30fb<\/span>\n<p>Winkeleinstellung speicherbar<\/p>\n<\/li>\n<li class=\"list_txt_float\"><span>\u30fb<\/span>\n<p>413\/4R, 413\/4S Standard-Spezifikation (umfasst nicht 412R\uff09<\/p>\n<\/li>\n<\/ul>\n<\/li>\n<li>\n\t\t\t<img loading=\"lazy\" src=\"\/webroot\/img\/products\/automation\/unit\/soldering\/contents\/img_2.png\" width=\"192\" height=\"204\" alt=\"\"><\/p>\n<h3>L\u00f6tkopf (kompakt)UMC-086S<\/h3>\n<ul class=\"list_txt_section\">\n<li>\u30fbklein und leicht<\/li>\n<li>\u30fbsto\u00dfabsorbierende Mechanik<\/li>\n<li>\u30fbPress-down-L\u00f6ten ist m\u00f6glich<\/li>\n<li>\u30fb412R Standard-Spezifikation<\/li>\n<\/ul>\n<\/li>\n<\/ul>\n<p>\t<span class=\"to_top\">SEITENANFANG<\/span>\n<\/div>\n<div class=\"section_3 section link_destination\">\n<div id=\"soldering_send\" class=\"title\">\n<h3>LOT-ZUF\u00dcHRUNG<\/h3>\n<p>L\u00f6tdraht-Bereitstellungs-Funktion<\/p>\n<\/p><\/div>\n<ul class=\"list_three_line\">\n<li>\n<div class=\"include_txt_img negative_margin\">\n\t\t\t\t<img loading=\"lazy\" src=\"\/webroot\/img\/products\/automation\/unit\/soldering\/contents\/img_3.png\" width=\"202\" height=\"204\" alt=\"\"><br \/>\n\t\t\t\t<span class=\"patent\">patentiert<\/span>\n\t\t\t<\/div>\n<h3>Lot-Zuf\u00fchrung (Standard)UPM-011A<\/h3>\n<ul class=\"list_txt_section\">\n<li class=\"list_txt_float\"><span>\u30fb<\/span>\n<p>f\u00fcr L\u00f6tdraht-Durchmesser von 0.5-1.2 mm (0.3, 0.4 sind m\u00f6glich)<\/p>\n<\/li>\n<li>\u30fbSensor f\u00fcr Knappheit und Lot-Stau<\/li>\n<li>\u30fb410R, 410S Standard-Spezifikation<\/li>\n<\/ul>\n<\/li>\n<li>\n\t\t\t<img loading=\"lazy\" src=\"\/webroot\/img\/products\/automation\/unit\/soldering\/contents\/img_4.png\" width=\"192\" height=\"204\" alt=\"\"><\/p>\n<h3>Lot-Zuf\u00fchrung (gro\u00dfer Durchmesser)UPM-022<\/h3>\n<ul class=\"list_txt_section\">\n<li>\u30fb f\u00fcr L\u00f6tdraht-Durchmesser 1.6-2.0 mm<\/li>\n<li>\u30fbSensor f\u00fcr Knappheit und Lot-Stau<\/li>\n<\/ul>\n<\/li>\n<li class=\"clear_both\">\n<div class=\"include_txt_img negative_margin\">\n\t\t\t\t<a href=\"\/de\/products\/option\/option_detail_2.php#sending_device\"><br \/>\n\t\t\t\t\t<img loading=\"lazy\" src=\"\/webroot\/img\/products\/automation\/unit\/soldering\/contents\/img_5.png\" width=\"204\" height=\"230\" alt=\"\"><br \/>\n\t\t\t\t\t<span class=\"product_name\">UPM-052<\/span><br \/>\n\t\t\t\t\t<span class=\"patent\">patentiert<\/span><br \/>\n\t\t\t\t<\/a>\n\t\t\t<\/div>\n<h3>Hochpr\u00e4zisions-Zuf\u00fchrung<\/h3>\n<ul class=\"list_txt_section\">\n<li>\u30fbf\u00fcr ultrafeines &#038; Mikrol\u00f6ten<\/li>\n<li>\u30fb 5-Phasen-Motor<\/li>\n<li>\u30fb f\u00fcr L\u00f6tdraht-Durchmesser 0.15-1.0 mm<\/li>\n<li>\u30fb0.072 mm\/Puls<\/li>\n<li>\u30fbSensor f\u00fcr Knappheit und Lot-Stau<\/li>\n<\/ul>\n<\/li>\n<li>\n<div class=\"include_txt_img negative_margin\">\n\t\t\t\t<a href=\"\/de\/products\/option\/option_detail_1.php#clean_cut\"><br \/>\n\t\t\t\t\t<img loading=\"lazy\" src=\"\/webroot\/img\/products\/automation\/option\/merit\/content\/img_1.png\" width=\"204\" height=\"230\" alt=\"UPM-011CC\"><br \/>\n\t\t\t\t\t<span class=\"product_name\">UPM-011CC<\/span><br \/>\n\t\t\t\t\t<span class=\"patent\">patentiert<\/span><br \/>\n\t\t\t\t<\/a>\n\t\t\t<\/div>\n<h3>Clean-Cut-Zuf\u00fchrung<\/h3>\n<ul class=\"list_txt_section\">\n<li>\u30fbVerhindert Flussmittelspritzer und Lotkugelbildung<\/li>\n<li>\u30fbZusatzoption<\/li>\n<li>\u30fbSensor f\u00fcr Knappheit und Lot-Stau<\/li>\n<li>\u30fbDoppelklinge (patentiert)<\/li>\n<\/ul>\n<\/li>\n<\/ul>\n<p>\t<span class=\"to_top\">SEITENANFANG<\/span>\n<\/div>\n<div class=\"section_4 section link_destination\">\n<div id=\"controller\" class=\"title\">\n<h3>STEUEREINHEITEN<\/h3>\n<p>L\u00f6t-Implementierung und -Management<\/p>\n<\/p><\/div>\n<ul class=\"list_three_line\">\n<li>\n\t\t\t<img loading=\"lazy\" src=\"\/webroot\/img\/products\/automation\/unit\/soldering\/contents\/img_7.png\" width=\"192\" height=\"204\" alt=\"\"><\/p>\n<h3>L\u00f6t-ControllerUSC-881\/881S<\/h3>\n<ul class=\"list_txt_section\">\n<li>\u30fbf\u00fcr automatisches L\u00f6ten entwickelt<\/li>\n<li>\u30fb\u00dcberwacht die L\u00f6tspitzen-Temperatur<\/li>\n<li>\u30fbeinfache Handhabung<\/li>\n<li>\u30fb2.032 Bedingungen<\/li>\n<li>\u30fb410R Standard-Spezifikation<\/li>\n<\/ul>\n<\/li>\n<\/ul>\n<p>\t<span class=\"to_top\">SEITENANFANG<\/span>\n<\/div>\n<div class=\"section_5 section link_destination\">\n<div id=\"soldering_cleaner\" class=\"title\">\n<h3>L\u00d6TSPITZEN-REINIGER<\/h3>\n<p>Entfernung von Verunreinigungen der L\u00f6tspitze<\/p>\n<\/p><\/div>\n<ul class=\"list_three_line\">\n<li>\n\t\t\t<img loading=\"lazy\" src=\"\/webroot\/img\/products\/automation\/unit\/soldering\/contents\/img_9.png\" width=\"192\" height=\"204\" alt=\"\"><\/p>\n<h3>Reiniger Air-Blow-Ausf\u00fchrung UJC-214II<\/h3>\n<ul class=\"list_txt_section\">\n<li>\u30fbGebl\u00e4se, Unterdruckprinzip<\/li>\n<li>\u30fbreduziert die Verbreitung von L\u00f6tschmutz-Partikeln<\/li>\n<li>\u30fbintegriertes Magnetventil<\/li>\n<li>\u30fb410S\/G- und 700-Reihen Standard-Spezifikation<\/li>\n<\/ul>\n<\/li>\n<li>\n<div class=\"include_txt_img negative_margin\">\n\t\t\t\t<a href=\"\/de\/products\/option\/option_detail_2.php#brush_cleaner\"><br \/>\n\t\t\t\t\t<img loading=\"lazy\" src=\"\/webroot\/img\/products\/automation\/unit\/soldering\/contents\/img_10.png\" width=\"204\" height=\"230\" alt=\"\"><br \/>\n\t\t\t\t\t<span class=\"product_name\">UJC-217<\/span><br \/>\n\t\t\t\t\t<span class=\"patent\">patentiert<\/span><br \/>\n\t\t\t\t<\/a>\n\t\t\t<\/div>\n<h3>Reinigungsb\u00fcrste<\/h3>\n<ul class=\"list_txt_section\">\n<li>\u30fbDoppelb\u00fcrste<\/li>\n<li>\u30fbEntfernt feste Karbid- und Zinnoxid-R\u00fcckst\u00e4nde<\/li>\n<\/ul>\n<\/li>\n<\/ul>\n<p>\t<span class=\"to_top\">SEITENANFANG<\/span>\n<\/div>\n","protected":false},"excerpt":{"rendered":"<p>L\u00d6TKOMPONENTEN &#038; -MODULEF\u00fcr die Automatisierung des L\u00f6tens bei vorhandenen Anlagen Die Schl\u00fcsseltechnolog [&hellip;]<\/p>\n","protected":false},"author":1,"featured_media":621,"parent":71,"menu_order":19,"comment_status":"closed","ping_status":"closed","template":"","meta":[],"acf":[],"_links":{"self":[{"href":"https:\/\/www.japanunix.com\/de\/wp-json\/wp\/v2\/pages\/75"}],"collection":[{"href":"https:\/\/www.japanunix.com\/de\/wp-json\/wp\/v2\/pages"}],"about":[{"href":"https:\/\/www.japanunix.com\/de\/wp-json\/wp\/v2\/types\/page"}],"author":[{"embeddable":true,"href":"https:\/\/www.japanunix.com\/de\/wp-json\/wp\/v2\/users\/1"}],"replies":[{"embeddable":true,"href":"https:\/\/www.japanunix.com\/de\/wp-json\/wp\/v2\/comments?post=75"}],"version-history":[{"count":10,"href":"https:\/\/www.japanunix.com\/de\/wp-json\/wp\/v2\/pages\/75\/revisions"}],"predecessor-version":[{"id":934,"href":"https:\/\/www.japanunix.com\/de\/wp-json\/wp\/v2\/pages\/75\/revisions\/934"}],"up":[{"embeddable":true,"href":"https:\/\/www.japanunix.com\/de\/wp-json\/wp\/v2\/pages\/71"}],"wp:featuredmedia":[{"embeddable":true,"href":"https:\/\/www.japanunix.com\/de\/wp-json\/wp\/v2\/media\/621"}],"wp:attachment":[{"href":"https:\/\/www.japanunix.com\/de\/wp-json\/wp\/v2\/media?parent=75"}],"curies":[{"name":"wp","href":"https:\/\/api.w.org\/{rel}","templated":true}]}}