{"id":69,"date":"2016-08-23T11:34:20","date_gmt":"2016-08-23T02:34:20","guid":{"rendered":"http:\/\/cms.japanunix.com\/wp\/?page_id=69"},"modified":"2021-09-07T18:27:35","modified_gmt":"2021-09-07T09:27:35","slug":"universe","status":"publish","type":"page","link":"https:\/\/www.japanunix.com\/de\/products\/automation\/integration\/universe\/","title":{"rendered":"UNIVERSE"},"content":{"rendered":"<div class=\"section_1 section\">\n<div class=\"txt_and_img_section\">\n<div class=\"txt_section\">\n<h1><img loading=\"lazy\" src=\"\/webroot\/img\/products\/automation\/solder_meister_logo.png\" width=\"342\" height=\"23\" alt=\"SOLDER MEISTER\"> <\/h1>\n<h2>KEINE WEITEREN VORRICHTUNGEN BEN\u00d6TIGT!<br \/>Volle Integration von Best\u00fcckung und L\u00f6ten<\/h2>\n<p>Unsere UNIVERSE-Reihe w\u00e4hlt und eliminiert Bauteile, best\u00fcckt die Leiterplatte und l\u00f6tet automatisch. Damit macht sie die Verwendung von weiteren Vorrichtungen und die Werkst\u00fcck\u00fcbergabe \u00fcberfl\u00fcssig. Der Prozess ist nun vollst\u00e4ndig automatisiert.UNIVERSE erm\u00f6glicht so einen 24\/7-Betrieb von Fertigungslinien mit geringem oder sogar ohne jeglichen Arbeitskraftbedarf.<\/p>\n<\/p><\/div>\n<p>\t\t<img loading=\"lazy\" class=\"right_img\" src=\"\/webroot\/img\/products\/automation\/universe\/top_img.png\" width=\"195\" height=\"249\" alt=\"\">\n\t<\/div>\n<\/div>\n<div class=\"section_2 section\">\n<ul class=\"list_three_line label_list clearfix\">\n<li>\n\t\t\t<img loading=\"lazy\" src=\"\/webroot\/img\/products\/automation\/universe\/section_2\/img_1.png\" width=\"200\" height=\"92\" alt=\"99.99%\"><\/p>\n<h3>Geringe Fehleranf\u00e4lligkeit<\/h3>\n<\/li>\n<li>\n\t\t\t<img loading=\"lazy\" src=\"\/webroot\/img\/products\/automation\/universe\/section_2\/img_2.png\" width=\"200\" height=\"92\" alt=\"1\/3\"><\/p>\n<h3>Reduktion von Zykluszeiten<br \/>und Raumbedarf um 1\/3<\/h3>\n<\/li>\n<li>\n\t\t\t<img loading=\"lazy\" src=\"\/webroot\/img\/products\/automation\/universe\/section_2\/img_3.png\" width=\"200\" height=\"92\" alt=\"300%\"><\/p>\n<h3>Deutliche Steigerung von Produktivit\u00e4t und gefertigten Einheiten pro Stunde (UPH)<\/h3>\n<\/li>\n<\/ul>\n<ul class=\"list_three_line clearfix\">\n<li>\n\t\t\t<img loading=\"lazy\" src=\"\/webroot\/img\/products\/automation\/universe\/section_2\/img_4.png\" width=\"192\" height=\"204\" alt=\"\"><\/p>\n<h3>Bauteilaufnahme<\/h3>\n<\/li>\n<li>\n\t\t\t<img loading=\"lazy\" src=\"\/webroot\/img\/products\/automation\/universe\/section_2\/img_5.png\" width=\"192\" height=\"204\" alt=\"\"><\/p>\n<h3>Qualit\u00e4tspr\u00fcfung und Best\u00fcckung<\/h3>\n<\/li>\n<li>\n\t\t\t<img loading=\"lazy\" src=\"\/webroot\/img\/products\/automation\/universe\/section_2\/img_6.png\" width=\"192\" height=\"204\" alt=\"\"><\/p>\n<h3>L\u00f6ten der Bauteile<\/h3>\n<\/li>\n<\/ul>\n<\/div>\n<div class=\"section_3 section clearfix\">\n<div class=\"list_1 list_section \">\n<h2 >Bauteilaufnahme<\/h2>\n<ul>\n<li class=\"sky_blue_box_bg\">1. Best\u00fcckung<\/li>\n<li class=\"small_arrow\"><img loading=\"lazy\" src=\"\/webroot\/img\/products\/automation\/universe\/section_3\/arrow1.png\" width=\"38\" height=\"23\" alt=\"\"><\/li>\n<li class=\"blue_box_bg\">2. Weitere Vorrichtungen<\/li>\n<li class=\"small_arrow\"><img loading=\"lazy\" src=\"\/webroot\/img\/products\/automation\/universe\/section_3\/arrow1.png\" width=\"38\" height=\"23\" alt=\"\"><\/li>\n<li class=\"deep_blue_box_bg\">3. \u00dcbergabe<\/li>\n<li class=\"small_arrow\"><img loading=\"lazy\" src=\"\/webroot\/img\/products\/automation\/universe\/section_3\/arrow1.png\" width=\"38\" height=\"23\" alt=\"\"><\/li>\n<li class=\"more_deep_blue_box_bg\">4. L\u00f6ten<\/li>\n<\/ul><\/div>\n<div class=\"list_2 list_section\">\n<h2 >UNIVERSE S<\/h2>\n<ul class=\"univese_how_to_list\">\n<li class=\"sky_blue_box_bg\">1. Best\u00fcckung<\/li>\n<li class=\"small_arrow\"><img loading=\"lazy\" src=\"\/webroot\/img\/products\/automation\/universe\/section_3\/arrow1.png\" width=\"38\" height=\"23\" alt=\"\"><\/li>\n<li class=\"blue_box_bg\">2. L\u00f6ten<\/li>\n<\/ul><\/div>\n<div class=\"big_arrow list_section\">\n\t\t<img loading=\"lazy\" src=\"\/webroot\/img\/products\/automation\/universe\/section_3\/arrow2.png\" width=\"29\" height=\"23\" alt=\"\">\n\t<\/div>\n<div class=\"list_section\">\n<h2 >Ergebnisse<\/h2>\n<div class=\"introduction_result en\">\n<p class=\"title\">Ein einziger Prozess bringt zahlreiche Vorteile.<\/p>\n<div class=\"time_and_cost_section\">\n<p class=\"time_txt\">Betriebszeit: 150 s > 5 s <br \/>Laufzeit: 10 Stunden > 24 Stunden<br \/>Qualit\u00e4t: 95% > 99.99%<\/p>\n<p>Raumbedarf: 1\/3<br \/>Verbrauchskosten: 1\/50<br \/>Bedarf an Arbeitskr\u00e4ften: 1\/6<\/p>\n<\/p><\/div>\n<p>\t\t\t<a  href=\"\/de\/industry\/case_study.php\">Zur Fallstudie<\/a>\n\t\t<\/div>\n<\/p><\/div>\n<\/div>\n<div class=\"video_section\">\n<h2>REFERENZ-VIDEOS<\/h2>\n<ul class=\"video_box_list popup_wrap\">\n<li>\n\t\t\t<a class=\"popup_video\" href=\"#popup_video\"><br \/>\n\t\t\t\t<img loading=\"lazy\" class=\"video_cover\" src=\"\/webroot\/img\/movie\/video_non.png\" width=\"288\" height=\"206\" alt=\"\"><br \/>\n\t\t\t\t<img loading=\"lazy\" src=\"\/webroot\/img\/movie\/universe_1.png\" width=\"288\" height=\"206\" alt=\"\"><br \/>\n\t\t\t\t<span>0:38<\/span><br \/>\n\t\t\t<\/a><\/p>\n<h3>Selektivl\u00f6ten: UNIVERSE \u2013 volle Integration von der Best\u00fcckung bis zum L\u00f6ten<\/h3>\n<p class=\"small\">Vollansicht der UNIVERSE in Aktion: Ausw\u00e4hlen, Einf\u00fcgen und L\u00f6ten von Bauteilen in einem Arbeitsgang<\/p>\n<\/li>\n<li>\n\t\t\t<a class=\"popup_video\" href=\"#popup_video\"><br \/>\n\t\t\t\t<img loading=\"lazy\" class=\"video_cover\" src=\"\/webroot\/img\/movie\/video_non.png\" width=\"288\" height=\"206\" alt=\"\"><br \/>\n\t\t\t\t<img loading=\"lazy\" src=\"\/webroot\/img\/movie\/universe_2.png\" width=\"288\" height=\"206\" alt=\"\"><br \/>\n\t\t\t\t<span>0:30<\/span><br \/>\n\t\t\t<\/a><\/p>\n<h3>Selektivl\u00f6ten: Die untere Besonderheit von UNIVERSE<\/h3>\n<p class=\"small\">Der untere 6-Achs-Roboter greift Bauelemente, pr\u00fcft sie auf Fehler f\u00fcgt sie mithilfe eines optischen Sensors in die Leiterplatte ein.<\/p>\n<\/li>\n<\/ul><\/div>\n","protected":false},"excerpt":{"rendered":"<p>KEINE WEITEREN VORRICHTUNGEN BEN\u00d6TIGT!Volle Integration von Best\u00fcckung und L\u00f6ten Unsere UNIVERSE-Reihe w\u00e4hlt u [&hellip;]<\/p>\n","protected":false},"author":1,"featured_media":594,"parent":67,"menu_order":16,"comment_status":"closed","ping_status":"closed","template":"","meta":[],"acf":[],"_links":{"self":[{"href":"https:\/\/www.japanunix.com\/de\/wp-json\/wp\/v2\/pages\/69"}],"collection":[{"href":"https:\/\/www.japanunix.com\/de\/wp-json\/wp\/v2\/pages"}],"about":[{"href":"https:\/\/www.japanunix.com\/de\/wp-json\/wp\/v2\/types\/page"}],"author":[{"embeddable":true,"href":"https:\/\/www.japanunix.com\/de\/wp-json\/wp\/v2\/users\/1"}],"replies":[{"embeddable":true,"href":"https:\/\/www.japanunix.com\/de\/wp-json\/wp\/v2\/comments?post=69"}],"version-history":[{"count":9,"href":"https:\/\/www.japanunix.com\/de\/wp-json\/wp\/v2\/pages\/69\/revisions"}],"predecessor-version":[{"id":1058,"href":"https:\/\/www.japanunix.com\/de\/wp-json\/wp\/v2\/pages\/69\/revisions\/1058"}],"up":[{"embeddable":true,"href":"https:\/\/www.japanunix.com\/de\/wp-json\/wp\/v2\/pages\/67"}],"wp:featuredmedia":[{"embeddable":true,"href":"https:\/\/www.japanunix.com\/de\/wp-json\/wp\/v2\/media\/594"}],"wp:attachment":[{"href":"https:\/\/www.japanunix.com\/de\/wp-json\/wp\/v2\/media?parent=69"}],"curies":[{"name":"wp","href":"https:\/\/api.w.org\/{rel}","templated":true}]}}