{"id":67,"date":"2016-08-23T11:33:59","date_gmt":"2016-08-23T02:33:59","guid":{"rendered":"http:\/\/cms.japanunix.com\/wp\/?page_id=67"},"modified":"2021-09-07T18:27:29","modified_gmt":"2021-09-07T09:27:29","slug":"integration","status":"publish","type":"page","link":"https:\/\/www.japanunix.com\/de\/products\/automation\/integration\/","title":{"rendered":"Integration"},"content":{"rendered":"<div class=\"section_1 section\">\n<h1><img loading=\"lazy\" src=\"\/webroot\/img\/products\/automation\/solder_meister_logo.png\" width=\"342\" height=\"23\" alt=\"SOLDER MEISTER\"> <\/h1>\n<div class=\"txt_section\">\n<h2>VOLL- UND SEMI-KUNDENSPEZIFISCHE AUTOMATIONS-SYSTEME<br \/>Unsere erfahrenen Experten unterst\u00fctzen Sie von intelligenten Automatisierungskonzepten bis zur Integration von L\u00f6tsystemen<\/h2>\n<p>Spezifische, auf die infrastrukturellen Bed\u00fcrfnisse unserer Kunden<br \/>zugeschnittene L\u00f6sungen sind in Verbindung mit unseren<br \/>Originalsystemen verf\u00fcgbar. W\u00e4hlen Sie individuelle Anpassungen<br \/>oder vollkommen ma\u00dfgeschneiderte L\u00f6sungen. Ausgehend von den<br \/>internen Vorgaben unserer Kunden finden wir die jeweils optimale <br \/>Antwort f\u00fcr den gesamten L\u00f6tautomationsprozess.<\/p>\n<\/p><\/div>\n<p>\t<img loading=\"lazy\" src=\"\/webroot\/img\/products\/automation\/integration\/top_img.png\" width=\"286\" height=\"197\" alt=\"\">\n<\/div>\n<div class=\"section_2 section\">\n<div class=\"txt_only_section\">\n<h2>KUNDENSPEZIFISCHE ANPASSUNGEN<\/h2>\n<p>Existierende L\u00f6tsysteme, eigens dazu entwickelt, zahlreichen Automationsherausforderungen unserer Kunden zu begegnen.<br \/>W\u00e4hlen Sie eines der verf\u00fcgbaren Modelle, darunter halbautomatische Ausf\u00fchrungen, vollautomatische F\u00f6rdersysteme und andere, ganz wie es Ihren Erfordernissen entspricht.<\/p>\n<\/p><\/div>\n<div class=\"semicustomize_img_section clearfix\">\n<div class=\"big_img_box\">\n<div class=\"include_txt_big_img\">\n\t\t\t\t<a href=\"\/de\/products\/integration\/universe.php\"><br \/>\n\t\t\t\t\t<img loading=\"lazy\" src=\"\/webroot\/img\/products\/automation\/integration\/section_2\/img_1.png\" width=\"293\" height=\"469\" alt=\"\"><br \/>\n\t\t\t\t<\/a><\/p>\n<p class=\"product_name\">UNIVERSE S<\/p>\n<p>\t\t\t\t<a class=\"product_detail universe\" href=\"\/de\/products\/integration\/universe.php\">Weitere Informationen<\/a>\n\t\t\t<\/div>\n<p class=\"positive_margin product_explanation\">Vollautomatisches System zum Best\u00fccken, L\u00f6ten und Bauteiltransport auf der Fertigungsstrecke<\/p>\n<\/p><\/div>\n<div class=\"box_list upper\">\n<ul>\n<li class=\"first_box\"><img loading=\"lazy\" src=\"\/webroot\/img\/products\/automation\/integration\/section_2\/img_2.png\" width=\"192\" height=\"204\" alt=\"\"><\/li>\n<li><img loading=\"lazy\" src=\"\/webroot\/img\/products\/automation\/integration\/section_2\/img_3.png\" width=\"192\" height=\"204\" alt=\"\"><\/li>\n<\/ul>\n<h3>Intelligentes Laserl\u00f6tsystem mit F\u00f6rderanlage<\/h3>\n<\/p><\/div>\n<div class=\"box_list\">\n<ul>\n<li class=\"first_box\">\n\t\t\t\t\t<img loading=\"lazy\" src=\"\/webroot\/img\/products\/automation\/integration\/section_2\/img_4.png\" width=\"192\" height=\"204\" alt=\"\"><\/p>\n<h3>UNIX-LS1<\/h3>\n<\/li>\n<li>\n\t\t\t\t\t<img loading=\"lazy\" src=\"\/webroot\/img\/products\/automation\/integration\/section_2\/img_5.png\" width=\"192\" height=\"204\" alt=\"\"><\/p>\n<h3>UNIX-LSX<\/h3>\n<\/li>\n<\/ul><\/div>\n<\/p><\/div>\n<\/div>\n<div class=\"section_3 section\">\n<div class=\"txt_only_section\">\n<h2>MASSGESCHNEIDERTE L\u00d6SUNGEN<\/h2>\n<p>Wir bieten umfassende Beratung bez\u00fcglich Auslegung und Dimensionierung, Design elektrischer und<br \/>mechanischer Ger\u00e4te, Sicherheitsabdeckungen mit Sensoren, Be- und Entladevorrichtungen, automatischer<br \/>F\u00f6rderung und vieler weiterer Aspekte.<\/p>\n<\/p><\/div>\n<ul class=\"list_three_line clearfix\">\n<li><img loading=\"lazy\" src=\"\/webroot\/img\/products\/automation\/integration\/section_3\/img_1.png\" width=\"192\" height=\"204\" alt=\"\"><\/li>\n<li><img loading=\"lazy\" src=\"\/webroot\/img\/products\/automation\/integration\/section_3\/img_2.png\" width=\"192\" height=\"204\" alt=\"\"><\/li>\n<li><img loading=\"lazy\" src=\"\/webroot\/img\/products\/automation\/integration\/section_3\/img_3.png\" width=\"192\" height=\"204\" alt=\"\"><\/li>\n<li class=\"last\"><img loading=\"lazy\" src=\"\/webroot\/img\/products\/automation\/integration\/section_3\/img_4.png\" width=\"192\" height=\"204\" alt=\"\"><\/li>\n<li class=\"last\"><img loading=\"lazy\" src=\"\/webroot\/img\/products\/automation\/integration\/section_3\/img_5.png\" width=\"192\" height=\"204\" alt=\"\"><\/li>\n<li class=\"last\"><img loading=\"lazy\" src=\"\/webroot\/img\/products\/automation\/integration\/section_3\/img_6.png\" width=\"192\" height=\"204\" alt=\"\"><\/li>\n<\/ul>\n<\/div>\n<div class=\"video_section\">\n<h2>REFERENZ-VIDEOS<\/h2>\n<ul class=\"video_box_list popup_wrap\">\n<li>\n\t\t\t<a class=\"popup_video\" href=\"#popup_video\"><br \/>\n\t\t\t\t<img loading=\"lazy\" class=\"video_cover\" src=\"\/webroot\/img\/movie\/video_non.png\" width=\"288\" height=\"206\" alt=\"\"><br \/>\n\t\t\t\t<img loading=\"lazy\" src=\"\/webroot\/img\/movie\/integration_1.png\" width=\"288\" height=\"206\" alt=\"\"><br \/>\n\t\t\t\t<span>0:21<\/span><br \/>\n\t\t\t<\/a><\/p>\n<h3>Selektivl\u00f6ten: Laser-L\u00f6tsystem mit F\u00f6rderanlage<\/h3>\n<p class=\"small\">Dieses System wird h\u00e4ufig in Fertigungslinien zur Arbeit mit Mikrobauteilen f\u00fcr Smartphones und \u00e4hnliches eingesetzt.<\/p>\n<\/li>\n<li>\n\t\t\t<a class=\"popup_video\" href=\"#popup_video\"><br \/>\n\t\t\t\t<img loading=\"lazy\" class=\"video_cover\" src=\"\/webroot\/img\/movie\/video_non.png\" width=\"288\" height=\"206\" alt=\"\"><br \/>\n\t\t\t\t<img loading=\"lazy\" src=\"\/webroot\/img\/movie\/integration_2.png\" width=\"288\" height=\"206\" alt=\"\"><br \/>\n\t\t\t\t<span>0:30<\/span><br \/>\n\t\t\t<\/a><\/p>\n<h3>Selektivl\u00f6ten: Kompaktes Laser-L\u00f6tsystem<\/h3>\n<p class=\"small\">Unser neuestes Laser-L\u00f6tsystem mit F\u00f6rderanlage. Verwendet wird eine patentierte punktgenaue Laserschuss-Funktion mit CCD-Kamera.<\/p>\n<\/li>\n<\/ul><\/div>\n<div class=\"technique_link_wrap\">\n<div class=\"technique_link\">\n<p>3 Verfahren verf\u00fcgbar<\/p>\n<div class=\"link_wrap\">\n\t\t\t<span class=\"link\" href=\"\/de\/technique\/soldering.php\">L\u00f6tspitze<\/span><br \/>\n\t\t\t<span class=\"link\" href=\"\/de\/technique\/laser.php\">Laser<\/span><br \/>\n\t\t\t<span class=\"link\" href=\"\/de\/technique\/supersonic.php\">Ultraschall<\/span>\n\t\t<\/div>\n<\/p><\/div>\n<div class=\"technique_link_hidden_area\">\n<div class=\"technique_link_explanation\">\n<h2>&#8211; Das ausgereifteste L\u00f6tverfahren mit jahrhundertealter Tradition &#8211;<\/h2>\n<p>Unter allen Arten von L\u00f6tmethoden ist die L\u00f6tspitzentechnik sowohl diejenige mit der l\u00e4ngsten Geschichte als auch die am besten etablierte. Sie wurde zumeist von Hand durch Fachkr\u00e4fte angewendet, allerdings hat die Automatisierung und Rationalisierung dieses Verfahrens mithilfe von Robotern in den zur\u00fcckliegenden Jahren enorme Fortschritte gemacht.<\/p>\n<p>\t\t\t<a target=\"_blank\" href=\"\/de\/method\/iron_tips.php\">WEITERLESEN<\/a>\n\t\t<\/div>\n<div class=\"technique_link_explanation\">\n<h2>&#8211; Das neueste L\u00f6tverfahren erweckt inzwischen weltweite Aufmerksamkeit &#8211;<\/h2>\n<p>Als neues Verfahren gewinnt das Laserl\u00f6ten zunehmend an Beachtung. Jedoch unterscheidet es sich hinsichtlich der W\u00e4rmezufuhr und anderen Aspekten vom Kolbenl\u00f6ten, weswegen letzteres nicht ohne weiteres zu ersetzen ist.<\/p>\n<p>Sorgfalt ist n\u00f6tig, denn die Vorteile des Lasers k\u00f6nnten verloren gehen, wenn er nicht sachgem\u00e4\u00df und in Kenntnis der Besonderheiten dieses Verfahrens eingesetzt wird.<\/p>\n<p>\t\t\t<a target=\"_blank\" href=\"\/de\/method\/laser.php\">WEITERLESEN<\/a><\/p><\/div>\n<div class=\"technique_link_explanation\">\n<h2>&#8211; Ultraschall stellt die g\u00e4ngige Meinung auf den Kopf: L\u00f6ten sogar auf Glas oder Keramik &#8211;<\/h2>\n<p>Herk\u00f6mmliches L\u00f6ten beruht grunds\u00e4tzlich auf dem Verbinden eines Lotes (Zinn) mit einem metallischen Tr\u00e4ger.<\/p>\n<p>Ultraschall ist ein fortschrittliches Verfahren, welches es erm\u00f6glicht, das Lot auch mit Glas oder nichtmetallischen Materialien zu verbinden.<\/p>\n<p>\t\t\t<a target=\"_blank\" href=\"\/de\/method\/ultrasonic.php\">WEITERLESEN<\/a>\n\t\t<\/div>\n<\/p><\/div>\n<\/div>\n","protected":false},"excerpt":{"rendered":"<p>VOLL- UND SEMI-KUNDENSPEZIFISCHE AUTOMATIONS-SYSTEMEUnsere erfahrenen Experten unterst\u00fctzen Sie von intelligen [&hellip;]<\/p>\n","protected":false},"author":1,"featured_media":625,"parent":17,"menu_order":15,"comment_status":"closed","ping_status":"closed","template":"","meta":[],"acf":[],"_links":{"self":[{"href":"https:\/\/www.japanunix.com\/de\/wp-json\/wp\/v2\/pages\/67"}],"collection":[{"href":"https:\/\/www.japanunix.com\/de\/wp-json\/wp\/v2\/pages"}],"about":[{"href":"https:\/\/www.japanunix.com\/de\/wp-json\/wp\/v2\/types\/page"}],"author":[{"embeddable":true,"href":"https:\/\/www.japanunix.com\/de\/wp-json\/wp\/v2\/users\/1"}],"replies":[{"embeddable":true,"href":"https:\/\/www.japanunix.com\/de\/wp-json\/wp\/v2\/comments?post=67"}],"version-history":[{"count":10,"href":"https:\/\/www.japanunix.com\/de\/wp-json\/wp\/v2\/pages\/67\/revisions"}],"predecessor-version":[{"id":1057,"href":"https:\/\/www.japanunix.com\/de\/wp-json\/wp\/v2\/pages\/67\/revisions\/1057"}],"up":[{"embeddable":true,"href":"https:\/\/www.japanunix.com\/de\/wp-json\/wp\/v2\/pages\/17"}],"wp:featuredmedia":[{"embeddable":true,"href":"https:\/\/www.japanunix.com\/de\/wp-json\/wp\/v2\/media\/625"}],"wp:attachment":[{"href":"https:\/\/www.japanunix.com\/de\/wp-json\/wp\/v2\/media?parent=67"}],"curies":[{"name":"wp","href":"https:\/\/api.w.org\/{rel}","templated":true}]}}