{"id":61,"date":"2016-08-23T11:32:08","date_gmt":"2016-08-23T02:32:08","guid":{"rendered":"http:\/\/cms.japanunix.com\/wp\/?page_id=61"},"modified":"2022-04-25T17:06:25","modified_gmt":"2022-04-25T08:06:25","slug":"dfseries","status":"publish","type":"page","link":"https:\/\/www.japanunix.com\/de\/products\/automation\/desktop-soldering-robot\/dfseries\/","title":{"rendered":"DF Baureihe"},"content":{"rendered":"<div class=\"section_1 section_1df section\">\n<h1><img loading=\"lazy\" src=\"\/webroot\/img\/products\/automation\/solder_meister_logo.png\" width=\"342\" height=\"23\" alt=\"SOLDER MEISTER\"> <\/h1>\n<div class=\"txt_only_section\">\n<h2>Die neue Generation von Tisch-L\u00f6trobotern f\u00fcr die Industrie 4.0 und das IoT.<br \/>Die UNIX-DF Baureihe hat seine Netzwerkfunktion und die Roboterbeweglichkeit verbessert.<\/h2>\n<p>Drei Typen, je nach PCB-Gr\u00f6\u00dfe (Leiterplattengr\u00f6\u00dfe). Diese sind f\u00fcr das Laserl\u00f6ten verwendbar und optimiert.<br \/>Die Verbindung mit einem Netzwerk ist m\u00f6glich, sodass jeder L\u00f6tvorgang und sein Ergebnis bildlich dargestellt wird. Die zus\u00e4tzlichen zwei Achsen unterst\u00fctzen den Eindringwinkel oder drehen die Leiterplatte (PCB), um zuk\u00fcnftig schwierige L\u00f6tvorg\u00e4nge m\u00f6glich zu machen.<\/p>\n<\/p><\/div>\n<ul class=\"product_list\">\n<li>\n<h2>UNIX-DF204S<\/h2>\n<p>\t\t\t<a class=\"fancybox\" href=\"\/webroot\/img\/products\/automation\/scale\/UNIX-DF204S.jpg\"><br \/>\n\t\t\t\t<img loading=\"lazy\" src=\"\/webroot\/img\/products\/automation\/410series\/DF\/img_df204s.png\" width=\"246\" height=\"286\" alt=\"UNIX-DF204S\"><br \/>\n\t\t\t<\/a><\/p>\n<h3>Kompakter Typ<\/h3>\n<ul>\n<li>\u30fbArbeitsbereich: 200 mm x 210 mm<\/li>\n<li>\u30fbNeues und verbessertes Heizelement<\/li>\n<li>\u30fbLAN (Ethernet), COM-Port<\/li>\n<li>\u30fbX-, Y-Achse: 600 mm\/Sek.<\/li>\n<li>\u30fbZ-Achse: 250 mm\/Sek.<\/li>\n<li>\u30fbSeparate L\u00f6tsteuerung<\/li>\n<\/ul>\n<\/li>\n<li>\n<h2>UNIX-DF304S<\/h2>\n<p>\t\t\t<a class=\"fancybox\" href=\"\/webroot\/img\/products\/automation\/scale\/UNIX-DF304S.jpg\"><br \/>\n\t\t\t\t<img loading=\"lazy\" src=\"\/webroot\/img\/products\/automation\/410series\/DF\/img_df304s.png\" width=\"246\" height=\"286\" alt=\"UNIX-DF304S\"><br \/>\n\t\t\t<\/a><\/p>\n<h3>Mittlerer Typ<\/h3>\n<ul>\n<li>\u30fbArbeitsbereich: 300 mm x 275 mm<\/li>\n<li>\u30fbNeues und verbessertes Heizelement<\/li>\n<li>\u30fbLAN (Ethernet), COM-Port<\/li>\n<li>\u30fbX-,Y-Achse: 900 mm\/Sek.<\/li>\n<li>\u30fbZ-Achse: 400 mm\/Sek.<\/li>\n<li>\u30fbEingebaute L\u00f6tsteuerung<\/li>\n<\/ul>\n<\/li>\n<li>\n<h2>UNIX-DF404S<\/h2>\n<p>\t\t\t<a class=\"fancybox\" href=\"\/webroot\/img\/products\/automation\/scale\/UNIX-DF404S.jpg\"><br \/>\n\t\t\t\t<img loading=\"lazy\" src=\"\/webroot\/img\/products\/automation\/410series\/DF\/img_df404s.png\" width=\"246\" height=\"286\" alt=\"UNIX-DF404S\"><br \/>\n\t\t\t<\/a><\/p>\n<h3>Breiter Typ<\/h3>\n<ul>\n<li>\u30fbArbeitsbereich: 400 mm x 365 mm<\/li>\n<li>\u30fbUnterst\u00fctzt PCBs der Gr\u00f6\u00dfe M<\/li>\n<li>\u30fbNeues und verbessertes Heizelement<\/li>\n<li>\u30fbLAN (Ethernet), COM-Port<\/li>\n<li>\u30fbX-,Y-Achse: 900 mm\/Sek.<\/li>\n<li>\u30fbZ-Achse: 400 mm\/Sek.<\/li>\n<li>\u30fbEingebaute L\u00f6tsteuerung<\/li>\n<\/ul>\n<\/li>\n<\/ul>\n<div class=\"feature_box_df\">\n<h3>Features<\/h3>\n<ul>\n<li>\u30fbNeues Heizelement verbessert den Heiz- und L\u00f6tmechanismus.<\/li>\n<li>\u30fbVerbesserte Produktivit\u00e4t durch erh\u00f6hte Stabilit\u00e4t und Prozessgeschwindigkeit.<\/li>\n<li>\u30fbMit dem Netzwerk verbinden und den L\u00f6tprozess in Echtzeit visualisieren.<\/li>\n<li>\u30fbZwei zus\u00e4tzliche Achsen vereinfachen komplexe PCB- und Komponentenl\u00f6tvorg\u00e4nge.<\/li>\n<li>\u30fbVoll mit Laser-L\u00f6tsystem kompatibel.<\/li>\n<\/ul><\/div>\n<h2>Spezifikation f\u00fcr das Laser-L\u00f6tverfahren<\/h2>\n<ul class=\"product_list\">\n<li>\n<h2>UNIX-DF203L<\/h2>\n<p>\t\t\t<a class=\"fancybox\" href=\"\/webroot\/img\/products\/automation\/scale\/UNIX-DF203L.jpg\"><br \/>\n\t\t\t\t<img loading=\"lazy\" src=\"\/webroot\/img\/products\/automation\/410series\/DF\/img_df203l.png\" width=\"246\" height=\"286\" alt=\"UNIX-DF203L\"><br \/>\n\t\t\t<\/a>\n\t\t<\/li>\n<li>\n<h2>UNIX-DF303L<\/h2>\n<p>\t\t\t<a class=\"fancybox\" href=\"\/webroot\/img\/products\/automation\/scale\/UNIX-DF303L.jpg\"><br \/>\n\t\t\t\t<img loading=\"lazy\" src=\"\/webroot\/img\/products\/automation\/410series\/DF\/img_df303l.png\" width=\"246\" height=\"286\" alt=\"UNIX-DF303L\"><br \/>\n\t\t\t<\/a>\n\t\t<\/li>\n<li>\n<h2>UNIX-DF403L<\/h2>\n<p>\t\t\t<a class=\"fancybox\" href=\"\/webroot\/img\/products\/automation\/scale\/UNIX-DF403L.jpg\"><br \/>\n\t\t\t\t<img loading=\"lazy\" src=\"\/webroot\/img\/products\/automation\/410series\/DF\/img_df403l.png\" width=\"246\" height=\"286\" alt=\"UNIX-DF403L\"><br \/>\n\t\t\t<\/a>\n\t\t<\/li>\n<\/ul>\n<\/div>\n<div class=\"section option_section\">\n\t<span class=\"label\">OPTION<\/span><\/p>\n<h2>Erfolg 1) Verbesserte Netzwerkfunktionen f\u00fcr die Industrie 4.0<\/h2>\n<p>Mit Fabriknetzwerk verbinden und Vorg\u00e4nge in Echtzeit sichtbar machen.<\/p>\n<div class=\"box\">\n<div class=\"image\">\n\t\t\t<a class=\"fancybox\" href=\"\/webroot\/img\/products\/automation\/410series\/DF\/option\/img_1_large.png\"><br \/>\n\t\t\t\t<img loading=\"lazy\" src=\"\/webroot\/img\/products\/automation\/410series\/DF\/option\/img_1.png\" width=\"380\" height=\"286\" alt=\"Leistung 1) Verbesserte Netzwerkfunktionen f\u00fcr die Industrie 4.0\"><br \/>\n\t\t\t<\/a><\/p>\n<p>* Verbindung zwischen Fabriknetzwerk und der DF-Baureihe.<br \/>PLC, LAN und Netzknoten werden vom Kunden zur Verf\u00fcgung gestellt.<\/p>\n<\/p><\/div>\n<div class=\"text\">\n<ul>\n<li>\u30fbUnterst\u00fctzt Datenexport und externe Prozesskontrolle \u00fcber LAN und COM-Port.<\/li>\n<li>\u30fb<a href=#ex4>Spezielle \u00dcberwachungssoftware<\/a> kann Vorgangsstatus aus der Ferne \u00fcberwachen.<\/li>\n<li>\u30fbEchtzeit\u00fcberwachung mit W\u00e4rmediagramm, Vorgangsstatus und Fehlern kann defekte Produkte verhindern.<\/li>\n<li>\u30fbRoboter sind per PLC-Verbindung und Kontrollkommandos steuerbar.<\/li>\n<\/ul><\/div>\n<\/p><\/div>\n<h2>Erfolg 2) 3D-L\u00f6tverfahren und MID (spritzgegossene Schaltungstr\u00e4ger)<\/h2>\n<p>Zwei zus\u00e4tzliche Achsen vereinfachen komplexe PCB- und Komponentenl\u00f6tvorg\u00e4nge.<\/p>\n<div class=\"box\">\n<div class=\"image\">\n\t\t\t<a class=\"fancybox\" href=\"\/webroot\/img\/products\/automation\/410series\/DF\/option\/img_2_large.png\"><br \/>\n\t\t\t\t<img loading=\"lazy\" src=\"\/webroot\/img\/products\/automation\/410series\/DF\/option\/img_2.png\" width=\"380\" height=\"286\" alt=\"Leistung 2) 3D-L\u00f6tverfahren und MID (spritzgegossene Schaltungstr\u00e4ger)\"><br \/>\n\t\t\t<\/a><\/p>\n<p>* Zwei Achsen k\u00f6nnen zum Arbeitsbereich hinzugef\u00fcgt werden.<\/p>\n<\/p><\/div>\n<div class=\"text\">\n<ul>\n<li>\u30fbZwei Achsen k\u00f6nnen optional hinzugef\u00fcgt werden, bis zu sechs Achsen sind verf\u00fcgbar.<\/li>\n<li>\u30fbF\u00fcr externe Ger\u00e4te ist eine integrale Batch-Steuerung verf\u00fcgbar.<\/li>\n<li>\u30fbVerschiedene Bewegungen wie Drehung von Komponenten, PCB-Wechsel, Kopfachsen, Drehung von zylindrischen Teilen, Kabelentst\u00f6rung usw.<\/li>\n<li>\u30fbPlatzsparend und einfach einstellbar.<\/li>\n<\/ul><\/div>\n<\/p><\/div>\n<h2>Erfolg 3) Das neue Heizmodul erh\u00f6ht die Produktivit\u00e4t.<\/h2>\n<p>H\u00f6here Genauigkeit und verbesserte Temperaturcharakteristik.<\/p>\n<div class=\"box\">\n<div class=\"image\">\n\t\t\t<img loading=\"lazy\" src=\"\/webroot\/img\/products\/automation\/410series\/DF\/option\/img_3_de.png\" width=\"380\" height=\"286\" alt=\"Leistung 3) Das neue Heizmodul erh\u00f6ht die Produktivit\u00e4t.\">\n\t\t<\/div>\n<div class=\"text\">\n<ul>\n<li>\u30fbViel genauere Temperaturmessung konnte dadurch erreicht werden, dass der W\u00e4rmef\u00fchler an der Spitze angebracht wurde<\/li>\n<li>\u30fbSchnelle Abk\u00fchlung erm\u00f6glicht h\u00f6here Vorgangseffizienz.<\/li>\n<li>\u30fbDas Heizmodul und die Spitze sind getrennt und k\u00f6nnen einzeln ersetzt werden.<\/li>\n<li>\u30fb\u201cPoka Yoke\u201d- Funktion verhindert Fehler durch fehlerhafte Installation und Ausrichtung der L\u00f6t-Spitze.<\/li>\n<\/ul><\/div>\n<\/p><\/div>\n<div class=\"box\">\n\t\t<a class=\"fancybox\" href=\"\/webroot\/img\/products\/automation\/410series\/DF\/option\/img_4_large_de.png\"><br \/>\n\t\t\t<img loading=\"lazy\" src=\"\/webroot\/img\/products\/automation\/410series\/DF\/option\/img_4_de.png\" width=\"790\" height=\"286\" alt=\"Die Vorteile eines neuen Heizelements\"><br \/>\n\t\t<\/a>\n\t<\/div>\n<p>Programmwahl kann am Schaltkasten leicht ge\u00e4ndert werden<\/p>\n<div class=\"box2\">\n<div class=\"image\">\n\t\t\t<img loading=\"lazy\" src=\"\/webroot\/img\/products\/automation\/410series\/DF\/option\/img_5.png\" width=\"380\" height=\"286\" alt=\"Programmwahl kann am Schaltkasten leicht ge\u00e4ndert werden\"><\/p>\n<p>* Der zentrale Schalter kann die Programme leicht umschalten.<\/p>\n<\/p><\/div>\n<div class=\"text\">\n<ul>\n<li>\u30fbSchaltkasten kann mit einem Tastendruck bedient werden<\/li>\n<li>\u30fbFrei w\u00e4hlbare Programme sind einfach w\u00e4hlbar und ausf\u00fchrbar (2ch)<\/li>\n<\/ul><\/div>\n<\/p><\/div>\n<h2 id=\"ex4\">Erfolg 4) Datenmanagement f\u00fcr jeden L\u00f6tvorgang gem\u00e4\u00df Industrie 4.0.*<\/h2>\n<p>DF\u00dcber die Verbindung zur DF-\u00dcberwachungssoftware k\u00f6nnen verschiedene L\u00f6tvorg\u00e4nge wie z. B. Temperatur, Programmausf\u00fchrung usw. visualisiert und in numerische Daten umgewandelt werden.<\/p>\n<div class=\"box\">\n<div class=\"image\">\n\t\t\t<img loading=\"lazy\" src=\"\/webroot\/img\/products\/automation\/410series\/DF\/option\/img_6.png\" width=\"380\" height=\"286\" alt=\"Erfolg 4) Datenmanagement f\u00fcr jeden L\u00f6tvorgang gem\u00e4\u00df Industrie 4.0.*\">\n\t\t<\/div>\n<div class=\"text\">\n<p>Zum Beispiel kann die Temperatur w\u00e4hrend des L\u00f6tens beobachtet werden. Die \u00dcberwachungssoftware zeichnet dabei irregul\u00e4re Temperatur\u00e4nderungen oder Programmausf\u00fchrungen auf und gibt Fehlermeldungen aus.<\/p>\n<p>Zus\u00e4tzlich kann \u00fcber eine Verbindung mit dem Internet \/ Intranet eine Fehlermeldung und ein Alarm an eine E-Mail-Adresse geschickt werden. Diese Echtzeit\u00fcberwachung erlaubt Ihnen, bei Vorgangsfehlern und M\u00e4ngeln sofort zu handeln.<\/p>\n<p>Alle Daten k\u00f6nnen im CSV-Format exportiert werden. Verschiedene Log-Dateien f\u00fcr jeden Prozess sind f\u00fcr Kontrollen und kontinuierliche Verbesserung der Produktivit\u00e4t n\u00fctzlich.<\/p>\n<p>Eine weiterentwickelte L\u00f6tverwaltungssoftware &#8220;Soldering Manager&#8221; (kostenpflichtige Version) ist jetzt verf\u00fcgbar.<\/p>\n<div class=\"btn\"><a href=\"https:\/\/www.japanunix.com\/de\/products\/automation\/soldering_manager\/\">Weitere Informationen zum<br \/>Soldering Manager<\/a><\/div>\n<\/p><\/div>\n<\/p><\/div>\n<div class=\"video_section\">\n<h2>REFERENZ-VIDEOS<\/h2>\n<ul class=\"video_box_list popup_wrap\">\n<li>\n\t\t\t\t<a class=\"popup_video\" href=\"#popup_video\"><br \/>\n\t\t\t\t\t<img loading=\"lazy\" class=\"video_cover\" src=\"\/webroot\/img\/movie\/video_non.png\" width=\"288\" height=\"206\" alt=\"\" style=\"display: block;\"><br \/>\n\t\t\t\t\t<img loading=\"lazy\" src=\"\/webroot\/img\/products\/automation\/410series\/DF\/option\/video_en.png\" width=\"288\" height=\"206\" alt=\"\"><br \/>\n\t\t\t\t\t<span>2:51<\/span><br \/>\n\t\t\t\t<\/a>\n\t\t\t<\/li>\n<\/ul><\/div>\n<h2 id=\"ex5\">Erfolg 5) Verwalten von unsichtbaren Fehlermodi<\/h2>\n<p>kompatibel mit UNI-TESTER (optional) <br \/>\nUm eine stabile L\u00f6tqualit\u00e4t aufrechtzuerhalten, ist nicht nur die Messung der Spitzentemperatur, sondern auch die Messung der Spitzenleckspannung und des Erdungswiderstands f\u00fcr die Prozesssteuerung wichtig.<\/p>\n<div class=\"box\">\n<div class=\"image\">\n\t\t\t<img loading=\"lazy\" src=\"\/webroot\/img\/products\/automation\/410series\/DF\/option\/img_7.png\" width=\"380\" height=\"286\" alt=\"Erfolg 5) Verwalten von unsichtbaren Fehlermodi\">\n\t\t<\/div>\n<div class=\"text\">\n<p>Die Instabilit\u00e4t der Spitzentemperatur beeinflusst die Oberfl\u00e4che der L\u00f6tstelle. Durch Leckage und transiente Spannungen k\u00f6nnen interne Sch\u00e4den an Bauteilen verursacht werden. Unter dem Gesichtspunkt des Ger\u00e4teschutzes muss der Widerstand zwischen der Spitze und dem Boden gemessen und sichergestellt werden.<\/p>\n<p>UNI-TESTER, die mit IEC-61191-1 (Ed3 \/ 2018) und IPC J-STD-001G kompatibel sind, k\u00f6nnen verschiedene Messungen und einen automatischen Spitzentemperaturversatz gleichzeitig erfassen.<\/p>\n<div class=\"btn\"><a href=\"https:\/\/www.japanunix.com\/de\/products\/option\/detail\/#tester\">Weitere Informationen zum<br \/>UNI-TESTER<\/a><\/div>\n<\/p><\/div>\n<\/p><\/div>\n<\/p><\/div>\n<div class=\"section_2 section\">\n<h2>STANDARDEINSTELLUNG (Kontaktl\u00f6ten)<\/h2>\n<ul class=\"list_three_line\">\n<li>\n\t\t\t<img loading=\"lazy\" src=\"\/webroot\/img\/products\/automation\/410series\/DF\/section_2\/img_1.png\" width=\"192\" height=\"204\" alt=\"Onboard-Steuerung\"><\/p>\n<h3>Onboard-Steuerung<\/h3>\n<p>Steuert den Roboter und den L\u00f6tvorgang.<\/p>\n<\/li>\n<li>\n\t\t\t<img loading=\"lazy\" src=\"\/webroot\/img\/products\/automation\/410series\/DF\/section_2\/img_2.png\" width=\"192\" height=\"204\" alt=\"Pr\u00e4zisions-Lotzuf\u00fchrung\"><\/p>\n<h3>Pr\u00e4zisions-Lotzuf\u00fchrung<\/h3>\n<p>Leicht austauschbare L\u00f6tzinnrolle.<\/p>\n<\/li>\n<li>\n<div class=\"include_txt_img negative_margin\">\n\t\t\t\t<img loading=\"lazy\" src=\"\/webroot\/img\/products\/automation\/410series\/DF\/section_2\/img_3.png\" width=\"202\" height=\"204\" alt=\"Clean-Cut-Zuf\u00fchrung\"><br \/>\n\t\t\t\t<span class=\"patent\">*Patentiert<\/span>\n\t\t\t<\/div>\n<h3>Clean-Cut-Zuf\u00fchrung<\/h3>\n<p>Deutliche Reduktion von Flussmittelspritzern und Lotkugeln<\/p>\n<\/li>\n<li class=\"clear_both\">\n<div class=\"include_txt_img negative_margin\">\n\t\t\t\t<img loading=\"lazy\" src=\"\/webroot\/img\/products\/automation\/410series\/DF\/section_2\/img_4.png\" width=\"192\" height=\"204\" alt=\"Lock-On-Mechanismus\"><br \/>\n\t\t\t\t<span class=\"patent\">*Patentiert<\/span>\n\t\t\t<\/div>\n<h3>Lock-On-Mechanismus<\/h3>\n<p>Gew\u00e4hrleistet eine stabile Zuf\u00fchrungsposition und verhindert das Abrutschen<\/p>\n<\/li>\n<li>\n\t\t\t<img loading=\"lazy\" src=\"\/webroot\/img\/products\/automation\/410series\/DF\/section_2\/img_5.png\" width=\"192\" height=\"204\" alt=\"L\u00f6tspitzen-Reiniger\"><\/p>\n<h3>L\u00f6tspitzen-Reiniger<\/h3>\n<p>Air-Blow-Ausf\u00fchrung<\/p>\n<\/li>\n<li>\n\t\t\t<img loading=\"lazy\" src=\"\/webroot\/img\/products\/automation\/410series\/DF\/section_2\/img_6.png\" width=\"192\" height=\"204\" alt=\"Roboter-Heizelement und -Temperaturregler\"><\/p>\n<h3>Roboter-Heizelement und -Temperaturregler<\/h3>\n<p>Spezielles Heizelement und Temperaturregler mit CA-Sensor<\/p>\n<\/li>\n<li class=\"clear_both last\">\n<div class=\"include_txt_img negative_margin\">\n\t\t\t\t<img loading=\"lazy\" src=\"\/webroot\/img\/products\/automation\/410series\/DF\/section_2\/img_7.png\" width=\"192\" height=\"204\" alt=\"L\u00f6tkopf\"><br \/>\n\t\t\t\t<span class=\"patent\">*Patentiert<\/span>\n\t\t\t<\/div>\n<h3>L\u00f6tkopf<\/h3>\n<p>F\u00fcr Punkt- und lineares L\u00f6ten<\/p>\n<\/li>\n<li class=\"last\">\n\t\t\t<img loading=\"lazy\" src=\"\/webroot\/img\/products\/automation\/410series\/DF\/section_2\/img_8.png\" width=\"192\" height=\"204\" alt=\"Handbedienger\u00e4t\"><\/p>\n<h3>Handbedienger\u00e4t<\/h3>\n<p>Einfache Steuerung und Konfiguration<\/p>\n<\/li>\n<\/ul>\n<\/div>\n<div class=\"section warning_section\">\n<div class=\"top_section\">\n<h2>CONSUMABLES (soldering tips)<\/h2>\n<p>Select the suitable one from over 2,500 types<\/p>\n<p>Selecting right soldering tip is the key for qualified outcomes.<br \/>The tip must be selected based on a variety of factors, such as circuit board material, components and their size.<br \/>Japan Unix has a wide range of high-performance iron tips developed for automation.<br \/>Manufacturer custom orders are also available for exclusive works.<\/p>\n<\/p><\/div>\n<p>\t\t<img loading=\"lazy\" class=\"soldering_img\" src=\"\/webroot\/img\/products\/automation\/700series\/700V\/section_3\/img.png\" width=\"192\" height=\"204\" alt=\"\"><\/p>\n<div class=\"right_section\">\n\t\t<img loading=\"lazy\" src=\"\/webroot\/img\/products\/automation\/700series\/700V\/section_3\/warning.png\" width=\"54\" height=\"62\" alt=\"WARNING\"><\/p>\n<p>*ATTENTION FOR COUNTERFEITS.<br \/>Counterfeit soldering tips are being found over the Internet and unauthorized dealers, etc., please be careful not to be deceived by such tactics.<\/p>\n<p>\t\t<a target=\"_blank\" href=\"\/de\/products\/attention.php\">More information<\/a>\n\t<\/div>\n<\/div>\n<div class=\"option_slider_section section\">\n<h2>Zusatzoptionen<\/h2>\n<p class=\"txt\">Durch Kombination unserer vielf\u00e4ltigen Zusatzfunktionen erreichen Sie schnellere, k\u00fcrzere Ergebnisse mit h\u00f6herer Qualit\u00e4t und Pr\u00e4zision.<\/p>\n<div class=\"slide_wrap\">\n<div class=\"slide_view\">\n<ul class=\"list_options\">\n<li>\n                    <a href=\"\/de\/products\/option\/option_detail_1.php#lockon\"><img loading=\"lazy\" src=\"\/webroot\/img\/products\/automation\/410series\/DF\/slide_img\/img1.png\" width=\"157\" height=\"157\" alt=\"Lock-On-Mechanismus\"><\/a><\/p>\n<h3>Lock-On-Mechanismus<\/h3>\n<p>Verhindert das Verrutschen der Lotzuf\u00fchrung<\/p>\n<\/li>\n<li>\n                    <a href=\"\/de\/products\/option\/option_detail_1.php#clean_cut\"><img loading=\"lazy\" src=\"\/webroot\/img\/products\/automation\/410series\/DF\/slide_img\/img2.png\" width=\"157\" height=\"157\" alt=\"Clean-Cut-Zuf\u00fchrung\"><\/a><\/p>\n<h3>Clean-Cut-Zuf\u00fchrung<\/h3>\n<p>Deutliche Reduktion von Flussmittelspritzern und Lotkugeln<\/p>\n<\/li>\n<li>\n                    <a href=\"\/de\/products\/option\/option_detail_1.php#position_revise\"><img loading=\"lazy\" src=\"\/webroot\/img\/products\/automation\/700series\/700S\/slide_img\/img4.png\" width=\"157\" height=\"157\" alt=\"3-Achsen-Positionskalibrierung\"><\/a><\/p>\n<h3>3-Achsen-Positionskalibrierung<\/h3>\n<p>Verhindert Abweichungen der L\u00f6tspitze<\/p>\n<\/li>\n<li>\n                    <a href=\"\/de\/products\/option\/option_detail_2.php#sending_device\"><img loading=\"lazy\" src=\"\/webroot\/img\/products\/automation\/700series\/700H\/slide_img\/img2.png\" width=\"157\" height=\"157\" alt=\"Pr\u00e4zisionszuf\u00fchrung\"><\/a><\/p>\n<h3>Pr\u00e4zisionszuf\u00fchrung<\/h3>\n<p>Erm\u00f6glicht ultrafeines L\u00f6ten<\/p>\n<\/li>\n<li>\n                    <a href=\"\/de\/products\/laser\/unit_laser.php\"><img loading=\"lazy\" src=\"\/webroot\/img\/products\/automation\/410series\/DF\/slide_img\/img5.png\" width=\"157\" height=\"157\" alt=\"Laser-Einheit\"><\/a><\/p>\n<h3>Laser-Einheit<\/h3>\n<p>Kontaktloses L\u00f6ten mittels Laser<\/p>\n<\/li>\n<\/ul><\/div>\n<div class=\"slide_btn_wrapper\">\n\t        <a href=\"#\" class=\"option_slide_prev\"><span>prev<\/span><\/a><br \/>\n\t\t\t<a href=\"#\" class=\"option_slide_next\"><span>next<\/span><\/a>\n\t\t<\/div>\n<\/p><\/div>\n<\/div>\n<div class=\"technique_link_wrap\">\n<div class=\"technique_link\">\n<p>3 Verfahren verf\u00fcgbar<\/p>\n<div class=\"link_wrap\">\n\t\t\t<span class=\"link\" href=\"\/de\/technique\/soldering.php\">L\u00f6tspitze<\/span><br \/>\n\t\t\t<span class=\"link\" href=\"\/de\/technique\/laser.php\">Laser<\/span><br \/>\n\t\t\t<span class=\"link\" href=\"\/de\/technique\/supersonic.php\">Ultraschall<\/span>\n\t\t<\/div>\n<\/p><\/div>\n<div class=\"technique_link_hidden_area\">\n<div class=\"technique_link_explanation\">\n<h2>&#8211; Das ausgereifteste L\u00f6tverfahren mit jahrhundertealter Tradition &#8211;<\/h2>\n<p>Unter allen Arten von L\u00f6tmethoden ist die L\u00f6tspitzentechnik sowohl diejenige mit der l\u00e4ngsten Geschichte als auch die am besten etablierte. Sie wurde zumeist von Hand durch Fachkr\u00e4fte angewendet, allerdings hat die Automatisierung und Rationalisierung dieses Verfahrens mithilfe von Robotern in den zur\u00fcckliegenden Jahren enorme Fortschritte gemacht.<\/p>\n<p>\t\t\t<a target=\"_blank\" href=\"\/de\/method\/iron_tips.php\">WEITERLESEN<\/a>\n\t\t<\/div>\n<div class=\"technique_link_explanation\">\n<h2>&#8211; Das neueste L\u00f6tverfahren erweckt inzwischen weltweite Aufmerksamkeit &#8211;<\/h2>\n<p>Als neues Verfahren gewinnt das Laserl\u00f6ten zunehmend an Beachtung. Jedoch unterscheidet es sich hinsichtlich der W\u00e4rmezufuhr und anderen Aspekten vom Kolbenl\u00f6ten, weswegen letzteres nicht ohne weiteres zu ersetzen ist.<\/p>\n<p>Sorgfalt ist n\u00f6tig, denn die Vorteile des Lasers k\u00f6nnten verloren gehen, wenn er nicht sachgem\u00e4\u00df und in Kenntnis der Besonderheiten dieses Verfahrens eingesetzt wird.<\/p>\n<p>\t\t\t<a target=\"_blank\" href=\"\/de\/method\/laser.php\">WEITERLESEN<\/a><\/p><\/div>\n<div class=\"technique_link_explanation\">\n<h2>&#8211; Ultraschall stellt die g\u00e4ngige Meinung auf den Kopf: L\u00f6ten sogar auf Glas oder Keramik &#8211;<\/h2>\n<p>Herk\u00f6mmliches L\u00f6ten beruht grunds\u00e4tzlich auf dem Verbinden eines Lotes (Zinn) mit einem metallischen Tr\u00e4ger.<\/p>\n<p>Ultraschall ist ein fortschrittliches Verfahren, welches es erm\u00f6glicht, das Lot auch mit Glas oder nichtmetallischen Materialien zu verbinden.<\/p>\n<p>\t\t\t<a target=\"_blank\" href=\"\/de\/method\/ultrasonic.php\">WEITERLESEN<\/a>\n\t\t<\/div>\n<\/p><\/div>\n<\/div>\n","protected":false},"excerpt":{"rendered":"<p>Die neue Generation von Tisch-L\u00f6trobotern f\u00fcr die Industrie 4.0 und das IoT.Die UNIX-DF Baureihe hat seine Net [&hellip;]<\/p>\n","protected":false},"author":1,"featured_media":590,"parent":59,"menu_order":12,"comment_status":"closed","ping_status":"closed","template":"","meta":[],"acf":[],"_links":{"self":[{"href":"https:\/\/www.japanunix.com\/de\/wp-json\/wp\/v2\/pages\/61"}],"collection":[{"href":"https:\/\/www.japanunix.com\/de\/wp-json\/wp\/v2\/pages"}],"about":[{"href":"https:\/\/www.japanunix.com\/de\/wp-json\/wp\/v2\/types\/page"}],"author":[{"embeddable":true,"href":"https:\/\/www.japanunix.com\/de\/wp-json\/wp\/v2\/users\/1"}],"replies":[{"embeddable":true,"href":"https:\/\/www.japanunix.com\/de\/wp-json\/wp\/v2\/comments?post=61"}],"version-history":[{"count":31,"href":"https:\/\/www.japanunix.com\/de\/wp-json\/wp\/v2\/pages\/61\/revisions"}],"predecessor-version":[{"id":1069,"href":"https:\/\/www.japanunix.com\/de\/wp-json\/wp\/v2\/pages\/61\/revisions\/1069"}],"up":[{"embeddable":true,"href":"https:\/\/www.japanunix.com\/de\/wp-json\/wp\/v2\/pages\/59"}],"wp:featuredmedia":[{"embeddable":true,"href":"https:\/\/www.japanunix.com\/de\/wp-json\/wp\/v2\/media\/590"}],"wp:attachment":[{"href":"https:\/\/www.japanunix.com\/de\/wp-json\/wp\/v2\/media?parent=61"}],"curies":[{"name":"wp","href":"https:\/\/api.w.org\/{rel}","templated":true}]}}