{"id":59,"date":"2016-08-23T11:31:15","date_gmt":"2016-08-23T02:31:15","guid":{"rendered":"http:\/\/cms.japanunix.com\/wp\/?page_id=59"},"modified":"2021-10-08T20:02:30","modified_gmt":"2021-10-08T11:02:30","slug":"desktop-soldering-robot","status":"publish","type":"page","link":"https:\/\/www.japanunix.com\/de\/products\/automation\/desktop-soldering-robot\/","title":{"rendered":"Tisch-L\u00f6troboter"},"content":{"rendered":"<div class=\"section_1 section\">\n<div class=\"txt_only_section\">\n<h1>DESKTOP SOLDERING ROBOT<\/h1>\n<p>        <img loading=\"lazy\" src=\"\/webroot\/img\/products\/automation\/solder_meister_logo.png\" width=\"342\" height=\"23\" alt=\"SOLDER MEISTER\"> <\/p>\n<h2>4-ACHS-TISCH-L\u00d6TROBOTER: DIE UNIX-410S\/G-REIHE<br \/>Mit Spitzenanteil am Weltmarkt<\/h2>\n<p>Universeller Tisch-L\u00f6troboter.<br \/>Angeboten in unz\u00e4hligen Ausf\u00fchrungen und mit vielfach unter Beweis gestelltem Erfolg, bieten unsere Tischroboter denkbar einfachste Bedienbarkeit: Einmal eingerichtet muss der Bediener lediglich den Startknopf bet\u00e4tigen und der Roboter erledigt den Rest. UNIX-410S ist ein High Performance L\u00f6t-Roboter der schnell und pr\u00e4zise qualitativ hochwertigste L\u00f6toperationen ausf\u00fchrt. UNIX-410G ist ein L\u00f6troboter in kompakter Bauweise f\u00fcr eine schnelle und einfache Automation ihrer L\u00f6tprozesse. Japan Unix entwickelt und vertreibt weltweit L\u00f6sungen auf h\u00f6chster Qualit\u00e4t, f\u00fcr die Automation von L\u00f6t-Prozessen, inklusive Tisch-L\u00f6t-Robotern.<\/p>\n<\/p><\/div>\n<ul class=\"product_list\">\n<li>\n<div class=\"include_txt_img negative_margin\">\n\t\t\t\t<a href=\"https:\/\/www.japanunix.com\/de\/products\/automation\/desktop-soldering-robot\/dfseries\/\"><br \/>\n\t\t\t\t\t<img loading=\"lazy\" src=\"\/webroot\/img\/products\/automation\/410series\/top\/DF.png\" width=\"204\" height=\"230\" alt=\"DESKTOP SOLDERING ROBOT\"><br \/>\n\t\t\t\t\t<span class=\"product_name\">UNIX-DF Baureihe<\/span><br \/>\n\t\t\t\t<\/a>\n\t\t\t<\/div>\n<p>Der fortschrittliche L\u00f6troboter f\u00fcr die Industrie 4.0<br \/>\nProduktivit\u00e4t, Netzwerkfunktion und Benutzerfreundlichkeit werden gesteigert. Mit maximal 6 verf\u00fcgbaren Achsen und zwei weiteren verf\u00fcgbaren Achsen werden auch schwierige L\u00f6teins\u00e4tze automatisierbar.<\/p>\n<\/li>\n<li class=\"last\">\n<div class=\"include_txt_img negative_margin\">\n\t\t\t\t\t<img loading=\"lazy\" src=\"\/webroot\/img\/products\/automation\/410series\/top\/410R.png\" width=\"204\" height=\"230\" alt=\"DESKTOP SOLDERING ROBOT\"><br \/>\n\t\t\t\t\t<span class=\"product_name\">UNIX-410G Reihe<\/span>\n\t\t\t<\/div>\n<p>Unser weltweit und in unterschiedlichsten<br \/>Industriezweigen seit Jahren meistverkaufter<br \/>L\u00f6troboter.<br \/>Schneller Einstieg und sofortige Inbetriebnahme<br \/>f\u00fcr jederman<\/p>\n<\/li>\n<\/ul>\n<\/div>\n<div class=\"technique_link_wrap\">\n<div class=\"technique_link\">\n<p>3 Verfahren verf\u00fcgbar<\/p>\n<div class=\"link_wrap\">\n\t\t\t<span class=\"link\" href=\"\/de\/technique\/soldering.php\">L\u00f6tspitze<\/span><br \/>\n\t\t\t<span class=\"link\" href=\"\/de\/technique\/laser.php\">Laser<\/span><br \/>\n\t\t\t<span class=\"link\" href=\"\/de\/technique\/supersonic.php\">Ultraschall<\/span>\n\t\t<\/div>\n<\/p><\/div>\n<div class=\"technique_link_hidden_area\">\n<div class=\"technique_link_explanation\">\n<h2>&#8211; Das ausgereifteste L\u00f6tverfahren mit jahrhundertealter Tradition &#8211;<\/h2>\n<p>Unter allen Arten von L\u00f6tmethoden ist die L\u00f6tspitzentechnik sowohl diejenige mit der l\u00e4ngsten Geschichte als auch die am besten etablierte. Sie wurde zumeist von Hand durch Fachkr\u00e4fte angewendet, allerdings hat die Automatisierung und Rationalisierung dieses Verfahrens mithilfe von Robotern in den zur\u00fcckliegenden Jahren enorme Fortschritte gemacht.<\/p>\n<p>\t\t\t<a target=\"_blank\" href=\"\/de\/method\/iron_tips.php\">WEITERLESEN<\/a>\n\t\t<\/div>\n<div class=\"technique_link_explanation\">\n<h2>&#8211; Das neueste L\u00f6tverfahren erweckt inzwischen weltweite Aufmerksamkeit &#8211;<\/h2>\n<p>Als neues Verfahren gewinnt das Laserl\u00f6ten zunehmend an Beachtung. Jedoch unterscheidet es sich hinsichtlich der W\u00e4rmezufuhr und anderen Aspekten vom Kolbenl\u00f6ten, weswegen letzteres nicht ohne weiteres zu ersetzen ist.<\/p>\n<p>Sorgfalt ist n\u00f6tig, denn die Vorteile des Lasers k\u00f6nnten verloren gehen, wenn er nicht sachgem\u00e4\u00df und in Kenntnis der Besonderheiten dieses Verfahrens eingesetzt wird.<\/p>\n<p>\t\t\t<a target=\"_blank\" href=\"\/de\/method\/laser.php\">WEITERLESEN<\/a><\/p><\/div>\n<div class=\"technique_link_explanation\">\n<h2>&#8211; Ultraschall stellt die g\u00e4ngige Meinung auf den Kopf: L\u00f6ten sogar auf Glas oder Keramik &#8211;<\/h2>\n<p>Herk\u00f6mmliches L\u00f6ten beruht grunds\u00e4tzlich auf dem Verbinden eines Lotes (Zinn) mit einem metallischen Tr\u00e4ger.<\/p>\n<p>Ultraschall ist ein fortschrittliches Verfahren, welches es erm\u00f6glicht, das Lot auch mit Glas oder nichtmetallischen Materialien zu verbinden.<\/p>\n<p>\t\t\t<a target=\"_blank\" href=\"\/de\/method\/ultrasonic.php\">WEITERLESEN<\/a>\n\t\t<\/div>\n<\/p><\/div>\n<\/div>\n<div class=\"video_section\">\n<h2>REFERENZ-VIDEOS<\/h2>\n<ul class=\"video_box_list popup_wrap\">\n<li>\n\t\t\t<a class=\"popup_video\" href=\"#popup_video\"><br \/>\n\t\t\t\t<img loading=\"lazy\" class=\"video_cover\" src=\"\/webroot\/img\/movie\/video_non.png\" width=\"288\" height=\"206\" alt=\"\"><br \/>\n\t\t\t\t<img loading=\"lazy\" src=\"\/webroot\/img\/movie\/410sr_1.png\" width=\"288\" height=\"206\" alt=\"\"><br \/>\n\t\t\t\t<span>0:21<\/span><br \/>\n\t\t\t<\/a><\/p>\n<h3>Selektivl\u00f6ten: Hochgeschwindigkeits-Punktl\u00f6ten<\/h3>\n<p class=\"small\">Ein geeigneter Roboter erm\u00f6glicht akkurates L\u00f6ten bei hoher Geschwindigkeit.<\/p>\n<\/li>\n<li>\n\t\t\t<a class=\"popup_video\" href=\"#popup_video\"><br \/>\n\t\t\t\t<img loading=\"lazy\" class=\"video_cover\" src=\"\/webroot\/img\/movie\/video_non.png\" width=\"288\" height=\"206\" alt=\"\"><br \/>\n\t\t\t\t<img loading=\"lazy\" src=\"\/webroot\/img\/movie\/410sr_2.png\" width=\"288\" height=\"206\" alt=\"\"><br \/>\n\t\t\t\t<span>0:24<\/span><br \/>\n\t\t\t<\/a><\/p>\n<h3>Selektivl\u00f6ten: Lineares L\u00f6ten von Anschl\u00fcssen auf einer Leiterplatte<\/h3>\n<p class=\"small\">Dieses Video demonstriert das Verfahren des linearen L\u00f6tens mit einem L\u00f6troboter.<\/p>\n<\/li>\n<\/ul><\/div>\n<div class=\"contact_short_section\">\n<div class=\"contact_contents\">\n<div class=\"address\">\n<p>2-21-25, Akasaka, Minato, Tokio, JAPAN<\/p>\n<p>Telefon: +81-3-3588-0551<\/p>\n<\/p><\/div>\n<p>\t\t<a href=\"\/de\/form\/contact.php\">KONTAKT<\/a>\n  \t<\/div>\n<\/div>\n","protected":false},"excerpt":{"rendered":"<p>DESKTOP SOLDERING ROBOT 4-ACHS-TISCH-L\u00d6TROBOTER: DIE UNIX-410S\/G-REIHEMit Spitzenanteil am Weltmarkt Universel [&hellip;]<\/p>\n","protected":false},"author":1,"featured_media":0,"parent":17,"menu_order":11,"comment_status":"closed","ping_status":"closed","template":"","meta":[],"acf":[],"_links":{"self":[{"href":"https:\/\/www.japanunix.com\/de\/wp-json\/wp\/v2\/pages\/59"}],"collection":[{"href":"https:\/\/www.japanunix.com\/de\/wp-json\/wp\/v2\/pages"}],"about":[{"href":"https:\/\/www.japanunix.com\/de\/wp-json\/wp\/v2\/types\/page"}],"author":[{"embeddable":true,"href":"https:\/\/www.japanunix.com\/de\/wp-json\/wp\/v2\/users\/1"}],"replies":[{"embeddable":true,"href":"https:\/\/www.japanunix.com\/de\/wp-json\/wp\/v2\/comments?post=59"}],"version-history":[{"count":12,"href":"https:\/\/www.japanunix.com\/de\/wp-json\/wp\/v2\/pages\/59\/revisions"}],"predecessor-version":[{"id":1062,"href":"https:\/\/www.japanunix.com\/de\/wp-json\/wp\/v2\/pages\/59\/revisions\/1062"}],"up":[{"embeddable":true,"href":"https:\/\/www.japanunix.com\/de\/wp-json\/wp\/v2\/pages\/17"}],"wp:attachment":[{"href":"https:\/\/www.japanunix.com\/de\/wp-json\/wp\/v2\/media?parent=59"}],"curies":[{"name":"wp","href":"https:\/\/api.w.org\/{rel}","templated":true}]}}