{"id":57,"date":"2016-08-23T11:30:32","date_gmt":"2016-08-23T02:30:32","guid":{"rendered":"http:\/\/cms.japanunix.com\/wp\/?page_id=57"},"modified":"2021-10-08T20:11:15","modified_gmt":"2021-10-08T11:11:15","slug":"horizontal","status":"publish","type":"page","link":"https:\/\/www.japanunix.com\/de\/products\/automation\/multi-axes-soldering-robot\/horizontal\/","title":{"rendered":"UNIX-HFR"},"content":{"rendered":"<div class=\"section_1 section\">\n<h1><img loading=\"lazy\" src=\"\/webroot\/img\/products\/automation\/solder_meister_logo.png\" width=\"342\" height=\"23\" alt=\"SOLDER MEISTER\"> <\/h1>\n<h2>5-ACHS-SCARA-L\u00d6TROBOTER UNIX-HFR<\/h2>\n<div class=\"graph_box\">\n\t\t<img loading=\"lazy\" src=\"\/webroot\/img\/products\/automation\/700series\/700H\/chart_700h.png\" width=\"147\" height=\"127\" alt=\"\"><br \/>\n\t\t<span class=\"top\" style=\"left:70px\">Geschwindigkeit<\/span><br \/>\n\t\t<span class=\"left\">Linearit\u00e4t<\/span><br \/>\n\t\t<span class=\"right\">Flexibilit\u00e4t<\/span>\n\t<\/div>\n<div class=\"txt_box\">\n<h3>\n<p class=\"txt_contain_margin\">Erm\u00f6glicht h\u00f6chste Fertigungsraten durch schnelle Zirkularbewegung.<\/p>\n<\/h3>\n<p>Der 5-Achs-SCARA-L\u00f6troboter UNIX-HFR bietet eine rasante Maximalgeschwindigkeit von 7.128 mm\/s bei h\u00f6chster Wiederholgenauigkeit und Steifigkeit. Der 700FH bietet zudem eine einstellbare Hubl\u00e4nge von 350 mm, 450 mm oder 550 mm und eignet sich f\u00fcr Kolben- und Laserl\u00f6tverfahren.<\/p>\n<\/p><\/div>\n<p>\t<a class=\"fancybox\" href=\"\/webroot\/img\/products\/automation\/scale\/700h.jpg\"><br \/>\n\t\t<img loading=\"lazy\" class=\"top_img\" src=\"\/webroot\/img\/products\/automation\/700series\/700H\/top_img.png\" width=\"187\" height=\"237\" alt=\"UNIX-700H\"><br \/>\n\t<\/a>\n<\/div>\n<div class=\"section_2 section clearfix\">\n<h2>STANDARD-KONFIGURATION (zum Kolbenl\u00f6ten)<\/h2>\n<ul class=\"list_three_line clearfix \">\n<li>\n\t\t\t<img loading=\"lazy\" src=\"\/webroot\/img\/products\/automation\/700series\/700V\/section_2\/img_1.png\" width=\"192\" height=\"204\" alt=\"Integrierter Controller\"><\/p>\n<h3>Integrierter Controller<\/h3>\n<p>Zentrale Kontrolle aller Prozessparameter<\/p>\n<\/li>\n<li>\n\t\t\t<img loading=\"lazy\" src=\"\/webroot\/img\/products\/automation\/700series\/700V\/section_2\/img_2.png\" width=\"192\" height=\"204\" alt=\"Lotzuf\u00fchrungs-Einheit\"><\/p>\n<h3>Lotzuf\u00fchrungs-Einheit<\/h3>\n<p>Erm\u00f6glicht die hochpr\u00e4zise Zuf\u00fchrung des Lotes<\/p>\n<\/li>\n<li>\n\t\t\t<img loading=\"lazy\" src=\"\/webroot\/img\/products\/automation\/700series\/700V\/section_2\/img_3.png\" width=\"192\" height=\"204\" alt=\"L\u00f6tkopf\"><\/p>\n<h3>L\u00f6tkopf<\/h3>\n<p>Geeignet f\u00fcr Punkt- und lineare L\u00f6toperationen<\/p>\n<\/li>\n<li class=\"clear_both\">\n\t\t\t<img loading=\"lazy\" src=\"\/webroot\/img\/products\/automation\/700series\/700V\/section_2\/img_4.png\" width=\"192\" height=\"204\" alt=\"L\u00f6tspitzen-Reiniger\"><\/p>\n<h3>L\u00f6tspitzen-Reiniger<\/h3>\n<p>Air-Blow-Ausf\u00fchrung<\/p>\n<\/li>\n<li>\n\t\t\t<img loading=\"lazy\" src=\"\/webroot\/img\/products\/automation\/700series\/700V\/section_2\/img_5.png\" width=\"192\" height=\"204\" alt=\"Heizelement und Temperaturregler\"><\/p>\n<h3>Heizelement und Temperaturregler<\/h3>\n<p>Eingebauter CA-Sensor und spezieller Erhitzer<\/p>\n<\/li>\n<li>\n\t\t\t<img loading=\"lazy\" src=\"\/webroot\/img\/products\/automation\/700series\/700V\/section_2\/img_6.png\" width=\"192\" height=\"204\" alt=\"Neigungshalter f\u00fcr L\u00f6tdraht\"><\/p>\n<h3>Neigungshalter f\u00fcr L\u00f6tdraht<\/h3>\n<p>Verbessert Wiederholgenauigkeit der Zuf\u00fchrung<\/p>\n<\/li>\n<li class=\"clear_both\">\n\t\t\t<img loading=\"lazy\" src=\"\/webroot\/img\/products\/automation\/700series\/700V\/section_2\/img_7.png\" width=\"192\" height=\"204\" alt=\"Handbedienger\u00e4t\"><\/p>\n<h3>Handbedienger\u00e4t<\/h3>\n<p>Einfach und verst\u00e4ndlich f\u00fcr jedermann<\/p>\n<\/li>\n<\/ul>\n<\/div>\n<div class=\"section warning_section\">\n<div class=\"top_section\">\n<h2>VERBRAUCHSMATERIAL (L\u00f6tspitzen)<\/h2>\n<p>W\u00e4hlen Sie aus \u00fcber 2,500 Ausf\u00fchrungen die f\u00fcr Sie geeignete<\/p>\n<p>Die Wahl der richtigen L\u00f6tspitze ist der Schl\u00fcssel zu hochwertigen Ergebnissen.kDabei spielen eine Vielzahl von Faktoren eine Rolle, etwa das Material der Leiterplatte oder die Art und Gr\u00f6\u00dfe der Bauteile.kJapan Unix bietet eine breite Palette von eigens f\u00fcr die Automation entwickelten Hochleistungs-L\u00f6tspitzen. F\u00fcr au\u00dfergew\u00f6hnliche Zwecke bieten wir zudem kundenspezifische L\u00f6sungen.<\/p>\n<\/p><\/div>\n<p>\t\t<img loading=\"lazy\" class=\"soldering_img\" src=\"\/webroot\/img\/products\/automation\/700series\/700V\/section_3\/img.png\" width=\"192\" height=\"204\" alt=\"\"><\/p>\n<div class=\"right_section\">\n\t\t<img loading=\"lazy\" src=\"\/webroot\/img\/products\/automation\/700series\/700V\/section_3\/warning.png\" width=\"54\" height=\"62\" alt=\"WARNING\"><\/p>\n<p>*VORSICHT VOR NACHAHMUNGEN.<br \/>Nachahmungen von L\u00f6tspitzen werden im Internet und bei nicht autorisierten H\u00e4ndlern angeboten. Bitte seien Sie vorsichtig und lassen Sie sich durch solche Taktiken nicht t\u00e4uschen.<\/p>\n<p>\t\t<a target=\"_blank\" href=\"\/de\/products\/attention.php\">Weitere Informationen<\/a>\n\t<\/div>\n<\/div>\n<div class=\"option_slider_section section\">\n<h2>Zusatzoptionen<\/h2>\n<p class=\"txt\">Durch Kombination unserer vielf\u00e4ltigen Zusatzfunktionen erreichen Sie schnellere, k\u00fcrzere Ergebnisse mit h\u00f6herer Qualit\u00e4t und Pr\u00e4zision.<\/p>\n<div class=\"slide_wrap\">\n<div class=\"slide_view\">\n<ul class=\"list_options\">\n<li>\n                    <a href=\"\/de\/products\/laser\/unit_laser.php\"><img loading=\"lazy\" src=\"\/webroot\/img\/products\/automation\/410series\/41S\/slide_img\/img5.png\" width=\"157\" height=\"157\" alt=\"\"><\/a><\/p>\n<h3>Laser-Einheit<\/h3>\n<p>Kontaktloses L\u00f6ten mittels Laser<\/p>\n<\/li>\n<li>\n                    <a href=\"\/de\/products\/option\/option_detail_2.php#sending_device\"><img loading=\"lazy\" src=\"\/webroot\/img\/products\/automation\/700series\/700H\/slide_img\/img2.png\" width=\"157\" height=\"157\" alt=\"\"><\/a><\/p>\n<h3>Pr\u00e4zisionszuf\u00fchrung<\/h3>\n<p>Erm\u00f6glicht ultrafeines L\u00f6ten<\/p>\n<\/li>\n<li>\n                    <a href=\"\/de\/products\/option\/option_detail_1.php#img_position_revise\"><img loading=\"lazy\" src=\"\/webroot\/img\/products\/automation\/700series\/700H\/slide_img\/img3.png\" width=\"157\" height=\"157\" alt=\"\"><\/a><\/p>\n<h3>Optischer Sensor<\/h3>\n<p>Automatische Bildverarbeitung f\u00fcr pr\u00e4zises L\u00f6ten<\/p>\n<\/li>\n<li>\n                    <a href=\"\/de\/products\/option\/option_detail_1.php#position_revise\"><img loading=\"lazy\" src=\"\/webroot\/img\/products\/automation\/700series\/700S\/slide_img\/img4.png\" width=\"157\" height=\"157\" alt=\"\"><\/a><\/p>\n<h3>3-Achsen-Positionskalibrierung<\/h3>\n<p>Verhindert Abweichungen der L\u00f6tspitze<\/p>\n<\/li>\n<li>\n                    <a href=\"\/de\/products\/option\/option_detail_1.php#clean_cut\"><img loading=\"lazy\" src=\"\/webroot\/img\/products\/automation\/410series\/41S\/slide_img\/img2.png\" width=\"157\" height=\"157\" alt=\"\"><\/a><\/p>\n<h3>Clean-Cut-Zuf\u00fchrung<\/h3>\n<p>Deutliche Reduktion von Flussmittelspritzern und Lotkugeln<\/p>\n<\/li>\n<li>\n                    <a href=\"\/de\/products\/option\/option_detail_1.php#lockon\"><img loading=\"lazy\" src=\"\/webroot\/img\/products\/automation\/410series\/41S\/slide_img\/img1.png\" width=\"157\" height=\"157\" alt=\"\"><\/a><\/p>\n<h3>Lock-On-Mechanismus<\/h3>\n<p>Verhindert das Verrutschen der Lotzuf\u00fchrung<\/p>\n<\/li>\n<\/ul><\/div>\n<div class=\"slide_btn_wrapper\">\n\t        <a href=\"#\" class=\"option_slide_prev\"><span>prev<\/span><\/a><br \/>\n\t\t\t<a href=\"#\" class=\"option_slide_next\"><span>next<\/span><\/a>\n\t\t<\/div>\n<\/p><\/div>\n<\/div>\n<div class=\"technique_link_wrap\">\n<div class=\"technique_link\">\n<p>3 Verfahren verf\u00fcgbar<\/p>\n<div class=\"link_wrap\">\n\t\t\t<span class=\"link\" href=\"\/de\/technique\/soldering.php\">L\u00f6tspitze<\/span><br \/>\n\t\t\t<span class=\"link\" href=\"\/de\/technique\/laser.php\">Laser<\/span><br \/>\n\t\t\t<span class=\"link\" href=\"\/de\/technique\/supersonic.php\">Ultraschall<\/span>\n\t\t<\/div>\n<\/p><\/div>\n<div class=\"technique_link_hidden_area\">\n<div class=\"technique_link_explanation\">\n<h2>&#8211; Das ausgereifteste L\u00f6tverfahren mit jahrhundertealter Tradition &#8211;<\/h2>\n<p>Unter allen Arten von L\u00f6tmethoden ist die L\u00f6tspitzentechnik sowohl diejenige mit der l\u00e4ngsten Geschichte als auch die am besten etablierte. Sie wurde zumeist von Hand durch Fachkr\u00e4fte angewendet, allerdings hat die Automatisierung und Rationalisierung dieses Verfahrens mithilfe von Robotern in den zur\u00fcckliegenden Jahren enorme Fortschritte gemacht.<\/p>\n<p>\t\t\t<a target=\"_blank\" href=\"\/de\/method\/iron_tips.php\">WEITERLESEN<\/a>\n\t\t<\/div>\n<div class=\"technique_link_explanation\">\n<h2>&#8211; Das neueste L\u00f6tverfahren erweckt inzwischen weltweite Aufmerksamkeit &#8211;<\/h2>\n<p>Als neues Verfahren gewinnt das Laserl\u00f6ten zunehmend an Beachtung. Jedoch unterscheidet es sich hinsichtlich der W\u00e4rmezufuhr und anderen Aspekten vom Kolbenl\u00f6ten, weswegen letzteres nicht ohne weiteres zu ersetzen ist.<\/p>\n<p>Sorgfalt ist n\u00f6tig, denn die Vorteile des Lasers k\u00f6nnten verloren gehen, wenn er nicht sachgem\u00e4\u00df und in Kenntnis der Besonderheiten dieses Verfahrens eingesetzt wird.<\/p>\n<p>\t\t\t<a target=\"_blank\" href=\"\/de\/method\/laser.php\">WEITERLESEN<\/a><\/p><\/div>\n<div class=\"technique_link_explanation\">\n<h2>&#8211; Ultraschall stellt die g\u00e4ngige Meinung auf den Kopf: L\u00f6ten sogar auf Glas oder Keramik &#8211;<\/h2>\n<p>Herk\u00f6mmliches L\u00f6ten beruht grunds\u00e4tzlich auf dem Verbinden eines Lotes (Zinn) mit einem metallischen Tr\u00e4ger.<\/p>\n<p>Ultraschall ist ein fortschrittliches Verfahren, welches es erm\u00f6glicht, das Lot auch mit Glas oder nichtmetallischen Materialien zu verbinden.<\/p>\n<p>\t\t\t<a target=\"_blank\" href=\"\/de\/method\/ultrasonic.php\">WEITERLESEN<\/a>\n\t\t<\/div>\n<\/p><\/div>\n<\/div>\n<div class=\"video_section\">\n<h2>REFERENZ-VIDEOS<\/h2>\n<ul class=\"video_box_list popup_wrap\">\n<li>\n\t\t\t<a class=\"popup_video\" href=\"#popup_video\"><br \/>\n\t\t\t\t<img loading=\"lazy\" class=\"video_cover\" src=\"\/webroot\/img\/movie\/video_non.png\" width=\"288\" height=\"206\" alt=\"\"><br \/>\n\t\t\t\t<img loading=\"lazy\" src=\"\/webroot\/img\/movie\/700h_1.png\" width=\"288\" height=\"206\" alt=\"\"><br \/>\n\t\t\t\t<span>0:15<\/span><br \/>\n\t\t\t<\/a><\/p>\n<h3>Selektivl\u00f6ten: SCARA-L\u00f6troboter mit Laser<\/h3>\n<p class=\"small\">Hochgeschwindigkeits-Laserl\u00f6ten mittels eines SCARA-Roboters<\/p>\n<\/li>\n<li>\n\t\t\t<a class=\"popup_video\" href=\"#popup_video\"><br \/>\n\t\t\t\t<img loading=\"lazy\" class=\"video_cover\" src=\"\/webroot\/img\/movie\/video_non.png\" width=\"288\" height=\"206\" alt=\"\"><br \/>\n\t\t\t\t<img loading=\"lazy\" src=\"\/webroot\/img\/movie\/700h_2.png\" width=\"288\" height=\"206\" alt=\"\"><br \/>\n\t\t\t\t<span>0:19<\/span><br \/>\n\t\t\t<\/a><\/p>\n<h3>Selektivl\u00f6ten: Laserl\u00f6ten von Magnetdraht<\/h3>\n<p class=\"small\">Darstellung des Hochgeschwindigkeits-L\u00f6tens mit Laserkopf<\/p>\n<\/li>\n<\/ul><\/div>\n<div class=\"contact_short_section\">\n<div class=\"contact_contents\">\n<div class=\"address\">\n<p>2-21-25, Akasaka, Minato, Tokio, JAPAN<\/p>\n<p>Telefon: +81-3-3588-0551<\/p>\n<\/p><\/div>\n<p>\t\t<a href=\"\/de\/form\/contact.php\">KONTAKT<\/a>\n  \t<\/div>\n<\/div>\n","protected":false},"excerpt":{"rendered":"<p>5-ACHS-SCARA-L\u00d6TROBOTER UNIX-HFR Geschwindigkeit Linearit\u00e4t Flexibilit\u00e4t Erm\u00f6glicht h\u00f6chste Fertigungsraten du [&hellip;]<\/p>\n","protected":false},"author":1,"featured_media":623,"parent":53,"menu_order":10,"comment_status":"closed","ping_status":"closed","template":"","meta":[],"acf":[],"_links":{"self":[{"href":"https:\/\/www.japanunix.com\/de\/wp-json\/wp\/v2\/pages\/57"}],"collection":[{"href":"https:\/\/www.japanunix.com\/de\/wp-json\/wp\/v2\/pages"}],"about":[{"href":"https:\/\/www.japanunix.com\/de\/wp-json\/wp\/v2\/types\/page"}],"author":[{"embeddable":true,"href":"https:\/\/www.japanunix.com\/de\/wp-json\/wp\/v2\/users\/1"}],"replies":[{"embeddable":true,"href":"https:\/\/www.japanunix.com\/de\/wp-json\/wp\/v2\/comments?post=57"}],"version-history":[{"count":12,"href":"https:\/\/www.japanunix.com\/de\/wp-json\/wp\/v2\/pages\/57\/revisions"}],"predecessor-version":[{"id":1052,"href":"https:\/\/www.japanunix.com\/de\/wp-json\/wp\/v2\/pages\/57\/revisions\/1052"}],"up":[{"embeddable":true,"href":"https:\/\/www.japanunix.com\/de\/wp-json\/wp\/v2\/pages\/53"}],"wp:featuredmedia":[{"embeddable":true,"href":"https:\/\/www.japanunix.com\/de\/wp-json\/wp\/v2\/media\/623"}],"wp:attachment":[{"href":"https:\/\/www.japanunix.com\/de\/wp-json\/wp\/v2\/media?parent=57"}],"curies":[{"name":"wp","href":"https:\/\/api.w.org\/{rel}","templated":true}]}}