{"id":53,"date":"2016-08-23T11:29:25","date_gmt":"2016-08-23T02:29:25","guid":{"rendered":"http:\/\/cms.japanunix.com\/wp\/?page_id=53"},"modified":"2021-10-08T20:09:47","modified_gmt":"2021-10-08T11:09:47","slug":"multi-axes-soldering-robot","status":"publish","type":"page","link":"https:\/\/www.japanunix.com\/de\/products\/automation\/multi-axes-soldering-robot\/","title":{"rendered":"Inline-L\u00f6troboter"},"content":{"rendered":"<div class=\"section_1 section\">\n<h1><\/h1>\n<p>    <img loading=\"lazy\" src=\"\/webroot\/img\/products\/automation\/solder_meister_logo.png\" width=\"342\" height=\"23\" alt=\"SOLDER MEISTER\"> <\/p>\n<div class=\"margin30_section\">\n<h2>DIE ULTIMATIVEN L\u00d6TROBOTER DER<br \/>UNIX-FR-Reihe<\/h2>\n<p>Die weltweit besten L\u00f6troboter mit AC-Servomotor.<br \/>Die hochwertigen Modelle der SOLDER MEISTER FR-Reihe wurden eigens f\u00fcr die L\u00f6tautomation entwickelt.<br \/>Mit ihnen wird eine Vielzahl von Problemen bisheriger automatisierter Anlagen behoben. <br \/>Unterschiedlichste Zusatzmodule zur Automation und L\u00f6sung spezieller Aufgaben sind lieferbar.<\/p>\n<\/p><\/div>\n<ul class=\"product_list\">\n<li>\n<div class=\"include_txt_img negative_margin\">\n\t\t\t\t<a href=\"\/de\/products\/700series\/700V.php\"><br \/>\n\t\t\t\t\t<img loading=\"lazy\" src=\"\/webroot\/img\/products\/automation\/700series\/top\/700V.png\" width=\"204\" height=\"230\" alt=\"\"><br \/>\n\t\t\t\t\t<span class=\"product_name\">UNIX-VFR<\/span><br \/>\n\t\t\t\t<\/a>\n\t\t\t<\/div>\n<div class=\"introduction_set_list\">\n<div class=\"dot\">\n\t\t\t\t\t<span>Roboter-Typen<\/span><br \/>\n\t\t\t\t\t<img loading=\"lazy\" src=\"\/webroot\/img\/products\/common\/dots.png\" width=\"8\" height=\"37\" alt=\"\">\n\t\t\t\t<\/div>\n<p class=\"sky_blue_box_bg\">Vertikaler Mehrachs-Typ<\/p>\n<div class=\"dot\">\n\t\t\t\t\t<span>Achsenanzahl<\/span><br \/>\n\t\t\t\t\t<img loading=\"lazy\" src=\"\/webroot\/img\/products\/common\/dots.png\" width=\"8\" height=\"37\" alt=\"\">\n\t\t\t\t<\/div>\n<p class=\"sky_blue_box_bg\">6 Achsen<\/p>\n<div class=\"dot\">\n\t\t\t\t\t<span class=\"de\">Optimales<br \/>L\u00f6tverfahren<\/span><br \/>\n\t\t\t\t\t<img loading=\"lazy\" src=\"\/webroot\/img\/products\/common\/dots.png\" width=\"8\" height=\"37\" alt=\"\">\n\t\t\t\t<\/div>\n<p class=\"sky_blue_box_bg\">Kolben<\/p>\n<\/p><\/div>\n<\/li>\n<li>\n<div class=\"include_txt_img negative_margin\">\n\t\t\t\t<a href=\"\/de\/products\/700series\/700H.php\"><br \/>\n\t\t\t\t\t<img loading=\"lazy\" src=\"\/webroot\/img\/products\/automation\/700series\/top\/700H.png\" width=\"204\" height=\"230\" alt=\"\"><br \/>\n\t\t\t\t\t<span class=\"product_name\">UNIX-HFR<\/span><br \/>\n\t\t\t\t<\/a>\n\t\t\t<\/div>\n<div class=\"introduction_set_list\">\n<div class=\"dot\"><img loading=\"lazy\" src=\"\/webroot\/img\/products\/common\/dots.png\" width=\"8\" height=\"37\" alt=\"\"><\/div>\n<p class=\"blue_box_bg\">SCARA-Typ<\/p>\n<div class=\"dot\"><img loading=\"lazy\" src=\"\/webroot\/img\/products\/common\/dots.png\" width=\"8\" height=\"37\" alt=\"\"><\/div>\n<p class=\"blue_box_bg\">5 Achsen<\/p>\n<div class=\"dot\"><img loading=\"lazy\" src=\"\/webroot\/img\/products\/common\/dots.png\" width=\"8\" height=\"37\" alt=\"\"><\/div>\n<p class=\"sky_blue_box_bg\">Kolben<\/p>\n<p class=\"blue_box_bg\">Ultraschall<\/p>\n<p class=\"deep_blue_box_bg\">Laser<\/p>\n<\/p><\/div>\n<\/li>\n<p><!--\n\t\t\n\n<li class=\"last\">\n\t\t\t\n\n<div class=\"include_txt_img negative_margin\">\n\t\t\t\t<a href=\"\/de\/products\/700series\/700S.php\">\n\t\t\t\t\t<img loading=\"lazy\" src=\"\/webroot\/img\/products\/automation\/700series\/top\/700S.png\" width=\"204\" height=\"230\" alt=\"\">\n\t\t\t\t\t<span class=\"product_name\">UNIX-700S<\/span>\n\t\t\t\t<\/a>\n\t\t\t<\/div>\n\n\n\t\t\t\n\n<div class=\"introduction_set_list\">\n\t\t\t\t\n\n<div class=\"dot\"><img loading=\"lazy\" src=\"\/webroot\/img\/products\/common\/dots.png\" width=\"8\" height=\"37\" alt=\"\"><\/div>\n\n\n\t\t\t\t\n\n<p class=\"deep_blue_box_bg\">Orthogonaler Typ<\/p>\n\n\n\t\t\t\t\n\n<div class=\"dot\"><img loading=\"lazy\" src=\"\/webroot\/img\/products\/common\/dots.png\" width=\"8\" height=\"37\" alt=\"\"><\/div>\n\n\n\t\t\t\t\n\n<p class=\"sky_blue_box_bg\">5 Achsen<\/p>\n\n\n\t\t\t\t\n\n<div class=\"dot\"><img loading=\"lazy\" src=\"\/webroot\/img\/products\/common\/dots.png\" width=\"8\" height=\"37\" alt=\"\"><\/div>\n\n\n\t\t\t\t\n\n<p class=\"sky_blue_box_bg\">Kolben<\/p>\n\n\n\t\t\t\t\n\n<p class=\"blue_box_bg\">Ultraschall<\/p>\n\n\n\t\t\t<\/div>\n\n\n\t\t<\/li>\n\n\n-->\n\t<\/ul>\n<ul class=\"product_list\">\n<li>\n<div class=\"introduction_set_list\">\n<div class=\"dot\">\n\t\t\t\t\t<span class=\"de\">Bevorzugte<br \/>Anwendung<\/span><br \/>\n\t\t\t\t\t<img src=\"\/webroot\/img\/products\/common\/dots.png\">\n\t\t\t\t<\/div>\n<p class=\"sky_blue_box_bg\">Punktl\u00f6ten<\/p>\n<\/p><\/div>\n<\/li>\n<li>\n<div class=\"introduction_set_list\">\n<div class=\"dot\"><img loading=\"lazy\" src=\"\/webroot\/img\/products\/common\/dots.png\" width=\"8\" height=\"37\" alt=\"\"><\/div>\n<p class=\"sky_blue_box_bg\">Punktl\u00f6ten<\/p>\n<p class=\"blue_box_bg\">Lineares L\u00f6ten<\/p>\n<\/p><\/div>\n<\/li>\n<p><!--\n\t\t\n\n<li class=\"last\">\n\t\t\t\n\n<div class=\"introduction_set_list\">\n\t\t\t\t\n\n<div class=\"dot\"><img loading=\"lazy\" src=\"\/webroot\/img\/products\/common\/dots.png\" width=\"8\" height=\"37\" alt=\"\"><\/div>\n\n\n\t\t\t\t\n\n<p class=\"blue_box_bg\">Lineares L\u00f6ten<\/p>\n\n\n\t\t\t<\/div>\n\n\n\t\t<\/li>\n\n\n-->\n\t<\/ul>\n<\/div>\n<div class=\"section_2 section section_last\">\n<h2>REFERENZEN F\u00dcR UNTERSCHIEDLICHE FERTIGUNGSLINIEN<\/h2>\n<ul class=\"list_three_line\">\n<li>\n\t\t\t<img loading=\"lazy\" class=\"negative_margin\" src=\"\/webroot\/img\/products\/automation\/700series\/top\/img_inline.png\" width=\"202\" height=\"204\" alt=\"Inline\"><\/p>\n<h3>Inline<\/h3>\n<\/li>\n<li>\n\t\t\t<img loading=\"lazy\" class=\"negative_margin\" src=\"\/webroot\/img\/products\/automation\/700series\/top\/img_index.png\" width=\"202\" height=\"204\" alt=\"Index\"><\/p>\n<h3>Index<\/h3>\n<\/li>\n<li>\n\t\t\t<img loading=\"lazy\" class=\"negative_margin\" src=\"\/webroot\/img\/products\/automation\/700series\/top\/img_2slider.png\" width=\"202\" height=\"204\" alt=\"2 Schieber\"><\/p>\n<h3>2 Schieber<\/h3>\n<\/li>\n<\/ul>\n<\/div>\n<div class=\"technique_link_wrap\">\n<div class=\"technique_link\">\n<p>3 Verfahren verf\u00fcgbar<\/p>\n<div class=\"link_wrap\">\n\t\t\t<span class=\"link\" href=\"\/de\/technique\/soldering.php\">L\u00f6tspitze<\/span><br \/>\n\t\t\t<span class=\"link\" href=\"\/de\/technique\/laser.php\">Laser<\/span><br \/>\n\t\t\t<span class=\"link\" href=\"\/de\/technique\/supersonic.php\">Ultraschall<\/span>\n\t\t<\/div>\n<\/p><\/div>\n<div class=\"technique_link_hidden_area\">\n<div class=\"technique_link_explanation\">\n<h2>&#8211; Das ausgereifteste L\u00f6tverfahren mit jahrhundertealter Tradition &#8211;<\/h2>\n<p>Unter allen Arten von L\u00f6tmethoden ist die L\u00f6tspitzentechnik sowohl diejenige mit der l\u00e4ngsten Geschichte als auch die am besten etablierte. Sie wurde zumeist von Hand durch Fachkr\u00e4fte angewendet, allerdings hat die Automatisierung und Rationalisierung dieses Verfahrens mithilfe von Robotern in den zur\u00fcckliegenden Jahren enorme Fortschritte gemacht.<\/p>\n<p>\t\t\t<a target=\"_blank\" href=\"\/de\/method\/iron_tips.php\">WEITERLESEN<\/a>\n\t\t<\/div>\n<div class=\"technique_link_explanation\">\n<h2>&#8211; Das neueste L\u00f6tverfahren erweckt inzwischen weltweite Aufmerksamkeit &#8211;<\/h2>\n<p>Als neues Verfahren gewinnt das Laserl\u00f6ten zunehmend an Beachtung. Jedoch unterscheidet es sich hinsichtlich der W\u00e4rmezufuhr und anderen Aspekten vom Kolbenl\u00f6ten, weswegen letzteres nicht ohne weiteres zu ersetzen ist.<\/p>\n<p>Sorgfalt ist n\u00f6tig, denn die Vorteile des Lasers k\u00f6nnten verloren gehen, wenn er nicht sachgem\u00e4\u00df und in Kenntnis der Besonderheiten dieses Verfahrens eingesetzt wird.<\/p>\n<p>\t\t\t<a target=\"_blank\" href=\"\/de\/method\/laser.php\">WEITERLESEN<\/a><\/p><\/div>\n<div class=\"technique_link_explanation\">\n<h2>&#8211; Ultraschall stellt die g\u00e4ngige Meinung auf den Kopf: L\u00f6ten sogar auf Glas oder Keramik &#8211;<\/h2>\n<p>Herk\u00f6mmliches L\u00f6ten beruht grunds\u00e4tzlich auf dem Verbinden eines Lotes (Zinn) mit einem metallischen Tr\u00e4ger.<\/p>\n<p>Ultraschall ist ein fortschrittliches Verfahren, welches es erm\u00f6glicht, das Lot auch mit Glas oder nichtmetallischen Materialien zu verbinden.<\/p>\n<p>\t\t\t<a target=\"_blank\" href=\"\/de\/method\/ultrasonic.php\">WEITERLESEN<\/a>\n\t\t<\/div>\n<\/p><\/div>\n<\/div>\n","protected":false},"excerpt":{"rendered":"<p>DIE ULTIMATIVEN L\u00d6TROBOTER DERUNIX-FR-Reihe Die weltweit besten L\u00f6troboter mit AC-Servomotor.Die hochwertigen  [&hellip;]<\/p>\n","protected":false},"author":1,"featured_media":903,"parent":17,"menu_order":7,"comment_status":"closed","ping_status":"closed","template":"","meta":[],"acf":[],"_links":{"self":[{"href":"https:\/\/www.japanunix.com\/de\/wp-json\/wp\/v2\/pages\/53"}],"collection":[{"href":"https:\/\/www.japanunix.com\/de\/wp-json\/wp\/v2\/pages"}],"about":[{"href":"https:\/\/www.japanunix.com\/de\/wp-json\/wp\/v2\/types\/page"}],"author":[{"embeddable":true,"href":"https:\/\/www.japanunix.com\/de\/wp-json\/wp\/v2\/users\/1"}],"replies":[{"embeddable":true,"href":"https:\/\/www.japanunix.com\/de\/wp-json\/wp\/v2\/comments?post=53"}],"version-history":[{"count":19,"href":"https:\/\/www.japanunix.com\/de\/wp-json\/wp\/v2\/pages\/53\/revisions"}],"predecessor-version":[{"id":1049,"href":"https:\/\/www.japanunix.com\/de\/wp-json\/wp\/v2\/pages\/53\/revisions\/1049"}],"up":[{"embeddable":true,"href":"https:\/\/www.japanunix.com\/de\/wp-json\/wp\/v2\/pages\/17"}],"wp:featuredmedia":[{"embeddable":true,"href":"https:\/\/www.japanunix.com\/de\/wp-json\/wp\/v2\/media\/903"}],"wp:attachment":[{"href":"https:\/\/www.japanunix.com\/de\/wp-json\/wp\/v2\/media?parent=53"}],"curies":[{"name":"wp","href":"https:\/\/api.w.org\/{rel}","templated":true}]}}