{"id":47,"date":"2016-08-23T11:24:58","date_gmt":"2016-08-23T02:24:58","guid":{"rendered":"http:\/\/cms.japanunix.com\/wp\/?page_id=47"},"modified":"2019-12-24T17:28:01","modified_gmt":"2019-12-24T08:28:01","slug":"mixer","status":"publish","type":"page","link":"https:\/\/www.japanunix.com\/de\/products\/mixer\/","title":{"rendered":"Mischer"},"content":{"rendered":"<div class=\"section_1 section\">\n<h2>Mischer<\/h2>\n<ul class=\"mixer_product_list\">\n<li >\n\t\t\t<img loading=\"lazy\" src=\"\/webroot\/img\/products\/mixer\/img_1.png\" width=\"192\" height=\"204\" alt=\"UM-113 Lotpastenmischer\"><\/p>\n<div class=\"list_txt_section\">\n<h3>UM-113<br \/>Lotpastenmischer<\/h3>\n<p>\t\t\t\t<a class=\"download\" target=\"_blank\" href=\"\/webroot\/img\/pdf\/en\/Uni_Cyclone.pdf\">Download (Englisch)<\/a><\/p>\n<ul>\n<p>Ein hochwertiger Mischer bringt das volle Potential von Lotpasten zur Geltung und steigert die Produktivit\u00e4t zus\u00e4tzlich. <\/p>\n<li>&#8211; In nur zwei Minuten ist die Paste verwendbar<\/li>\n<li>&#8211; Sorgt f\u00fcr einen best\u00e4ndigen Zustand der Paste<\/li>\n<li>&#8211; Gek\u00fchlte Pasten k\u00f6nnen sofort gemischt werden<\/li>\n<li>&#8211; Lotpasten-Beh\u00e4lter werden mitgeliefert<\/li>\n<\/ul><\/div>\n<\/li>\n<li>\n\t\t\t<img loading=\"lazy\" src=\"\/webroot\/img\/products\/mixer\/img_2.png\" width=\"192\" height=\"204\" alt=\"UM-113S Pastenmischer\"><\/p>\n<div class=\"list_txt_section\">\n<h3>UM-113S<br \/>Pastenmischer<\/h3>\n<p>\t\t\t\t<a class=\"download\" target=\"_blank\" href=\"\/webroot\/img\/pdf\/en\/Uni_Cyclone.pdf\">Download (Englisch)<\/a><\/p>\n<p>Dieser Mischer eignet sich hervorragend f\u00fcr das Mischen und Entsch\u00e4umen viskoser (z\u00e4hfl\u00fcssiger) Materialien. F\u00fcr Silberpaste, unterschiedliche Kleber, Epoxidharze, Halbleitermaterialien, kosmetische Tr\u00e4gersubstanzen etc. <\/p>\n<\/p><\/div>\n<\/li>\n<li style=\"clear: both;\">\n\t\t\t<img loading=\"lazy\" src=\"\/webroot\/img\/products\/mixer\/img_3.png\" width=\"192\" height=\"204\" alt=\"UM-117 Mischer und Entsch\u00e4umer f\u00fcr viskose Stoffe\"><\/p>\n<div class=\"list_txt_section\">\n<h3>UM-117(C)<br \/>Mischer und Entsch\u00e4umer f\u00fcr viskose Stoffe<\/h3>\n<p>\t\t\t\t<a class=\"download\" target=\"_blank\" href=\"\/webroot\/img\/pdf\/en\/Uni_Cyclone.pdf\">Download (Englisch)<\/a><\/p>\n<p>Dieser Mischer erlaubt die Steuerung des Mischprozesses und der Rotationsgeschwindigkeit mittels Computer.<\/p>\n<\/p><\/div>\n<\/li>\n<\/ul>\n<\/div>\n<div class=\"section_2 section\">\n<h2>VERWENDUNGSBEISPIELE<\/h2>\n<p>Halbleiter, LEDs, Kosmetika, Textilien, Zahnersatz, Klebstoffe, Fl\u00fcssigkristalle, Silberpaste, Lotpaste, Farbe, Lebensmittel und viele weitere<\/p>\n<\/div>\n","protected":false},"excerpt":{"rendered":"<p>Mischer UM-113Lotpastenmischer Download (Englisch) Ein hochwertiger Mischer bringt das volle Potential von Lot [&hellip;]<\/p>\n","protected":false},"author":1,"featured_media":0,"parent":14,"menu_order":29,"comment_status":"closed","ping_status":"closed","template":"","meta":[],"acf":[],"_links":{"self":[{"href":"https:\/\/www.japanunix.com\/de\/wp-json\/wp\/v2\/pages\/47"}],"collection":[{"href":"https:\/\/www.japanunix.com\/de\/wp-json\/wp\/v2\/pages"}],"about":[{"href":"https:\/\/www.japanunix.com\/de\/wp-json\/wp\/v2\/types\/page"}],"author":[{"embeddable":true,"href":"https:\/\/www.japanunix.com\/de\/wp-json\/wp\/v2\/users\/1"}],"replies":[{"embeddable":true,"href":"https:\/\/www.japanunix.com\/de\/wp-json\/wp\/v2\/comments?post=47"}],"version-history":[{"count":9,"href":"https:\/\/www.japanunix.com\/de\/wp-json\/wp\/v2\/pages\/47\/revisions"}],"predecessor-version":[{"id":1025,"href":"https:\/\/www.japanunix.com\/de\/wp-json\/wp\/v2\/pages\/47\/revisions\/1025"}],"up":[{"embeddable":true,"href":"https:\/\/www.japanunix.com\/de\/wp-json\/wp\/v2\/pages\/14"}],"wp:attachment":[{"href":"https:\/\/www.japanunix.com\/de\/wp-json\/wp\/v2\/media?parent=47"}],"curies":[{"name":"wp","href":"https:\/\/api.w.org\/{rel}","templated":true}]}}