{"id":45,"date":"2016-08-23T11:24:31","date_gmt":"2016-08-23T02:24:31","guid":{"rendered":"http:\/\/cms.japanunix.com\/wp\/?page_id=45"},"modified":"2022-04-25T17:23:39","modified_gmt":"2022-04-25T08:23:39","slug":"option","status":"publish","type":"page","link":"https:\/\/www.japanunix.com\/de\/products\/option\/","title":{"rendered":"Zubeh\u00f6rliste"},"content":{"rendered":"<div class=\"section_1 section\">\n<div class=\"txt_and_img_section\">\n<div class=\"txt_section\">\n<h2>EINE BREITE PALETTE AN ZUSATZOPTIONEN<br \/>Wir bieten ideale L\u00f6sungen f\u00fcr besondere L\u00f6taufgaben<\/h2>\n<p>Jeder L\u00f6tprozess stellt vor unterschiedliche Herausforderungen. Unsere ausr\u00fcstbaren Zusatzoptionen sind das Ergebnis der L\u00f6sung verschiedenster Fertigungsprobleme. Die idealen L\u00f6sungen sind genau hier und warten auf ihren Einsatz.<\/p>\n<p>\u203bEinige Zus\u00e4tze sind je nach verwendeten Robotern, Verfahren und Komponenten m\u00f6glicherweise nicht verf\u00fcgbar.<\/p>\n<\/p><\/div>\n<p>\t\t<img loading=\"lazy\" src=\"\/webroot\/img\/products\/automation\/option\/top_img.png\" width=\"201\" height=\"217\" alt=\"\">\n\t<\/div>\n<ul class=\"list_one_line pc_only\">\n<li class=\"include_txt_wide_img2\">\n\t\t\t<a class=\"negative_margin\" href=\".\/detail\/#tester\"><br \/>\n\t\t\t\t<img loading=\"lazy\" src=\"\/webroot\/img\/products\/automation\/option\/top\/section_1\/img_14.png\" width=\"682\" height=\"230\" alt=\"L\u00f6tpr\u00fcfger\u00e4t &#038; Thermometer\"><\/p>\n<p class=\"product_name\">L\u00f6tpr\u00fcfger\u00e4t &#038; Thermometer<\/p>\n<p>\t\t\t<\/a>\n\t\t<\/li>\n<\/ul>\n<ul class=\"list_one_line sp_only\">\n<li class=\"include_txt_wide_img2\">\n\t\t\t<a class=\"negative_margin\" href=\".\/detail\/#tester\"><br \/>\n\t\t\t\t<img loading=\"lazy\" src=\"\/webroot\/img\/products\/automation\/option\/top\/section_1\/img_14sp.png\" width=\"272\" height=\"227\" alt=\"L\u00f6tpr\u00fcfger\u00e4t &#038; Thermometer\"><\/p>\n<p class=\"product_name\">L\u00f6tpr\u00fcfger\u00e4t &#038; Thermometer<\/p>\n<p>\t\t\t<\/a>\n\t\t<\/li>\n<\/ul>\n<ul class=\"list_two_line\">\n<li class=\"include_txt_wide_img\">\n\t\t\t<a class=\"negative_margin\" href=\"\/de\/products\/option\/detail\/#position_revise\"><br \/>\n\t\t\t\t<img loading=\"lazy\" src=\"\/webroot\/img\/products\/automation\/option\/top\/section_1\/img_1.png\" width=\"272\" height=\"227\" alt=\"L\u00f6tspitzen-Positionskalibrator\"><\/p>\n<p class=\"product_name\">L\u00f6tspitzen-Positionskalibrator<\/p>\n<p class=\"patent\">patentiert<\/p>\n<p>\t\t\t<\/a>\n\t\t<\/li>\n<li class=\"include_txt_wide_img\">\n\t\t\t<a class=\"negative_margin\" href=\"\/de\/products\/option\/detail\/#clean_cut\"><br \/>\n\t\t\t\t<img loading=\"lazy\" src=\"\/webroot\/img\/products\/automation\/option\/top\/section_1\/img_2.png\" width=\"272\" height=\"227\" alt=\"Clean-Cut-Zuf\u00fchrung\"><\/p>\n<p class=\"product_name\">Clean-Cut-Zuf\u00fchrung<\/p>\n<p class=\"patent\">patentiert<\/p>\n<p>\t\t\t<\/a>\n\t\t<\/li>\n<\/ul>\n<ul class=\"list_three_line\">\n<li class=\"include_txt_img negative_margin\">\n\t\t\t<a href=\"\/de\/products\/option\/detail\/#lockon\"><br \/>\n\t\t\t\t<img loading=\"lazy\" src=\"\/webroot\/img\/products\/automation\/option\/top\/section_1\/img_3.png\" width=\"204\" height=\"230\" alt=\"Lock-On-Mechanismus\"><\/p>\n<p class=\"product_name\">Lock-On-Mechanismus<\/p>\n<p>\t\t\t\t<span class=\"patent\">patentiert<\/span><br \/>\n\t\t\t<\/a>\n\t\t<\/li>\n<li class=\"include_txt_img negative_margin\">\n\t\t\t<a href=\"\/de\/products\/option\/detail\/2\/#heater\"><br \/>\n \t\t\t\t<img loading=\"lazy\" src=\"\/webroot\/img\/products\/automation\/option\/top\/section_1\/img_4.png\" width=\"204\" height=\"230\" alt=\"Hochleistungs-Erhitzer\"><\/p>\n<p class=\"product_name\">Hochleistungs-Erhitzer<\/p>\n<p>\t\t\t<\/a>\n\t\t<\/li>\n<li class=\"include_txt_img negative_margin\">\n\t\t\t<a href=\"\/de\/products\/option\/detail\/2\/#sending_device\"><br \/>\n\t\t\t\t<img loading=\"lazy\" src=\"\/webroot\/img\/products\/automation\/option\/top\/section_1\/img_5.png\" width=\"204\" height=\"230\" alt=\"Pr\u00e4zisionszuf\u00fchrung\"><\/p>\n<p class=\"product_name\">Pr\u00e4zisionszuf\u00fchrung<\/p>\n<p>\t\t\t\t<span class=\"patent\">patentiert<\/span><br \/>\n\t\t\t<\/a>\n\t\t<\/li>\n<li class=\"include_txt_img negative_margin\">\n\t\t\t<a href=\"\/de\/products\/option\/detail\/2\/#brush_cleaner\"><br \/>\n\t\t\t\t<img loading=\"lazy\" src=\"\/webroot\/img\/products\/automation\/option\/top\/section_1\/img_6.png\" width=\"204\" height=\"230\" alt=\"Reinigungsb\u00fcrste\"><\/p>\n<p class=\"product_name\">Reinigungsb\u00fcrste<\/p>\n<p>\t\t\t\t<span class=\"patent\">patentiert<\/span><br \/>\n\t\t\t<\/a>\n\t\t<\/li>\n<li class=\"include_txt_img negative_margin\">\n\t\t\t<a href=\"\/de\/products\/option\/detail\/2\/#thread_soldering\"><br \/>\n\t\t\t\t<img loading=\"lazy\" src=\"\/webroot\/img\/products\/automation\/option\/top\/section_1\/img_7.png\" width=\"204\" height=\"230\" alt=\"L\u00f6tdraht-Erhitzer\"><\/p>\n<p class=\"product_name\">L\u00f6tdraht-Erhitzer<\/p>\n<p class=\"patent\">patentiert<\/p>\n<p>\t\t\t<\/a>\n\t\t<\/li>\n<li class=\"include_txt_img negative_margin\">\n\t\t\t<a href=\"\/de\/products\/option\/detail\/#img_position_revise\"><br \/>\n\t\t\t\t<img loading=\"lazy\" src=\"\/webroot\/img\/products\/automation\/option\/top\/section_1\/img_8.png\" width=\"204\" height=\"230\" alt=\"Optischer Sensor\"><\/p>\n<p class=\"product_name\">Optischer Sensor<\/p>\n<p>\t\t\t\t<span class=\"patent\">patentiert<\/span><br \/>\n\t\t\t<\/a>\n\t\t<\/li>\n<li class=\"include_txt_img negative_margin\">\n\t\t\t<a href=\"\/de\/products\/option\/detail\/3\/#supply_position_revise\"><br \/>\n\t\t\t\t<img loading=\"lazy\" src=\"\/webroot\/img\/products\/automation\/option\/top\/section_1\/img_9.png\" width=\"204\" height=\"230\" alt=\"Nadel-Positionssensor\"><\/p>\n<p class=\"product_name\">Nadel-Positionssensor<\/p>\n<p>\t\t\t<\/a>\n\t\t<\/li>\n<li class=\"include_txt_img negative_margin\">\n\t\t\t<a href=\"\/de\/products\/option\/detail\/3\/#air_curtain\"><br \/>\n\t\t\t\t<img loading=\"lazy\" src=\"\/webroot\/img\/products\/automation\/option\/top\/section_1\/img_10.png\" width=\"204\" height=\"230\" alt=\"Air-Curtain\"><\/p>\n<p class=\"product_name\">Air-Curtain<\/p>\n<p class=\"patent \">*Patent beantragt<\/p>\n<p>\t\t\t<\/a>\n\t\t<\/li>\n<li class=\"include_txt_img negative_margin\">\n\t\t\t<a href=\"\/de\/products\/option\/detail\/3\/#needle\"><br \/>\n\t\t\t\t<img loading=\"lazy\" src=\"\/webroot\/img\/products\/automation\/option\/top\/section_1\/img_11.png\" width=\"204\" height=\"230\" alt=\"Pr\u00e4zisionsnadeln\"><\/p>\n<p class=\"product_name\">Pr\u00e4zisionsnadeln<\/p>\n<p>\t\t\t<\/a>\n\t\t<\/li>\n<li class=\"include_txt_img negative_margin last\">\n\t\t\t<a href=\"\/de\/products\/option\/detail\/3\/#nitrogen\"><br \/>\n\t\t\t\t<img loading=\"lazy\" src=\"\/webroot\/img\/products\/automation\/option\/top\/section_1\/img_12.png\" width=\"204\" height=\"230\" alt=\"Stickstoffgenerator\"><\/p>\n<p class=\"product_name\">Stickstoffgenerator<\/p>\n<p>\t\t\t<\/a>\n\t\t<\/li>\n<li class=\"include_txt_img negative_margin last\">\n\t\t\t<a href=\"\/de\/products\/option\/detail\/3\/#double_heater\"><br \/>\n\t\t\t\t<img loading=\"lazy\" src=\"\/webroot\/img\/products\/automation\/option\/top\/section_1\/img_13.png\" width=\"204\" height=\"230\" alt=\"Doppelerhitzer\"><\/p>\n<p class=\"product_name\">Doppelerhitzer<\/p>\n<p class=\"patent\">patentiert<\/p>\n<p>\t\t\t<\/a>\n\t\t<\/li>\n<\/ul>\n<\/div>\n<div class=\"section_2 section\">\n<div class=\"title\">\n<h3>Einheit<\/h3>\n<\/p><\/div>\n<ul class=\"list_two_line\">\n<li class=\"include_txt_wide_img\">\n\t\t\t<a href=\"\/de\/products\/unit\/unit_laser.php\"><br \/>\n \t\t\t\t<img loading=\"lazy\" src=\"\/webroot\/img\/products\/automation\/option\/top\/section_2\/img_2.png\" width=\"272\" height=\"227\" alt=\"Laser-Einheit\"><\/p>\n<p class=\"product_name\">Laser-Einheit<\/p>\n<p>\t\t\t<\/a>\n\t\t<\/li>\n<\/ul>\n<\/div>\n","protected":false},"excerpt":{"rendered":"<p>EINE BREITE PALETTE AN ZUSATZOPTIONENWir bieten ideale L\u00f6sungen f\u00fcr besondere L\u00f6taufgaben Jeder L\u00f6tprozess ste [&hellip;]<\/p>\n","protected":false},"author":1,"featured_media":626,"parent":14,"menu_order":25,"comment_status":"closed","ping_status":"closed","template":"","meta":[],"acf":[],"_links":{"self":[{"href":"https:\/\/www.japanunix.com\/de\/wp-json\/wp\/v2\/pages\/45"}],"collection":[{"href":"https:\/\/www.japanunix.com\/de\/wp-json\/wp\/v2\/pages"}],"about":[{"href":"https:\/\/www.japanunix.com\/de\/wp-json\/wp\/v2\/types\/page"}],"author":[{"embeddable":true,"href":"https:\/\/www.japanunix.com\/de\/wp-json\/wp\/v2\/users\/1"}],"replies":[{"embeddable":true,"href":"https:\/\/www.japanunix.com\/de\/wp-json\/wp\/v2\/comments?post=45"}],"version-history":[{"count":10,"href":"https:\/\/www.japanunix.com\/de\/wp-json\/wp\/v2\/pages\/45\/revisions"}],"predecessor-version":[{"id":1074,"href":"https:\/\/www.japanunix.com\/de\/wp-json\/wp\/v2\/pages\/45\/revisions\/1074"}],"up":[{"embeddable":true,"href":"https:\/\/www.japanunix.com\/de\/wp-json\/wp\/v2\/pages\/14"}],"wp:featuredmedia":[{"embeddable":true,"href":"https:\/\/www.japanunix.com\/de\/wp-json\/wp\/v2\/media\/626"}],"wp:attachment":[{"href":"https:\/\/www.japanunix.com\/de\/wp-json\/wp\/v2\/media?parent=45"}],"curies":[{"name":"wp","href":"https:\/\/api.w.org\/{rel}","templated":true}]}}