{"id":41,"date":"2016-08-23T11:22:03","date_gmt":"2016-08-23T02:22:03","guid":{"rendered":"http:\/\/cms.japanunix.com\/wp\/?page_id=41"},"modified":"2017-08-01T16:33:42","modified_gmt":"2017-08-01T07:33:42","slug":"laser","status":"publish","type":"page","link":"https:\/\/www.japanunix.com\/de\/method\/laser\/","title":{"rendered":"Laser"},"content":{"rendered":"\n<div class=\"section_1 section\">\n<div class=\"txt_wrap\">\n<h1><alt = \"\"><\/h1>\n<h2>Ein fortschrittliches L\u00f6tverfahren der n\u00e4chsten Generation<br \/>&#8211; Das Laserl\u00f6ten &#8211;<\/h2>\n<p class=\"txt_contain_margin\">&#8211; Das neueste L\u00f6tverfahren erweckt inzwischen weltweite Aufmerksamkeit &#8211;<\/p>\n<p>Als neues Verfahren gewinnt das Laserl\u00f6ten zunehmend an Beachtung. Jedoch unterscheidet es sich hinsichtlich der W\u00e4rmezufuhr und anderen Aspekten vom Kolbenl\u00f6ten, weswegen letzteres nicht ohne weiteres zu ersetzen ist.Sorgfalt ist n\u00f6tig, denn die Vorteile des Lasers k\u00f6nnten verloren gehen, wenn er nicht sachgem\u00e4\u00df und in Kenntnis der Besonderheiten dieses Verfahrens eingesetzt wird. <\/p>\n<\/p><\/div>\n<p>\t\t<img loading=\"lazy\" src=\"\/webroot\/img\/technique\/laser\/top_img.png\" width=\"265\" height=\"188\" alt=\"\">\n\t<\/div>\n<div class=\"section_2 section\">\n<h2>&#8211; Worin unterscheiden sich die Prinzipien \u201cErzeugung von Oberfl\u00e4chenhitze&#8221; und &#8220;W\u00e4rmeleitung&#8221;?  &#8211;<\/h2>\n<p class=\"txt_contain_margin\">Das Kolbenl\u00f6ten ist grunds\u00e4tzlich ein dreischrittiger Prozess, er umfasst das Vorw\u00e4rmen des L\u00f6tpunktes, Aufheizen zur Bereitstellung des Lotes und Nachw\u00e4rmen zum abschlie\u00dfenden Formen der L\u00f6tstelle. Dieser Ablauf ist f\u00fcr das Kolbenl\u00f6ten und das Laserl\u00f6ten identisch, jedoch unterscheidet sich die Methode des Aufheizens zur Bereitstellung des Lotes. Ein genaues Verst\u00e4ndnis hiervon ist sehr wichtig.<\/p>\n<\/p><\/div>\n<div class=\"section_2 section\">\n<h2>[Kolbenl\u00f6tprozess]<\/h2>\n<p>\t\t<img loading=\"lazy\" src=\"\/webroot\/img\/technique\/laser\/section_2\/img_1_en.jpg\" width=\"747\" height=\"160\" alt=\"\">\n\t<\/div>\n<div class=\"section_3 section\">\n<h2>[Laserl\u00f6tprozess]<\/h2>\n<p>\t\t<img loading=\"lazy\" src=\"\/webroot\/img\/technique\/laser\/section_2\/img_2_en.jpg\" width=\"747\" height=\"215\" alt=\"\">\n\t<\/div>\n<div class=\"section_3 section\">\n<h2>Zwei Prinzipien der W\u00e4rmeanwendung<\/h2>\n<div class=\"feature_list_wrap\">\n<div class=\"feature_list_box en\">\n<h3>Kolbenl\u00f6tprozess<\/h3>\n<ul class=\"de\">\n<li>1. L\u00f6tspitze wird auf 350\u00b0C \/ 662\u00b0F erw\u00e4rmt. <\/li>\n<li>2. Die Spitze wird auf die L\u00f6tstelle gesetzt und W\u00e4rme wird \u00fcbertragen, bis die Schmelztemperatur erreicht ist. (W\u00e4rme\u00fcbertragung)<\/li>\n<li>3. Lot wird zugef\u00fchrt. <\/li>\n<\/ul><\/div>\n<div class=\"feature_list_box en\">\n<h3> Laserl\u00f6tprozess<\/h3>\n<ul class=\"de\">\n<li>1. Der Laser wird auf die L\u00f6tstelle gerichtet.<\/li>\n<li>2. An der bestrahlten Stelle wird W\u00e4rme erzeugt (Oberfl\u00e4chen-W\u00e4rme-Erzeugung).<\/li>\n<li>3. Die W\u00e4rme wird an die umgebende Fl\u00e4che geleitet und bis zur Schmelztemperatur erh\u00f6ht. <\/li>\n<li>4. Lot wird zugef\u00fchrt<\/li>\n<\/ul><\/div>\n<\/p><\/div>\n<p class=\"middle_txt\">Beim Kolbenl\u00f6ten wird W\u00e4rme von der L\u00f6tspitze \u00fcbertragen und beim Laserl\u00f6ten wird von der bestrahlten Fl\u00e4che selbst W\u00e4rme erzeugt. Beim Kolbenl\u00f6ten ist die Temperatur der L\u00f6tspitze die Obergrenze, w\u00e4hrend beim Laserl\u00f6ten die Temperatur immer weiter ansteigen w\u00fcrde, wenn der Laser dauerhaft auf dieselbe Stelle gerichtet w\u00e4re.Aus diesem Grund muss die Intensit\u00e4t des Lasers und die Einwirkzeit sorgf\u00e4ltig eingestellt werden.<\/p>\n<div class=\"video_section\">\n<ul class=\"video_box_list popup_wrap\">\n<li>\n\t\t\t<a class=\"popup_video\" href=\"#popup_video\"><br \/>\n\t\t\t\t<img loading=\"lazy\" class=\"video_cover\" src=\"\/webroot\/img\/movie\/video_non.png\" width=\"288\" height=\"206\" alt=\"\"><br \/>\n\t\t\t\t<img loading=\"lazy\" src=\"\/webroot\/img\/movie\/700h_2.png\" width=\"288\" height=\"206\" alt=\"\"><br \/>\n\t\t\t\t<span>0:19<\/span><br \/>\n\t\t\t<\/a><\/p>\n<h3>Laserl\u00f6ten mit magnetischem Draht<\/h3>\n<p class=\"small\">Video des Hochgeschwindigkeits-L\u00f6tens mittels Laserkopf.<\/p>\n<\/li>\n<li>\n\t\t\t<a class=\"popup_video\" href=\"#popup_video\"><br \/>\n\t\t\t\t<img loading=\"lazy\" class=\"video_cover\" src=\"\/webroot\/img\/movie\/video_non.png\" width=\"288\" height=\"206\" alt=\"\"><br \/>\n\t\t\t\t<img loading=\"lazy\" src=\"\/webroot\/img\/movie\/410sr_1.png\" width=\"288\" height=\"206\" alt=\"\"><br \/>\n\t\t\t\t<span>0:17<\/span><br \/>\n\t\t\t<\/a><\/p>\n<h3>Automatischer L\u00f6troboter Highspeed-Punktl\u00f6ten<\/h3>\n<p class=\"small\">Einfaches Punktl\u00f6ten. Schnelles und verl\u00e4ssliches Verl\u00f6ten durch einen speziellen Roboter.<\/p>\n<\/li>\n<\/ul><\/div>\n<\/p><\/div>\n<div class=\"section_4 section\">\n<h2>&#8211; Warum ist die Temperatur von solcher Wichtigkeit? Grundprinzip des Laserl\u00f6tens &#8211;<\/h2>\n<p class=\"txt_contain_margin\">Die Beschaffenheit des Lotes ver\u00e4ndert sich bei steigenden oder sinkenden Temperaturen. Eine optimale Festigkeit und Best\u00e4ndigkeit kann nur bei einer geeigneten Temperatur erreicht werden. Angemessen sind L\u00f6t-Temperaturen, bei welchen sich die innere Struktur des Lotes kaum vom unerhitztem Zustand unterscheidet. Wird dagegen eine zu hohe Temperatur verwendet, so verringert dies aufgrund von Ver\u00e4nderungen der Lotbeschaffenheit sowohl Festigkeit als auch Best\u00e4ndigkeit. Zudem weist Flussmittel bei verschiedenen Temperaturen ein unterschiedliches Flie\u00dfverhalten auf. Wenn eine geeignete Temperatur verwendet wird, so flie\u00dft das Flussmittel zuerst auf die L\u00f6tstelle, um die umgebende Oxidschicht sowie Verschmutzungen zu entfernen, und verbessert so die Stoffschl\u00fcssigkeit. Eine zu hohe Temperatur hemmt dagegen die Flussmittelbewegung, sodass zuerst das Lot auf die L\u00f6tstelle trifft. Au\u00dferdem kann eine zu gro\u00dfe Hitze die Leiterplatte sch\u00e4digen und zahlreiche Probleme verursachen, etwa von au\u00dfen nicht mehr wahrnehmbare Spr\u00fcnge in der Leiterplatte.<\/p>\n<\/p><\/div>\n<div class=\"section_5 section\">\n<h2>&#8211; Das Unm\u00f6gliche wird m\u00f6glich durch Kenntnis der Prinzipien des Laserl\u00f6tens  &#8211;<\/h2>\n<p class=\"txt_contain_margin\">Die wichtigste Vorbedingung des Laserl\u00f6tens ist es, die Besonderheiten der W\u00e4rme\u00fcbertragung bei der Anwendung sorgf\u00e4ltig zu erw\u00e4gen. Tats\u00e4chlich handelt es sich um ein etabliertes Verfahren, und je nach Nutzungsweise und Anwendungsbereich, kann es die Schw\u00e4chen des Kolbenl\u00f6tens ausgleichen und zuvor unm\u00f6gliche L\u00f6tanwendungen beherrschbar machen.<\/p>\n<div class=\"feature_list_box\">\n<h3>Besondere Merkmale<\/h3>\n<ul>\n<li>1\uff0e Durch das ber\u00fchrungslose Verfahren wird kein Druck auf die Leiterplatte ausge\u00fcbt<\/li>\n<li>2.  Effizientes Aufheizen und Lotzuf\u00fchren erm\u00f6glicht hohe Stabilit\u00e4t der L\u00f6tautomation<\/li>\n<li>3.  Das L\u00f6ten ist auch in den begrenzten R\u00e4umen hochverdichteter Leiterplatten m\u00f6glich<\/li>\n<li>4.  \u00c4u\u00dferst wartungsfreundlich<\/li>\n<\/ul><\/div>\n<p> Die wichtigste Besonderheit des Laserl\u00f6tens ist, dass es ber\u00fchrungslos verl\u00e4uft. Es kommt zu keinerlei Kontakt, weder mit der Leiterplatte, noch mit dem Bauteil. Es gibt keine physische Belastung der Leiterplatte, sondern allein das Licht des Lasers und die L\u00f6tzufuhr. Die gro\u00dfen Vorteile des Lasers bestehen in der F\u00e4higkeit , effektiv und punktgenau zu erhitzen, enge und f\u00fcr L\u00f6tspitzen unzug\u00e4nglichen Bereiche bestrahlen zu k\u00f6nnen , sowie in der Handhabbarkeit engr\u00e4umiger Baugruppen durch Anpassung des Einstrahlwinkels und andere Schritte.  Zudem kann der Wartungsaufwand deutlich reduziert werden.<\/p>\n<div class=\"video_section\">\n<ul class=\"video_box_list popup_wrap\">\n<li>\n\t\t\t<a class=\"popup_video\" href=\"#popup_video\"><br \/>\n\t\t\t\t<img loading=\"lazy\" class=\"video_cover\" src=\"\/webroot\/img\/movie\/video_non.png\" width=\"288\" height=\"206\" alt=\"\"><br \/>\n\t\t\t\t<img loading=\"lazy\" src=\"\/webroot\/img\/movie\/lasertechnique_5.png\" width=\"288\" height=\"206\" alt=\"\"><br \/>\n\t\t\t\t<span>0:40<\/span><br \/>\n\t\t\t<\/a><\/p>\n<h3>Hochleistungs-Laserl\u00f6troboter<\/h3>\n<p class=\"small\">Geschwindigkeitsvergleich zwischen Hochleistungs- und normalem Laser<\/p>\n<\/li>\n<li>\n\t\t\t<a class=\"popup_video\" href=\"#popup_video\"><br \/>\n\t\t\t\t<img loading=\"lazy\" class=\"video_cover\" src=\"\/webroot\/img\/movie\/video_non.png\" width=\"288\" height=\"206\" alt=\"\"><br \/>\n\t\t\t\t<img loading=\"lazy\" src=\"\/webroot\/img\/movie\/laserunit_2.png\" width=\"288\" height=\"206\" alt=\"\"><br \/>\n\t\t\t\t<span>0:18<\/span><br \/>\n\t\t\t<\/a><\/p>\n<h3>Ansicht des L\u00f6t-Laserlichts<\/h3>\n<p class=\"small\">Verl\u00f6ten von Mikro-Komponenten mittels Laser<\/p>\n<\/li>\n<\/ul><\/div>\n<\/p><\/div>\n<div class=\"section_6 section\">\n<h2>&#8211; Zuk\u00fcnftige Entwicklungen im Bereich des Laserl\u00f6tens &#8211;<\/h2>\n<p class=\"txt_contain_margin\">Japan Unix hat bereits fr\u00fchzeitig ein Laser-L\u00f6tsystem mit Erfolg auf den Markt gebracht, ganz wie es uns auch beim Kolbenl\u00f6ten gelang. Dar\u00fcber hinaus haben wir mit einer Reihe von Experimenten, Untersuchungen und Testreihen die Verbindungsfestigkeit und -Dauerhaftigkeit erforscht. Unsere umfassende Erfahrung bei Einf\u00fchrungen neuer Systeme half uns, Anwendungstechniken f\u00fcr das Laserl\u00f6ten zu etablieren. Wir garantieren, dass unsere Kunden diese Systeme mit Zufriedenheit in Betrieb nehmen werden.<\/p>\n<p class=\"txt_contain_margin\">Dennoch ist das Laserl\u00f6ten durchaus kein blo\u00dfer Ersatz f\u00fcr das Kolbenl\u00f6ten. Es ist wichtig, die jeweiligen St\u00e4rken beider Verfahren zu unterscheiden und sie auf die jeweilige Anwendung abzustimmen.<\/p>\n<\/p><\/div>\n<div class=\"link_wrap section\">\n<h2>&#8211; Andere Verfahren entdecken &#8211;<\/h2>\n<ul class=\"link_list\">\n<li>\n\t\t\t\t<a href=\"\/de\/method\/iron_tips.php\"><br \/>\n\t\t\t\t\t<img loading=\"lazy\" src=\"\/webroot\/img\/technique\/top\/btn_kote.png\" width=\"153\" height=\"148\" alt=\"\"><br \/>\n\t\t\t\t<\/a><\/p>\n<h3>KOLBEN<\/h3>\n<\/li>\n<li>\n\t\t\t\t<a href=\"\/de\/method\/ultrasonic.php\"><br \/>\n\t\t\t\t\t<img loading=\"lazy\" src=\"\/webroot\/img\/technique\/top\/btn_sonic.png\" width=\"153\" height=\"148\" alt=\"\"><br \/>\n\t\t\t\t<\/a><\/p>\n<h3>Ultraschall-L\u00f6ten<\/h3>\n<\/li>\n<\/ul><\/div>\n","protected":false},"excerpt":{"rendered":"<p>Ein fortschrittliches L\u00f6tverfahren der n\u00e4chsten Generation&#8211; Das Laserl\u00f6ten &#8211; &#8211; Das neueste L [&hellip;]<\/p>\n","protected":false},"author":1,"featured_media":909,"parent":21,"menu_order":36,"comment_status":"closed","ping_status":"closed","template":"","meta":[],"acf":[],"_links":{"self":[{"href":"https:\/\/www.japanunix.com\/de\/wp-json\/wp\/v2\/pages\/41"}],"collection":[{"href":"https:\/\/www.japanunix.com\/de\/wp-json\/wp\/v2\/pages"}],"about":[{"href":"https:\/\/www.japanunix.com\/de\/wp-json\/wp\/v2\/types\/page"}],"author":[{"embeddable":true,"href":"https:\/\/www.japanunix.com\/de\/wp-json\/wp\/v2\/users\/1"}],"replies":[{"embeddable":true,"href":"https:\/\/www.japanunix.com\/de\/wp-json\/wp\/v2\/comments?post=41"}],"version-history":[{"count":6,"href":"https:\/\/www.japanunix.com\/de\/wp-json\/wp\/v2\/pages\/41\/revisions"}],"predecessor-version":[{"id":809,"href":"https:\/\/www.japanunix.com\/de\/wp-json\/wp\/v2\/pages\/41\/revisions\/809"}],"up":[{"embeddable":true,"href":"https:\/\/www.japanunix.com\/de\/wp-json\/wp\/v2\/pages\/21"}],"wp:featuredmedia":[{"embeddable":true,"href":"https:\/\/www.japanunix.com\/de\/wp-json\/wp\/v2\/media\/909"}],"wp:attachment":[{"href":"https:\/\/www.japanunix.com\/de\/wp-json\/wp\/v2\/media?parent=41"}],"curies":[{"name":"wp","href":"https:\/\/api.w.org\/{rel}","templated":true}]}}